{"id":44,"date":"2019-11-15T15:08:34","date_gmt":"2019-11-15T14:08:34","guid":{"rendered":"https:\/\/www.idpoisson.fr\/andreianov\/en\/?page_id=44"},"modified":"2021-12-30T08:55:54","modified_gmt":"2021-12-30T07:55:54","slug":"presentation","status":"publish","type":"page","link":"https:\/\/www.idpoisson.fr\/andreianov","title":{"rendered":"Presentation"},"content":{"rendered":"\n<p><img loading=\"lazy\" decoding=\"async\" width=\"276\" height=\"342\" class=\"wp-image-104\" style=\"width: 150px\" src=\"https:\/\/www.idpoisson.fr\/andreianov\/wp-content\/uploads\/sites\/43\/2019\/12\/PhotoBorisCoToCoLa2015.jpg\" alt=\"\" srcset=\"https:\/\/www.idpoisson.fr\/andreianov\/wp-content\/uploads\/sites\/43\/2019\/12\/PhotoBorisCoToCoLa2015.jpg 276w, https:\/\/www.idpoisson.fr\/andreianov\/wp-content\/uploads\/sites\/43\/2019\/12\/PhotoBorisCoToCoLa2015-242x300.jpg 242w\" sizes=\"auto, (max-width: 276px) 100vw, 276px\" \/><\/p>\n\n\n\n<p><strong>POUR MES ETUDIANTS : <a href=\"http:\/\/idpoisson.fr\/andreianov\/en\/enseignement\">visitez la page Enseignement (en fran\u00e7ais, naturellement)<\/a><\/strong><\/p>\n\n\n\n<h4 class=\"wp-block-heading\">About me<\/h4>\n\n\n\n<p>I am Professor in Applied Mathematics at Institut Denis Poisson, Universit\u00e9 de Tours, France, since September 2015.<\/p>\n\n\n\n<p> Previously I hold Assistant Professor Positions at Universit\u00e9 de Franche-Comt\u00e9, Besan\u00e7on, France (2003-2015) and at Universit\u00e9 de Provence, Marseille, France (2000-2003), as well as a Substitute Professor position at Technische Universit\u00e4t Berlin (Oct. 2013 &#8211; Jan. 2014). <\/p>\n\n\n\n<p>I studied at Moscow State Lomonossov University (1991-1996) and wrote my PhD in Mathematics at Moscow State University and Universit\u00e9 de Franche-Comt\u00e9 in 1997-2000 under the supervision of Stanislav Nikolaevich Kruzhkov and Philippe B\u00e9nilan.<br><\/p>\n\n\n\n<h4 class=\"wp-block-heading\">Research page contents<\/h4>\n\n\n\n<p>Navigating in this page, you will find my <\/p>\n\n\n\n<ul class=\"wp-block-list\"><li><a href=\"http:\/\/idpoisson.fr\/andreianov\/en\/research\">Research Topics and related Talks (in Beamer)<\/a><\/li><li> <a href=\"http:\/\/idpoisson.fr\/andreianov\/en\/publications\">Publications (most of them with links to preprint and\/or journal versions)<\/a><\/li><li> <a href=\"http:\/\/idpoisson.fr\/andreianov\/en\/events\">Events (conferences etc.)<\/a><\/li><\/ul>\n\n\n\n<p>You can also consult my <a href=\"https:\/\/cv.archives-ouvertes.fr\/boris-andreianov\">HAL profile<\/a>, <a href=\"https:\/\/mathscinet.ams.org\/mathscinet\/MRAuthorID\/651069\">MathSciNet Profile<\/a> and <a href=\"https:\/\/scholar.google.fr\/citations?user=zmjv6zMAAAAJ&#038;hl=en\">Google Scholar Profile<\/a> pages.<\/p>\n\n\n\n<h4 class=\"wp-block-heading\">Contact information<\/h4>\n\n\n\n<p>You can contact my by <a href=\"mailto:boris.andreianov@math.cnrs.fr\" data-type=\"mailto\" data-id=\"mailto:boris.andreianov@math.cnrs.fr\">e-mail<\/a> at boris.andreianov \/@\/ math.cnrs.fr<br>T\u00e9l\u00a0: (+33) 2 47 36 74 17<br>Bureau\u00a0: 2220 b\u00e2timent E2<br>Facult\u00e9 des Sciences, Campus Grandmont<br>37200 Tours, France<\/p>\n\n\n\n<p><\/p>\n","protected":false},"excerpt":{"rendered":"<p>POUR MES ETUDIANTS : visitez la page Enseignement (en fran\u00e7ais, naturellement) About me I am Professor in Applied Mathematics at &hellip; <a href=\"https:\/\/www.idpoisson.fr\/andreianov\/\" class=\"more-link\">More <span class=\"screen-reader-text\">Presentation<\/span> <span class=\"meta-nav\">&rarr;<\/span><\/a><\/p>\n","protected":false},"author":98,"featured_media":0,"parent":0,"menu_order":0,"comment_status":"closed","ping_status":"closed","template":"","meta":{"footnotes":""},"folder":[],"class_list":["post-44","page","type-page","status-publish","hentry"],"_links":{"self":[{"href":"https:\/\/www.idpoisson.fr\/andreianov\/wp-json\/wp\/v2\/pages\/44","targetHints":{"allow":["GET"]}}],"collection":[{"href":"https:\/\/www.idpoisson.fr\/andreianov\/wp-json\/wp\/v2\/pages"}],"about":[{"href":"https:\/\/www.idpoisson.fr\/andreianov\/wp-json\/wp\/v2\/types\/page"}],"author":[{"embeddable":true,"href":"https:\/\/www.idpoisson.fr\/andreianov\/wp-json\/wp\/v2\/users\/98"}],"replies":[{"embeddable":true,"href":"https:\/\/www.idpoisson.fr\/andreianov\/wp-json\/wp\/v2\/comments?post=44"}],"version-history":[{"count":5,"href":"https:\/\/www.idpoisson.fr\/andreianov\/wp-json\/wp\/v2\/pages\/44\/revisions"}],"predecessor-version":[{"id":358,"href":"https:\/\/www.idpoisson.fr\/andreianov\/wp-json\/wp\/v2\/pages\/44\/revisions\/358"}],"wp:attachment":[{"href":"https:\/\/www.idpoisson.fr\/andreianov\/wp-json\/wp\/v2\/media?parent=44"}],"wp:term":[{"taxonomy":"folder","embeddable":true,"href":"https:\/\/www.idpoisson.fr\/andreianov\/wp-json\/wp\/v2\/folder?post=44"}],"curies":[{"name":"wp","href":"https:\/\/api.w.org\/{rel}","templated":true}]}}