{"id":83,"date":"2019-12-26T08:34:36","date_gmt":"2019-12-26T07:34:36","guid":{"rendered":"https:\/\/www.idpoisson.fr\/andreianov\/en\/?page_id=83"},"modified":"2021-03-11T23:04:47","modified_gmt":"2021-03-11T22:04:47","slug":"enseignement","status":"publish","type":"page","link":"https:\/\/www.idpoisson.fr\/andreianov\/enseignement\/","title":{"rendered":"Enseignement"},"content":{"rendered":"\n<h2 class=\"wp-block-heading\" id=\"block-0035e0ac-f2ba-46c3-927b-2a5cb4d78eaa\">AGENDA L2 Maths 2020\/21 Parcours PEIP<\/h2>\n\n\n\n\n\n\n\n<h2 class=\"wp-block-heading\" id=\"block-f94d7e1a-ffe6-49bc-bfd5-ceb1a1dd0b8f\">AGENDA L2 Maths 2020\/21 Parcours FAC<\/h2>\n\n\n\n\n\n\n\n<p>Etudiants et \u00e9tudiantes de l&#8217;Universit\u00e9 de Tours, je suis \u00e0 votre disposition<\/p>\n\n\n\n<ul class=\"wp-block-list\"><li> pour toute question concernant les unit\u00e9s ou j&#8217;interviens et plus g\u00e9n\u00e9ralement, des unit\u00e9s d&#8217;analyse de L1 \u00e0 M2 ;<\/li><li> pour toute question relative \u00e0 votre parcours en L2 Math\u00e9matiques dont je partage la responsabilit\u00e9 avec Mme Marion Sciauveau.<\/li><\/ul>\n\n\n\n<p>Mon bureau se situe dans le b\u00e2timent E2 au 2i\u00e8me \u00e9tage, porte E2220.<br>Mes horaires de pr\u00e9sence sont :<br> * les lundis          12h30-13h30<br> * les vendredis   12h30-13h30<br>et vous pouvez me contacter <a href=\"mailto:boris.andreianov@univ-tours.fr\">par mail<\/a> pour prendre rendez-vous en dehors de ces horaires.<\/p>\n\n\n\n<p>Les notes de cours, les feuilles de TD, certaines corrections sont disponibles sur la plate-forme <a href=\"http:\/\/celene.univ-tours.fr\/\">C\u00e9l\u00e8ne<\/a> de l&#8217;Universit\u00e9 de Tours. <br>NB: Je suis hostile au principe de bachotage des corrections des annales et je n&#8217;en fournis pas ; vous pouvez en revanche venir chercher des exercices de r\u00e9vision pour les cours dans lesquels j&#8217;interviens, en CM ou en TD.<br><\/p>\n\n\n\n<h3 class=\"wp-block-heading\">L2 Math\u00e9matiques<\/h3>\n\n\n\n<p>Les informations sur la rentr\u00e9e, les dates des Contr\u00f4les Continus (semaine du 9 mars au S4 2019\/20) se trouvent sur ADE. Pour toute information sp\u00e9cifique, pour des questions sur votre parcours et votre orientation, passez me rencontrer (voir le haut de la page pour les horaires de pr\u00e9sence et la prise de rendez-vous) ou passez rencontrer <a href=\"mailto:marion.sciauveau@univ-tours.fr\">Mme Marion Sciauveau<\/a>.<\/p>\n\n\n\n<h3 class=\"wp-block-heading\">Pr\u00e9professionalisation<\/h3>\n\n\n\n<p>Je partage la responsabilit\u00e9 de la mise en place et du suivi du dispositif de <a href=\"https:\/\/www.education.gouv.fr\/pid285\/bulletin_officiel.html?cid_bo=146374\">Pr\u00e9professionalisation<\/a>, encadr\u00e9 par le Rectorat d&#8217;Orl\u00e9ans-Tours, avec  <a href=\"mailto:marion.sciauveau@univ-tours.fr\">Mme Marion Sciauveau<\/a>. Une <a href=\"https:\/\/celene.univ-tours.fr\/course\/view.php?id=10296\">page d\u00e9di\u00e9e \u00e0 ce dispositif<\/a> est disponble sur C\u00e9l\u00e8ne. Pour toute question relative \u00e0 ce dispositif, passez nous voir ou envoyez nous <a href=\"mailto:boris.andreianov@univ-tours.fr,marion.sciauveau@univ-tours.fr\">un mail<\/a>. Vous pouvez contacter le R\u00e9ctorat <a href=\"mailto:preprofessionalisation@ac-orleans-tours.fr\">par mail<\/a> \u00e9galement.<\/p>\n\n\n\n<h3 class=\"wp-block-heading\">Vulgarisation<\/h3>\n\n\n\n<p>Vous voulez avoir une id\u00e9e de ce qui se fait dans mon domaine en recherche math\u00e9matique, et dans quel but ? Voici une pr\u00e9sentation que j&#8217;ai faite il y a quelques ann\u00e9es \u00e0 l&#8217;occasion  d&#8217;une visite dans une classe de Terminale S \u00e0 Lons-Le-Saunier :&nbsp;<a href=\"http:\/\/lmb.univ-fcomte.fr\/IMG\/pdf\/Presentation-Lons-Fevr2013.pdf\">Qu\u2019est-ce qu\u2019un mod\u00e8le math\u00e9matique&nbsp;?<\/a> <\/p>\n","protected":false},"excerpt":{"rendered":"<p>AGENDA L2 Maths 2020\/21 Parcours PEIP AGENDA L2 Maths 2020\/21 Parcours FAC Etudiants et \u00e9tudiantes de l&#8217;Universit\u00e9 de Tours, je &hellip; <a href=\"https:\/\/www.idpoisson.fr\/andreianov\/enseignement\/\" class=\"more-link\">More <span class=\"screen-reader-text\">Enseignement<\/span> <span class=\"meta-nav\">&rarr;<\/span><\/a><\/p>\n","protected":false},"author":98,"featured_media":0,"parent":0,"menu_order":0,"comment_status":"closed","ping_status":"closed","template":"","meta":{"footnotes":""},"folder":[],"class_list":["post-83","page","type-page","status-publish","hentry"],"_links":{"self":[{"href":"https:\/\/www.idpoisson.fr\/andreianov\/wp-json\/wp\/v2\/pages\/83","targetHints":{"allow":["GET"]}}],"collection":[{"href":"https:\/\/www.idpoisson.fr\/andreianov\/wp-json\/wp\/v2\/pages"}],"about":[{"href":"https:\/\/www.idpoisson.fr\/andreianov\/wp-json\/wp\/v2\/types\/page"}],"author":[{"embeddable":true,"href":"https:\/\/www.idpoisson.fr\/andreianov\/wp-json\/wp\/v2\/users\/98"}],"replies":[{"embeddable":true,"href":"https:\/\/www.idpoisson.fr\/andreianov\/wp-json\/wp\/v2\/comments?post=83"}],"version-history":[{"count":5,"href":"https:\/\/www.idpoisson.fr\/andreianov\/wp-json\/wp\/v2\/pages\/83\/revisions"}],"predecessor-version":[{"id":329,"href":"https:\/\/www.idpoisson.fr\/andreianov\/wp-json\/wp\/v2\/pages\/83\/revisions\/329"}],"wp:attachment":[{"href":"https:\/\/www.idpoisson.fr\/andreianov\/wp-json\/wp\/v2\/media?parent=83"}],"wp:term":[{"taxonomy":"folder","embeddable":true,"href":"https:\/\/www.idpoisson.fr\/andreianov\/wp-json\/wp\/v2\/folder?post=83"}],"curies":[{"name":"wp","href":"https:\/\/api.w.org\/{rel}","templated":true}]}}