{"id":97,"date":"2019-12-26T08:53:05","date_gmt":"2019-12-26T07:53:05","guid":{"rendered":"https:\/\/www.idpoisson.fr\/andreianov\/en\/?page_id=97"},"modified":"2023-10-08T09:42:50","modified_gmt":"2023-10-08T07:42:50","slug":"events","status":"publish","type":"page","link":"https:\/\/www.idpoisson.fr\/andreianov\/events\/","title":{"rendered":"Events"},"content":{"rendered":"\n<h3 class=\"wp-block-heading\">Forthcoming<\/h3>\n\n\n\n<ul class=\"wp-block-list\">\n<li>Journ\u00e9es des Jeunes EDPistes Fran\u00e7ais, Tours, 25-27 Mars 2020<\/li>\n\n\n\n<li>International Conference &#8220;Fifty Years of Kruzhkov Entropy Solutions, and Beyond&#8221;, Tours, December 8-11, 2020<\/li>\n<\/ul>\n\n\n\n<h3 class=\"wp-block-heading\">ANR &#8220;Young Researchers&#8221; project<\/h3>\n\n\n\n<p> Project&nbsp;<a href=\"http:\/\/lmb.univ-fcomte.fr\/spip.php?article509\">Contemporary Topics in Conservation Laws (CoToCoLa)<\/a><br>funded by ANR (French National Research Agency), Oct. 2011 \u2014 June 2015<br>has been completed at <a href=\"http:\/\/lmb.univ-fcomte.fr\">LMB<\/a>. It included N. Alibaud, B. Andreianov (project coordinator), M.&nbsp;Brassart, C. Donadello, M.&nbsp;Gazibo Karimou, S. S. Ghoshal (post-doc 2012\/13) and U. Razafison. <\/p>\n\n\n\n<h3 class=\"wp-block-heading\">Co-organized meetings<\/h3>\n\n\n\n<ul class=\"wp-block-list\">\n<li><em><a href=\"https:\/\/www.novsu.ru\/dept\/515278\/i.454744\/?id=1494174\">Mathematical Modeling, Programming and Applied Mathematics<\/a>, Novgorod State University (Veliky Novgorod, Russia), June 27-28, 2019 (member of scientific committee)<\/em><\/li>\n\n\n\n<li><em><a href=\"https:\/\/www.facebook.com\/kobrek\/posts\/1895909847144984\/\">Conference on Partial Differential Equations and Applications in Honor of Prof. Hamidou Tour\u00e9<\/a>,<br>University Ouaga 1, 5-9 November, 2018, Burkina- Faso (member of scientific committee)<\/em><\/li>\n\n\n\n<li><em><a href=\"http:\/\/este.uca.ma\/wedpta18\/\">Workshop EDP, Transport Optimal et Applications<\/a>,<br>Essaouira, Maroc, 17-19 octobre 2018 (member of scientific committee)<\/em><\/li>\n\n\n\n<li><em><a href=\"http:\/\/smai.emath.fr\/canum2018\/\">CANUM 2018<\/a>,<br>Cap d\u2019Agde, France, 31 Mai \u2014 1er Juin 2018 (member of scientific committee)<\/em><\/li>\n\n\n\n<li><em><a href=\"http:\/\/www.math.uzh.ch\/index.php?konferenzdetails0&#038;key1=490&#038;L=1\">International Conference on Elliptic and Parabolic Problems, Mini-symposium on Stability for evolution problems<\/a>,<br>Gaeta, May 16, 2017<\/em><\/li>\n\n\n\n<li><em><a href=\"https:\/\/www.ljll.math.upmc.fr\/cances\/GFIP\/\">Workshop Gradient Flows in Paris<\/a>,<br>LJLL, June 22-23, 2015<\/em><\/li>\n\n\n\n<li><em><a href=\"http:\/\/www.este.ucam.ac.ma\/EPEDPNL2015\/Ecole\/\">5i\u00e8me Ecole de Printemps EDP Non-lin\u00e9aires Math\u00e9matiques et Interactions&nbsp;: mod\u00e8les non locaux et applications<\/a>,<br>Essaouira, Maroc, April 27-30, 2015<\/em><\/li>\n\n\n\n<li><em><a href=\"http:\/\/trimestres-lmb.univ-fcomte.fr\/Contemporary-topics-in.html\">International Conference Contemporary Topics in Conservation Laws<\/a>,<br>Besan\u00e7on, Feb. 9-12, 2015<\/em><\/li>\n\n\n\n<li><em><a href=\"http:\/\/lmb.univ-fcomte.fr\/spip.php?page=rubrique&#038;id_rubrique=550\">Journ\u00e9es d\u2019Analyse Non Lin\u00e9aire de Besan\u00e7on&nbsp;:<br>Analysis and Approximation of Non Linear Non Local PDEs<\/a>,<br>June 19-20, 2014<\/em><\/li>\n\n\n\n<li><em><a href=\"http:\/\/www.wias-berlin.de\/fvca7\">Finite Volumes for Complex Applications VII<\/a>,<br>Berlin, June 16-20, 2014 (member of programm committee)<\/em><\/li>\n\n\n\n<li><em><a href=\"http:\/\/lmb.univ-fcomte.fr\/spip.php?page=article&#038;id_article=737\">Journ\u00e9e d\u2019Analyse Non Lin\u00e9aire de Besan\u00e7on&nbsp;:<br>Hyperbolic conservation laws&nbsp;: modeling, analysis, approximation and control.<\/a>, May 29, 2013<\/em><\/li>\n\n\n\n<li><em><a href=\"http:\/\/www.este.ucam.ac.ma\/workshop2012\/\">Workshop International sur les Math\u00e9matiques et l\u2019environnement<\/a>,<br>Essaouira (Morocco), November 23-24, 2012 (member of scientific committee)<\/em><\/li>\n\n\n\n<li><em><a href=\"http:\/\/lmb.univ-fcomte.fr\/spip.php?page=rubrique&#038;id_rubrique=404\">Journ\u00e9e Num\u00e9rique de Besan\u00e7on&nbsp;:<br>Equations Hyperboliques et M\u00e9thodes Volumes Finis<\/a>, June 1, 2012<\/em><\/li>\n\n\n\n<li><em><a href=\"http:\/\/lmb.univ-fcomte.fr\/IMG\/pdf\/programmejanl-besancon-2011.pdf\">Journ\u00e9es d\u2019Analyse Non Lin\u00e9aire de Besan\u00e7on<\/a>,<br>November 24-25, 2011<\/em><\/li>\n\n\n\n<li><em>Journ\u00e9es Num\u00e9riques de Besan\u00e7on&nbsp;:<br>Nonlocal aspects in PDEs and Applications, May 20-21, 2010<\/em><\/li>\n\n\n\n<li><em><a href=\"http:\/\/lmb.univ-fcomte.fr\/IMG\/doc\/infos-programme-meknes06.doc\">Workshop Renormalization in PDEs<\/a>,<br>Mekn\u00e8s (Morocco), 30 October &#8212; 2 November 2006<\/em><\/li>\n\n\n\n<li><em>Journ\u00e9e d\u2019Analyse Non Lin\u00e9aire \u00e0 la m\u00e9moire de Philippe B\u00e9nilan,<br>Besan\u00e7on, February 2004<\/em><\/li>\n\n\n\n<li><em>Journ\u00e9es d\u2019Analyse Non Lin\u00e9aire \u00e0 l\u2019occasion des 60 ans de Philippe B\u00e9nilan,<br>Haut-Jura, October 2001<\/em><\/li>\n\n\n\n<li><em>International Conference in Memory of Stanislav Nikolaevich Kruzhkov,<br>Besan\u00e7on, June 1999<\/em><\/li>\n<\/ul>\n\n\n\n<h3 class=\"wp-block-heading\">Editorial work<\/h3>\n\n\n\n<ul class=\"wp-block-list\">\n<li><em>Associate Editor at&nbsp;<a href=\"http:\/\/www.springer.com\/mathematics\/journal\/13370\">Afrika Matematika (Springer)<\/a>&nbsp;since january 2016<\/em><\/li>\n\n\n\n<li><em>Associate Editor at&nbsp;<a href=\"http:\/\/trimm.uran.ru\/about\">Proc. Inst. Math. Mech. Ural Branch Russian Acad. Sci.<\/a>&nbsp;since january 2018<\/em><\/li>\n\n\n\n<li><em>Editor at&nbsp;<a href=\"https:\/\/content.sciendo.com\/view\/journals\/mjpaa\/mjpaa-overview.xml\">Moroccan Journal of Pure and Applied Analysis (DeGruyter)<\/a>&nbsp;since 2015<\/em><\/li>\n<\/ul>\n","protected":false},"excerpt":{"rendered":"<p>Forthcoming ANR &#8220;Young Researchers&#8221; project Project&nbsp;Contemporary Topics in Conservation Laws (CoToCoLa)funded by ANR (French National Research Agency), Oct. 2011 \u2014 &hellip; <a href=\"https:\/\/www.idpoisson.fr\/andreianov\/events\/\" class=\"more-link\">More <span class=\"screen-reader-text\">Events<\/span> <span class=\"meta-nav\">&rarr;<\/span><\/a><\/p>\n","protected":false},"author":98,"featured_media":0,"parent":0,"menu_order":0,"comment_status":"closed","ping_status":"closed","template":"","meta":{"footnotes":""},"folder":[],"class_list":["post-97","page","type-page","status-publish","hentry"],"_links":{"self":[{"href":"https:\/\/www.idpoisson.fr\/andreianov\/wp-json\/wp\/v2\/pages\/97","targetHints":{"allow":["GET"]}}],"collection":[{"href":"https:\/\/www.idpoisson.fr\/andreianov\/wp-json\/wp\/v2\/pages"}],"about":[{"href":"https:\/\/www.idpoisson.fr\/andreianov\/wp-json\/wp\/v2\/types\/page"}],"author":[{"embeddable":true,"href":"https:\/\/www.idpoisson.fr\/andreianov\/wp-json\/wp\/v2\/users\/98"}],"replies":[{"embeddable":true,"href":"https:\/\/www.idpoisson.fr\/andreianov\/wp-json\/wp\/v2\/comments?post=97"}],"version-history":[{"count":5,"href":"https:\/\/www.idpoisson.fr\/andreianov\/wp-json\/wp\/v2\/pages\/97\/revisions"}],"predecessor-version":[{"id":425,"href":"https:\/\/www.idpoisson.fr\/andreianov\/wp-json\/wp\/v2\/pages\/97\/revisions\/425"}],"wp:attachment":[{"href":"https:\/\/www.idpoisson.fr\/andreianov\/wp-json\/wp\/v2\/media?parent=97"}],"wp:term":[{"taxonomy":"folder","embeddable":true,"href":"https:\/\/www.idpoisson.fr\/andreianov\/wp-json\/wp\/v2\/folder?post=97"}],"curies":[{"name":"wp","href":"https:\/\/api.w.org\/{rel}","templated":true}]}}