{"id":2,"date":"2018-02-08T16:06:15","date_gmt":"2018-02-08T15:06:15","guid":{"rendered":"https:\/\/www.idpoisson.fr\/anker\/?page_id=2"},"modified":"2026-03-05T11:52:19","modified_gmt":"2026-03-05T10:52:19","slug":"accueil","status":"publish","type":"page","link":"https:\/\/www.idpoisson.fr\/anker","title":{"rendered":"Accueil"},"content":{"rendered":"<div class=\"wp-block-image\">\n<figure class=\"aligncenter\"><img loading=\"lazy\" decoding=\"async\" width=\"200\" height=\"263\" src=\"https:\/\/www.idpoisson.fr\/anker\/wp-content\/uploads\/sites\/36\/2019\/01\/Mars18-e1690724312221.jpg\" alt=\"\" class=\"wp-image-82\" \/><\/figure>\n<\/div>\n\n\n<p><\/p>\n\n\n\n<p>Professeur \u00e9m\u00e9rite<br><a href=\"https:\/\/www.idpoisson.fr\">Institut Denis Poisson<\/a> (UMR 7013)<br><a href=\"http:\/\/www.univ-orleans.fr\/fr\/sciences-techniques\/formation\/mathematiques\">Math\u00e9matiques<\/a><em>,<\/em> <a href=\"http:\/\/www.univ-orleans.fr\">Universit\u00e9 d&rsquo;Orl\u00e9ans<\/a><br>\u00c9quipe de recherche : <a href=\"\/\/www.idpoisson.fr\/equipe-danalyse-et-geometrie\/\">ANG<\/a><br><strong>Contact<\/strong><br>Bureau B3 (RDC du b\u00e2timent de math\u00e9matiques)<br>Email : anker[arobase]univ-orleans[point]fr<br>T\u00e9l\u00e9phone : +33 (0)2.38.41.73.15<br>T\u00e9l\u00e9phones secr\u00e9tariats : +33 (0)2.38.41.72.04, +33 (0)2.38.41.72.32, +33 (0)2.38.41.70.16<br><strong>Adresse postale<\/strong><br>Institut Denis Poisson, Universit\u00e9 d&rsquo;Orl\u00e9ans<br>B\u00e2timent de Math\u00e9matiques, rue de Chartres<br>B.P. 6759, 45067 Orl\u00e9ans cedex 2, France<\/p>\n\n\n\n<p><a href=\"https:\/\/www.idpoisson.fr\/anker\/wp-content\/uploads\/sites\/36\/2026\/02\/CvAnker2025.pdf\">Curriculum Vitae<\/a><\/p>\n\n\n\n<hr class=\"wp-block-separator has-alpha-channel-opacity\" \/>\n\n\n\n<h3 class=\"wp-block-heading\" id=\"publis\">Domaines de recherche<\/h3>\n\n\n\n<p>Analyse harmonique en courbure non positive<\/p>\n\n\n\n<p>Cadres consid\u00e9r\u00e9s :<\/p>\n\n\n\n<ul class=\"wp-block-list\">\n<li>espaces sym\u00e9triques (par exemple espaces hyperboliques)<\/li>\n\n\n\n<li>immeubles affines (par exemple arbres homog\u00e8nes)<\/li>\n\n\n\n<li>quotients de ces espaces par des groupes discrets d&rsquo;isom\u00e9tries<\/li>\n\n\n\n<li>th\u00e9ories de Dunkl (rationnelle, trigonom\u00e9trique, q-analogues)<\/li>\n<\/ul>\n\n\n\n<p>Objets \u00e9tudi\u00e9s :<\/p>\n\n\n\n<ul class=\"wp-block-list\">\n<li>transformation de Fourier sph\u00e9rique<\/li>\n\n\n\n<li>multiplicateurs de Fourier<\/li>\n\n\n\n<li>noyau de la chaleur, marches al\u00e9atoires<\/li>\n\n\n\n<li>EDP dispersives (Schr\u00f6dinger, ondes, Klein-Gordon)<\/li>\n<\/ul>\n\n\n\n<hr class=\"wp-block-separator has-alpha-channel-opacity\" \/>\n\n\n\n<h3 class=\"wp-block-heading\" id=\"publis\">Publications et pr\u00e9publications<\/h3>\n\n\n\n<p>La plupart de mes travaux sont d\u00e9pos\u00e9s sur <a href=\"https:\/\/hal.archives-ouvertes.fr\/search\/index\/?q=Jean-Philippe+Anker&#038;docType_s=COUV+OR+DOUV+OR+REPORT+OR+OTHER+OR+THESE+OR+HDR+OR+LECTURE+OR+ART+OR+COMM+OR+OUV+OR+UNDEFINED&#038;authIdHal_s=jean-philippe-anker\">HAL<\/a> et sur <a href=\"https:\/\/arxiv.org\/search\/?query=Anker%2C+Jean-Philippe&#038;searchtype=author&#038;abstracts=show&#038;order=-announced_date_first&#038;size=50\">arXiv<\/a><\/p>\n\n\n\n<hr class=\"wp-block-separator has-alpha-channel-opacity\" \/>\n\n\n\n<h3 class=\"wp-block-heading\" id=\"publis\">Quelques notes d&rsquo;expos\u00e9s<\/h3>\n\n\n\n<ul class=\"wp-block-list\">\n<li><a href=\"https:\/\/www.idpoisson.fr\/anker\/wp-content\/uploads\/sites\/36\/2019\/01\/Wroclaw2013.pdf\"><em>Harmonic analysis applied to PDE<\/em> (<em>dispersive inequalities and Strichartz estimates<\/em>)<\/a><em>, <\/em>Mini-course, Ph.D. program (University of Wroclaw, Poland; Spring 2013)<\/li>\n\n\n\n<li><a href=\"https:\/\/www.idpoisson.fr\/anker\/wp-content\/uploads\/sites\/36\/2019\/01\/Bedlewo2015.pdf\"><em>An introduction to Dunkl theory and its analytic aspects<\/em><\/a>, Summer School (Banach Conference Center, Bedlewo, Poland; September 2015)<\/li>\n\n\n\n<li><a href=\"https:\/\/www.idpoisson.fr\/anker\/wp-content\/uploads\/sites\/36\/2024\/02\/AnkerCollegeFrance2023.pdf\"><em>Projecteurs spectraux sur les surfaces hyperboliques<\/em><\/a> (slides in English), S\u00e9minaire de g\u00e9om\u00e9trie spectrale (Nalini Anantharaman), Coll\u00e8ge de France, 22 d\u00e9cembre 2023<\/li>\n\n\n\n<li><a href=\"https:\/\/www.idpoisson.fr\/anker\/wp-content\/uploads\/sites\/36\/2024\/09\/TalkAnkerPaderborn09sep24-1.pdf\"><em>Smooth barycentric decompositions of Weyl chambers<\/em><\/a> (<em>a helpful tool to handle inverse spherical Fourier transforms on noncompact symmetric spaces of higher rank<\/em>), <a href=\"https:\/\/trr358.math.uni-bielefeld.de\/workshops\/view\/191\">First Conference<\/a> of CRC-TRR 358 <a href=\"https:\/\/trr358.math.uni-bielefeld.de\/\">Integral Structures in Geometry and Representation Theory<\/a>, Universit\u00e4t Paderborn, September 9-13, 2024<\/li>\n<\/ul>\n\n\n\n<h3 class=\"wp-block-heading\"><strong>Anciens doctorants<\/strong><\/h3>\n\n\n\n<ul class=\"wp-block-list\">\n<li><a href=\"https:\/\/pedon.perso.math.cnrs.fr\/\">Emmanuel Pedon <\/a>(Universit\u00e9 Henri Poincar\u00e9 &#8211; Nancy 1, 1993-1997), Ma\u00eetre de Conf\u00e9rences \u00e0 l&rsquo;Universit\u00e9 de Reims<\/li>\n\n\n\n<li>Patrick Ostellari (Universit\u00e9 Henri Poincar\u00e9 &#8211; Nancy 1, 1998-2003), Professeur Agr\u00e9g\u00e9 \u00e0 l&rsquo;Universit\u00e9 du Littoral C\u00f4te d&rsquo;Opale<\/li>\n\n\n\n<li><a href=\"http:\/\/math.univ-lyon1.fr\/homes-www\/schapira\/index.html\">Bruno Schapira<\/a> (Universit\u00e9 d&rsquo;Orl\u00e9ans et Universit\u00e9 Pierre et Maris Curie &#8211; Paris 6, 2004-2006, en codirection avec Philippe Bougerol), Professeur des Universit\u00e9s \u00e0 l&rsquo;Universit\u00e9 Claude Bernard &#8211; Lyon 1<\/li>\n\n\n\n<li>Fatma Ayadi &#8211; Ben Said (Universit\u00e9 d&rsquo;Orl\u00e9ans et Universit\u00e9 de Tunis &#8211; El Manar, 2007-2011, en codirection avec Mohamed Sifi), Enseignante aux Emirats Arabes Unis<\/li>\n\n\n\n<li>Alaa Jamal Eddine (Universit\u00e9 d&rsquo;Orl\u00e9ans, 2009-2013, en codirection avec <a href=\"https:\/\/www.idpoisson.fr\/pierfelice\/\">Vittoria Pierfelice<\/a>), Analyste dans le secteur priv\u00e9 \u00e0 Gen\u00e8ve<\/li>\n\n\n\n<li><a href=\"https:\/\/zhangh-w.github.io\/\">Hong-Wei Zhang<\/a> (Universit\u00e9 d&rsquo;Orl\u00e9ans et Universit\u00e9 Paris-Saclay, 2017-2020, en codirection avec <a href=\"https:\/\/www.imo.universite-paris-saclay.fr\/~nicolas.burq\/\">Nicolas Burq<\/a>), Postdoc \u00e0 l&rsquo;Universit\u00e9 de Paderborn<\/li>\n<\/ul>\n\n\n\n<p><\/p>\n","protected":false},"excerpt":{"rendered":"<p>Professeur \u00e9m\u00e9riteInstitut Denis Poisson (UMR 7013)Math\u00e9matiques, Universit\u00e9 d&rsquo;Orl\u00e9ans\u00c9quipe de recherche : ANGContactBureau B3 (RDC du b\u00e2timent de math\u00e9matiques)Email : anker[arobase]univ-orleans[point]frT\u00e9l\u00e9phone &hellip; <a href=\"https:\/\/www.idpoisson.fr\/anker\/\" class=\"more-link\">Plus <span class=\"screen-reader-text\">Accueil<\/span> <span class=\"meta-nav\">&rarr;<\/span><\/a><\/p>\n","protected":false},"author":67,"featured_media":0,"parent":0,"menu_order":0,"comment_status":"closed","ping_status":"open","template":"","meta":{"footnotes":""},"folder":[],"class_list":["post-2","page","type-page","status-publish","hentry"],"_links":{"self":[{"href":"https:\/\/www.idpoisson.fr\/anker\/wp-json\/wp\/v2\/pages\/2","targetHints":{"allow":["GET"]}}],"collection":[{"href":"https:\/\/www.idpoisson.fr\/anker\/wp-json\/wp\/v2\/pages"}],"about":[{"href":"https:\/\/www.idpoisson.fr\/anker\/wp-json\/wp\/v2\/types\/page"}],"author":[{"embeddable":true,"href":"https:\/\/www.idpoisson.fr\/anker\/wp-json\/wp\/v2\/users\/67"}],"replies":[{"embeddable":true,"href":"https:\/\/www.idpoisson.fr\/anker\/wp-json\/wp\/v2\/comments?post=2"}],"version-history":[{"count":39,"href":"https:\/\/www.idpoisson.fr\/anker\/wp-json\/wp\/v2\/pages\/2\/revisions"}],"predecessor-version":[{"id":176,"href":"https:\/\/www.idpoisson.fr\/anker\/wp-json\/wp\/v2\/pages\/2\/revisions\/176"}],"wp:attachment":[{"href":"https:\/\/www.idpoisson.fr\/anker\/wp-json\/wp\/v2\/media?parent=2"}],"wp:term":[{"taxonomy":"folder","embeddable":true,"href":"https:\/\/www.idpoisson.fr\/anker\/wp-json\/wp\/v2\/folder?post=2"}],"curies":[{"name":"wp","href":"https:\/\/api.w.org\/{rel}","templated":true}]}}