{"id":51,"date":"2018-02-04T09:19:53","date_gmt":"2018-02-04T08:19:53","guid":{"rendered":"https:\/\/www.idpoisson.fr\/barles\/en\/?page_id=51"},"modified":"2024-06-06T13:01:37","modified_gmt":"2024-06-06T11:01:37","slug":"web-page-of-guy-barles-2","status":"publish","type":"page","link":"https:\/\/www.idpoisson.fr\/barles\/en\/","title":{"rendered":"Web page of Guy Barles"},"content":{"rendered":"<div id=\"titre\"><span class=\"name\">Guy BARLES<\/span><\/div>\n<div>Retired, associate member of the <a href=\"https:\/\/www.idpoisson.fr\/\">Institut Denis Poisson (UMR CNRS 7013)<\/a><img loading=\"lazy\" decoding=\"async\" class=\"alignright\" src=\"http:\/\/www.lmpt.univ-tours.fr\/~barles\/gbphoto.gif\" width=\"262\" height=\"343\" border=\"0\" \/><br \/>\nUniversit\u00e9 de Tours, Universit\u00e9 d&#8217;Orl\u00e9ans, CNRS<\/div>\n<div><\/div>\n<div><\/div>\n<div><\/div>\n<div><i><strong>Postal address:<\/strong><\/i><\/div>\n<div><i>Facult\u00e9 des Sciences et Techniques<br \/>\nUniversit\u00e9 de Tours<br \/>\nParc de Grandmont<br \/>\n37200 TOURS, France<\/i><\/div>\n<div><\/div>\n<div>\n<p>Email : \u00a0<a href=\"mailto:guy.barles@idpoisson.fr\">guy.barles@idpoisson.fr<\/a><\/p>\n<p><a href=\"https:\/\/www.idpoisson.fr\/barles\/fr\/\">French version<\/a><\/p>\n<h2><\/h2>\n<h2>Research activities<\/h2>\n<div>Member of the team <a href=\"https:\/\/www.idpoisson.fr\/equipe-edp-modelisation-simulation\/\"><img loading=\"lazy\" decoding=\"async\" class=\"wp-image-21 alignnone\" src=\"https:\/\/www.idpoisson.fr\/barles\/wp-content\/uploads\/sites\/11\/2018\/02\/ems-300x300.png\" alt=\"\" width=\"40\" height=\"40\" srcset=\"https:\/\/www.idpoisson.fr\/barles\/wp-content\/uploads\/sites\/11\/2018\/02\/ems-300x300.png 300w, https:\/\/www.idpoisson.fr\/barles\/wp-content\/uploads\/sites\/11\/2018\/02\/ems-300x300-150x150.png 150w\" sizes=\"auto, (max-width: 40px) 100vw, 40px\" \/><\/a> (PDE, Modelling, Simulation) of IDP<\/div>\n<div><\/div>\n<div class=\"visc\">\n<p><b>Past or Recent Research Themes :<\/b> Nonlinear elliptic and parabolic pdes, first-order Hamilton-Jacobi equations, nonlocal pdes. Asymptotic and homogenization problems. Front propagations problems. Deterministic optimal control. Modelling.<\/p>\n<p>My <a href=\"http:\/\/cv.archives-ouvertes.fr\/guy-barles\">recent papers<\/a> on the CNRS preprint server (HAL)<\/p>\n<\/div>\n<p>The book in collaboration with Emmanuel Chasseigne, \u00ab\u00a0On Modern Approaches of Hamilton-Jacobi Equations and Control Problems with discontinuities\u00a0\u00bb, is <a href=\"https:\/\/link.springer.com\/book\/10.1007\/978-3-031-49371-3\">HERE<\/a><\/p>\n<div class=\"visc\">\n<h2>Research courses<\/h2>\n<p>Advanced course on viscosity solutions (organised by J.M. Roquejoffre in 1997 at the University Paul Sabatier (Toulouse-in french)) <a href=\"https:\/\/www.idpoisson.fr\/barles\/wp-content\/uploads\/sites\/11\/2018\/02\/Toulcours.pdf\">(pdf)<\/a><\/p>\n<\/div>\n<\/div>\n","protected":false},"excerpt":{"rendered":"<p>Guy BARLES Retired, associate member of the Institut Denis Poisson (UMR CNRS 7013) Universit\u00e9 de Tours, Universit\u00e9 d&#8217;Orl\u00e9ans, CNRS Postal &hellip; <a href=\"https:\/\/www.idpoisson.fr\/barles\/en\/\" class=\"more-link\">More <span class=\"screen-reader-text\">Web page of Guy Barles<\/span> <span class=\"meta-nav\">&rarr;<\/span><\/a><\/p>\n","protected":false},"author":25,"featured_media":0,"parent":0,"menu_order":0,"comment_status":"closed","ping_status":"closed","template":"page-templates\/no-sidebar-full-width.php","meta":{"footnotes":""},"folder":[],"class_list":["post-51","page","type-page","status-publish","hentry"],"_links":{"self":[{"href":"https:\/\/www.idpoisson.fr\/barles\/en\/wp-json\/wp\/v2\/pages\/51","targetHints":{"allow":["GET"]}}],"collection":[{"href":"https:\/\/www.idpoisson.fr\/barles\/en\/wp-json\/wp\/v2\/pages"}],"about":[{"href":"https:\/\/www.idpoisson.fr\/barles\/en\/wp-json\/wp\/v2\/types\/page"}],"author":[{"embeddable":true,"href":"https:\/\/www.idpoisson.fr\/barles\/en\/wp-json\/wp\/v2\/users\/25"}],"replies":[{"embeddable":true,"href":"https:\/\/www.idpoisson.fr\/barles\/en\/wp-json\/wp\/v2\/comments?post=51"}],"version-history":[{"count":72,"href":"https:\/\/www.idpoisson.fr\/barles\/en\/wp-json\/wp\/v2\/pages\/51\/revisions"}],"predecessor-version":[{"id":171,"href":"https:\/\/www.idpoisson.fr\/barles\/en\/wp-json\/wp\/v2\/pages\/51\/revisions\/171"}],"wp:attachment":[{"href":"https:\/\/www.idpoisson.fr\/barles\/en\/wp-json\/wp\/v2\/media?parent=51"}],"wp:term":[{"taxonomy":"folder","embeddable":true,"href":"https:\/\/www.idpoisson.fr\/barles\/en\/wp-json\/wp\/v2\/folder?post=51"}],"curies":[{"name":"wp","href":"https:\/\/api.w.org\/{rel}","templated":true}]}}