{"id":51,"date":"2018-02-04T09:19:53","date_gmt":"2018-02-04T08:19:53","guid":{"rendered":"https:\/\/www.idpoisson.fr\/barles\/en\/?page_id=51"},"modified":"2024-06-06T13:01:37","modified_gmt":"2024-06-06T11:01:37","slug":"web-page-of-guy-barles-2","status":"publish","type":"page","link":"https:\/\/www.idpoisson.fr\/barles","title":{"rendered":"Page Web de Guy Barles"},"content":{"rendered":"<div id=\"titre\"><span class=\"name\">Guy BARLES<\/span><\/div>\n<div>Retrait\u00e9, membre associ\u00e9 de l&rsquo;<a style=\"font-size: 1rem\" href=\"https:\/\/www.idpoisson.fr\/\">Institut Denis Poisson (UMR CNRS 7013)<\/a><\/div>\n<div><img loading=\"lazy\" decoding=\"async\" class=\"alignright\" src=\"http:\/\/www.lmpt.univ-tours.fr\/~barles\/gbphoto.gif\" width=\"262\" height=\"343\" border=\"0\" \/>Universit\u00e9 de Tours, Universit\u00e9 d&rsquo;Orl\u00e9ans, CNRS<\/div>\n<div><strong><i>\u00a0<\/i><\/strong><\/div>\n<div><strong><i>\u00a0<\/i><\/strong><\/div>\n<div><strong><i>Adresse postale:<\/i><\/strong><\/div>\n<div><i>Facult\u00e9 des Sciences et Techniques<br \/>\nUniversit\u00e9 de Tours<br \/>\nParc de Grandmont<br \/>\n37200 TOURS, France<\/i><\/div>\n<div><\/div>\n<div>\n<p>Courriel : \u00a0<a href=\"mailto:guy.barles@idpoisson.fr\">guy.barles@idpoisson.fr<\/a><\/p>\n<p><a href=\"https:\/\/www.idpoisson.fr\/barles\/en\/\">English version<\/a><\/p>\n<h2><\/h2>\n<h2><\/h2>\n<h2>Activit\u00e9s de recherche :<\/h2>\n<p>Membre associ\u00e9 de l&rsquo;\u00e9quipe: \u00a0\u00a0<a href=\"https:\/\/www.idpoisson.fr\/equipe-edp-modelisation-simulation\/\"><img loading=\"lazy\" decoding=\"async\" src=\"https:\/\/www.idpoisson.fr\/barles\/wp-content\/uploads\/sites\/11\/2018\/02\/ems-300x300.png\" alt=\"\" width=\"40\" height=\"40\" \/><\/a>\u00a0(EDP, Mod\u00e9lisation, Simulation) de l&rsquo;IDP<\/p>\n<div class=\"visc\">\n<p><strong>Th\u00e8mes de recherche actuels ou pass\u00e9s : <\/strong>\u00c9quations elliptique et paraboliques non lin\u00e9aires, \u00e9quations d&rsquo;Hamilton-Jacobi du premier ordre, \u00e9quations non locales. Probl\u00e8mes asymptotiques, homog\u00e9n\u00e9isation. Probl\u00e8mes de propagations de fronts. Contr\u00f4le optimal d\u00e9terministe. Mod\u00e9lisation.<\/p>\n<p>Mes <a href=\"http:\/\/cv.archives-ouvertes.fr\/guy-barles\">travaux r\u00e9cents<\/a> sur le serveur HAL du CNRS<\/p>\n<\/div>\n<p>Le livre en collaboration avec Emmanuel Chasseigne, \u00ab\u00a0On Modern Approaches of Hamilton-Jacobi Equations and Control Problems with discontinuities\u00a0\u00bb, est disponible\u00a0<a href=\"https:\/\/link.springer.com\/book\/10.1007\/978-3-031-49371-3\">ICI<\/a><\/p>\n<p><span style=\"font-size: 1.728em;font-weight: bold\">Cours niveau recherche :<\/span><\/p>\n<div class=\"visc\">\n<div>Cours post-dea sur les solutions de viscosit\u00e9 (organis\u00e9 par J.M. Roquejoffre en 1997 \u00e0 l&rsquo;Universit\u00e9 Paul Sabatier (Toulouse) ) <a href=\"https:\/\/www.idpoisson.fr\/barles\/wp-content\/uploads\/sites\/11\/2018\/02\/Toulcours.pdf\">(pdf)<\/a><\/div>\n<\/div>\n<\/div>\n","protected":false},"excerpt":{"rendered":"<p>Guy BARLES Retrait\u00e9, membre associ\u00e9 de l&rsquo;Institut Denis Poisson (UMR CNRS 7013) Universit\u00e9 de Tours, Universit\u00e9 d&rsquo;Orl\u00e9ans, CNRS \u00a0 \u00a0 &hellip; <a href=\"https:\/\/www.idpoisson.fr\/barles\/\" class=\"more-link\">Plus <span class=\"screen-reader-text\">Page Web de Guy Barles<\/span> <span class=\"meta-nav\">&rarr;<\/span><\/a><\/p>\n","protected":false},"author":25,"featured_media":0,"parent":0,"menu_order":0,"comment_status":"closed","ping_status":"closed","template":"page-templates\/no-sidebar-full-width.php","meta":{"footnotes":""},"folder":[],"class_list":["post-51","page","type-page","status-publish","hentry"],"_links":{"self":[{"href":"https:\/\/www.idpoisson.fr\/barles\/wp-json\/wp\/v2\/pages\/51","targetHints":{"allow":["GET"]}}],"collection":[{"href":"https:\/\/www.idpoisson.fr\/barles\/wp-json\/wp\/v2\/pages"}],"about":[{"href":"https:\/\/www.idpoisson.fr\/barles\/wp-json\/wp\/v2\/types\/page"}],"author":[{"embeddable":true,"href":"https:\/\/www.idpoisson.fr\/barles\/wp-json\/wp\/v2\/users\/25"}],"replies":[{"embeddable":true,"href":"https:\/\/www.idpoisson.fr\/barles\/wp-json\/wp\/v2\/comments?post=51"}],"version-history":[{"count":72,"href":"https:\/\/www.idpoisson.fr\/barles\/wp-json\/wp\/v2\/pages\/51\/revisions"}],"predecessor-version":[{"id":171,"href":"https:\/\/www.idpoisson.fr\/barles\/wp-json\/wp\/v2\/pages\/51\/revisions\/171"}],"wp:attachment":[{"href":"https:\/\/www.idpoisson.fr\/barles\/wp-json\/wp\/v2\/media?parent=51"}],"wp:term":[{"taxonomy":"folder","embeddable":true,"href":"https:\/\/www.idpoisson.fr\/barles\/wp-json\/wp\/v2\/folder?post=51"}],"curies":[{"name":"wp","href":"https:\/\/api.w.org\/{rel}","templated":true}]}}