{"id":119,"date":"2019-01-15T17:47:03","date_gmt":"2019-01-15T16:47:03","guid":{"rendered":"https:\/\/www.idpoisson.fr\/barre\/en\/?page_id=119"},"modified":"2021-08-15T12:33:12","modified_gmt":"2021-08-15T10:33:12","slug":"accueil","status":"publish","type":"page","link":"https:\/\/www.idpoisson.fr\/barre\/en\/","title":{"rendered":"Welcome"},"content":{"rendered":"\n<p><\/p>\n\n\n\n<p>Professor in mathematics<br><a href=\"https:\/\/www.idpoisson.fr\">Institut Denis Poisson<\/a> CNRS UMR 7013<br>Research team: <a href=\"https:\/\/www.idpoisson.fr\/equipe-probabilite-algebre-combinatoire-theorie-ergodique-statistique\/\">Statistics, Probability, Algebra, Combinatorics and Ergodic Theory<\/a> (and <a href=\"https:\/\/www.idpoisson.fr\/equipe-edp-modelisation-simulation\/\">PDE, Modelling and Simulation<\/a>).<\/p>\n\n\n\n<p><strong>Contact<\/strong><br>Office: E3<br>Phone: (33)-2-38-49-46-81<br>Email : julien.barre@univ-orleans.fr <\/p>\n\n\n\n<p><strong>Postal address<\/strong><br>Institut Denis Poisson<br>Universit\u00e9 d&#8217;Orl\u00e9ans<br>rue de Chartres,<br>45100 Orl\u00e9ans, FRANCE. <\/p>\n\n\n\n<p><\/p>\n","protected":false},"excerpt":{"rendered":"<p>Professor in mathematicsInstitut Denis Poisson CNRS UMR 7013Research team: Statistics, Probability, Algebra, Combinatorics and Ergodic Theory (and PDE, Modelling and &hellip; <a href=\"https:\/\/www.idpoisson.fr\/barre\/en\/\" class=\"more-link\">More <span class=\"screen-reader-text\">Welcome<\/span> <span class=\"meta-nav\">&rarr;<\/span><\/a><\/p>\n","protected":false},"author":7,"featured_media":0,"parent":0,"menu_order":0,"comment_status":"closed","ping_status":"closed","template":"","meta":{"footnotes":""},"folder":[],"class_list":["post-119","page","type-page","status-publish","hentry"],"_links":{"self":[{"href":"https:\/\/www.idpoisson.fr\/barre\/en\/wp-json\/wp\/v2\/pages\/119","targetHints":{"allow":["GET"]}}],"collection":[{"href":"https:\/\/www.idpoisson.fr\/barre\/en\/wp-json\/wp\/v2\/pages"}],"about":[{"href":"https:\/\/www.idpoisson.fr\/barre\/en\/wp-json\/wp\/v2\/types\/page"}],"author":[{"embeddable":true,"href":"https:\/\/www.idpoisson.fr\/barre\/en\/wp-json\/wp\/v2\/users\/7"}],"replies":[{"embeddable":true,"href":"https:\/\/www.idpoisson.fr\/barre\/en\/wp-json\/wp\/v2\/comments?post=119"}],"version-history":[{"count":5,"href":"https:\/\/www.idpoisson.fr\/barre\/en\/wp-json\/wp\/v2\/pages\/119\/revisions"}],"predecessor-version":[{"id":261,"href":"https:\/\/www.idpoisson.fr\/barre\/en\/wp-json\/wp\/v2\/pages\/119\/revisions\/261"}],"wp:attachment":[{"href":"https:\/\/www.idpoisson.fr\/barre\/en\/wp-json\/wp\/v2\/media?parent=119"}],"wp:term":[{"taxonomy":"folder","embeddable":true,"href":"https:\/\/www.idpoisson.fr\/barre\/en\/wp-json\/wp\/v2\/folder?post=119"}],"curies":[{"name":"wp","href":"https:\/\/api.w.org\/{rel}","templated":true}]}}