{"id":51,"date":"2018-05-17T16:47:25","date_gmt":"2018-05-17T14:47:25","guid":{"rendered":"https:\/\/www.idpoisson.fr\/barre\/?page_id=51"},"modified":"2021-08-15T12:47:47","modified_gmt":"2021-08-15T10:47:47","slug":"cv","status":"publish","type":"page","link":"https:\/\/www.idpoisson.fr\/barre\/en\/cv\/","title":{"rendered":"CV"},"content":{"rendered":"<p><strong>Adresse :<\/strong><br \/>\nInstitut Denis Poisson<br \/>\nUniversit\u00e9 d&#8217;Orl\u00e9ans,<br \/>\nrue de Chartres,<br \/>\n45100 Orl\u00e9ans, FRANCE.<br \/>\nT\u00e9l: +33 (0)2 38 49 46 81<br \/>\nE-mail: julien.barre &#8220;at&#8221; univ-orleans.fr<\/p>\n<p><strong>Postes occup\u00e9s<\/strong><\/p>\n<p>Depuis 2017 : Professeur de math\u00e9matiques \u00e0 l&#8217;Universit\u00e9 d&#8217;Orl\u00e9ans<br \/>\nDepuis 2016 : Ma\u00eetre de conf\u00e9rences en math\u00e9matiques \u00e0 l&#8217;Universit\u00e9 d&#8217;Orl\u00e9ans<br \/>\n2005-2016 : Ma\u00eetre de conf\u00e9rences en math\u00e9matiques \u00e0 l&#8217;Universit\u00e9 de Nice<br \/>\n2003-2005 : &#8220;Post doctoral fellow&#8221; au Laboratoire National de Los Alamos (Etats-Unis)<br \/>\n2000-2003 : Doctorant \u00e0 l&#8217;ENS Lyon et \u00e0 l&#8217;Universit\u00e9 de Florence (Italie)<\/p>\n<p><strong>Prix et &#8220;fellowships&#8221;<\/strong><\/p>\n<p>2015 : Membre Junior de l&#8217;IUF<br \/>\nPrix Paul Langevin de l&#8217;Acad\u00e9mie des Sciences (2013)<br \/>\n&#8220;Director&#8217;s fellow&#8221; au laboratoire National de Los Alamos (2003-2005)<\/p>\n<p><strong>Responsabilit\u00e9s administratives<\/strong><\/p>\n<p>2021- : co-responsable du p\u00f4le d&#8217;enseignement des math\u00e9matiques \u00e0 l&#8217;UFR Sciences de l&#8217;Universit\u00e9 dOrl\u00e9ans.<br \/>\n2018- 2021 : directeur adjoint de l&#8217;Institut Denis Poisson<br \/>\n2017- : responsable de l&#8217;\u00e9quipe communication de l&#8217;Institut Denis Poisson.<br \/>\n2014-2015 : membre \u00e9lu du conseil du laboratoire LJAD.<br \/>\n2013-2015 : Responsable de l&#8217;\u00e9quipe &#8220;Syst\u00e8mes complexes et Interfaces des math\u00e9matiques&#8221; du laboratoire JA Dieudonn\u00e9.<br \/>\n2013-2015 : membre de la Commission Permanente Ressources Humaines du laboratoire JA Dieudonn\u00e9.<br \/>\n2010-2013 : membre du comit\u00e9 scientifique du GDR Phenix.<br \/>\n2008-2012 : membre \u00e9lu du Conseil d&#8217;Administration de l&#8217;U. de Nice.<\/p>\n<p><strong>Formation et Dipl\u00f4mes<\/strong><\/p>\n<p>F\u00e9vrier 2011 : Habilitation \u00e0 diriger les Recherches, Universit\u00e9 de Nice-Sophia Antipolis.<br \/>\nJuillet 2003 : th\u00e8se de physique, ENS Lyon et Universit\u00e9 de Florence.<br \/>\n1996-2000 : El\u00e8ve de l&#8217;Ecole Normale Sup\u00e9rieure de Lyon (promotion 1996).<br \/>\nMagist\u00e8re des Sciences de la mati\u00e8re de l&#8217;ENS Lyon.<br \/>\nFormation compl\u00e9mentaire en math\u00e9matique.<br \/>\nAgr\u00e9gation de math\u00e9matiques (1999).<br \/>\nDEA de Physique Th\u00e9orique Rh\u00f4ne-Alpin (2000).<\/p>\n<p><strong>Enseignements<\/strong><\/p>\n<p>2000-2003 : Travaux dirig\u00e9s de math\u00e9matiques pour physiciens en 1\u00e8re ann\u00e9e de magist\u00e8re des Sciences de la mati\u00e8re, ENS Lyon.<br \/>\n2000-2003 : Participation \u00e0 la pr\u00e9paration \u00e0 l&#8217;agr\u00e9gation de Sciences Physiques \u00e0 l&#8217;ENS Lyon.<br \/>\n2005-2009 : Cours de math\u00e9matiques en L2 Eco-Gestion.<br \/>\n2005-2007 : Tutorat en ligne de statistiques en L2 Eco-Gestion.<br \/>\n2010-2014 : Cours de probabilit\u00e9s et statistiques en L1 et L2 Eco-Gestion, et L2 MASS.<br \/>\n2005- : Participation \u00e0 la pr\u00e9paration \u00e0 l&#8217;agr\u00e9gation de Math\u00e9matiques.<br \/>\n2006-2014 : Cours de mod\u00e9lisation en M2 Economie, avec D. Torre.<br \/>\n2007- : Activit\u00e9s de diffusion de la culture scientifique et d&#8217;initiation \u00e0 la recherche.<br \/>\n2014 : Cours de m\u00e9thodes math\u00e9matiques en M2 Physique.<br \/>\n2016-2017 : Cours-TD de m\u00e9thodes math\u00e9matiques en L1 Physique.<br \/>\n2017-2018 : Cours de mod\u00e9lisation, initiation \u00e0 la recherche en M2 Math\u00e9matique.<br \/>\n2018-2021 : Responsable du cours de &#8220;Calculus&#8221;, L1 Sciences.<br \/>\n2020- : Responsable option maths S2 de la PASS (parcours sp\u00e9cifique acc\u00e8s sant\u00e9) de l&#8217;U. de Tours.<br \/>\n2021- : Cours de probabilit\u00e9s en M1 &#8220;Math\u00e9matiques appliqu\u00e9es, Statistiques.&#8221;<\/p>\n","protected":false},"excerpt":{"rendered":"<p>Adresse : Institut Denis Poisson Universit\u00e9 d&#8217;Orl\u00e9ans, rue de Chartres, 45100 Orl\u00e9ans, FRANCE. T\u00e9l: +33 (0)2 38 49 46 81 &hellip; <a href=\"https:\/\/www.idpoisson.fr\/barre\/en\/cv\/\" class=\"more-link\">More <span class=\"screen-reader-text\">CV<\/span> <span class=\"meta-nav\">&rarr;<\/span><\/a><\/p>\n","protected":false},"author":7,"featured_media":0,"parent":0,"menu_order":0,"comment_status":"closed","ping_status":"closed","template":"","meta":{"footnotes":""},"folder":[],"class_list":["post-51","page","type-page","status-publish","hentry"],"_links":{"self":[{"href":"https:\/\/www.idpoisson.fr\/barre\/en\/wp-json\/wp\/v2\/pages\/51","targetHints":{"allow":["GET"]}}],"collection":[{"href":"https:\/\/www.idpoisson.fr\/barre\/en\/wp-json\/wp\/v2\/pages"}],"about":[{"href":"https:\/\/www.idpoisson.fr\/barre\/en\/wp-json\/wp\/v2\/types\/page"}],"author":[{"embeddable":true,"href":"https:\/\/www.idpoisson.fr\/barre\/en\/wp-json\/wp\/v2\/users\/7"}],"replies":[{"embeddable":true,"href":"https:\/\/www.idpoisson.fr\/barre\/en\/wp-json\/wp\/v2\/comments?post=51"}],"version-history":[{"count":5,"href":"https:\/\/www.idpoisson.fr\/barre\/en\/wp-json\/wp\/v2\/pages\/51\/revisions"}],"predecessor-version":[{"id":263,"href":"https:\/\/www.idpoisson.fr\/barre\/en\/wp-json\/wp\/v2\/pages\/51\/revisions\/263"}],"wp:attachment":[{"href":"https:\/\/www.idpoisson.fr\/barre\/en\/wp-json\/wp\/v2\/media?parent=51"}],"wp:term":[{"taxonomy":"folder","embeddable":true,"href":"https:\/\/www.idpoisson.fr\/barre\/en\/wp-json\/wp\/v2\/folder?post=51"}],"curies":[{"name":"wp","href":"https:\/\/api.w.org\/{rel}","templated":true}]}}