{"id":51,"date":"2018-05-17T16:47:25","date_gmt":"2018-05-17T14:47:25","guid":{"rendered":"https:\/\/www.idpoisson.fr\/barre\/?page_id=51"},"modified":"2021-08-15T12:47:47","modified_gmt":"2021-08-15T10:47:47","slug":"cv","status":"publish","type":"page","link":"https:\/\/www.idpoisson.fr\/barre\/cv\/","title":{"rendered":"CV"},"content":{"rendered":"<p><strong>Adresse :<\/strong><br \/>Institut Denis Poisson<br \/>Universit\u00e9 d&rsquo;Orl\u00e9ans,<br \/>rue de Chartres,<br \/>45100 Orl\u00e9ans, FRANCE.<br \/>T\u00e9l: +33 (0)2 38 49 46 81<br \/>E-mail: julien.barre \u00ab\u00a0at\u00a0\u00bb univ-orleans.fr<\/p>\n<p><strong>Postes occup\u00e9s<\/strong><\/p>\n<p>Depuis 2017 : Professeur de math\u00e9matiques \u00e0 l&rsquo;Universit\u00e9 d&rsquo;Orl\u00e9ans<br \/>Depuis 2016 : Ma\u00eetre de conf\u00e9rences en math\u00e9matiques \u00e0 l&rsquo;Universit\u00e9 d&rsquo;Orl\u00e9ans<br \/>2005-2016 : Ma\u00eetre de conf\u00e9rences en math\u00e9matiques \u00e0 l&rsquo;Universit\u00e9 de Nice<br \/>2003-2005 : \u00ab\u00a0Post doctoral fellow\u00a0\u00bb au Laboratoire National de Los Alamos (Etats-Unis)<br \/>2000-2003 : Doctorant \u00e0 l&rsquo;ENS Lyon et \u00e0 l&rsquo;Universit\u00e9 de Florence (Italie)<\/p>\n<p><strong>Prix et \u00ab\u00a0fellowships\u00a0\u00bb<\/strong><\/p>\n<p>2015 : Membre Junior de l&rsquo;IUF<br \/>Prix Paul Langevin de l&rsquo;Acad\u00e9mie des Sciences (2013)<br \/>\u00ab\u00a0Director&rsquo;s fellow\u00a0\u00bb au laboratoire National de Los Alamos (2003-2005)<\/p>\n<p><strong>Responsabilit\u00e9s administratives<\/strong><\/p>\n<p>2021- : co-responsable du p\u00f4le enseignement des math\u00e9matiques de l&rsquo;UFR Sciences, Universit\u00e9 d&rsquo;Orl\u00e9ans.<br \/>2018-2021 : directeur adjoint de l&rsquo;Institut Denis Poisson<br \/>2017- 2021 : responsable de l&rsquo;\u00e9quipe communication de l&rsquo;Institut Denis Poisson.<br \/>2014-2015 : membre \u00e9lu du conseil du laboratoire LJAD.<br \/>2013-2015 : Responsable de l&rsquo;\u00e9quipe \u00ab\u00a0Syst\u00e8mes complexes et Interfaces des math\u00e9matiques\u00a0\u00bb du laboratoire JA Dieudonn\u00e9.<br \/>2013-2015 : membre de la Commission Permanente Ressources Humaines du laboratoire JA Dieudonn\u00e9.<br \/>2010-2013 : membre du comit\u00e9 scientifique du GDR Phenix.<br \/>2008-2012 : membre \u00e9lu du Conseil d&rsquo;Administration de l&rsquo;U. de Nice.<\/p>\n<p><strong>Formation et Dipl\u00f4mes<\/strong><\/p>\n<p>F\u00e9vrier 2011 : Habilitation \u00e0 diriger les Recherches, Universit\u00e9 de Nice-Sophia Antipolis.<br \/>Juillet 2003 : th\u00e8se de physique, ENS Lyon et Universit\u00e9 de Florence.<br \/>1996-2000 : El\u00e8ve de l&rsquo; Ecole Normale Sup\u00e9rieure de Lyon (promotion 1996).<br \/>Magist\u00e8re des Sciences de la mati\u00e8re de l&rsquo;ENS Lyon.<br \/>Formation compl\u00e9mentaire en math\u00e9matique.<br \/>Agr\u00e9gation de math\u00e9matiques (session 1999, classement : 8\/300 admis).<br \/>DEA de Physique Th\u00e9orique Rh\u00f4ne-Alpin (1er, mention TB)<\/p>\n<p><strong>Enseignements<\/strong><\/p>\n<p>2000-2003 : Travaux dirig\u00e9s de math\u00e9matiques pour physiciens en 1\u00e8re ann\u00e9e de magist\u00e8re des Sciences de la mati\u00e8re, ENS Lyon.<br \/>2000-2003 : Participation \u00e0 la pr\u00e9paration \u00e0 l&rsquo;agr\u00e9gation de Sciences Physiques \u00e0 l&rsquo;ENS Lyon.<br \/>2005-2009 : Cours de math\u00e9matiques en L2 Eco-Gestion.<br \/>2005-2007 : Tutorat en ligne de statistiques en L2 Eco-Gestion.<br \/>2010-2014 : Cours de probabilit\u00e9s et statistiques en L1 et L2 Eco-Gestion, et L2 MASS.<br \/>2005- : Participation \u00e0 la pr\u00e9paration \u00e0 l&rsquo;agr\u00e9gation de Math\u00e9matiques.<br \/>2006-2014 : Cours de mod\u00e9lisation en M2 Economie, avec D. Torre.<br \/>2007- : Activit\u00e9s de diffusion de la culture scientifique et d&rsquo;initiation \u00e0 la recherche.<br \/>2014 : Cours de m\u00e9thodes math\u00e9matiques en M2 Physique.<br \/>2016-2017 : Cours-TD de m\u00e9thodes math\u00e9matiques en L1 Physique.<br \/>2017-2018 : Cours de mod\u00e9lisation, initiation \u00e0 la recherche en M2 Math\u00e9matique.<br \/>2018-2021 : Responsable du cours de \u00ab\u00a0Calculus\u00a0\u00bb, L1 Sciences.<br \/>2020- : Responsable semestre 2 de l&rsquo;option math\u00e9matique du Parcours Acc\u00e8s Sp\u00e9cifique Sant\u00e9 (PASS) de l&rsquo;Universit\u00e9 de Tours.<br \/>2021- : Responsable du cours de probabilit\u00e9s en M1 \u00ab\u00a0Math\u00e9matiques et Applications, Statistiques\u00a0\u00bb.<\/p>\n\n\n<p><\/p>\n","protected":false},"excerpt":{"rendered":"<p>Adresse :Institut Denis PoissonUniversit\u00e9 d&rsquo;Orl\u00e9ans,rue de Chartres,45100 Orl\u00e9ans, FRANCE.T\u00e9l: +33 (0)2 38 49 46 81E-mail: julien.barre \u00ab\u00a0at\u00a0\u00bb univ-orleans.fr Postes occup\u00e9s &hellip; <a href=\"https:\/\/www.idpoisson.fr\/barre\/cv\/\" class=\"more-link\">Plus <span class=\"screen-reader-text\">CV<\/span> <span class=\"meta-nav\">&rarr;<\/span><\/a><\/p>\n","protected":false},"author":7,"featured_media":0,"parent":0,"menu_order":0,"comment_status":"closed","ping_status":"closed","template":"","meta":{"footnotes":""},"folder":[],"class_list":["post-51","page","type-page","status-publish","hentry"],"_links":{"self":[{"href":"https:\/\/www.idpoisson.fr\/barre\/wp-json\/wp\/v2\/pages\/51","targetHints":{"allow":["GET"]}}],"collection":[{"href":"https:\/\/www.idpoisson.fr\/barre\/wp-json\/wp\/v2\/pages"}],"about":[{"href":"https:\/\/www.idpoisson.fr\/barre\/wp-json\/wp\/v2\/types\/page"}],"author":[{"embeddable":true,"href":"https:\/\/www.idpoisson.fr\/barre\/wp-json\/wp\/v2\/users\/7"}],"replies":[{"embeddable":true,"href":"https:\/\/www.idpoisson.fr\/barre\/wp-json\/wp\/v2\/comments?post=51"}],"version-history":[{"count":5,"href":"https:\/\/www.idpoisson.fr\/barre\/wp-json\/wp\/v2\/pages\/51\/revisions"}],"predecessor-version":[{"id":263,"href":"https:\/\/www.idpoisson.fr\/barre\/wp-json\/wp\/v2\/pages\/51\/revisions\/263"}],"wp:attachment":[{"href":"https:\/\/www.idpoisson.fr\/barre\/wp-json\/wp\/v2\/media?parent=51"}],"wp:term":[{"taxonomy":"folder","embeddable":true,"href":"https:\/\/www.idpoisson.fr\/barre\/wp-json\/wp\/v2\/folder?post=51"}],"curies":[{"name":"wp","href":"https:\/\/api.w.org\/{rel}","templated":true}]}}