{"id":54,"date":"2018-05-17T16:48:00","date_gmt":"2018-05-17T14:48:00","guid":{"rendered":"https:\/\/www.idpoisson.fr\/barre\/?page_id=54"},"modified":"2022-12-05T10:14:26","modified_gmt":"2022-12-05T09:14:26","slug":"sujets-de-stage-et-de-these","status":"publish","type":"page","link":"https:\/\/www.idpoisson.fr\/barre\/sujets-de-stage-et-de-these\/","title":{"rendered":"Sujets de stage et de th\u00e8se"},"content":{"rendered":"<p><em>Je propose r\u00e9guli\u00e8rement des stages, pas n\u00e9cessairement dans la liste ci-dessous. Me contacter pour plus de d\u00e9tails.<\/em><\/p>\n<p>&#8211;<span class=\"\">Grandes d\u00e9viations et limites hydrodynamiques pour des syst\u00e8mes lents-rapides : possibilit\u00e9 de stages ou th\u00e8ses.<br \/><\/span><\/p>\n<p>-Percolation de la rigidit\u00e9 : stages possibles de niveau L3 \u00e0 M2, math\u00e9matique ou physique.<br \/>Exemple : <a href=\"https:\/\/www.idpoisson.fr\/barre\/wp-content\/uploads\/sites\/20\/2018\/11\/Rigidite.pdf\"> Percolation de la rigidit\u00e9 <\/a>.<\/p>\n<p>&#8211;<a href=\"https:\/\/www.idpoisson.fr\/barre\/wp-content\/uploads\/sites\/20\/2018\/11\/StageM2Phy_Oscillateurs.pdf\"> Bifurcations pour un syst\u00e8me d&rsquo;oscillateurs coupl\u00e9s <\/a> (M2 physique)<\/p>\n<p>&#8211;<a href=\"https:\/\/www.idpoisson.fr\/barre\/wp-content\/uploads\/sites\/20\/2021\/08\/Stage2021_M2mathsb.pdf\">Autour de mod\u00e8les de chimiotactisme avec pression non lin\u00e9aire<\/a> (M2 maths).<\/p>\n<p>&#8211;<a href=\"https:\/\/www.idpoisson.fr\/barre\/wp-content\/uploads\/sites\/20\/2018\/11\/StageM2Phy_ReseauxDynamiques.pdf\">Interactions champ moyen, graphe dynamique et fluctuations<\/a> (M2 physique).<\/p>\n\n\n<p><\/p>\n","protected":false},"excerpt":{"rendered":"<p>Je propose r\u00e9guli\u00e8rement des stages, pas n\u00e9cessairement dans la liste ci-dessous. Me contacter pour plus de d\u00e9tails. &#8211;Grandes d\u00e9viations et &hellip; <a href=\"https:\/\/www.idpoisson.fr\/barre\/sujets-de-stage-et-de-these\/\" class=\"more-link\">Plus <span class=\"screen-reader-text\">Sujets de stage et de th\u00e8se<\/span> <span class=\"meta-nav\">&rarr;<\/span><\/a><\/p>\n","protected":false},"author":7,"featured_media":0,"parent":0,"menu_order":0,"comment_status":"closed","ping_status":"closed","template":"","meta":{"footnotes":""},"folder":[],"class_list":["post-54","page","type-page","status-publish","hentry"],"_links":{"self":[{"href":"https:\/\/www.idpoisson.fr\/barre\/wp-json\/wp\/v2\/pages\/54","targetHints":{"allow":["GET"]}}],"collection":[{"href":"https:\/\/www.idpoisson.fr\/barre\/wp-json\/wp\/v2\/pages"}],"about":[{"href":"https:\/\/www.idpoisson.fr\/barre\/wp-json\/wp\/v2\/types\/page"}],"author":[{"embeddable":true,"href":"https:\/\/www.idpoisson.fr\/barre\/wp-json\/wp\/v2\/users\/7"}],"replies":[{"embeddable":true,"href":"https:\/\/www.idpoisson.fr\/barre\/wp-json\/wp\/v2\/comments?post=54"}],"version-history":[{"count":7,"href":"https:\/\/www.idpoisson.fr\/barre\/wp-json\/wp\/v2\/pages\/54\/revisions"}],"predecessor-version":[{"id":270,"href":"https:\/\/www.idpoisson.fr\/barre\/wp-json\/wp\/v2\/pages\/54\/revisions\/270"}],"wp:attachment":[{"href":"https:\/\/www.idpoisson.fr\/barre\/wp-json\/wp\/v2\/media?parent=54"}],"wp:term":[{"taxonomy":"folder","embeddable":true,"href":"https:\/\/www.idpoisson.fr\/barre\/wp-json\/wp\/v2\/folder?post=54"}],"curies":[{"name":"wp","href":"https:\/\/api.w.org\/{rel}","templated":true}]}}