{"id":2,"date":"2018-02-08T16:06:15","date_gmt":"2018-02-08T15:06:15","guid":{"rendered":"https:\/\/www.idpoisson.fr\/batakis\/?page_id=2"},"modified":"2025-01-29T11:00:01","modified_gmt":"2025-01-29T10:00:01","slug":"accueil","status":"publish","type":"page","link":"https:\/\/www.idpoisson.fr\/batakis\/el\/","title":{"rendered":"\u0399\u03c3\u03c4\u03bf\u03c3\u03b5\u03bb\u03af\u03b4\u03b1 \u0391\u03b8\u03b1\u03bd\u03b1\u03c3\u03af\u03bf\u03c5 \u039c\u03c0\u03b1\u03c4\u03ac\u03ba\u03b7"},"content":{"rendered":"\n<div class=\"wp-block-group is-vertical is-content-justification-stretch is-layout-flex wp-container-core-group-is-layout-b16ad781 wp-block-group-is-layout-flex\">\n<p><img loading=\"lazy\" decoding=\"async\" class=\"alignnone size-medium wp-image-61\" src=\"https:\/\/www.idpoisson.fr\/batakis\/wp-content\/uploads\/sites\/26\/2018\/06\/Nassos-200x300.jpg\" alt=\"\" width=\"200\" height=\"300\" srcset=\"https:\/\/www.idpoisson.fr\/batakis\/wp-content\/uploads\/sites\/26\/2018\/06\/Nassos-200x300.jpg 200w, https:\/\/www.idpoisson.fr\/batakis\/wp-content\/uploads\/sites\/26\/2018\/06\/Nassos.jpg 630w\" sizes=\"auto, (max-width: 200px) 100vw, 200px\" \/><\/p>\n<p><span style=\"color: #003366\"><em><strong>\u0395<\/strong>\u03c1\u03b5\u03c5\u03bd\u03b7\u03c4\u03b9\u03ba\u03ac \u03c0\u03b5\u03b4\u03af\u03b1<\/em><\/span><\/p>\n<p>\u0398\u03b5\u03c9\u03c1\u03af\u03b1 \u0394\u03c5\u03bd\u03b1\u03bc\u03b9\u03ba\u03bf\u03cd<br \/>\u0391\u03c1\u03bc\u03bf\u03bd\u03b9\u03ba\u03cc \u03bc\u03ad\u03c4\u03c1\u03bf \u03c0\u03bf\u03bb\u03c5\u03ba\u03bb\u03b1\u03c3\u03bc\u03b1\u03c4\u03b9\u03ba\u03ce\u03bd \u03c7\u03c9\u03c1\u03af\u03c9\u03bd<br \/>\u0391\u03c5\u03be\u03b7\u03c4\u03b9\u03ba\u03ad\u03c2 \u03c3\u03c4\u03bf\u03c7\u03b1\u03c3\u03c4\u03b9\u03ba\u03ad\u03c2 \u03b4\u03b9\u03b1\u03b4\u03b9\u03ba\u03b1\u03c3\u03af\u03b5\u03c2, \u03bc\u03b5\u03bb\u03ad\u03c4\u03b7 \u03b1\u03cd\u03be\u03b7\u03c3\u03b7\u03c2 \u03c0\u03cc\u03bb\u03b5\u03c9\u03bd<br \/>\u0398\u03b5\u03c1\u03bc\u03bf\u03b4\u03c5\u03bd\u03b1\u03bc\u03b9\u03ba\u03cc\u03c2 \u03c6\u03bf\u03c1\u03bc\u03b1\u03bb\u03b9\u03c3\u03bc\u03cc\u03c2<br \/>\u03a0\u03bf\u03bb\u03c5\u03ba\u03bb\u03b1\u03c3\u03bc\u03b1\u03c4\u03b9\u03ba\u03ae \u03b1\u03bd\u03ac\u03bb\u03c5\u03c3\u03b7 \u03bc\u03ad\u03c4\u03c1\u03c9\u03bd<br \/>\u0394\u03b9\u03b1\u03ba\u03b5\u03ba\u03bf\u03bc\u03bc\u03ad\u03bd\u03b5\u03c2 \u03b4\u03b9\u03b1\u03b4\u03b9\u03ba\u03b1\u03c3\u03af\u03b5\u03c2 \u03bc\u03b5\u03c4\u03b1\u03c6\u03bf\u03c1\u03ac\u03c2<br \/>\u0394\u03b9\u03ac\u03c7\u03c5\u03c3\u03b7 \u03c3\u03b5 \u03c0\u03c9\u03c1\u03ce\u03b4\u03b7 \u03c5\u03bb\u03b9\u03ba\u03ac<\/p>\n<p><a href=\"https:\/\/www.idpoisson.fr\">Institut Denis Poisson<\/a> CNRS UMR 7013<br \/><a href=\"http:\/\/www.univ-orleans.fr\/sciences-techniques\/maths\">\u039c\u03b1\u03b8\u03b7\u03bc\u03b1\u03c4\u03b9\u03ba\u03cc \u03c4\u03bc\u03ae\u03bc\u03b1<\/a>\u00a0\u03c4\u03bf\u03c5 <a href=\"http:\/\/www.univ-orleans.fr\">\u03a0\u03b1\u03bd\u03b5\u03c0\u03b9\u03c3\u03c4\u03b7\u03bc\u03af\u03bf\u03c5 \u039f\u03c1\u03bb\u03b5\u03ac\u03bd\u03b7\u03c2<\/a><br \/>\u0395\u03c1\u03b5\u03c5\u03bd\u03b7\u03c4\u03b9\u03ba\u03ad\u03c2 \u03bf\u03bc\u03ac\u03b4\u03b5\u03c2 : <a href=\"\/\/www.idpoisson.fr\/equipe-danalyse-et-geometrie\/\">Analyse et G\u00e9om\u00e9trie<\/a> et <a href=\"\/\/www.idpoisson.fr\/equipe-probabilite-algebre-combinatoire-theorie-ergodique-statistique\/\">Probabilit\u00e9s, Alg\u00e8bre, Combinatoire, Th\u00e9orie Ergodique, Statistique<\/a><\/p>\n<p><span style=\"color: #003366\"><strong><em>\u0395<\/em><\/strong><em>\u03c0\u03b1\u03c6\u03ae<\/em><\/span><\/p>\n<p>\u0393\u03c1\u03b1\u03c6\u03b5\u03af\u03bf : E7<br \/>\u03a4\u03b7\u03bb\u03ad\u03c6\u03c9\u03bd\u03bf: (33)-2-38494890<br \/>Email : athanasios.batakis@univ-orleans.fr<\/p>\n<p><span style=\"color: #003366\"><em><strong>\u0394<\/strong>\u03b9\u03b5\u03cd\u03b8\u03c5\u03bd\u03c3\u03b7<\/em><\/span><\/p>\n<p>Institut Denis Poisson<br \/>Universit\u00e9 d&rsquo;Orl\u00e9ans<br \/>BP 6759<br \/>45067 Orl\u00e9ans cedex 2<br \/>France<\/p>\n<p><img loading=\"lazy\" decoding=\"async\" class=\"aligncenter wp-image-83 size-full\" src=\"https:\/\/www.idpoisson.fr\/batakis\/wp-content\/uploads\/sites\/26\/2018\/06\/space1-e1527863134104.jpg\" alt=\"\" width=\"400\" height=\"173\" \/><\/p>\n<p style=\"text-align: center\">[<a href=\"#publis\">\u0394\u03b7\u03bc\u03bf\u03c3\u03b9\u03b5\u03cd\u03c3\u03b5\u03b9\u03c2<\/a> | <a href=\"#ens\"> \u0394\u03b9\u03b4\u03b1\u03c3\u03ba\u03b1\u03bb\u03af\u03b1 <\/a>|<a href=\"#Livres\">\u03a3\u03c5\u03b3\u03b3\u03c1\u03ac\u03bc\u03b1\u03c4\u03b1<\/a>]<\/p>\n\n\n\n<p class=\"has-text-align-center\" id=\"Publis\"><em><strong>\u0386\u03c1\u03b8\u03c1\u03b1 \u03ba\u03b1\u03b9 \u03b4\u03b7\u03bc\u03bf\u03c3\u03b9\u03b5\u03cd\u03c3\u03b5\u03b9\u03c2<\/strong><\/em><\/p>\n\n\n\n<ul class=\"wp-block-list\">\n<li>Athanasios Batakis &#038; Guillaume Havard : <a href=\"https:\/\/arxiv.org\/abs\/2409.08019\">Dimensions of harmonic measures on non-autonomous Cantor sets, Arxiv.org, 2024<\/a><\/li>\n\n\n\n<li>Athanasios Batakis &#038; co-authors : <a href=\"https:\/\/www.sciencedirect.com\/science\/article\/abs\/pii\/S0021999124005448\">A percolation model for numerical simulations of 2D non-gravity impregnation in porous media, Journal of Computational Physics, Volume 518, December 2024, Doi:10.1016\/j.jcp.2024.113296<\/a><\/li>\n\n\n\n<li>A. Batakis, P.&nbsp; Debs &#038; D. Le Peutrec : <a href=\"https:\/\/arxiv.org\/abs\/2112.08042\">The power of the Crowd, Arxiv.org<\/a>, <a href=\"https:\/\/www.aimsciences.org\/article\/doi\/10.3934\/dcds.2022138\">Discrete and Continuous Dynamical Systems, 2022, 42(12): 6063-6096<\/a><\/li>\n\n\n\n<li>A. Batakis, N. Nguyen &#038; M. Zinsmeister : <a href=\"https:\/\/arxiv.org\/abs\/2202.01894\">A new Model of City Growth and its Application to a middle sized French City, Arxiv.org, (2023)<\/a> , Fractals and Related Fields (2025)<\/li>\n\n\n\n<li>A. Batakis &#038; co-authors : <a href=\"https:\/\/www.sciencedirect.com\/science\/article\/abs\/pii\/S0045782518305310?via%3Dihub\">Numerical simulation of impregnation in porous media by self-organized gradient percolation method,  Computer Methods in Applied Mechanics and Engineering Journal,&nbsp; vol. 344, (Feb. 2019), pp. 711\u2013733<\/a><\/li>\n\n\n\n<li>A. Batakis &#038; co-authors : <a href=\"https:\/\/www.sciencedirect.com\/science\/article\/abs\/pii\/S037673881631047X?via%3Dihub\">Surface exchange model for ITM membrane in transient stage, Journal of Membrane Science: 523&nbsp; (February 2017),&nbsp;614-622<\/a><\/li>\n\n\n\n<li>A. Batakis &#038; A. Zdunik :<span style=\"font-family: inherit;font-size: inherit\">&nbsp;<\/span><a style=\"font-family: inherit;font-size: inherit\" href=\"http:\/\/arxiv.org\/abs\/1303.4373\">Hausdorff and harmonic measures on non-homogeneous Cantor sets,&nbsp;arxiv:1303.4373 et&nbsp;Ann. Acad. Sc. Fenn. : Vol. 40 (2016), 279-303&nbsp;<\/a><\/li>\n\n\n\n<li><span style=\"font-size: revert\">A. Batakis  : <\/span><span style=\"font-size: inherit;font-family: inherit\">&nbsp;<\/span><a href=\"https:\/\/www.idpoisson.fr\/batakis\/wp-content\/uploads\/sites\/26\/2023\/11\/ArticleB11.pdf\" data-type=\"attachment\" data-id=\"362\">Invariant measures for intermittent transport <\/a><\/li>\n\n\n\n<li><span style=\"font-size: revert\">A. Batakis &#038; H. Nguyen&nbsp;<\/span><span lang=\"EN-GB\" style=\"font-size: inherit;font-family: inherit\">&nbsp;:&nbsp;<a href=\"http:\/\/arxiv.org\/abs\/1007.1373\">On the exit distribution of partially reflected Brownian motion in planar domains,&nbsp;Potential Analysis, 2012 &#038; arXiv:1007.1373.<\/a><\/span> <\/li>\n\n\n\n<li><span style=\"font-size: revert\">A. Batakis &#038; M. Zinsmeister&nbsp;<\/span><span lang=\"EN-GB\" style=\"font-size: inherit;font-family: inherit\">&nbsp;:&nbsp;<a href=\"http:\/\/arxiv.org\/abs\/0906.4537\">On the time schedule of Brownian Flights,&nbsp;arXiv:0906.4537.<\/a><\/span> <\/li>\n\n\n\n<li><span style=\"font-size: revert\">A. Batakis, P. Levitz &#038; M. Zinsmeister&nbsp;<\/span><span lang=\"EN-GB\" style=\"font-size: inherit;font-family: inherit\">&nbsp;:&nbsp;<a href=\"http:\/\/www.intlpress.com\/JPAMQ\/2011-index\/PAMQ-vol-7-1.php#PAMQ-7-1\">Brownian Flights,&nbsp;Pure and Applied Mathematics Quaterly : Volume 7, no 1 (2011), pg 87-105.<\/a><\/span> <\/li>\n\n\n\n<li><span style=\"font-size: revert\">A. Batakis &#038; B. Testud&nbsp;<\/span><span lang=\"EN-GB\" style=\"font-size: inherit;font-family: inherit\">&nbsp;:&nbsp;<a href=\"http:\/\/arxiv.org\/abs\/0704.3937\">Multifractal formalism of inhomogeneous Bernoulli products,&nbsp;Journal of Statistical Physics: Volume 142, Issue 5 (2011), pg 1105<\/a><\/span> <\/li>\n\n\n\n<li><span style=\"font-size: revert\">A. Batakis<\/span><span lang=\"EN-GB\" style=\"font-size: inherit;font-family: inherit\">&nbsp;:&nbsp;<a href=\"http:\/\/www.univ-orleans.fr\/mapmo\/membres\/batakis\/article4.pdf\">Entropy and Hausdorff dimension of measures defined through a Markov process,&nbsp;Colloquium Mathematicum 104 (2006), 193-206&nbsp;.<\/a><\/span> <\/li>\n\n\n\n<li><span style=\"font-size: revert\">A. Batakis :&nbsp;<\/span><a style=\"font-size: inherit;font-family: inherit\" href=\"http:\/\/www.univ-orleans.fr\/mapmo\/membres\/batakis\/article5.pdf\">&nbsp;Continuity of the dimension of the harmonic measure of some Cantor sets under perturbations,&nbsp;Annales de l&rsquo;institut Fourier, 56 no. 6 (2006), p. 1617-1631.<\/a> <\/li>\n\n\n\n<li><span style=\"font-size: revert\">A. Batakis&nbsp; &#038; Y. Heurteaux : &nbsp;<\/span><span lang=\"EN-GB\" style=\"font-size: inherit;font-family: inherit\"><a href=\"http:\/\/www.math.u-psud.fr\/~biblio\/pub\/1998\/abs\/ppo1998_49.html\">On relations between entropy and Hausdorff dimension of measures ,&nbsp;Asian Journal of Mathematics, Vol.6,&nbsp;&nbsp;3 (2002), 399-408<\/a>&nbsp;&nbsp;<\/span> <\/li>\n\n\n\n<li><span style=\"font-size: revert\">A. Batakis :&nbsp;<\/span><span lang=\"EN-GB\" style=\"font-size: inherit;font-family: inherit\"><a href=\"http:\/\/www.univ-orleans.fr\/mapmo\/membres\/batakis\/article2.ps\">&nbsp;A continuity property of the dimension of harmonic measure of Cantor sets under perturbations, Annales IHP, Probabilit\u00e9s et Statistiques 36,1 (2000) 87-107<\/a><\/span> <\/li>\n\n\n\n<li><span style=\"font-size: revert\">A. Batakis :<\/span><span lang=\"EN-GB\" style=\"font-size: inherit;font-family: inherit\"><a href=\"http:\/\/www.math.ethz.ch\/EMIS\/journals\/AASF\/Vol21\/batakis.html\">Harmonic measure of some Cantor-type sets,&nbsp;&nbsp; Ann.&nbsp;<span lang=\"NL\">Acad. Sc.&nbsp;Fenn. , Vol. 21,&nbsp; 1996<\/span><\/a><\/span><\/li>\n<\/ul>\n\n\n\n<p class=\"has-text-align-center\"><em><strong>\u0394\u03b9\u03b4\u03b1\u03c3\u03ba\u03b1\u03bb\u03af\u03b1<\/strong><\/em><\/p>\n\n\n\n<p><a href=\"https:\/\/celene.univ-orleans.fr\/course\/view.php?id=3758\">\u00ab\u00a0Mesures et Int\u00e9gration\u00a0\u00bb (L3 semestre 1)<\/a><br><a href=\"https:\/\/celene.univ-orleans.fr\/course\/view.php?id=5226\">\u00ab\u00a0Probabilit\u00e9s\u00a0\u00bb (L3 semestre 2)<\/a><\/p>\n\n\n\n<p class=\"has-text-align-center\" id=\"Livres\"><strong><em>\u0395\u03b3\u03c7\u03b5\u03b9\u03c1\u03af\u03b4\u03b9\u03b1-\u0392\u03b9\u03b2\u03bb\u03af\u03b1<\/em><\/strong><\/p>\n\n\n\n<p><a href=\"https:\/\/www.idpoisson.fr\/batakis\/accueil\/livre-de-theorie-spectrale\/\">Th\u00e9orie_Spectrale<\/a><br><a href=\"https:\/\/www.idpoisson.fr\/batakis\/wp-content\/uploads\/sites\/26\/2023\/11\/Memoire.pdf\">HDR<\/a><br><a href=\"https:\/\/www.idpoisson.fr\/batakis\/wp-content\/uploads\/sites\/26\/2023\/11\/TheseNassos.pdf\">\u0394\u03b9\u03b4\u03b1\u03ba\u03c4\u03bf\u03c1\u03b9\u03ba\u03cc<\/a><\/p>\n<\/div>\n","protected":false},"excerpt":{"rendered":"<p>\u0395\u03c1\u03b5\u03c5\u03bd\u03b7\u03c4\u03b9\u03ba\u03ac \u03c0\u03b5\u03b4\u03af\u03b1 \u0398\u03b5\u03c9\u03c1\u03af\u03b1 \u0394\u03c5\u03bd\u03b1\u03bc\u03b9\u03ba\u03bf\u03cd\u0391\u03c1\u03bc\u03bf\u03bd\u03b9\u03ba\u03cc \u03bc\u03ad\u03c4\u03c1\u03bf \u03c0\u03bf\u03bb\u03c5\u03ba\u03bb\u03b1\u03c3\u03bc\u03b1\u03c4\u03b9\u03ba\u03ce\u03bd \u03c7\u03c9\u03c1\u03af\u03c9\u03bd\u0391\u03c5\u03be\u03b7\u03c4\u03b9\u03ba\u03ad\u03c2 \u03c3\u03c4\u03bf\u03c7\u03b1\u03c3\u03c4\u03b9\u03ba\u03ad\u03c2 \u03b4\u03b9\u03b1\u03b4\u03b9\u03ba\u03b1\u03c3\u03af\u03b5\u03c2, \u03bc\u03b5\u03bb\u03ad\u03c4\u03b7 \u03b1\u03cd\u03be\u03b7\u03c3\u03b7\u03c2 \u03c0\u03cc\u03bb\u03b5\u03c9\u03bd\u0398\u03b5\u03c1\u03bc\u03bf\u03b4\u03c5\u03bd\u03b1\u03bc\u03b9\u03ba\u03cc\u03c2 \u03c6\u03bf\u03c1\u03bc\u03b1\u03bb\u03b9\u03c3\u03bc\u03cc\u03c2\u03a0\u03bf\u03bb\u03c5\u03ba\u03bb\u03b1\u03c3\u03bc\u03b1\u03c4\u03b9\u03ba\u03ae \u03b1\u03bd\u03ac\u03bb\u03c5\u03c3\u03b7 \u03bc\u03ad\u03c4\u03c1\u03c9\u03bd\u0394\u03b9\u03b1\u03ba\u03b5\u03ba\u03bf\u03bc\u03bc\u03ad\u03bd\u03b5\u03c2 \u03b4\u03b9\u03b1\u03b4\u03b9\u03ba\u03b1\u03c3\u03af\u03b5\u03c2 \u03bc\u03b5\u03c4\u03b1\u03c6\u03bf\u03c1\u03ac\u03c2\u0394\u03b9\u03ac\u03c7\u03c5\u03c3\u03b7 \u03c3\u03b5 \u03c0\u03c9\u03c1\u03ce\u03b4\u03b7 \u03c5\u03bb\u03b9\u03ba\u03ac &hellip; <a href=\"https:\/\/www.idpoisson.fr\/batakis\/el\/\" class=\"more-link\">Plus <span class=\"screen-reader-text\">\u0399\u03c3\u03c4\u03bf\u03c3\u03b5\u03bb\u03af\u03b4\u03b1 \u0391\u03b8\u03b1\u03bd\u03b1\u03c3\u03af\u03bf\u03c5 \u039c\u03c0\u03b1\u03c4\u03ac\u03ba\u03b7<\/span> <span class=\"meta-nav\">&rarr;<\/span><\/a><\/p>\n","protected":false},"author":39,"featured_media":0,"parent":0,"menu_order":0,"comment_status":"closed","ping_status":"closed","template":"","meta":{"footnotes":""},"folder":[],"class_list":["post-2","page","type-page","status-publish","hentry"],"_links":{"self":[{"href":"https:\/\/www.idpoisson.fr\/batakis\/el\/wp-json\/wp\/v2\/pages\/2","targetHints":{"allow":["GET"]}}],"collection":[{"href":"https:\/\/www.idpoisson.fr\/batakis\/el\/wp-json\/wp\/v2\/pages"}],"about":[{"href":"https:\/\/www.idpoisson.fr\/batakis\/el\/wp-json\/wp\/v2\/types\/page"}],"author":[{"embeddable":true,"href":"https:\/\/www.idpoisson.fr\/batakis\/el\/wp-json\/wp\/v2\/users\/39"}],"replies":[{"embeddable":true,"href":"https:\/\/www.idpoisson.fr\/batakis\/el\/wp-json\/wp\/v2\/comments?post=2"}],"version-history":[{"count":78,"href":"https:\/\/www.idpoisson.fr\/batakis\/el\/wp-json\/wp\/v2\/pages\/2\/revisions"}],"predecessor-version":[{"id":439,"href":"https:\/\/www.idpoisson.fr\/batakis\/el\/wp-json\/wp\/v2\/pages\/2\/revisions\/439"}],"wp:attachment":[{"href":"https:\/\/www.idpoisson.fr\/batakis\/el\/wp-json\/wp\/v2\/media?parent=2"}],"wp:term":[{"taxonomy":"folder","embeddable":true,"href":"https:\/\/www.idpoisson.fr\/batakis\/el\/wp-json\/wp\/v2\/folder?post=2"}],"curies":[{"name":"wp","href":"https:\/\/api.w.org\/{rel}","templated":true}]}}