{"id":2,"date":"2018-02-08T16:06:15","date_gmt":"2018-02-08T15:06:15","guid":{"rendered":"https:\/\/www.idpoisson.fr\/beck\/?page_id=2"},"modified":"2026-03-02T00:37:28","modified_gmt":"2026-03-01T23:37:28","slug":"accueil","status":"publish","type":"page","link":"https:\/\/www.idpoisson.fr\/beck","title":{"rendered":"Accueil"},"content":{"rendered":"<hr \/>\n<p style=\"text-align: center\">[<a href=\"#publis\">Publications<\/a> | <a href=\"https:\/\/www.idpoisson.fr\/beck\/enseignement\">Enseignement<\/a> |\u00a0<a href=\"https:\/\/www.idpoisson.fr\/beck\/wp-content\/uploads\/sites\/16\/2026\/03\/cv-sans-projet.pdf\">CV<\/a>]<\/p>\n<hr \/>\n<p><img loading=\"lazy\" decoding=\"async\" class=\"wp-image-43 alignleft\" src=\"https:\/\/www.idpoisson.fr\/beck\/wp-content\/uploads\/sites\/16\/2018\/06\/photo-252x300.jpg\" alt=\"\" width=\"164\" height=\"195\" srcset=\"https:\/\/www.idpoisson.fr\/beck\/wp-content\/uploads\/sites\/16\/2018\/06\/photo-252x300.jpg 252w, https:\/\/www.idpoisson.fr\/beck\/wp-content\/uploads\/sites\/16\/2018\/06\/photo.jpg 760w\" sizes=\"auto, (max-width: 164px) 100vw, 164px\" \/><\/p>\n<p>Ma\u00eetre de conf\u00e9rences<br \/>\n<a href=\"https:\/\/www.idpoisson.fr\">Institut Denis Poisson<\/a> CNRS UMR 7013<br \/>\n<a href=\"https:\/\/www.univ-orleans.fr\/fr\/inspe\">INSPE Centre Val de Loire<\/a> de l&rsquo;<a href=\"https:\/\/www.univ-orleans.fr\">Universit\u00e9 d&rsquo;Orl\u00e9ans<\/a><br \/>\n\u00c9quipe de recherche : <a href=\"\/\/www.idpoisson.fr\/equipe-probabilite-algebre-combinatoire-theorie-ergodique-statistique\/\">SPACE<\/a><br \/>\n<img loading=\"lazy\" decoding=\"async\" class=\"alignnone wp-image-44\" src=\"https:\/\/www.idpoisson.fr\/beck\/wp-content\/uploads\/sites\/16\/2018\/06\/mail.gif\" alt=\"\" width=\"53\" height=\"53\" \/> <a href=\"mailto:vincent.beck@[nospam]univ-orleans.fr\">vincent.beck@[nospam]univ-orleans.fr<\/a><\/p>\n<table>\n<tbody>\n<tr>\n<th><strong>\u00c0 l&rsquo;universit\u00e9 de Tours: Facult\u00e9 des sciences, site de Grandmont<\/strong><\/th>\n<th><strong>\u00c0 l&rsquo;universit\u00e9 d&rsquo;Orl\u00e9ans: INSPE CVL site de Tours-Fondettes<\/strong><\/th>\n<\/tr>\n<tr>\n<td>Bureau : E3080<\/td>\n<td>Bureau : 7 B\u00e2timent A<\/td>\n<\/tr>\n<tr>\n<td><img loading=\"lazy\" decoding=\"async\" class=\"alignnone size-full wp-image-45\" src=\"https:\/\/www.idpoisson.fr\/beck\/wp-content\/uploads\/sites\/16\/2018\/06\/telephone.gif\" alt=\"\" width=\"41\" height=\"40\" \/> (+33)-2-47-36-72-63<\/td>\n<td><img loading=\"lazy\" decoding=\"async\" class=\"alignnone size-full wp-image-45\" src=\"https:\/\/www.idpoisson.fr\/beck\/wp-content\/uploads\/sites\/16\/2018\/06\/telephone.gif\" alt=\"\" width=\"41\" height=\"40\" \/> (+33)-2-47-42-71-32<\/td>\n<\/tr>\n<tr>\n<td><strong>Adresse postale<\/strong><br \/>\nInstitut Denis Poisson<br \/>\nUniversit\u00e9 de Tours<br \/>\nParc de Grandmont<br \/>\n37200 Tours, France<\/td>\n<td><strong>Adresse postale<\/strong><br \/>\nINSPE Centre Val de Loire &#8212; Centre de Tours-Fondettes<br \/>\nBel Air<br \/>\nLa Guigni\u00e8re &#8211; BP 16<br \/>\n37230 Fondettes, France<\/td>\n<\/tr>\n<\/tbody>\n<\/table>\n<hr \/>\n<h2 id=\"publis\">Publications<\/h2>\n<h3 id=\"publis\">Articles<\/h3>\n<ul>\n<li style=\"list-style-type: none\">\n<ul>\n<li><a href=\"https:\/\/www.sciencedirect.com\/science\/article\/pii\/S0021869319303849?via%3Dihub\"><span class=\"title-text\">Torsion Subgroups of quasi-abelianized braid groups<\/span><\/a><br \/>\nV. Beck, I. Marin<br \/>\nJ. Algebra, Special Issue, DOI:10.1016\/j.jalgebra.2019.07.009<\/li>\n<\/ul>\n<\/li>\n<li style=\"list-style-type: none\"><\/li>\n<li style=\"list-style-type: none\">\n<ul>\n<li><a href=\"http:\/\/cml.cedram.org\/cedram-bin\/article\/CML_2017__9_1_3_0.pdf\">Additive combinatorics methods in associative algebras<\/a><br \/>\nV. Beck, C. Lecouvey<br \/>\nConfluentes Mathematici, 9 no.1 (2017) p.3-27, DOI: <a href=\"http:\/\/dx.doi.org\/10.5802\/cml.34\">10.5802\/cml.34<\/a><\/li>\n<\/ul>\n<\/li>\n<\/ul>\n<ul>\n<li style=\"list-style-type: none\">\n<ul>\n<li><a href=\"http:\/\/www.edu.uowm.gr\/site\/system\/files\/menon_issue_4th_032017_draft_2.pdf\">ETG idoines en France, en Gr\u00e8ce et au Qu\u00e9bec &#8212; une \u00e9tude comparative sur la formation initiale des enseignants du premier degr\u00e9<\/a><br \/>\nV. Beck, A. Braconne-Michoux, A. Nechache, K. Nikolantonakis, L. Vivier, P. Wieruszewski<br \/>\nMenon, \u00a9online Journal of Educational Research, 4 (2017) p.100-119<\/li>\n<\/ul>\n<\/li>\n<\/ul>\n<ul>\n<li style=\"list-style-type: none\">\n<ul>\n<li><a href=\"https:\/\/www.idpoisson.fr\/beck\/wp-content\/uploads\/sites\/16\/2018\/06\/manmat-braid.pdf\">Abelianization of Subgroups of Reflection Groups and their Braid Groups; an Application to Cohomology<\/a><br \/>\nV. Beck<br \/>\nManuscripta Math, 136 (2011) p.273-293<\/li>\n<\/ul>\n<\/li>\n<\/ul>\n<ul>\n<li style=\"list-style-type: none\">\n<ul>\n<li><a href=\"https:\/\/www.idpoisson.fr\/beck\/wp-content\/uploads\/sites\/16\/2018\/06\/mathzeit-algext.pdf\">Exterior Algebra Structure on Relative Invariants of Reflection Groups<\/a><br \/>\nV. Beck<br \/>\nMath. Z. 267 (2011) p.261-289<\/li>\n<\/ul>\n<\/li>\n<\/ul>\n<ul>\n<li style=\"list-style-type: none\">\n<ul>\n<li><a href=\"https:\/\/www.idpoisson.fr\/beck\/wp-content\/uploads\/sites\/16\/2018\/06\/cras-cat-frobenius.pdf\">Construction fonctorielle de cat\u00e9gorie de Frobenius<\/a><br \/>\nV. Beck<br \/>\nC. R. Acad. Sci. Paris, Ser. I 347 (2009) p.719-724<\/li>\n<\/ul>\n<\/li>\n<\/ul>\n<ul>\n<li style=\"list-style-type: none\">\n<ul>\n<li><a href=\"https:\/\/www.idpoisson.fr\/beck\/wp-content\/uploads\/sites\/16\/2018\/06\/cras-alg-ext.pdf\">Invariants relatifs : une alg\u00e8bre ext\u00e9rieure<\/a><br \/>\nV. Beck<br \/>\nC.R. Acad. Sci. Paris, Ser I. 342 (2006) p.727-732<\/li>\n<\/ul>\n<\/li>\n<\/ul>\n<ul>\n<li style=\"list-style-type: none\">\n<ul>\n<li><a href=\"https:\/\/www.idpoisson.fr\/beck\/wp-content\/uploads\/sites\/16\/2018\/06\/these-beck-vf.pdf\">Alg\u00e8bre des invariants relatifs pour les groupes de r\u00e9flexions &#8211; Cat\u00e9gorie stable<\/a><br \/>\nV. Beck<br \/>\nTh\u00e8se<\/li>\n<\/ul>\n<\/li>\n<\/ul>\n<h3 id=\"publis\">Livres<\/h3>\n<p><img loading=\"lazy\" decoding=\"async\" class=\" wp-image-46 alignleft\" src=\"https:\/\/www.idpoisson.fr\/beck\/wp-content\/uploads\/sites\/16\/2018\/06\/obj-agr.jpg\" alt=\"\" width=\"116\" height=\"174\" \/><a href=\"http:\/\/www.h-k.fr\/publications\/objectif-agregation.html\">Objectif Agr\u00e9gation<\/a> est, bien s\u00fbr, un ouvrage de pr\u00e9paration \u00e0 l&rsquo;agr\u00e9gation de<br \/>\nmath\u00e9matiques. Tous les d\u00e9tails se trouvent sur le <a href=\"http:\/\/www.h-k.fr\/publications\/objectif-agregation.html\">site web du livre<\/a>.<br \/>\nAuteurs : Gabriel Peyr\u00e9, J\u00e9r\u00f4me Malick, Vincent Beck<br \/>\n\u00c9diteur : <a href=\"http:\/\/www.h-k.fr\">H&#038;K<\/a>, distribu\u00e9 par Vuibert<br \/>\nPremi\u00e8re \u00e9dition : Sept. 2004<br \/>\nDeuxi\u00e8me \u00e9dition : Oct. 2005<br \/>\nISBN : 2 914010 92 3<\/p>\n<p><img loading=\"lazy\" decoding=\"async\" class=\" wp-image-46 alignleft\" src=\"https:\/\/www.idpoisson.fr\/beck\/wp-content\/uploads\/sites\/16\/2018\/06\/guide-analyse-h_k_m.jpg\" width=\"126\" height=\"165\" \/><a href=\"http:\/\/www.hk.fr\/\">Le guide Manga Analyse<\/a> est l&rsquo;un des tomes de la s\u00e9rie des Guides Manga. Les r\u00e9sultats classiques d&rsquo;un premier cours d&rsquo;analyse sont pr\u00e9sent\u00e9s sous forme de manga. Tous les d\u00e9tails se trouvent sur le <a href=\"http:\/\/www.hk.fr\/\">site web du livre<\/a>.<br \/>\nTraducteurs : C\u00e9line Chevalier, S\u00e9bastien Desreux, Kevin Destagnol, Tristan Poullaouec, Vincent Beck<br \/>\n\u00c9diteur :<a href=\"http:\/\/www.h-k.fr\">H&#038;K<\/a>, distribu\u00e9 par Vuibert<br \/>\nPremi\u00e8re \u00e9dition : Juillet 2017<br \/>\nISBN : 978-2-35141-337-1<\/p>\n","protected":false},"excerpt":{"rendered":"<p>[Publications | Enseignement |\u00a0CV] Ma\u00eetre de conf\u00e9rences Institut Denis Poisson CNRS UMR 7013 INSPE Centre Val de Loire de l&rsquo;Universit\u00e9 &hellip; <a href=\"https:\/\/www.idpoisson.fr\/beck\/\" class=\"more-link\">Plus <span class=\"screen-reader-text\">Accueil<\/span> <span class=\"meta-nav\">&rarr;<\/span><\/a><\/p>\n","protected":false},"author":3,"featured_media":0,"parent":0,"menu_order":0,"comment_status":"closed","ping_status":"open","template":"","meta":{"footnotes":""},"folder":[],"class_list":["post-2","page","type-page","status-publish","hentry"],"_links":{"self":[{"href":"https:\/\/www.idpoisson.fr\/beck\/wp-json\/wp\/v2\/pages\/2","targetHints":{"allow":["GET"]}}],"collection":[{"href":"https:\/\/www.idpoisson.fr\/beck\/wp-json\/wp\/v2\/pages"}],"about":[{"href":"https:\/\/www.idpoisson.fr\/beck\/wp-json\/wp\/v2\/types\/page"}],"author":[{"embeddable":true,"href":"https:\/\/www.idpoisson.fr\/beck\/wp-json\/wp\/v2\/users\/3"}],"replies":[{"embeddable":true,"href":"https:\/\/www.idpoisson.fr\/beck\/wp-json\/wp\/v2\/comments?post=2"}],"version-history":[{"count":58,"href":"https:\/\/www.idpoisson.fr\/beck\/wp-json\/wp\/v2\/pages\/2\/revisions"}],"predecessor-version":[{"id":391,"href":"https:\/\/www.idpoisson.fr\/beck\/wp-json\/wp\/v2\/pages\/2\/revisions\/391"}],"wp:attachment":[{"href":"https:\/\/www.idpoisson.fr\/beck\/wp-json\/wp\/v2\/media?parent=2"}],"wp:term":[{"taxonomy":"folder","embeddable":true,"href":"https:\/\/www.idpoisson.fr\/beck\/wp-json\/wp\/v2\/folder?post=2"}],"curies":[{"name":"wp","href":"https:\/\/api.w.org\/{rel}","templated":true}]}}