{"id":2,"date":"2018-02-08T16:06:15","date_gmt":"2018-02-08T15:06:15","guid":{"rendered":"https:\/\/www.idpoisson.fr\/boucher\/?page_id=2"},"modified":"2020-05-29T09:34:22","modified_gmt":"2020-05-29T07:34:22","slug":"accueil","status":"publish","type":"page","link":"https:\/\/www.idpoisson.fr\/boucher","title":{"rendered":"Accueil"},"content":{"rendered":"<hr>\n<p style=\"text-align: center\">[<a href=\"https:\/\/www.idpoisson.fr\/boucher\">Th\u00e8me de recherche<\/a> |<a href=\"#publis\">Publications<\/a> | <a href=\"#ens\">Enseignement<\/a>]<\/p>\n<hr>\n<p>Doctorant en Statistiques<br><a href=\"https:\/\/www.idpoisson.fr\">Institut Denis Poisson<\/a> CNRS UMR 7013<br><a href=\"http:\/\/www.math.univ-tours.fr\/\">D\u00e9partement de math\u00e9matiques<\/a> de l&rsquo;<a href=\"http:\/\/www.univ-orleans.fr\">Universit\u00e9 d&rsquo;Orl\u00e9ans<\/a><br>\u00c9quipe de recherche : <a href=\"\/\/www.idpoisson.fr\/equipe-probabilite-algebre-combinatoire-theorie-ergodique-statistique\/\">SPACE<\/a><\/p>\n<p><strong>Contact<\/strong><br>Bureau : E2-0000<br>T\u00e9l\u00e9phone : (33)-2-47-30-00-00<br>Email : maxime.boucher@univ-orleans.fr<br><strong>Adresse postale<\/strong><br>Institut Denis Poisson<br>Universit\u00e9 d\u2019Orl\u00e9ans<br>Collegium Sciences et Techniques<br>B\u00e2timent de math\u00e9matiques<br>Rue de Chartres B.P. 6759<br>45067 Orl\u00e9ans cedex 2 FRANCE<\/p>\n<hr>\n<h3 id=\"publis\">Th\u00e8me de recherche<\/h3>\n<p>J&rsquo;effectue ma th\u00e8se sur le sujet : <strong>\u00ab\u00a0Coh\u00e9rence de matrice al\u00e9atoire. Th\u00e9or\u00e8mes limites et applications\u00a0\u00bb<\/strong>.<\/p>\n<ul>\n<li>&nbsp;Coefficient de corr\u00e9lation empirique de Pearson<\/li>\n<li>&nbsp;Coh\u00e9rence de matrices al\u00e9atoires<\/li>\n<li>&nbsp;Comportement en loi asymptotique<\/li>\n<li>&nbsp;Vecteurs Gaussien d\u00e9pendant<\/li>\n<li>&nbsp;Matrices al\u00e9atoires de grandes dimensions<\/li>\n<li>&nbsp;M\u00e9thode de Chen-Stein<\/li>\n<li>&nbsp;Simulations (logiciel R)<\/li>\n<\/ul>\n<hr>\n<h3 id=\"publis\">Publications<\/h3>\n<ul>\n<li><strong>\u00e0 venir prochainement &#8230;<br><\/strong><\/li>\n<\/ul>\n<hr>\n<h3 id=\"ens\">Enseignements<\/h3>\n<ul>\n<li>Premi\u00e8re ann\u00e9e Master Statistique &#038; Data Science, Ing\u00e9nierie Math\u00e9matiques (2019 &#8211; 2020) : TD Statistiques Math\u00e9matiques.<\/li>\n<li>Premi\u00e8re ann\u00e9e IUT informatique (2017 -) : Analyse num\u00e9rique.<strong><br><\/strong><\/li>\n<li>Deuxi\u00e8me ann\u00e9e IUT informatique (2017 &#8211; ) : Mod\u00e9lisation math\u00e9matique.<\/li>\n<li>Premi\u00e8re ann\u00e9e de licence Synergie (2017 &#8211; 2018): Cours\/TD de Probabilit\u00e9s Statistiques.<\/li>\n<li>Premi\u00e8re ann\u00e9e de licence math\u00e9matiques (2018 &#8211; 2019) : TD d&rsquo;analyse sur les \u00c9quations Diff\u00e9rentielles.<\/li>\n<li>Premi\u00e8re ann\u00e9e de licence math\u00e9matiques (2018 &#8211; 2019) : Cours de Soutien math\u00e9matiques.<\/li>\n<\/ul>\n\n\n<hr class=\"wp-block-separator is-style-wide\" \/>\n\n\n\n<h3 class=\"wp-block-heading\" id=\"ens\">Diff\u00e9rentes pr\u00e9sentations publiques<\/h3>\n\n\n\n<ul class=\"wp-block-list\"><li>Journ\u00e9e des doctorants de l&rsquo;IDP (20 min): Tours, Jeudi 21 Novembre 2019<\/li><li>S\u00e9minaire du laboratoire IDP (1h) : Orl\u00e9ans, Jeudi 20 F\u00e9vrier 2020<\/li><li>Journ\u00e9e des doctorants de l&rsquo;\u00e9cole doctorale MIPTIS (20 min) : Blois, Mardi 10 Mars 2020<\/li><\/ul>\n\n\n\n<hr class=\"wp-block-separator is-style-wide\" \/>\n\n\n\n<h3 class=\"wp-block-heading\" id=\"ens\">Vulgarisation <\/h3>\n\n\n\n<ul class=\"wp-block-list\"><li><strong>Escape Game Math\u00e9matiques : <\/strong>\u00ab\u00a0Le probl\u00e8me complexe d&rsquo;Anna Leez\u00a0\u00bb. Cr\u00e9ation du projet avec No\u00e9mie Gaveau, avec la participation de Philippe Grillot, Magali Ribot, Julien Barr\u00e9, Laurent Delsol, Anne Liger. Gestion et coordination du projet : moi-m\u00eame. Invitations pour pr\u00e9senter l&rsquo;escape game : F\u00eate de la Science 2019 (Octobre 2019, Orl\u00e9ans, campus CNRS), si\u00e8ge social du CNRS (Paris, 2019), LaboMaths Maurice Genevoix (Janvier 2020), Rectorat de l&rsquo;Acad\u00e9mie Orl\u00e9ans-Tours (F\u00e9vrier 2020), Maison de la Science (Universit\u00e9 d&rsquo;Orl\u00e9ans, Mars 2020), Maths-en-Jeans (Avril 2020), Lyc\u00e9e Charles P\u00e9guy (Novembre 2019), Lyc\u00e9e Pothier (Octobre 2019).<\/li><li><strong>Centre Galois<\/strong> (Juin 2018, 2019, 2020) : Intervention \u00ab\u00a0Statistiques et D\u00e9nombrements\u00a0\u00bb (3h). Vulgarisation des m\u00e9thodes statistiques pour le d\u00e9nombrement de population avec notamment la pr\u00e9sentation de la m\u00e9thode de Capture\/Recapture. <a href=\"https:\/\/www.centre-galois.fr\/info.php\">https:\/\/www.centre-galois.fr\/info.php<\/a> <\/li><li><strong>Intervention Congr\u00e8s Maths-en-Jeans  (ANNULATION COVID-19) :<\/strong> table ronde sur \u00ab\u00a0la vie du chercheur\u00a0\u00bb (Avril 2020)<\/li><\/ul>\n\n\n\n<hr class=\"wp-block-separator is-style-wide\" \/>\n\n\n\n<h3 class=\"wp-block-heading\" id=\"ens\">Autres Interventions<\/h3>\n\n\n\n<ul class=\"wp-block-list\"><li>Journ\u00e9e Portes Ouvertes de l&rsquo;Universit\u00e9 d&rsquo;Orl\u00e9ans (2017, 2018, 2019, 2020)<\/li><li>Forum de l&rsquo;Orientation d&rsquo;Orl\u00e9ans (2019)<\/li><li>Salon de l&rsquo; Etudiant d&rsquo;Orl\u00e9ans (2020)<\/li><\/ul>\n","protected":false},"excerpt":{"rendered":"<p>[Th\u00e8me de recherche |Publications | Enseignement] Doctorant en StatistiquesInstitut Denis Poisson CNRS UMR 7013D\u00e9partement de math\u00e9matiques de l&rsquo;Universit\u00e9 d&rsquo;Orl\u00e9ans\u00c9quipe de &hellip; <a href=\"https:\/\/www.idpoisson.fr\/boucher\/\" class=\"more-link\">Plus <span class=\"screen-reader-text\">Accueil<\/span> <span class=\"meta-nav\">&rarr;<\/span><\/a><\/p>\n","protected":false},"author":53,"featured_media":0,"parent":0,"menu_order":0,"comment_status":"closed","ping_status":"open","template":"","meta":{"footnotes":""},"folder":[],"class_list":["post-2","page","type-page","status-publish","hentry"],"_links":{"self":[{"href":"https:\/\/www.idpoisson.fr\/boucher\/wp-json\/wp\/v2\/pages\/2","targetHints":{"allow":["GET"]}}],"collection":[{"href":"https:\/\/www.idpoisson.fr\/boucher\/wp-json\/wp\/v2\/pages"}],"about":[{"href":"https:\/\/www.idpoisson.fr\/boucher\/wp-json\/wp\/v2\/types\/page"}],"author":[{"embeddable":true,"href":"https:\/\/www.idpoisson.fr\/boucher\/wp-json\/wp\/v2\/users\/53"}],"replies":[{"embeddable":true,"href":"https:\/\/www.idpoisson.fr\/boucher\/wp-json\/wp\/v2\/comments?post=2"}],"version-history":[{"count":4,"href":"https:\/\/www.idpoisson.fr\/boucher\/wp-json\/wp\/v2\/pages\/2\/revisions"}],"predecessor-version":[{"id":59,"href":"https:\/\/www.idpoisson.fr\/boucher\/wp-json\/wp\/v2\/pages\/2\/revisions\/59"}],"wp:attachment":[{"href":"https:\/\/www.idpoisson.fr\/boucher\/wp-json\/wp\/v2\/media?parent=2"}],"wp:term":[{"taxonomy":"folder","embeddable":true,"href":"https:\/\/www.idpoisson.fr\/boucher\/wp-json\/wp\/v2\/folder?post=2"}],"curies":[{"name":"wp","href":"https:\/\/api.w.org\/{rel}","templated":true}]}}