{"id":2,"date":"2018-02-08T16:06:15","date_gmt":"2018-02-08T15:06:15","guid":{"rendered":"https:\/\/www.idpoisson.fr\/chauveau\/?page_id=2"},"modified":"2025-11-04T21:42:01","modified_gmt":"2025-11-04T20:42:01","slug":"accueil","status":"publish","type":"page","link":"https:\/\/www.idpoisson.fr\/chauveau","title":{"rendered":"Didier CHAUVEAU"},"content":{"rendered":"<p>Professeur en math\u00e9matiques<img loading=\"lazy\" decoding=\"async\" class=\"size-full wp-image-46 alignright\" src=\"https:\/\/www.idpoisson.fr\/chauveau\/wp-content\/uploads\/sites\/38\/2019\/02\/dc_id.jpg\" alt=\"Didier Chauveau\" width=\"400\" height=\"300\" srcset=\"https:\/\/www.idpoisson.fr\/chauveau\/wp-content\/uploads\/sites\/38\/2019\/02\/dc_id.jpg 400w, https:\/\/www.idpoisson.fr\/chauveau\/wp-content\/uploads\/sites\/38\/2019\/02\/dc_id-300x225.jpg 300w\" sizes=\"auto, (max-width: 400px) 100vw, 400px\" \/><br \/><a href=\"https:\/\/www.idpoisson.fr\">Institut Denis Poisson<\/a> CNRS UMR 7013<\/p>\n<p><a href=\"http:\/\/www.univ-orleans.fr\">Universit\u00e9 d&rsquo;Orl\u00e9ans<\/a><\/p>\n<p>UFR Sciences<\/p>\n<p><strong>Contact<\/strong><br \/>Bureau : E3<br \/>T\u00e9l\u00e9phone : (33)-2\u00a038 49 46 81<br \/>Email :\u00a0didier.chauveau[at]univ-orleans.fr<br \/><strong>Adresse postale<\/strong><br \/>Institut Denis Poisson<br \/>Universit\u00e9 d&rsquo;Orl\u00e9ans<br \/>BP 6759, 45067 Orl\u00e9ans cedex, France<\/p>\n<hr \/>\n<h3>Sp\u00e9cialit\u00e9s:<\/h3>\n<ul>\n<li>\n<h4>Statistiques, data mining<\/h4>\n<\/li>\n<li>\n<h4>Latent variables models, missing data, mixtures of distributions, EM algorithms<\/h4>\n<\/li>\n<li>\n<h4>Statistical Computing<\/h4>\n<\/li>\n<\/ul>\n<hr \/>\n<h3 id=\"ens\">Responsabilit\u00e9s p\u00e9dagogiques:<\/h3>\n<ul>\n<li>Responsable du Master Math\u00e9matiques Appliqu\u00e9es, Statistique (MAS), 2011\u2014 septembre 2024<\/li>\n<li>Directeur des \u00e9tudes ann\u00e9e de Master 2<span class=\"Apple-converted-space\">, 2011\u2014 septembre 2024<\/span><\/li>\n<li>Directeur des \u00e9tudes ann\u00e9e de Master 1<span class=\"Apple-converted-space\">, 2011\u2014 septembre 2022<\/span><\/li>\n<\/ul>\n\n\n<hr class=\"wp-block-separator alignfull has-alpha-channel-opacity\" \/>\n\n\n\n<h3 class=\"wp-block-heading\">Publications les plus r\u00e9centes :<\/h3>\n\n\n\n<ul class=\"wp-block-list\">\n<li>Boucher, M., Chauveau D. and Zani, M. (2025), Largest magnitude for off-diagonal auto-correlation coefficients in high dimensional framework, <em>Statistical Papers<\/em>, 66, 95,  <a href=\"https:\/\/doi.org\/10.1007\/s00362-025-01693-y\">https:\/\/doi.org\/10.1007\/s00362-025-01693-y<\/a>.<\/li>\n\n\n\n<li>Chauveau D. and Vandekerkhove, P. (2025), Entropy-Based Burn-in Time Analysis and Ranking for (A)MCMC Algorithms in High Dimension, <em>SIAM\/ASA Journal on Uncertainty Quantification<\/em>, <a href=\"https:\/\/doi.org\/10.1137\/23M1611932\">https:\/\/doi.org\/10.1137\/23M1611932<\/a><\/li>\n<\/ul>\n\n\n\n<p><\/p>\n","protected":false},"excerpt":{"rendered":"<p>Professeur en math\u00e9matiquesInstitut Denis Poisson CNRS UMR 7013 Universit\u00e9 d&rsquo;Orl\u00e9ans UFR Sciences ContactBureau : E3T\u00e9l\u00e9phone : (33)-2\u00a038 49 46 81Email &hellip; <a href=\"https:\/\/www.idpoisson.fr\/chauveau\/\" class=\"more-link\">Plus <span class=\"screen-reader-text\">Didier CHAUVEAU<\/span> <span class=\"meta-nav\">&rarr;<\/span><\/a><\/p>\n","protected":false},"author":37,"featured_media":0,"parent":0,"menu_order":0,"comment_status":"closed","ping_status":"open","template":"","meta":{"footnotes":""},"folder":[],"class_list":["post-2","page","type-page","status-publish","hentry"],"_links":{"self":[{"href":"https:\/\/www.idpoisson.fr\/chauveau\/wp-json\/wp\/v2\/pages\/2","targetHints":{"allow":["GET"]}}],"collection":[{"href":"https:\/\/www.idpoisson.fr\/chauveau\/wp-json\/wp\/v2\/pages"}],"about":[{"href":"https:\/\/www.idpoisson.fr\/chauveau\/wp-json\/wp\/v2\/types\/page"}],"author":[{"embeddable":true,"href":"https:\/\/www.idpoisson.fr\/chauveau\/wp-json\/wp\/v2\/users\/37"}],"replies":[{"embeddable":true,"href":"https:\/\/www.idpoisson.fr\/chauveau\/wp-json\/wp\/v2\/comments?post=2"}],"version-history":[{"count":40,"href":"https:\/\/www.idpoisson.fr\/chauveau\/wp-json\/wp\/v2\/pages\/2\/revisions"}],"predecessor-version":[{"id":227,"href":"https:\/\/www.idpoisson.fr\/chauveau\/wp-json\/wp\/v2\/pages\/2\/revisions\/227"}],"wp:attachment":[{"href":"https:\/\/www.idpoisson.fr\/chauveau\/wp-json\/wp\/v2\/media?parent=2"}],"wp:term":[{"taxonomy":"folder","embeddable":true,"href":"https:\/\/www.idpoisson.fr\/chauveau\/wp-json\/wp\/v2\/folder?post=2"}],"curies":[{"name":"wp","href":"https:\/\/api.w.org\/{rel}","templated":true}]}}