{"id":44,"date":"2019-02-10T16:20:03","date_gmt":"2019-02-10T15:20:03","guid":{"rendered":"https:\/\/www.idpoisson.fr\/chauveau\/?page_id=44"},"modified":"2024-12-18T13:19:44","modified_gmt":"2024-12-18T12:19:44","slug":"mastermas","status":"publish","type":"page","link":"https:\/\/www.idpoisson.fr\/chauveau\/mastermas\/","title":{"rendered":"Responsabilit\u00e9s p\u00e9dagogiques et enseignements"},"content":{"rendered":"\n<h4 class=\"wp-block-heading\">Responsable du Master Math\u00e9matiques Appliqu\u00e9es, Statistique (MAS), de 2011 \u00e0 2023-2024.<\/h4>\n\n\n\n<p>Directeur des \u00e9tudes de M1 et de M2 sur l&rsquo;essentiel de la p\u00e9riode.<\/p>\n\n\n\n<hr class=\"wp-block-separator has-css-opacity is-style-wide\" \/>\n\n\n\n<h3 class=\"wp-block-heading\">Principaux enseignements:<\/h3>\n\n\n\n<ul class=\"wp-block-list\">\n<li>Fouille de donn\u00e9es (Data mining)<\/li>\n\n\n\n<li>Statistique exploratoire<\/li>\n\n\n\n<li>Statistique math\u00e9matique (Mod\u00e8le lin\u00e9aire, estimation&#8230;)<\/li>\n\n\n\n<li>Simulation al\u00e9atoire et m\u00e9thodes de Monte-Carlo<\/li>\n\n\n\n<li>Logiciel R<\/li>\n\n\n\n<li>Logiciel SAS<\/li>\n\n\n\n<li>Computational Statistics (mixture models, EM algorithms, bootstrap)<\/li>\n\n\n\n<li>High Performance Computing in Statistics (HPC, outils de calcul parall\u00e8le avec R)<\/li>\n\n\n\n<li>BigData: Outils et M\u00e9thodes (outils RHadoop\/MapReduce)<\/li>\n<\/ul>\n\n\n\n<p><\/p>\n","protected":false},"excerpt":{"rendered":"<p>Responsable du Master Math\u00e9matiques Appliqu\u00e9es, Statistique (MAS), de 2011 \u00e0 2023-2024. Directeur des \u00e9tudes de M1 et de M2 sur &hellip; <a href=\"https:\/\/www.idpoisson.fr\/chauveau\/mastermas\/\" class=\"more-link\">Plus <span class=\"screen-reader-text\">Responsabilit\u00e9s p\u00e9dagogiques et enseignements<\/span> <span class=\"meta-nav\">&rarr;<\/span><\/a><\/p>\n","protected":false},"author":37,"featured_media":0,"parent":0,"menu_order":0,"comment_status":"closed","ping_status":"closed","template":"","meta":{"footnotes":""},"folder":[],"class_list":["post-44","page","type-page","status-publish","hentry"],"_links":{"self":[{"href":"https:\/\/www.idpoisson.fr\/chauveau\/wp-json\/wp\/v2\/pages\/44","targetHints":{"allow":["GET"]}}],"collection":[{"href":"https:\/\/www.idpoisson.fr\/chauveau\/wp-json\/wp\/v2\/pages"}],"about":[{"href":"https:\/\/www.idpoisson.fr\/chauveau\/wp-json\/wp\/v2\/types\/page"}],"author":[{"embeddable":true,"href":"https:\/\/www.idpoisson.fr\/chauveau\/wp-json\/wp\/v2\/users\/37"}],"replies":[{"embeddable":true,"href":"https:\/\/www.idpoisson.fr\/chauveau\/wp-json\/wp\/v2\/comments?post=44"}],"version-history":[{"count":9,"href":"https:\/\/www.idpoisson.fr\/chauveau\/wp-json\/wp\/v2\/pages\/44\/revisions"}],"predecessor-version":[{"id":205,"href":"https:\/\/www.idpoisson.fr\/chauveau\/wp-json\/wp\/v2\/pages\/44\/revisions\/205"}],"wp:attachment":[{"href":"https:\/\/www.idpoisson.fr\/chauveau\/wp-json\/wp\/v2\/media?parent=44"}],"wp:term":[{"taxonomy":"folder","embeddable":true,"href":"https:\/\/www.idpoisson.fr\/chauveau\/wp-json\/wp\/v2\/folder?post=44"}],"curies":[{"name":"wp","href":"https:\/\/api.w.org\/{rel}","templated":true}]}}