{"id":2,"date":"2018-02-08T16:06:15","date_gmt":"2018-02-08T15:06:15","guid":{"rendered":"https:\/\/www.idpoisson.fr\/debs\/?page_id=2"},"modified":"2019-11-10T15:26:10","modified_gmt":"2019-11-10T14:26:10","slug":"accueil","status":"publish","type":"page","link":"https:\/\/www.idpoisson.fr\/debs","title":{"rendered":"Accueil"},"content":{"rendered":"<hr \/>\n<p style=\"text-align: center\">[<a href=\"#publis\">Publications<\/a> | <a href=\"#ens\">Enseignement<\/a> ]<\/p>\n<hr \/>\n<p>Ma\u00eetre de conf\u00e9rences<br \/>\n<a href=\"https:\/\/www.idpoisson.fr\">Institut Denis Poisson<\/a> CNRS UMR 7013<br \/>\nD\u00e9partement de math\u00e9matiques de l&rsquo;<a href=\"http:\/\/www.univ-orleans.fr\/fr\">Universit\u00e9 d&rsquo;Orl\u00e9ans<\/a><br \/>\n\u00c9quipe de recherche : <a href=\"\/\/www.idpoisson.fr\/equipe-probabilite-algebre-combinatoire-theorie-ergodique-statistique\/\">SPACE<\/a><\/p>\n<p><a href=\"https:\/\/www.univ-orleans.fr\/fr\/sciences-techniques\/formation\/mathematiques\">Responsable Licence 3 de math\u00e9matiques<\/a><\/p>\n<p><strong>Contact<\/strong><br \/>\nBureau : E14<br \/>\nT\u00e9l\u00e9phone : (33)-2-47-30-00-00<br \/>\nEmail : pierre.debs@univ-tours.fr<br \/>\n<strong>Adresse postale<\/strong><br \/>\nInstitut Denis Poisson<br \/>\nUniversit\u00e9 d&rsquo;Orl\u00e9ans<br \/>\nRue de Chartres B.P. 6759<br \/>\n45067 Orl\u00e9ans\u00a0 FRANCE<\/p>\n<hr \/>\n<h3 id=\"publis\">Publications depuis 2014<\/h3>\n<ul>\n<li><strong>Penalization of Galton-Watson processes.\u00a0<\/strong><br \/>\nEn collaboration avec Romain Abraham.<br \/>\nA para\u00eetre \u00e0\u00a0<i>Stoch. Proc. and Appli.<br \/>\n<\/i><a href=\"https:\/\/arxiv.org\/pdf\/1803.10611.pdf\">Lien<\/a><\/li>\n<li><strong>Automatic choice of the threshold of a grain filter via Galton-Watson trees. Application to granite cracks detection.<br \/>\n<\/strong>En collaboration avec Romain Abraham et Ma\u00eftine Bergounioux.<br \/>\n<i>J. Math. Imaging Vis.<\/i> 60, 50-69, 2018.<br \/>\n<a href=\"https:\/\/link.springer.com\/article\/10.1007\/s10851-017-0743-3\">Lien<\/a><\/li>\n<li><strong>Diseases transmission in a z-ary tree.<br \/>\n<\/strong>En collaboration avec Thomas Haberkorn.<br \/>\nStochastics and Dynamics, Vol. 17, No. 5, 2017<br \/>\n<a href=\"https:\/\/hal.archives-ouvertes.fr\/hal-01180043\">Lien<\/a><\/li>\n<li><span class=\"style_2\"><strong>Spread of visited sites of a random walk along the generations of a branching process<\/strong><br \/>\nEn collaboration avec Pierre Andreoletti.<br \/>\n<\/span><span class=\"style_2\">\u00a0<\/span><span class=\"style_15\">Electronic Journal of Probab.<\/span><span class=\"style_2\"> Vol 19, 1-22<br \/>\n<\/span><a href=\"https:\/\/www.emis.de\/journals\/EJP-ECP\/article\/download\/2790\/2790-16994-1-PB.pdf\">Lien<\/a><\/li>\n<li><strong><span class=\"style_3\"><span class=\"style_2\">The number of generation entirely visited for recurrent random walk in random environment<\/span><br \/>\n<\/span><\/strong><span class=\"style_3\">En collaboration avec Pierre Andreoletti.<\/span><strong><span class=\"style_3\"><br \/>\n<\/span><\/strong><span class=\"style_10\">J. of Theor. Probab.<\/span><span class=\"style_17\">\u00a0(2014) Vol 27, 518-538<\/span><span class=\"style_2\">.<\/span><br \/>\n<a href=\"https:\/\/link.springer.com\/article\/10.1007\/s10959-012-0449-9\">Lien<\/a><\/li>\n<\/ul>\n<hr \/>\n<h3 id=\"ens\">Enseignements 2019-2020<\/h3>\n<ul>\n<li><a href=\"http:\/\/www.univ-orleans.fr\/fr\/sciences-techniques\/formation\/mathematiques\/licence\/projets-licence-3\"><b>Pages des projets de Licence 3<\/b><\/a><\/li>\n<li><strong>Alg\u00e8bre 2\u00a0<\/strong><br \/>\n<a href=\"https:\/\/www.idpoisson.fr\/debs\/wp-content\/uploads\/sites\/42\/2019\/10\/Fiche1_Complements.pdf\">Feuil<\/a><a href=\"https:\/\/www.idpoisson.fr\/debs\/wp-content\/uploads\/sites\/42\/2019\/10\/Fiche1_Complements.pdf\">le 1<\/a>, <a href=\"https:\/\/www.idpoisson.fr\/debs\/wp-content\/uploads\/sites\/42\/2019\/10\/Fiche2_Complements_suite-2.pdf\">Feuille 2,<\/a> <a href=\"https:\/\/www.idpoisson.fr\/debs\/wp-content\/uploads\/sites\/42\/2019\/11\/Fiche3-Determinants.pdf\">Feuille 3,<\/a> <a href=\"https:\/\/www.idpoisson.fr\/debs\/wp-content\/uploads\/sites\/42\/2019\/11\/Fiche4_valeurs_propres.pdf\">Feuille 4.<\/a><br \/>\n<a href=\"https:\/\/www.idpoisson.fr\/debs\/wp-content\/uploads\/sites\/42\/2019\/10\/Dm.pdf\">Dm<\/a><\/li>\n<li><strong>Probabilit\u00e9s M1\u00a0<\/strong><br \/>\n<a href=\"https:\/\/www.idpoisson.fr\/debs\/wp-content\/uploads\/sites\/42\/2019\/10\/TD-M1-1920-1.pdf\">Feuille 1<\/a>, <a href=\"https:\/\/www.idpoisson.fr\/debs\/wp-content\/uploads\/sites\/42\/2019\/10\/TD-M1-1920-1.pdf\">Feuille 2<\/a>, <a href=\"https:\/\/www.idpoisson.fr\/debs\/wp-content\/uploads\/sites\/42\/2019\/11\/TD-M1-1920-3.pdf\">Feuille 3<\/a>.<br \/>\n<a href=\"https:\/\/www.idpoisson.fr\/debs\/wp-content\/uploads\/sites\/42\/2019\/10\/Partiel-M1-1819.pdf\">Partiel<\/a>.<\/li>\n<\/ul>\n<p><!--more--><\/p>\n","protected":false},"excerpt":{"rendered":"<p>[Publications | Enseignement ] Ma\u00eetre de conf\u00e9rences Institut Denis Poisson CNRS UMR 7013 D\u00e9partement de math\u00e9matiques de l&rsquo;Universit\u00e9 d&rsquo;Orl\u00e9ans \u00c9quipe &hellip; <a href=\"https:\/\/www.idpoisson.fr\/debs\/\" class=\"more-link\">Plus <span class=\"screen-reader-text\">Accueil<\/span> <span class=\"meta-nav\">&rarr;<\/span><\/a><\/p>\n","protected":false},"author":3,"featured_media":0,"parent":0,"menu_order":0,"comment_status":"closed","ping_status":"open","template":"","meta":{"footnotes":""},"folder":[],"class_list":["post-2","page","type-page","status-publish","hentry"],"_links":{"self":[{"href":"https:\/\/www.idpoisson.fr\/debs\/wp-json\/wp\/v2\/pages\/2","targetHints":{"allow":["GET"]}}],"collection":[{"href":"https:\/\/www.idpoisson.fr\/debs\/wp-json\/wp\/v2\/pages"}],"about":[{"href":"https:\/\/www.idpoisson.fr\/debs\/wp-json\/wp\/v2\/types\/page"}],"author":[{"embeddable":true,"href":"https:\/\/www.idpoisson.fr\/debs\/wp-json\/wp\/v2\/users\/3"}],"replies":[{"embeddable":true,"href":"https:\/\/www.idpoisson.fr\/debs\/wp-json\/wp\/v2\/comments?post=2"}],"version-history":[{"count":26,"href":"https:\/\/www.idpoisson.fr\/debs\/wp-json\/wp\/v2\/pages\/2\/revisions"}],"predecessor-version":[{"id":64,"href":"https:\/\/www.idpoisson.fr\/debs\/wp-json\/wp\/v2\/pages\/2\/revisions\/64"}],"wp:attachment":[{"href":"https:\/\/www.idpoisson.fr\/debs\/wp-json\/wp\/v2\/media?parent=2"}],"wp:term":[{"taxonomy":"folder","embeddable":true,"href":"https:\/\/www.idpoisson.fr\/debs\/wp-json\/wp\/v2\/folder?post=2"}],"curies":[{"name":"wp","href":"https:\/\/api.w.org\/{rel}","templated":true}]}}