{"id":17,"date":"2018-02-02T15:18:29","date_gmt":"2018-02-02T14:18:29","guid":{"rendered":"https:\/\/www.idpoisson.fr\/durieu\/?page_id=17"},"modified":"2022-02-22T08:01:53","modified_gmt":"2022-02-22T07:01:53","slug":"recherche","status":"publish","type":"page","link":"https:\/\/www.idpoisson.fr\/durieu\/recherche\/","title":{"rendered":"Recherche"},"content":{"rendered":"\n<div class=\"wp-block-columns is-layout-flex wp-container-core-columns-is-layout-9d6595d7 wp-block-columns-is-layout-flex\">\n<div class=\"wp-block-column is-layout-flow wp-block-column-is-layout-flow\" style=\"flex-basis:100%\">\n<h4>Publications \/ preprints<\/h4>\n<ul>\n<li><strong>Phase transition for extremes of a stochastic model with long-range dependence and multiplicative noise<\/strong>, avec Yizao Wang.<br><em>Stochastic Processes and their Applications<\/em>, volume 143, p. 55-88, 2022.<br>\n[ <a href=\"https:\/\/doi.org\/10.1016\/j.spa.2021.10.007\">DOI<\/a> . <a href=\"https:\/\/arxiv.org\/abs\/2005.05001\">arXiv<\/a> \u00b7 <a href=\"https:\/\/hal.archives-ouvertes.fr\/hal-02954467\">HAL<\/a> ]<\/li>\n<li><strong>Some recent advances for limit theorems<\/strong>, avec Benjamin Arras, Jean-Christophe Breton, Aurelia Deshayes et Rapha\u00ebl Lachi\u00e8ze-Rey.<br><em>ESAIM: Proceedings and Surveys<\/em>, volume 68, p. 73-96, 2020.<br>[ <a href=\"https:\/\/doi.org\/10.1051\/proc\/202068005\">DOI<\/a> ]<\/li>\n<li><strong>From infinite urn schemes to self-similar stable processes<\/strong>, avec Gennady Samorodnitsky et Yizao Wang.<br><em>Stochastic Processes and their Applications<\/em>, volume 130, 4, p. 2471-2487, 2020.<br>[ <a href=\"https:\/\/doi.org\/10.1016\/j.spa.2019.07.008\">DOI<\/a> . <a href=\"http:\/\/arXiv.org\/abs\/1710.08058\">arXiv<\/a> \u00b7 <a href=\"https:\/\/hal.archives-ouvertes.fr\/hal-01622790\">HAL<\/a> ]<\/li>\n<li><strong>From random partitions to fractional Brownian sheets<\/strong>, avec Yizao Wang.<br><em>Bernoulli<\/em>, volume 25, 2, p. 1412-1450, 2019.<br>[ <a href=\"https:\/\/doi.org\/10.3150\/18-BEJ1025\">DOI<\/a> . <a href=\"http:\/\/arXiv.org\/abs\/1709.00934\">arXiv<\/a> \u00b7 <a href=\"https:\/\/hal.archives-ouvertes.fr\/hal-01586410\">HAL<\/a> ]<\/li>\n<li><strong>A family of random sup-measures with long-range dependence<\/strong>, avec Yizao Wang.<br><em>Electronic Journal of Probability<\/em>, volume 23, 107, p. 1-24, 2018.<br>[ <a href=\"http:\/\/dx.doi.org\/10.1214\/18-EJP235\">DOI<\/a> . <a href=\"http:\/\/arxiv.org\/abs\/1804.07248\">arXiv<\/a> \u00b7 <a href=\"https:\/\/hal.archives-ouvertes.fr\/hal-01771965\">HAL<\/a> ]<\/li>\n<li><strong>Generalized operator-scaling random ball model<\/strong>, avec Hermine Bierm\u00e9 et Yizao Wang.<br><em>ALEA, Latin American Journal of Probability and Mathematical Statistics<\/em>, volume 15, p. 1401-1429, 2018.<br>[ <a href=\"https:\/\/doi.org\/10.30757\/ALEA.v15-52\">DOI<\/a> . <a href=\"http:\/\/arxiv.org\/abs\/1807.00214\">arXiv<\/a> \u00b7 <a href=\"https:\/\/hal.archives-ouvertes.fr\/hal-01828370\">HAL<\/a> ]<\/li>\n<li><strong>Generalized random fields and L\u00e9vy&rsquo;s continuity theorem on the space of tempered distributions<\/strong>, avec Hermine Bierm\u00e9 et Yizao Wang.<br><em>Communications on Stochastic Analysis<\/em>, volume 12, 4, p. 427-445, 2018.<br>[ <a href=\"https:\/\/doi.org\/10.31390\/cosa.12.4.04\">DOI<\/a> . <a href=\"http:\/\/arXiv.org\/abs\/1706.09326\">arXiv<\/a> \u00b7 <a href=\"https:\/\/hal.archives-ouvertes.fr\/hal-01568486\">HAL<\/a> ]<\/li>\n<li><strong>Invariance principles for operator-scaling Gaussian random fields<\/strong>, avec Hermine Bierm\u00e9 et Yizao Wang.<br><em>Annals of Applied Probability<\/em>, volume 27, 2, p. 1190-1234, 2017.<br>[ <a href=\"http:\/\/dx.doi.org\/10.1214\/16-AAP1229\">DOI<\/a> \u00b7 <a href=\"http:\/\/arXiv.org\/abs\/1504.04891\">arXiv<\/a> \u00b7 <a href=\"https:\/\/hal.archives-ouvertes.fr\/hal-01144128\">HAL<\/a> ]<\/li>\n<li><strong>From infinite urn schemes to decompositions of self-similar Gaussian processes<\/strong>, avec Yizao Wang.<br><em>Electronic Journal of Probability<\/em>, volume 21, 43, p. 1-23, 2016.<br>[ <a href=\"http:\/\/dx.doi.org\/10.1214\/16-EJP4492\">DOI<\/a> \u00b7 <a href=\"http:\/\/arXiv.org\/abs\/1508.01506\">arXiv<\/a> \u00b7 <a href=\"https:\/\/hal.archives-ouvertes.fr\/hal-01184411\">HAL<\/a> ]<\/li>\n<li><strong>Invariance principles for self-similar set-indexed random fields<\/strong>, avec Hermine Bierm\u00e9.<br><em>Transactions of the American Mathematical Society<\/em>, volume 366, 11, p. 5963-5989, 2014.<br>[ <a href=\"http:\/\/dx.doi.org\/10.1090\/S0002-9947-2014-06135-7\">DOI<\/a> \u00b7 <a href=\"https:\/\/hal.archives-ouvertes.fr\/hal-00716437\">HAL<\/a> ]<\/li>\n<li><strong>A sequential empirical central limit theorem for multiple mixing processes with application to B-geometrically ergodic markov chains<\/strong>, avec Herold Dehling et Marco Tusche.<br><em>Electronic Journal of Probability<\/em>, volume 19, 87, p. 1-26, 2014.<br>[ <a href=\"http:\/\/dx.doi.org\/10.1214\/EJP.v19-3216\">DOI<\/a> \u00b7 <a href=\"http:\/\/arXiv.org\/abs\/1303.4537\">arXiv<\/a> \u00b7 <a href=\"https:\/\/hal.archives-ouvertes.fr\/hal-00802979\">HAL<\/a> ]<\/li>\n<li><strong>Approximating class approach for empirical processes of dependent sequences indexed by functions<\/strong>, avec Herold Dehling et Marco Tusche.<br><em>Bernoulli<\/em>, volume 20, 3, p. 1372-1403, 2014.<br>[ <a href=\"http:\/\/dx.doi.org\/10.3150\/13-BEJ525\">DOI<\/a> \u00b7 <a href=\"http:\/\/arXiv.org\/abs\/1201.2256\">arXiv<\/a> \u00b7 <a href=\"https:\/\/hal.archives-ouvertes.fr\/hal-00659073\">HAL<\/a> ]<\/li>\n<li><strong>An empirical process central limit theorem for multidimensional dependent data<\/strong>, avec Marco Tusche.<br><em>Journal of Theoretical Probability<\/em>, volume 27, 1, p. 249-277, 2014.<br>[ <a href=\"http:\/\/dx.doi.org\/10.1007\/s10959-012-0450-3\">DOI<\/a> \u00b7 <a href=\"http:\/\/arXiv.org\/abs\/1110.0963\">arXiv<\/a> \u00b7 <a href=\"https:\/\/hal.archives-ouvertes.fr\/hal-00630932\">HAL<\/a> ]<\/li>\n<li><strong>Empirical processes of iterated maps that contract on average<\/strong>.<br><em>Statistics and Probability Letters<\/em>, volume 83, 11, p. 2454-2458, 2013.<br>[ <a href=\"http:\/\/dx.doi.org\/10.1016\/j.spl.2013.07.003\">DOI<\/a> \u00b7 <a href=\"http:\/\/arXiv.org\/abs\/1206.4903\">arXiv<\/a> \u00b7 <a href=\"https:\/\/hal.archives-ouvertes.fr\/hal-00852716\">HAL<\/a> ]<\/li>\n<li><strong>An indicator function limit theorem in dynamical systems<\/strong>, avec Dalibor Voln\u00fd.<br><em>Stochastics and Dynamics<\/em>, volume 11, 4, p. 681-690, 2011.<br>[ <a href=\"http:\/\/dx.doi.org\/10.1142\/S0219493711003504\">DOI<\/a> \u00b7 <a href=\"http:\/\/arXiv.org\/abs\/0810.2452\">arXiv<\/a> \u00b7 <a href=\"https:\/\/hal.archives-ouvertes.fr\/hal-00331666\">HAL<\/a> ]<\/li>\n<li><strong>Empirical processes of multidimensional systems with multiple mixing properties<\/strong>, avec Herold Dehling.<br><em>Stochastic Processes and their Applications<\/em>, volume 121, 5, p. 1076-1096, 2011.<br>[ <a href=\"http:\/\/dx.doi.org\/10.1016\/j.spa.2011.01.010\">DOI<\/a> \u00b7 <a href=\"http:\/\/arXiv.org\/abs\/1004.1088\">arXiv<\/a> \u00b7 <a href=\"https:\/\/hal.archives-ouvertes.fr\/hal-00474313\">HAL<\/a> ]<\/li>\n<li><strong>On sums of indicator functions in dynamical systems<\/strong>, avec Dalibor Voln\u00fd.<br><em>Ergodic Theory and Dynamical System<\/em>s, volume 30, 5, p. 1419-1430, 2010.<br>[ <a href=\"http:\/\/dx.doi.org\/10.1017\/S0143385709000637\">DOI<\/a> \u00b7 <a href=\"http:\/\/arXiv.org\/abs\/0810.2917\">arXiv<\/a> \u00b7 <a href=\"https:\/\/hal.archives-ouvertes.fr\/hal-00331667\">HAL<\/a> ]<\/li>\n<li><strong>New techniques for empirical processes of dependent data<\/strong>, avec Herold Dehling et Dalibor Voln\u00fd.<br><em>Stochastic Processes and their Applications<\/em>. volume 119, 10, p. 3699-3718, 2009.<br>[ <a href=\"http:\/\/dx.doi.org\/10.1016\/j.spa.2009.07.003\">DOI<\/a> \u00b7 <a href=\"http:\/\/arXiv.org\/abs\/0806.2941\">arXiv<\/a> \u00b7 <a href=\"https:\/\/hal.archives-ouvertes.fr\/hal-00291501\">HAL<\/a> ]<\/li>\n<li><strong>Independence of four projective criteria for the weak invariance principle<\/strong>.<br><em>ALEA, Latin American Journal of Probability and Mathematical Statistics<\/em>, volume 5, p. 21-27, 2009.<br>[ <a href=\"http:\/\/alea.impa.br\/articles\/v5\/05-02.pdf\">DOI<\/a> \u00b7 <a href=\"http:\/\/arXiv.org\/abs\/0804.1848\">arXiv<\/a> \u00b7 <a href=\"https:\/\/hal.archives-ouvertes.fr\/hal-00291499\">HAL<\/a> ]<\/li>\n<li><strong>A fourth moment inequality for functionals of stationary processes<\/strong>.<br><em>Journal of Applied Probability<\/em>, volume 45, 4, p. 1086-1096, 2008.<br>[ <a href=\"http:\/\/dx.doi.org\/10.1239\/jap\/1231340235\">DOI<\/a> \u00b7 <a href=\"http:\/\/arXiv.org\/abs\/0806.2980\">arXiv<\/a> \u00b7 <a href=\"https:\/\/hal.archives-ouvertes.fr\/hal-00291502\">HAL<\/a> ]<\/li>\n<li><strong>Empirical invariance principle for ergodic torus automorphisms; Genericity<\/strong>, avec Philippe Jouan.<br><em>Stochastics and Dynamic<\/em>s, volume 8, 2, p. 173-195, 2008.<br>[ <a href=\"http:\/\/dx.doi.org\/10.1142\/S0219493708002287\">DOI<\/a> \u00b7 <a href=\"https:\/\/hal.archives-ouvertes.fr\/hal-00322351\">HAL<\/a> ]<\/li>\n<li><strong>Comparison between criteria leading to the weak invariance principle<\/strong>, avec Dalibor Voln\u00fd.<br><em>Annales de l&rsquo;Institut Henri Poincar\u00e9, Probabilit\u00e9s et Statistiques<\/em>, volume 44, 2, p. 324-340, 2008.<br>[ <a href=\"http:\/\/dx.doi.org\/10.1214\/07-AIHP123\">DOI<\/a> \u00b7 <a href=\"http:\/\/arXiv.org\/abs\/0805.3450\">arXiv<\/a> \u00b7 <a href=\"https:\/\/hal.archives-ouvertes.fr\/hal-00291468\">HAL<\/a> ]<\/li>\n<\/ul>\n<hr>\n<h4>Ma Th\u00e8se<\/h4>\n<ul>\n<li><strong>Comportements asymptotiques des processus stationnaires et des processus empiriques dans des syst\u00e8mes dynamiques<\/strong>, sous la direction de Dalibor Voln\u00fd et Philippe Jouan, soutenue en 2008.<br>[ <a href=\"https:\/\/tel.archives-ouvertes.fr\/tel-00346539\">TEL<\/a> ]<\/li>\n<\/ul>\n<\/div>\n<\/div>\n","protected":false},"excerpt":{"rendered":"<p>Publications \/ preprints Phase transition for extremes of a stochastic model with long-range dependence and multiplicative noise, avec Yizao Wang.Stochastic &hellip; <a href=\"https:\/\/www.idpoisson.fr\/durieu\/recherche\/\" class=\"more-link\">Plus <span class=\"screen-reader-text\">Recherche<\/span> <span class=\"meta-nav\">&rarr;<\/span><\/a><\/p>\n","protected":false},"author":4,"featured_media":0,"parent":0,"menu_order":0,"comment_status":"closed","ping_status":"closed","template":"page-templates\/no-sidebar-full-width.php","meta":{"footnotes":""},"folder":[],"class_list":["post-17","page","type-page","status-publish","hentry"],"_links":{"self":[{"href":"https:\/\/www.idpoisson.fr\/durieu\/wp-json\/wp\/v2\/pages\/17","targetHints":{"allow":["GET"]}}],"collection":[{"href":"https:\/\/www.idpoisson.fr\/durieu\/wp-json\/wp\/v2\/pages"}],"about":[{"href":"https:\/\/www.idpoisson.fr\/durieu\/wp-json\/wp\/v2\/types\/page"}],"author":[{"embeddable":true,"href":"https:\/\/www.idpoisson.fr\/durieu\/wp-json\/wp\/v2\/users\/4"}],"replies":[{"embeddable":true,"href":"https:\/\/www.idpoisson.fr\/durieu\/wp-json\/wp\/v2\/comments?post=17"}],"version-history":[{"count":5,"href":"https:\/\/www.idpoisson.fr\/durieu\/wp-json\/wp\/v2\/pages\/17\/revisions"}],"predecessor-version":[{"id":179,"href":"https:\/\/www.idpoisson.fr\/durieu\/wp-json\/wp\/v2\/pages\/17\/revisions\/179"}],"wp:attachment":[{"href":"https:\/\/www.idpoisson.fr\/durieu\/wp-json\/wp\/v2\/media?parent=17"}],"wp:term":[{"taxonomy":"folder","embeddable":true,"href":"https:\/\/www.idpoisson.fr\/durieu\/wp-json\/wp\/v2\/folder?post=17"}],"curies":[{"name":"wp","href":"https:\/\/api.w.org\/{rel}","templated":true}]}}