{"id":7,"date":"2018-02-02T14:34:27","date_gmt":"2018-02-02T13:34:27","guid":{"rendered":"https:\/\/www.idpoisson.fr\/durieu\/?page_id=7"},"modified":"2025-05-15T15:48:18","modified_gmt":"2025-05-15T13:48:18","slug":"accueil","status":"publish","type":"page","link":"https:\/\/www.idpoisson.fr\/durieu","title":{"rendered":"Accueil"},"content":{"rendered":"<p>Ma\u00eetre de conf\u00e9rences en math\u00e9matiques<br \/>\n<a href=\"https:\/\/www.idpoisson.fr\">Institut Denis Poisson<\/a> CNRS UMR 7013<br \/>\n<a href=\"http:\/\/www.math.univ-tours.fr\/\">D\u00e9partement de math\u00e9matiques<\/a> de l\u2019<a href=\"http:\/\/www.univ-tours.fr\">Universit\u00e9 de Tours<\/a><br \/>\n\u00c9quipe de recherche : <a href=\"\/\/www.idpoisson.fr\/equipe-probabilite-algebre-combinatoire-theorie-ergodique-statistique\/\">SPACE<\/a><\/p>\n<p><strong>Contact<\/strong><br \/>\nBureau : E2-3020<br \/>\nT\u00e9l\u00e9phone : 02-47-36-74-12<br \/>\nEmail : olivier.durieu@univ-tours.fr<\/p>\n<p><strong>Adresse postale<\/strong><br \/>\nInstitut Denis Poisson<br \/>\nUniversit\u00e9 de Tours<br \/>\nParc de Grandmont<br \/>\n37200 TOURS, France<\/p>\n","protected":false},"excerpt":{"rendered":"<p>Ma\u00eetre de conf\u00e9rences en math\u00e9matiques Institut Denis Poisson CNRS UMR 7013 D\u00e9partement de math\u00e9matiques de l\u2019Universit\u00e9 de Tours \u00c9quipe de &hellip; <a href=\"https:\/\/www.idpoisson.fr\/durieu\/\" class=\"more-link\">Plus <span class=\"screen-reader-text\">Accueil<\/span> <span class=\"meta-nav\">&rarr;<\/span><\/a><\/p>\n","protected":false},"author":4,"featured_media":0,"parent":0,"menu_order":0,"comment_status":"closed","ping_status":"closed","template":"page-templates\/no-sidebar.php","meta":{"footnotes":""},"folder":[],"class_list":["post-7","page","type-page","status-publish","hentry"],"_links":{"self":[{"href":"https:\/\/www.idpoisson.fr\/durieu\/wp-json\/wp\/v2\/pages\/7","targetHints":{"allow":["GET"]}}],"collection":[{"href":"https:\/\/www.idpoisson.fr\/durieu\/wp-json\/wp\/v2\/pages"}],"about":[{"href":"https:\/\/www.idpoisson.fr\/durieu\/wp-json\/wp\/v2\/types\/page"}],"author":[{"embeddable":true,"href":"https:\/\/www.idpoisson.fr\/durieu\/wp-json\/wp\/v2\/users\/4"}],"replies":[{"embeddable":true,"href":"https:\/\/www.idpoisson.fr\/durieu\/wp-json\/wp\/v2\/comments?post=7"}],"version-history":[{"count":9,"href":"https:\/\/www.idpoisson.fr\/durieu\/wp-json\/wp\/v2\/pages\/7\/revisions"}],"predecessor-version":[{"id":182,"href":"https:\/\/www.idpoisson.fr\/durieu\/wp-json\/wp\/v2\/pages\/7\/revisions\/182"}],"wp:attachment":[{"href":"https:\/\/www.idpoisson.fr\/durieu\/wp-json\/wp\/v2\/media?parent=7"}],"wp:term":[{"taxonomy":"folder","embeddable":true,"href":"https:\/\/www.idpoisson.fr\/durieu\/wp-json\/wp\/v2\/folder?post=7"}],"curies":[{"name":"wp","href":"https:\/\/api.w.org\/{rel}","templated":true}]}}