{"id":2,"date":"2018-02-08T16:06:15","date_gmt":"2018-02-08T15:06:15","guid":{"rendered":"https:\/\/www.idpoisson.fr\/elveyprice\/?page_id=2"},"modified":"2025-09-19T13:24:30","modified_gmt":"2025-09-19T11:24:30","slug":"accueil","status":"publish","type":"page","link":"https:\/\/www.idpoisson.fr\/elveyprice\/en\/","title":{"rendered":"Home"},"content":{"rendered":"<p>CNRS researcher at <a href=\"https:\/\/www.idpoisson.fr\">IDP<\/a>, Universit\u00e9 de Tours, France.<br \/>Research team : <a href=\"\/\/www.idpoisson.fr\/equipe-probabilite-algebre-combinatoire-theorie-ergodique-statistique\/\">SPACE<\/a>.<\/p>\n<p><strong>Contact<\/strong><br \/>Email : andrew.elvey-price@cnrs.fr<br \/><strong>Postal Adress<\/strong><br \/>Andrew Elvey Price<br \/>Institut Denis Poisson, Universit\u00e9 de Tours, Parc grandmont<br \/>37200 Tours, France<\/p>\n<hr \/>\n<h3>Research<\/h3>\n<p>I am a CNRS researcher in the SPACE team at Institut Denis Poisson, universit\u00e9 de Tours. My research interests lie in all areas of enumerative combinatorics and in particular, interactions with probability theory and statistical mechanics. Combinatorial objects that I have studied include decorated planar maps, permutation patterns, lattice paths (mostly two dimensional), self-avoiding walks and directed acyclic graphs (DAGs). I have also investigated the question of when counting sequences are <em>Stieltjes moment sequences<\/em>. Here is a <a href=\"https:\/\/www.idpoisson.fr\/elveyprice\/wp-content\/uploads\/sites\/44\/2024\/01\/stieltjes_moment_sequences.csv\">list of all OEIS sequences with atleast 15 terms that may be Stieltjes moment sequences<\/a> (up to A369485, as of 25\/01\/2024).<\/p>\n<p>My current research is largely focused on solving combinatorial functional equations in terms of Jacobi theta functions, a method that has proven effective for numerous systems of functional equations involving two catalytic variables. Here are slides for a short course on this subject that I gave to the combinatorics group in Bordeaux: <a href=\"https:\/\/www.idpoisson.fr\/elveyprice\/wp-content\/uploads\/sites\/44\/2020\/02\/Theta-functions.pdf\">[1]<\/a><a href=\"https:\/\/www.idpoisson.fr\/elveyprice\/wp-content\/uploads\/sites\/44\/2020\/02\/Theta-functions-part-2.pdf\">[2]<\/a><a href=\"https:\/\/www.idpoisson.fr\/elveyprice\/wp-content\/uploads\/sites\/44\/2020\/01\/Theta-functions-part-3.pdf\">[3]<\/a><a href=\"https:\/\/www.idpoisson.fr\/elveyprice\/wp-content\/uploads\/sites\/44\/2020\/01\/Theta-functions-part-4.pdf\">[4]<\/a>.<\/p>\n<hr \/>\n<h3>Theses<\/h3>\n<ul>\n<li><strong data-rich-text-format-boundary=\"true\">Selected Problems in Enumerative Combinatorics<\/strong><br data-rich-text-line-break=\"true\" \/><a href=\"https:\/\/minerva-access.unimelb.edu.au\/bitstream\/handle\/11343\/219277\/PhD%20thesis%3a%20selected%20problems%20in%20enumerative%20combinatorics.pdf?sequence=1&#038;isAllowed=y\">PhD Thesis (2018)<\/a>, Supervised by Tony Guttmann.<\/li>\n<li><strong>Geodesics in Cayley Graphs<br data-rich-text-line-break=\"true\" \/><\/strong><a href=\"https:\/\/www.idpoisson.fr\/elveyprice\/wp-content\/uploads\/sites\/44\/2020\/01\/AEP_masters_thesis.pdf\">Masters thesis (2014)<\/a>, Supervised by Lawrence Reeves.<\/li>\n<\/ul>\n<hr \/>\n<h3>Journal Publications<\/h3>\n<ul>\n<li><strong data-rich-text-format-boundary=\"true\">Enumeration of three quadrant walks with small steps and walks on other M-quadrant cones<\/strong><br \/>Transactions of the American Mathematics Society (2025)<br \/><a class=\"truncate-anchor inline\" href=\"http:\/\/arxiv.org\/abs\/2204.06847\" rel=\"noopener noreferrer\">arXiv:2204.06847<\/a><\/li>\n<li><strong data-rich-text-format-boundary=\"true\">The stationary distribution of reflected Brownian motion in a wedge: differential properties<br \/><\/strong>With Mireille Bousquet-M\u00e9lou, Sandro Franceschi, Charlotte Hardouin and Kilian Raschel<br \/>Electronic Journal of Probability 30 (2025): 1-68. <a class=\"truncate-anchor inline\" href=\"http:\/\/arxiv.org\/abs\/2101.01562\" rel=\"noopener noreferrer\">arXiv:2101.01562<\/a><\/li>\n<li><strong data-rich-text-format-boundary=\"true\">Logarithmic terms in discrete heat kernel expansions in the quadrant<br \/><\/strong>With Andreas Nessmann, and Kilian Raschel<br \/>Annales de l\u2019Institut Henri Poincar\u00e9 D (2024).<a class=\"truncate-anchor inline\" href=\"http:\/\/arxiv.org\/abs\/2309.15209\" rel=\"noopener noreferrer\">arXiv:2309.15209<\/a><\/li>\n<li><strong data-rich-text-format-boundary=\"true\">The six vertex model on random planar maps revisited<br \/><\/strong>With Paul Zinn-Justin<br \/>Journal of Combinatorial Theory A 196 (2023): 105739 (submitted before the replacement journal <a href=\"https:\/\/escholarship.org\/uc\/combinatorial_theory\">Combinatorial theory<\/a> was created)<a class=\"truncate-anchor inline\" href=\"http:\/\/arxiv.org\/abs\/2007.07928\" target=\"orcid.blank\" rel=\"noopener noreferrer\"> arXiv:2007.07928<\/a><\/li>\n<li><strong>A Cayley graph for <span id=\"MathJax-Element-1-Frame\" class=\"MathJax\"><span id=\"MathJax-Span-1\" class=\"math\"><span id=\"MathJax-Span-2\" class=\"mrow\"><span id=\"MathJax-Span-3\" class=\"msubsup\"><span id=\"MathJax-Span-4\" class=\"mi\">F_<\/span><span id=\"MathJax-Span-5\" class=\"texatom\"><span id=\"MathJax-Span-6\" class=\"mrow\"><span id=\"MathJax-Span-7\" class=\"mn\">2<\/span><\/span><\/span><\/span><span id=\"MathJax-Span-8\" class=\"mo\">\u00d7<\/span><span id=\"MathJax-Span-9\" class=\"msubsup\"><span id=\"MathJax-Span-10\" class=\"mi\">F_<\/span><span id=\"MathJax-Span-11\" class=\"texatom\"><span id=\"MathJax-Span-12\" class=\"mrow\"><span id=\"MathJax-Span-13\" class=\"mn\">2<\/span><\/span><\/span><\/span><\/span><\/span><\/span> which is not minimally almost convex<\/strong><br \/>International Journal of Algebra and Computation 32.01 (2022) <span class=\"list-identifier\"><a title=\"Abstract\" href=\"https:\/\/arxiv.org\/abs\/1611.00101\">arXiv:1611.00101<\/a><\/span><\/li>\n<li><strong>Pattern-Avoiding Ascent Sequences of Length 3<br \/><\/strong>With Andrew R Conway, Miles Conway and Tony Guttmann<br \/>Electronic Journal of combinatorics 29.4 (2022): P4.25<a class=\"truncate-anchor inline\" href=\"http:\/\/arxiv.org\/abs\/2111.01279\" rel=\"noopener noreferrer\"> arXiv:2111.01279<\/a><\/li>\n<li><strong>Bijections between walks inside a triangular domain and Motzkin paths of bounded amplitude<br \/><\/strong>With Julien Courtiel and Ir\u00e8ne Marcovici<br \/>Electronic Journal of combinatorics 28.2 (2021): P2.6<a class=\"truncate-anchor inline\" href=\"http:\/\/arxiv.org\/abs\/2007.08868\" target=\"orcid.blank\" rel=\"noopener noreferrer\"> arXiv:2007.08868<\/a><\/li>\n<li><strong>Asymptotics of 3-stack-sortable permutations <\/strong><br \/>With Colin Defant and Tony Guttmann<br \/>Electronic Journal of combinatorics 28.2 (2021): P2.49<a class=\"truncate-anchor inline\" href=\"http:\/\/arxiv.org\/abs\/2009.10439\" rel=\"noopener noreferrer\"> arXiv:2009.10439<\/a><\/li>\n<li><strong>Stieltjes moments sequences for pattern-avoiding permutations<\/strong><br \/>With Alin Bostan, Tony Guttmann and Jean-Marie Maillard<br \/>Electronic Journal of combinatorics 27.4 (2020): P4.20<a class=\"truncate-anchor inline\" href=\"http:\/\/arxiv.org\/abs\/2001.00393\" target=\"orcid.blank\" rel=\"noopener noreferrer\"> arXiv:2001.00393<\/a><\/li>\n<li><strong>Phylogenetic trees, augmented perfect matchings and a Thron-type continued fraction (T-fraction) for the Ward polynomials<br \/><\/strong>With Alan Sokal<br \/>Electronic Journal of combinatorics 27.4 (2020): P4.6<a class=\"truncate-anchor inline\" href=\"http:\/\/arxiv.org\/abs\/2001.01468\" target=\"orcid.blank\" rel=\"noopener noreferrer\"> arXiv:2001.01468<\/a><\/li>\n<li><strong>Compacted binary trees admit a stretched exponential<br \/><\/strong>With Wenjie Fang and Michael Wallner<br \/><em>Journal of Combinatorial theory A <\/em><em>177<\/em> (2020): 105306 <a class=\"truncate-anchor inline\" href=\"http:\/\/arxiv.org\/abs\/1908.11181\" target=\"orcid.blank\" rel=\"noopener noreferrer\">arXiv:1908.11181<\/a><\/li>\n<li><strong>The generating function of planar Eulerian orientations <\/strong><br \/>With Mireille Bousquet-M\u00e9lou<br \/><em>Journal of Combinatorial theory A<\/em> 172 (2020): 105183 <span class=\"list-identifier\"><a title=\"Abstract\" href=\"https:\/\/arxiv.org\/abs\/1803.08265\">arXiv:1803.08265<\/a><\/span><\/li>\n<li><strong>Numerical studies of Thompson&#8217;s group F and related groups <\/strong><br \/>With Tony Guttmann<br \/><em>International Journal of Algebra and Computation<\/em> 29(2): 179-243 (2019) Vol. 321 p34569-34578. <a href=\"http:\/\/arxiv.org\/abs\/1706.07571\">arXiv<i>:1706.07571<\/i><\/a><\/li>\n<li><strong>A structural characterisation of Av(1324) and new bounds on its growth rate<br \/><\/strong>With David Bevan, Robert Brignall and Jay Pantone<br \/><em>European Journal of Combinatorics: Eurocomb 2017 special issue<\/em> <a href=\"https:\/\/arxiv.org\/abs\/1711.10325\">arXiv:1711.10325<\/a><\/li>\n<li><strong>Counting Planar Eulerian Orientations<br \/><\/strong>With Tony Guttmann<br \/><em>European Journal of combinatorics<\/em> 71 (2018): 73-98 <a href=\"https:\/\/arxiv.org\/abs\/1707.09120\">arXiv:<span class=\"list-identifier\">1707.09120<\/span><\/a><\/li>\n<li><strong>The isoperimetric number of the incidence graph of PG(n,q) <\/strong><br \/>With Muhammad Adib Surani and Sanming Zhou<br \/><em>Electronic Journal of Combinatorics<\/em> 25.3 (2018), 3-20. <a title=\"Abstract\" href=\"https:\/\/arxiv.org\/abs\/1612.03293\">arXiv:1612.03293<\/a><\/li>\n<li><strong>Permutations sortable by two stacks in series <\/strong><br \/>With Tony Guttmann<br \/><em>Advances in applied mathematics<\/em> (2017): 81-96. <a title=\"Abstract\" href=\"https:\/\/arxiv.org\/abs\/1510.08663\">arXiv:1510.08663<\/a><\/li>\n<li><strong>Permutations sortable by deques and by two stacks in parallel <\/strong><br \/>With Tony Guttmann<br \/><em>European Journal of Combinatorics<\/em> 59 (2017): 71-95. <a title=\"Abstract\" href=\"https:\/\/arxiv.org\/abs\/1508.02273\">arXiv:1508.02273<\/a><\/li>\n<li><strong>Off-critical parafermions and the winding angle distribution of the O(<span id=\"MathJax-Element-2-Frame\" class=\"MathJax\"><span id=\"MathJax-Span-14\" class=\"math\"><span id=\"MathJax-Span-15\" class=\"mrow\"><span id=\"MathJax-Span-16\" class=\"mi\">n<\/span><\/span><\/span><\/span>) model <\/strong><br \/>With Jan De Gier, Tony Guttmann and Alexander Lee<br \/><em>Journal of Physics A: Mathematical and Theoretical<\/em> 45 (2012) 275002. <a title=\"Abstract\" href=\"https:\/\/arxiv.org\/abs\/1203.2959\">arXiv:1203.2959<\/a><\/li>\n<\/ul>\n<hr \/>\n<h3 id=\"publis\">Conference publications<\/h3>\n<ul>\n<li><strong>Bivariate asym<\/strong><strong>ptotics via random walks: application to large genus maps <\/strong><br \/>With Wenjie Fang, Baptiste Louf and Michael Wallner<br \/><em>FPSAC 2025. Proceedings of the 37th conference on Formal Power Series and Algebraic Combinatorics<\/em>. <a href=\"https:\/\/arxiv.org\/pdf\/2506.06924\">pdf<\/a><\/li>\n<li><strong>Enumeration of walks with small steps avoiding a quadrant<\/strong><br \/><em>FPSAC 2022. Proceedings of the 34th conference on Formal Power Series and Algebraic Combinatorics<\/em>. <a href=\"https:\/\/hal.science\/hal-03880904\/document\">pdf<\/a><\/li>\n<li><strong>Asymptotics of minimal deterministic finite automata recognizing a finite binary language<br \/><\/strong>With Wenjie Fang and Michael Wallner<br \/><em>AofA 2020. Proceedings of the 31st International Conference Probabilistic, Combinatorial and Asymptotic methods for the analysis of algorithms<\/em>. <a href=\"https:\/\/drops.dagstuhl.de\/opus\/volltexte\/2020\/12041\/pdf\/LIPIcs-AofA-2020-11.pdf\">pdf<\/a><\/li>\n<li><strong>Counting lattice walks by winding angle<\/strong><br \/><em>FPSAC 2020. Proceedings of the 32nd conference on Formal Power Series and Algebraic Combinatorics<\/em>. <a href=\"http:\/\/arxiv.org\/abs\/2003.01740\">arXiv:2003.01740<\/a><\/li>\n<li><strong>Eulerian orientations and the six-vertex model on planar maps<br \/><\/strong>With Mireille Bousquet-M\u00e9lou and Paul Zinn-Justin<br \/><em>Proceedings of the 31st conference on Formal Power Series and Algebraic Combinatorics<\/em>. Vol. 82B. S\u00e9m. Lothar. Combin. Article#70 (2019). <a href=\"http:\/\/arxiv.org\/abs\/1902.07369\">arXiv:1902.07369<\/a><\/li>\n<li><strong>Staircases, dominoes and the growth rate of 1324-avoiders<br \/><\/strong>With David Bevan, Robert Brignall and Jay Pantone<br \/><em>Proceedings of the European conference on combinatorics, graph theory and applications<\/em>. Vol 61. Electronic notes in discrete mathematics (2017): 123-129. <a href=\"https:\/\/strathprints.strath.ac.uk\/60579\/8\/Bevan_etal_ENDM_2017_Staircases_dominoes_and_the_growth_rate_of_1324_avoiders.pdf\">pdf<\/a><\/li>\n<\/ul>\n<h3>Preprints and Submissions<\/h3>\n<ul>\n<li><strong>Refined enumeration of planar Eulerian orientations<\/strong><br \/>With Mireille Bousquet-M\u00e9lou<br \/><a class=\"truncate-anchor inline\" href=\"http:\/\/arxiv.org\/abs\/2503.15046\" rel=\"noopener noreferrer\">arXiv:2503.15046<\/a> (2025)\u00a0 A <a href=\"http:\/\/www.labri.fr\/Perso\/~bousquet\/Calculs\/solution-refinements.mw\">Maple session<\/a> that accompanies the paper.\u00a0<\/li>\n<li><strong>Enumeration of weighted quadrant walks: criteria for algebraicity and D-finiteness<\/strong><br \/>With Thomas Dreyfus and Kilian Raschel<br \/><a class=\"truncate-anchor inline\" href=\"http:\/\/arxiv.org\/abs\/2409.12806\" rel=\"noopener noreferrer\">arXiv:2409.12806<\/a> (2024)<\/li>\n<li><strong>Permutations sortable by deques and two stacks in parallel share the same growth rate<\/strong><br \/><a class=\"truncate-anchor inline\" href=\"http:\/\/arxiv.org\/abs\/1912.00056\" target=\"orcid.blank\" rel=\"noopener noreferrer\">arXiv:1912.00056<\/a> (2019)<\/li>\n<\/ul>\n<hr \/>\n<h3 id=\"publis\">Invited talks at conferences<\/h3>\n<ul>\n<li><strong>Counting planar maps equipped with a height function<\/strong><br \/><em>Recent advances in loop models and height functions<\/em>, Fribourg, Switzerland, September 2019 [<a href=\"https:\/\/homeweb.unifr.ch\/manolesc\/Pub\/Loops%20conference\/Price.pdf\">slides<\/a>]<\/li>\n<li><strong>Eulerian orientations and the six-vertex model on planar maps<\/strong><br \/><em>Journ\u00e9es Cartes<\/em>, Universit\u00e9 Paris Diderot, France, February 2019<\/li>\n<li><strong>Exact enumeration of planar Eulerian orientations<\/strong><br \/><em>Workshop on Enumerative Combinatorics<\/em>, Oberwolfach, Germany, May 2018<\/li>\n<li><strong>Staircases and dominoes: Bounding the growth rate of 1324-avoiding permutations<\/strong><br \/><em>Journ\u00e9es de combinatoire de Bordeaux<\/em>, Universit\u00e9 de Bordeaux, France, February 2018 [<a href=\"https:\/\/jcb2018.labri.fr\/uploads\/Site\/Programme\/elvey.pdf\">slides<\/a>]<\/li>\n<li><strong>Thompson&#8217;s group is probably not amenable<\/strong><br \/><em>Workshop on the Thompson&#8217;s groups<\/em>, Odense, Denmark, August 2016 [<a href=\"http:\/\/imada.sdu.dk\/Research\/GroupsAndAlgebras\/Conferences\/ThompsonGroups\/slides\/Odense2016ElveyPrice.pdf\">slides<\/a>]<\/li>\n<\/ul>\n<hr \/>\n<h3 id=\"publis\">Other talks at conferences<\/h3>\n<ul>\n<li><strong>Eulerian orientations and the six vertex model on planar maps<\/strong><br \/>31st conference on formal power series and algebraic combinatorics (FPSAC), Ljubljana, Slovenia, July 2019 [<a href=\"http:\/\/fpsac2019.fmf.uni-lj.si\/resources\/Slides\/129slides.pdf\">slides<\/a>]<\/li>\n<li><strong>Exact enumeration of weighted Eulerian orientations using Jacobi theta functions<\/strong><br \/>ALEA young, Normandy, France, May 2019 [<a href=\"https:\/\/drive.google.com\/open?id=1HMD6zG94WKq0jem-BpavmbbCclqGl9qa\">slides<\/a>]<\/li>\n<li><strong>Exact enumeration of planar Eulerian orientations<\/strong><br \/>Joun\u00e9es ALEA, CIRM, Luminy, France, March 2018 [<a href=\"https:\/\/www.cirm-math.fr\/ProgWeebly\/Renc1776\/Elvey_Price.pdf\">slides<\/a>]<\/li>\n<li><strong>Permutations sortable by deques and two stacks in parallel<\/strong><br \/>Permutations patterns conference, Reykjavik, Iceland, June 2017 [<a href=\"https:\/\/pp2017.github.io\/assets\/pdf\/slides\/andrew_elvey_price.pdf\">slides<\/a>]<\/li>\n<li><strong>A Cayley graph for F_2<span class=\"ILfuVd NA6bn\"><span class=\"e24Kjd\">\u00d7<\/span><\/span>F_2 which is not minimally almost convex<\/strong><br \/>Victorian algebra conference, La Trobe University, Melbourne, Australia, December 2016<\/li>\n<\/ul>\n<hr \/>\n<h3>Talks in seminars<\/h3>\n<ul>\n<li><strong>Counting lattice walks using elliptic functions<\/strong><br \/>S\u00e9minaire de probabilit\u00e9s, UMPA, Lyon, France (by videoconference), April 2020.<\/li>\n<li><strong>Combinatorial functional equations and Jacobi theta functions<\/strong><br \/>Seminaire de combinatoire, LIPN, Paris, France (by videoconference), April 2020.<\/li>\n<li><strong>Counting lattice walks by winding angle using Jacobi theta<br \/>functions<\/strong><br \/>Seminaire Combinatoire, IRIF, Paris, France (by videoconference), April 2020.<\/li>\n<li><strong>Counting lattice walks by winding angle using Jacobi theta functions<br \/><\/strong>Initial meeting of the ANR Project De rerum natura, INRIA Saclay, France, February 2020.<\/li>\n<li><strong>Stretched exponentials for compacted binary trees and a class of minimal automata<\/strong><br \/>Talk with Michael Wallner<br \/>Seminaire Algo, LIGM, Marne-la-Vall\u00e9e, France, January 2020.<\/li>\n<li><strong>Stretched exponentials for compacted binary trees and a class of minimal automata<\/strong><br \/>Talk with Michael Wallner<br \/>Groupe de travail de combinatoire \u00e9num\u00e9rative et alg\u00e9braic, LaBRI, Universit\u00e9 de Bordeaux, France, December 2019.<\/li>\n<li><strong>Eulerian orientations and the six vertex model on planar maps<\/strong><br \/>Combinatoire et interactions, IHP, Paris, France, May 2019.<\/li>\n<li><strong>Eulerian orientations and the six-vertex model on planar maps<\/strong><br \/>Groupe de travail de combinatoire \u00e9num\u00e9rative et alg\u00e9braic, LaBRI, Universit\u00e9 de Bordeaux, France, March 2019.<\/li>\n<li><strong>Enumerating permutations sortable by two stacks in series, two stacks in parallel and a double ended queue<\/strong><br \/>Seminaire SPACE Tours, IDP, Universit\u00e9 de Tours, France, October 2018.<\/li>\n<li><strong>The generating function of planar Eulerian orientations<\/strong><br \/>Mathematical physics seminar, University of Melbourne, Australia, October 2018.<\/li>\n<li><strong>Enumerating planar Eulerian orientations<\/strong><br \/>Discrete mathematics research group, Monash university, Melbourne, Australia, November 2017.<\/li>\n<li><strong>Two enumerative algorithms<\/strong><br \/>Mathematical physics seminar, University of Melbourne, Australia, October 2017.<\/li>\n<li><strong>Enumerating Planar maps qeighted by their Tutte polynomial<\/strong><br \/>Tutte centenary event, Monash university, Melbourne, Australia, September 2017.<\/li>\n<li><strong>Enumeration in Thompson&#8217;s group F<\/strong><br \/>Groupe de travail de combinatoire \u00e9num\u00e9rative et alg\u00e9braic, LaBRI, Universit\u00e9 de Bordeaux, June 2017.<\/li>\n<li><strong>Enumerating 1324-avoiding permutations<\/strong><br \/>Mathematical physics seminar, University of Melbourne, Australia, November 2016.<\/li>\n<\/ul>\n\n\n<p><\/p>\n","protected":false},"excerpt":{"rendered":"<p>CNRS researcher at IDP, Universit\u00e9 de Tours, France.Research team : SPACE. ContactEmail : andrew.elvey-price@cnrs.frPostal AdressAndrew Elvey PriceInstitut Denis Poisson, Universit\u00e9 &hellip; <a href=\"https:\/\/www.idpoisson.fr\/elveyprice\/en\/\" class=\"more-link\">More <span class=\"screen-reader-text\">Home<\/span> <span class=\"meta-nav\">&rarr;<\/span><\/a><\/p>\n","protected":false},"author":3,"featured_media":0,"parent":0,"menu_order":0,"comment_status":"closed","ping_status":"closed","template":"","meta":{"footnotes":""},"folder":[],"class_list":["post-2","page","type-page","status-publish","hentry"],"_links":{"self":[{"href":"https:\/\/www.idpoisson.fr\/elveyprice\/en\/wp-json\/wp\/v2\/pages\/2","targetHints":{"allow":["GET"]}}],"collection":[{"href":"https:\/\/www.idpoisson.fr\/elveyprice\/en\/wp-json\/wp\/v2\/pages"}],"about":[{"href":"https:\/\/www.idpoisson.fr\/elveyprice\/en\/wp-json\/wp\/v2\/types\/page"}],"author":[{"embeddable":true,"href":"https:\/\/www.idpoisson.fr\/elveyprice\/en\/wp-json\/wp\/v2\/users\/3"}],"replies":[{"embeddable":true,"href":"https:\/\/www.idpoisson.fr\/elveyprice\/en\/wp-json\/wp\/v2\/comments?post=2"}],"version-history":[{"count":15,"href":"https:\/\/www.idpoisson.fr\/elveyprice\/en\/wp-json\/wp\/v2\/pages\/2\/revisions"}],"predecessor-version":[{"id":168,"href":"https:\/\/www.idpoisson.fr\/elveyprice\/en\/wp-json\/wp\/v2\/pages\/2\/revisions\/168"}],"wp:attachment":[{"href":"https:\/\/www.idpoisson.fr\/elveyprice\/en\/wp-json\/wp\/v2\/media?parent=2"}],"wp:term":[{"taxonomy":"folder","embeddable":true,"href":"https:\/\/www.idpoisson.fr\/elveyprice\/en\/wp-json\/wp\/v2\/folder?post=2"}],"curies":[{"name":"wp","href":"https:\/\/api.w.org\/{rel}","templated":true}]}}