{"id":1134,"date":"2018-04-20T14:50:03","date_gmt":"2018-04-20T12:50:03","guid":{"rendered":"https:\/\/www.idpoisson.fr\/?page_id=1134"},"modified":"2025-10-06T16:13:36","modified_gmt":"2025-10-06T14:13:36","slug":"bibliotheque-de-mathematiques-dorleans","status":"publish","type":"page","link":"https:\/\/www.idpoisson.fr\/en\/bibliotheque-de-mathematiques-dorleans\/","title":{"rendered":"Biblioth\u00e8que de Math\u00e9matiques d&#8217;Orl\u00e9ans"},"content":{"rendered":"<h1 style=\"text-align: center\"><b>Biblioth\u00e8que de Math\u00e9matiques d&#8217;Orl\u00e9ans<\/b><\/h1>\n<div class=\"row\">\n<div class=\"large-8 medium-10 columns\">\n<p>Biblioth\u00e8que de Recherche &#8211; Institut Denis Poisson (ex-MAPMO) &#8211; UMR 7013<a href=\"http:\/\/www.rnbm.org\/\"> Membre du R\u00e9seau National des Biblioth\u00e8ques de Math\u00e9matiques (RNBM) &#8211; FRANCE<\/a><span class=\"Style\"><br \/><\/span><\/p>\n<h3><a class=\"link\" href=\"https:\/\/www.idpoisson.fr\/probleme-dacces-orleans\/\">Probl\u00e8me d&#8217;acc\u00e8s ?<\/a><\/h3>\n<h3>Biblioth\u00e8que Universitaire ; Service commun de documentation(=SCD)<\/h3>\n<ul>\n<li><a class=\"link\" href=\"http:\/\/scd.univ-orleans.fr\/\">Biblioth\u00e8que Universitaire ; Service commun de documentation<\/a><\/li>\n<li><a class=\"link\" href=\"https:\/\/auth.univ-orleans.fr\/cas\/login?service=http:\/\/hip.univ-orleans.fr:80\/ipac20\/ipac.jsp?session=J4U3Y30886546.538%26profile=scdcas%26menu=account%26CAS=passe\">Compte lecteur<\/a><\/li>\n<\/ul>\n<h3>Catalogue des livres<\/h3>\n<ul>\n<li><a class=\"link\" href=\"http:\/\/scd.univ-orleans.fr\/\">Recherche<\/a><\/li>\n<\/ul>\n<h3>Catalogue des revues<\/h3>\n<ul>\n<li><a class=\"link\" href=\"http:\/\/scd.univ-orleans.fr\/\">Revues papiers ou\/et \u00e9lectroniques<\/a><\/li>\n<li><a class=\"link\" href=\"http:\/\/atoz.ebsco.com\/Titles\/univdorlen?lang=en&#038;lang.menu=en&#038;lang.subject=en\">Revues en \u00e9lectronique uniquement<\/a><\/li>\n<\/ul>\n<h3>Recherche bibliographique \/ Serveurs de preprint<\/h3>\n<ul>\n<li><a class=\"link\" href=\"https:\/\/www.idpoisson.fr\/bibliotheque-de-mathematiques-dorleans\/revues-idp-orleans\/\">Liste des collections de revues<\/a><\/li>\n<li><a class=\"link\" href=\"http:\/\/www.ams.org\/mathscinet\/\">MathSciNet (Maths Reviews)<\/a>\n<ul>\n<li><a class=\"link\" href=\"http:\/\/www.ams.org\/mathscinet\">Acc\u00e8s depuis le campus<\/a><\/li>\n<li><a class=\"link\" href=\"https:\/\/ezproxy.univ-orleans.fr\/login?url=http:\/\/www.ams.org\/mathscinet\">Acc\u00e8s nomade<\/a><\/li>\n<\/ul>\n<\/li>\n<li><a class=\"link\" href=\"http:\/\/www.zentralblatt-math.org\/zmath\/en\/advanced\/\">Zentralblatt Math<\/a><\/li>\n<li><a class=\"link\" href=\"https:\/\/portail.math.cnrs.fr\/doc\">PortailMath<\/a><\/li>\n<li><a class=\"link\" href=\"http:\/\/hal.archives-ouvertes.fr\/\">HAL<\/a><\/li>\n<li><a class=\"link\" href=\"http:\/\/arxiv.org\/\">ArXiv<\/a><\/li>\n<li><a class=\"link\" href=\"http:\/\/www.mathdoc.fr\/\">MathDoc<\/a><\/li>\n<li><a class=\"link\" href=\"http:\/\/citeseer.ist.psu.edu\/\">CiteSeer<\/a><\/li>\n<li><a href=\"https:\/\/bib.cnrs.fr\/\">BibCnrs<\/a> : Identification avec compte JANUS<\/li>\n<li><a href=\"https:\/\/www-jstor-org.ins2i.bib.cnrs.fr\/\">JSTOR &#8211; Maths &#038; Statistics<\/a> : acc\u00e8s via Bibcnrs sous identification JANUS, ressource de l&#8217;INS2I<\/li>\n<\/ul>\n<h3>Soci\u00e9t\u00e9s Math\u00e9matiques<\/h3>\n<ul>\n<li><a class=\"link\" href=\"http:\/\/smf.emath.fr\">Soci\u00e9t\u00e9 Math\u00e9matique de France<\/a><\/li>\n<li><a class=\"link\" href=\"http:\/\/smai.emath.fr\/\">Soci\u00e9t\u00e9 de Math\u00e9matiques Appliqu\u00e9es &#038; Industrielles<\/a><\/li>\n<li><a class=\"link\" href=\"http:\/\/www.euro-math-soc.eu\/\">Soci\u00e9t\u00e9 Math\u00e9matique Europ\u00e9enne<\/a><\/li>\n<li><a class=\"link\" href=\"http:\/\/www.ams.org\/\">American Mathematical Society<\/a><\/li>\n<li><a class=\"link\" href=\"http:\/\/www.lms.ac.uk\/\">London Mathematical Society<\/a><\/li>\n<li><a class=\"link\" href=\"http:\/\/www.ams.org\/mathweb\/mi-sao.html\">Autres Soci\u00e9t\u00e9s<\/a><\/li>\n<\/ul>\n<h3>Divers<\/h3>\n<ul>\n<li><a href=\"https:\/\/www.inist.fr\/\">INIST<\/a> : <a href=\"https:\/\/bib.cnrs.fr\/\">BibCnrs<\/a>, <a href=\"https:\/\/clickandread.inist.fr\/\">Click &#038; Read<\/a>, <a href=\"https:\/\/doranum.fr\/\">DoRANum<\/a> (gestion des donn\u00e9es de la recherche), <a href=\"https:\/\/opidor.fr\/\">Opidor<\/a> (partage et l\u2019interop\u00e9rabilit\u00e9 de vos donn\u00e9es de recherche)<\/li>\n<li><a href=\"http:\/\/www.ouvrirlascience.fr\/guide-application-loi-republique-numerique-article-30-ecrits-scientifiques-version-courte\/\">Guide d&#8217;application de la loi num\u00e9rique<\/a> &#8211; <strong>Article 30<\/strong> <strong>de la LOI n\u00b0 2016-1321 du 7 octobre 2016<\/strong><\/li>\n<li><a href=\"https:\/\/www.ouvrirlascience.fr\/accueil\/\">Ouvrir la Science<\/a> (guides, recommandations, lexiques, etc&#8230;)<\/li>\n<li><a class=\"link\" href=\"http:\/\/www.univ-orleans.fr\/mapmo\/doc\/revues\/enligne.php?mode=editeurs\">\u00c9diteurs<\/a><\/li>\n<li><a class=\"link\" href=\"http:\/\/www.univ-orleans.fr\/mapmo\/imhotep\/index.php?mode=4&#038;lang=fr\">IMHOTEP<\/a><\/li>\n<\/ul>\n<\/div>\n<\/div>\n\n\n\n\n\n\n\n","protected":false},"excerpt":{"rendered":"<p>Biblioth\u00e8que de Math\u00e9matiques d&#8217;Orl\u00e9ans Biblioth\u00e8que de Recherche &#8211; Institut Denis Poisson (ex-MAPMO) &#8211; UMR 7013 Membre du R\u00e9seau National des &hellip; <a href=\"https:\/\/www.idpoisson.fr\/en\/bibliotheque-de-mathematiques-dorleans\/\" class=\"more-link\">More <span class=\"screen-reader-text\">Biblioth\u00e8que de Math\u00e9matiques d&#8217;Orl\u00e9ans<\/span> <span class=\"meta-nav\">&rarr;<\/span><\/a><\/p>\n","protected":false},"author":2,"featured_media":0,"parent":0,"menu_order":0,"comment_status":"closed","ping_status":"closed","template":"page-templates\/no-sidebar-full-width.php","meta":{"footnotes":""},"class_list":["post-1134","page","type-page","status-publish","hentry"],"_links":{"self":[{"href":"https:\/\/www.idpoisson.fr\/en\/wp-json\/wp\/v2\/pages\/1134","targetHints":{"allow":["GET"]}}],"collection":[{"href":"https:\/\/www.idpoisson.fr\/en\/wp-json\/wp\/v2\/pages"}],"about":[{"href":"https:\/\/www.idpoisson.fr\/en\/wp-json\/wp\/v2\/types\/page"}],"author":[{"embeddable":true,"href":"https:\/\/www.idpoisson.fr\/en\/wp-json\/wp\/v2\/users\/2"}],"replies":[{"embeddable":true,"href":"https:\/\/www.idpoisson.fr\/en\/wp-json\/wp\/v2\/comments?post=1134"}],"version-history":[{"count":15,"href":"https:\/\/www.idpoisson.fr\/en\/wp-json\/wp\/v2\/pages\/1134\/revisions"}],"predecessor-version":[{"id":9016,"href":"https:\/\/www.idpoisson.fr\/en\/wp-json\/wp\/v2\/pages\/1134\/revisions\/9016"}],"wp:attachment":[{"href":"https:\/\/www.idpoisson.fr\/en\/wp-json\/wp\/v2\/media?parent=1134"}],"curies":[{"name":"wp","href":"https:\/\/api.w.org\/{rel}","templated":true}]}}