{"id":1140,"date":"2018-04-20T14:55:14","date_gmt":"2018-04-20T12:55:14","guid":{"rendered":"https:\/\/www.idpoisson.fr\/?page_id=1140"},"modified":"2018-04-20T14:55:14","modified_gmt":"2018-04-20T12:55:14","slug":"revues-idp-orleans","status":"publish","type":"page","link":"https:\/\/www.idpoisson.fr\/en\/bibliotheque-de-mathematiques-dorleans\/revues-idp-orleans\/","title":{"rendered":"Revues IDP Orl\u00e9ans"},"content":{"rendered":"<h2>Liste des collections de revues disponibles en ligne \u00e0 l&#8217;IDP Orl\u00e9ans<\/h2>\n<p><\/p>\n<hr \/>\n<p><span style=\"color: red\">Attention!<\/span><\/p>\n<p>\n Certaines revues sont d&#8217;acc\u00e8s r\u00e9serv\u00e9s aux membres du Laboratoire et D\u00e9partement d&#8217;Orl\u00e9ans <\/p>\n<p> <b>L&#8217;acc\u00e8s \u00e0 CERTAINES revues peut changer, dans ce cas consultez le site de l&#8217;\u00e9diteur.<\/b> <\/p>\n<ul>\n<li><a class=\"link\" href=\"http:\/\/www.ams.org\/\"> American Mathematical Society<\/a><\/li>\n<li><a class=\"link\" href=\"http:\/\/publish.aps.org\/PRTOC\/\"> American Physics Society<\/a><\/li>\n<li><a class=\"link\" href=\"http:\/\/link.springer.de\/\"> Birkhauser<\/a><\/li>\n<li><a class=\"link\" href=\"http:\/\/www.sciencedirect.com\/\"> Elsevier<\/a><\/li>\n<li><a class=\"link\" href=\"http:\/\/www.emis.de\/journals\/index.html\"> European Mathematical Society<\/a><\/li>\n<li><a class=\"link\" href=\"http:\/\/www.heldermann.de\/\"> Heldermann<\/a><\/li>\n<li><a class=\"link\" href=\"http:\/\/www.math.ukans.edu\/~jot\/\"> Institute of Mathematics of the Ramanian Academy of Sciences<\/a><\/li>\n<li><a class=\"link\" href=\"http:\/\/www.wkap.nl\/home\/topics\/J\/?type=Journals\"> Kluwer<\/a><\/li>\n<li><a class=\"link\" href=\"http:\/\/www.lms.ac.uk\/\"> London Mathematical Society<\/a><\/li>\n<li><a class=\"link\" href=\"http:\/\/www.maa.org\/\"> Mathematical Association of America<\/a><\/li>\n<li><a class=\"link\" href=\"http:\/\/muse.jhu.edu\/\"> Muse Project, scholarly journals online<\/a><\/li>\n<li><a class=\"link\" href=\"http:\/\/www.numdam.org\/\"> NUMDAM<\/a><\/li>\n<li><a class=\"link\" href=\"http:\/\/matwbn.icm.edu.pl\/index.php?jez=en\"> Polish Virtual Library of Science<\/a><\/li>\n<li><a class=\"link\" href=\"http:\/\/epubs.siam.org\/\"> Society of Industrial and Applied Mathematics<\/a><\/li>\n<li><a class=\"link\" href=\"http:\/\/www.edpsciences.com\/\"> SMAI et SMF<\/a><\/li>\n<li><a class=\"link\" href=\"http:\/\/link.springer.de\/\"> Springer<\/a><\/li>\n<li><a class=\"link\" href=\"http:\/\/www.tandf.co.uk\/journals\"> Taylor &#038; Francis<\/a><\/li>\n<li><a class=\"link\" href=\"http:\/\/www3.interscience.wiley.com\/cgi-bin\/browsepjsu?CODE=MST&#038;SUBJECT=Mathematics%20and%20Statistics\"> Wiley<\/a><\/li>\n<\/ul>\n","protected":false},"excerpt":{"rendered":"<p>Liste des collections de revues disponibles en ligne \u00e0 l&#8217;IDP Orl\u00e9ans Attention! Certaines revues sont d&#8217;acc\u00e8s r\u00e9serv\u00e9s aux membres du &hellip; <a href=\"https:\/\/www.idpoisson.fr\/en\/bibliotheque-de-mathematiques-dorleans\/revues-idp-orleans\/\" class=\"more-link\">More <span class=\"screen-reader-text\">Revues IDP Orl\u00e9ans<\/span> <span class=\"meta-nav\">&rarr;<\/span><\/a><\/p>\n","protected":false},"author":2,"featured_media":0,"parent":1134,"menu_order":0,"comment_status":"closed","ping_status":"closed","template":"page-templates\/no-sidebar-full-width.php","meta":{"footnotes":""},"class_list":["post-1140","page","type-page","status-publish","hentry"],"_links":{"self":[{"href":"https:\/\/www.idpoisson.fr\/en\/wp-json\/wp\/v2\/pages\/1140","targetHints":{"allow":["GET"]}}],"collection":[{"href":"https:\/\/www.idpoisson.fr\/en\/wp-json\/wp\/v2\/pages"}],"about":[{"href":"https:\/\/www.idpoisson.fr\/en\/wp-json\/wp\/v2\/types\/page"}],"author":[{"embeddable":true,"href":"https:\/\/www.idpoisson.fr\/en\/wp-json\/wp\/v2\/users\/2"}],"replies":[{"embeddable":true,"href":"https:\/\/www.idpoisson.fr\/en\/wp-json\/wp\/v2\/comments?post=1140"}],"version-history":[{"count":1,"href":"https:\/\/www.idpoisson.fr\/en\/wp-json\/wp\/v2\/pages\/1140\/revisions"}],"predecessor-version":[{"id":1141,"href":"https:\/\/www.idpoisson.fr\/en\/wp-json\/wp\/v2\/pages\/1140\/revisions\/1141"}],"up":[{"embeddable":true,"href":"https:\/\/www.idpoisson.fr\/en\/wp-json\/wp\/v2\/pages\/1134"}],"wp:attachment":[{"href":"https:\/\/www.idpoisson.fr\/en\/wp-json\/wp\/v2\/media?parent=1140"}],"curies":[{"name":"wp","href":"https:\/\/api.w.org\/{rel}","templated":true}]}}