{"id":1307,"date":"2018-06-07T10:21:14","date_gmt":"2018-06-07T08:21:14","guid":{"rendered":"https:\/\/www.idpoisson.fr\/?page_id=1307"},"modified":"2026-01-05T14:49:31","modified_gmt":"2026-01-05T13:49:31","slug":"bibliotheque-de-mathematiques-et-physique-theorique-de-tours","status":"publish","type":"page","link":"https:\/\/www.idpoisson.fr\/en\/bibliotheque-de-mathematiques-et-physique-theorique-de-tours\/","title":{"rendered":"Biblioth\u00e8que de Math\u00e9matiques et Physique Th\u00e9orique de Tours"},"content":{"rendered":"<h1 style=\"text-align: center\">Biblioth\u00e8que de Math\u00e9matiques et Physique Th\u00e9orique de Tours<\/h1>\n<p><img loading=\"lazy\" decoding=\"async\" class=\"aligncenter wp-image-6731\" src=\"https:\/\/www.idpoisson.fr\/wp-content\/uploads\/2024\/10\/Tours_BMPT_01-1024x768-1.jpg\" alt=\"\" width=\"600\" height=\"450\" srcset=\"https:\/\/www.idpoisson.fr\/wp-content\/uploads\/2024\/10\/Tours_BMPT_01-1024x768-1.jpg 1024w, https:\/\/www.idpoisson.fr\/wp-content\/uploads\/2024\/10\/Tours_BMPT_01-1024x768-1-300x225.jpg 300w, https:\/\/www.idpoisson.fr\/wp-content\/uploads\/2024\/10\/Tours_BMPT_01-1024x768-1-768x576.jpg 768w\" sizes=\"auto, (max-width: 600px) 100vw, 600px\" \/><\/p>\n<p>Biblioth\u00e8que de Recherche \u2013 Institut Denis-Poisson, UMR CNRS 7013, site de Tours, membre du <a href=\"https:\/\/www.rnbm.org\/\">RNBM<\/a><\/p>\n<hr \/>\n<p><span style=\"background-color: #ffff99\"><strong>En cas de fermeture de la biblioth\u00e8que, vous pouvez rendre vos livres \u00e0 la BU-Grandmont (B\u00e2timent G) de 8h30 \u00e0 18h30, du lundi au vendredi.<\/strong><\/span><\/p>\n<div class=\"field field-name-field-info field-type-text-long field-label-above\">\n<div class=\"field-items\">\n<div class=\"field-item even\"><hr \/><\/div>\n<\/div>\n<\/div>\n<p>La Biblioth\u00e8que, adh\u00e9rente institutionnelle de la <a href=\"http:\/\/smf.emath.fr\/\">Soci\u00e9t\u00e9 Math\u00e9matique de France<\/a>, est membre du <a href=\"http:\/\/www.rnbm.org\/\">RNBM<\/a>, R\u00e9seau National des Biblioth\u00e8ques de Math\u00e9matiques, r\u00e9seau th\u00e9matique rattach\u00e9 \u00e0 l\u2019INSMI-CNRS (ex-GDS 2755). Elle est biblioth\u00e8que associ\u00e9e \u00e0 la Direction des Biblioth\u00e8ques &#038; des Archives de l&#8217;Universit\u00e9 de Tours (ex-SCD).<\/p>\n<ul style=\"list-style-type: disc\">\n<li>Responsable scientifique\u00a0: Marc Peign\u00e9<\/li>\n<li>Documentaliste : Sandrine Renard &#8211; mail : <span style=\"font-family: Times New Roman, Times, serif\">sandrine.renard-riccetti[at]idpoisson.fr<\/span><\/li>\n<\/ul>\n<h3>Actualit\u00e9s \/ News\u00a0:<\/h3>\n<ul>\n<li><span style=\"text-decoration: underline;background-color: #ffff99\"><strong>Outils\u00a0 :<\/strong><\/span><\/li>\n<li><a href=\"https:\/\/clickandread.inist.fr\/\">Extension Click &#038; Read CNRS<\/a>\u00a0 :\u00a0 Acc\u00e9dez en un clic au texte int\u00e9gral des ressources auxquelles vous avez droit (<strong>nouvelle version : V 4.2.4<\/strong>)<\/li>\n<li><a href=\"https:\/\/coop-ist.cirad.fr\/actualites\/10-bonnes-raisons-de-creer-son-identifiant-chercheur-orcid-id\">10 bonnes raisons de cr\u00e9er son identifiant chercheur ORCID ID<\/a><\/li>\n<li><a title=\"Lien vers contenus-annexes\/documents\/10-good-reasons-to-create-your-orcid-researcher-identifier\" href=\"https:\/\/coop-ist.cirad.fr\/contenus-annexes\/documents\/10-good-reasons-to-create-your-orcid-researcher-identifier\">10 good reasons to create your ORCID researcher identifier<\/a><\/li>\n<li><span style=\"background-color: #ffff99\"><strong>Edition scientifique :<\/strong><\/span><\/li>\n<li><a href=\"https:\/\/www.episciences.org\/fr\/revues\/\">Epirevues<\/a><\/li>\n<li><a href=\"https:\/\/www.rnbm.org\/publier-dans-un-journal-de-lediteur-elsevier-a-partir-de-2024\/\">Publi\u00e9 dans un journal <strong>Elsevier<\/strong> \u00e0 partir de janvier 2024<\/a><\/li>\n<li><a href=\"https:\/\/karim-ramdani-site.apps.math.cnrs.fr\/2021\/01\/20\/quelques-revues-mathematicians-friendly\/\">Des revues &#8220;mathematicians-friendly&#8221;<\/a><\/li>\n<li><a href=\"https:\/\/www.ouvrirlascience.fr\/je-publie-quels-sont-mes-droits\/\">Je publie, quels sont mes droits ?<\/a> \u00a0\u00a0\u00a0 \/\/ 2e \u00e9dition 2020-10 (trois versions pour des usages diff\u00e9rents)<\/li>\n<li><a href=\"https:\/\/www.idpoisson.fr\/wp-content\/uploads\/2018\/06\/droit_auteur-fre.pdf\">Je publie, quels sont mes droits ?<\/a> \u00a0\u00a0\u00a0 \/\/ \u00a0\u00a0 <a href=\"https:\/\/www.idpoisson.fr\/wp-content\/uploads\/2018\/06\/droit_auteur-eng.pdf\">What are my rights when I publish ?<\/a><\/li>\n<li><span style=\"text-decoration: underline;background-color: #ffff99\"><strong>Science Ouverte, donn\u00e9es de la recherche\u00a0 :<\/strong><\/span><\/li>\n<li><strong>HAL<\/strong> : <a href=\"_wp_link_placeholder\" data-wplink-edit=\"true\">A partir de Janvier 2026, pas de d\u00e9p\u00f4t sans licence !<\/a><\/li>\n<li><a href=\"https:\/\/www.ouvrirlascience.fr\/accueil\/\">Ouvrir la Science<\/a> (guides, recommandations, lexiques, etc&#8230;)<\/li>\n<li><a href=\"http:\/\/www.ouvrirlascience.fr\/guide-application-loi-republique-numerique-article-30-ecrits-scientifiques-version-courte\/\">Guide d\u2019application de la loi num\u00e9rique<\/a> \u2013 <strong>Article 30<\/strong> <strong>de la LOI n\u00b0 2016-1321 du 7 octobre 2016<\/strong><\/li>\n<li><a href=\"https:\/\/www.canal-u.tv\/135435\">R\u00e9daction de Plans de Gestion de donn\u00e9es sous l&#8217;angle des besoins de la communaut\u00e9 math\u00e9matique<\/a><\/li>\n<li>Gestion des donn\u00e9es de la recherche : <a href=\"https:\/\/doranum.fr\/\">DoRANum<\/a><\/li>\n<li>PGD : <a href=\"https:\/\/doranum.fr\/tags\/dmp-opidor\/\">DMP OPIDoR<\/a> &#8211; Partage et interop\u00e9rabilit\u00e9 des donn\u00e9es de recherche : <a href=\"https:\/\/opidor.fr\/\">OPIDoR<\/a><\/li>\n<li><a href=\"https:\/\/www.cnrs.fr\/fr\/cnrsinfo\/acces-ouvert-les-pratiques-des-scientifiques-analysees?sstc=u41792nl7113\">Acc\u00e8s ouvert : les pratiques des scientifiques analys\u00e9es<\/a><\/li>\n<li><a href=\"https:\/\/www.cnrs.fr\/fr\/cnrsinfo\/les-mathematiques-formulent-leur-futur?sstc=u41792nl7113\"><span style=\"font-family: Calibri\">Assises des math\u00e9matiques, 14-16 novembre 2022 : les math\u00e9matiques formulent leur futur<\/span><\/a><\/li>\n<li><a href=\"https:\/\/www.ouvrirlascience.fr\/strategie-de-non-cession-des-droits-mode-demploi\/\">G<span style=\"font-family: Times New Roman, Times, serif\">uide sur la strat\u00e9gie de non-cession des droits sur les publications scientifiques<\/span><\/a><\/li>\n<li><a href=\"https:\/\/www.ouvrirlascience.fr\/recherche-data-gouv-plateforme-nationale-federee-des-donnees-de-la-recherche\/\">Recherche Data Gouv : plateforme nationale f\u00e9d\u00e9r\u00e9e des donn\u00e9es de la recherche<\/a><\/li>\n<li><a href=\"https:\/\/www.ouvrirlascience.fr\/les-donnees-de-la-recherche-un-sujet-strategique\/\">Les donn\u00e9es de la recherche : un sujet strat\u00e9gique<\/a><\/li>\n<li><a href=\"https:\/\/www.ouvrirlascience.fr\/deuxieme-plan-national-pour-la-science-ouverte-2021-2024\/\">2\u00e8me Plan National de la Science Ouverte : 2021-2024<\/a><\/li>\n<li><a href=\"https:\/\/www.ouvrirlascience.fr\/bilan-du-plan-national-pour-la-science-ouverte-2018-2021\/\">Plan National de la Science Ouverte 2018-2021 : Bilan<\/a><\/li>\n<li><a href=\"https:\/\/www.ouvrirlascience.fr\/plan-national-pour-la-science-ouverte\/\">Plan National de la Science Ouverte 2018-2021<\/a><\/li>\n<li><a href=\"http:\/\/www.rnbm.org\/acces-ouvert\/\" target=\"_blank\" rel=\"noopener noreferrer\">Acc\u00e8s ouverts, publications math\u00e9matiques<\/a> (15 mai 2018)<\/li>\n<li><a href=\"http:\/\/jussieucall.org\/index-FR.html\" target=\"_blank\" rel=\"noopener noreferrer\">Appel de Jussieu<\/a> pour la science ouverte et la bibliodiversit\u00e9 (10 octobre 2017)<\/li>\n<li><a href=\"https:\/\/www.legifrance.gouv.fr\/dossierlegislatif\/JORFDOLE000031589829\/\" target=\"_blank\" rel=\"noopener noreferrer\">Loi pour une r\u00e9publique num\u00e9rique<\/a>, promulgu\u00e9e le 07\/10\/2016<\/li>\n<\/ul>\n<h3>Renseignements pratiques\u00a0:<\/h3>\n<ul>\n<li><a href=\"https:\/\/www.idpoisson.fr\/wp-content\/uploads\/2024\/10\/Reglement_int_Bibliotheque_IDP-Tours_2024-10.pdf\"> R\u00e8glement int\u00e9rieur de la biblioth\u00e8que<\/a><\/li>\n<li><a href=\"https:\/\/cas.univ-tours.fr\/cas\/login?service=https:\/\/ent.univ-tours.fr\/uPortal\/Login\" target=\"_blank\" rel=\"noopener noreferrer\">Compte lecteur (ENT)<\/a><\/li>\n<\/ul>\n<h3>Catalogue des ouvrages\u00a0de la biblioth\u00e8que :<\/h3>\n<ul>\n<li><a href=\"https:\/\/sierra-app.scd.univ-tours.fr\/\">Acc\u00e8s catalogue<\/a><\/li>\n<\/ul>\n<h3>Catalogue des revues\u00a0:<\/h3>\n<ul style=\"list-style-type: disc\">\n<li><em>Catalogue fusionn\u00e9 des p\u00e9riodiques de math\u00e9matiques<\/em> :<\/li>\n<li><a href=\"https:\/\/cfp.mathdoc.fr\/library\/43\/etat\/\" target=\"_blank\" rel=\"noopener noreferrer\">Revues papier disponibles \u00e0 la biblioth\u00e8que<\/a><\/li>\n<li><a href=\"https:\/\/cfp.mathdoc.fr\/geslic\/library\/43\/\" target=\"_blank\" rel=\"noopener noreferrer\">Revues \u00e9lectronique disponibles \u00e0 la biblioth\u00e8que<\/a><\/li>\n<li><em>DBA-Tours :<\/em><\/li>\n<li><a href=\"https:\/\/sierra-app.scd.univ-tours.fr\/\" target=\"_blank\" rel=\"noopener noreferrer\">Revues papier et\/ou \u00e9lectronique<\/a><\/li>\n<li><a href=\"http:\/\/wk6sd9xc7e.search.serialssolutions.com\/ejp\/?libHash=WK6SD9XC7E#\/?language=fr-fr&#038;titleType=ALL&#038;category=LS\" target=\"_blank\" rel=\"noopener noreferrer\">Revues en ligne : catalogue A to Z et Bases de Donn\u00e9es<\/a><\/li>\n<\/ul>\n<h3 class=\"western\">Portails documentaires :<\/h3>\n<ul>\n<li><a href=\"https:\/\/portail.math.cnrs.fr\/doc\" target=\"_blank\" rel=\"noopener noreferrer\">Portail Math.cnrs<\/a> : Construit sous l\u2019\u00e9gide de l\u2019INSMI par la cellule Mathdoc, le r\u00e9seau RNBM et le r\u00e9seau Mathrice, ce portail propose un acc\u00e8s aux ressources et services disponibles dans le domaine des math\u00e9matiques. Acc\u00e8s \u00e0 <strong>NUMIR<\/strong> : Site de diffusion des monographies num\u00e9ris\u00e9es des biblioth\u00e8ques de math\u00e9matiques de Jussieu et Chevaleret (Paris). Un accord avec Springer a permis la num\u00e9risation de 300 ouvrages \u00e9puis\u00e9s et encore sous droits, ainsi que leur mise \u00e0 disposition \u00e0 l\u2019ensemble des math\u00e9maticiens fran\u00e7ais du RNBM.<\/li>\n<li><a href=\"https:\/\/www.numdam.org\/\">Numdam<\/a> : Biblioth\u00e8que num\u00e9rique fran\u00e7aise de math\u00e9matiques.<\/li>\n<li><a href=\"https:\/\/www.centre-mersenne.org\/\">Centre Mersenne<\/a> : Plateforme d&#8217;\u00e9dition en libre acc\u00e8s pour publications scientifiques. (17 revues en math\u00e9matiques)<\/li>\n<li><a href=\"https:\/\/bib.cnrs.fr\/\" target=\"_blank\" rel=\"noopener noreferrer\">bibcnrs<\/a> : Acc\u00e8s aux ressources documentaires financ\u00e9es par l&#8217;INSMI et l&#8217;INS2I.<\/li>\n<li><a href=\"http:\/\/sites.mathdoc.fr\/LiNuM\/\" target=\"_blank\" rel=\"noopener noreferrer\">LiNum<\/a>\u00a0: Livres Num\u00e9ris\u00e9s math\u00e9matiques<\/li>\n<li><a href=\"https:\/\/www.gutenberg.org\/\" target=\"_blank\" rel=\"noopener noreferrer\">Ebooks free from Gutenberg<\/a><\/li>\n<li><a href=\"https:\/\/directory.doabooks.org\/browse?type=classification_text&#038;value=Mathematics+%26+science\" target=\"_blank\" rel=\"noopener noreferrer\">Doabooks<\/a> \u00a0: <i>livres en acc\u00e8s libre en math\u00e9matiques <br \/><\/i><\/li>\n<li><a href=\"https:\/\/directory.doabooks.org\/discover?field=classification_text&#038;filtertype=classification_text&#038;filter_relational_operator=equals&#038;filter=Physics\" target=\"_blank\" rel=\"noopener noreferrer\">Doabooks<\/a> \u00a0: <i>livres en acc\u00e8s libre en physique<br \/><\/i><\/li>\n<\/ul>\n<h3 class=\"western\">Recherche bibliographique \/ Serveurs de preprint :<\/h3>\n<ul>\n<li><a href=\"https:\/\/www.idpoisson.fr\/liste-des-collections-tours\/\" target=\"_blank\" rel=\"noopener noreferrer\">Liste des collections de revues<\/a><\/li>\n<li><a href=\"https:\/\/www.zbmath.org\/\">zbMATH OPEN<\/a> (ZentralBlatt en acc\u00e8s libre depuis 2021)<\/li>\n<li><a href=\"https:\/\/hal-univ-tours.archives-ouvertes.fr\/IDP\">HAL : Collection de l&#8217;IDP<\/a><\/li>\n<li><a href=\"http:\/\/arxiv.org\/\" target=\"_blank\" rel=\"noopener noreferrer\">ArXiv<\/a><\/li>\n<li><a href=\"https:\/\/www.base-search.net\/\" target=\"_blank\" rel=\"noopener noreferrer\">BASE<\/a> (Bielefeld Academic Search Machine)<\/li>\n<li><a href=\"https:\/\/www.nist.gov\/pml\/productsservices\/physical-reference-data\" target=\"_blank\" rel=\"noopener noreferrer\">Physical Reference Data NIST<\/a> (National Institute of Standards and Technology)<\/li>\n<li><a href=\"https:\/\/bib.cnrs.fr\/\" target=\"_blank\" rel=\"noopener noreferrer\">INSPEC<\/a> (via BibCnrs) &#8211; Attention, le CNRS s&#8217;est d\u00e9sabonn\u00e9 de la base SCOPUS<\/li>\n<li><a href=\"https:\/\/citeseer.ist.psu.edu\/\" target=\"_blank\" rel=\"noopener noreferrer\">CiteSeer<\/a><\/li>\n<li><a href=\"https:\/\/bib.cnrs.fr\/jsor-mathematics-ans-statistics-collection-accessible-a-la-communaute-insmi\/\" target=\"_blank\" rel=\"noopener noreferrer\">JSTOR<\/a> Collection <span class=\"st\"><em>Mathematics &#038; Statistics<\/em><\/span> (via bibcnrs\/INS2I)<\/li>\n<\/ul>\n<h3 class=\"western\" style=\"line-height: 100%\">Licences Nationales : Archives de revues, corpus num\u00e9ris\u00e9s, ebooks, librement disponibles pour la communaut\u00e9 fran\u00e7aise de l\u2019enseignement sup\u00e9rieur et de la recherche, notamment :<\/h3>\n<ul>\n<li><a href=\"https:\/\/link.springer.com\/bookseries\/34\" target=\"_blank\" rel=\"noopener noreferrer\">Applied Mathematical Sciences<\/a> (1971-&#8230;.)<\/li>\n<li><a href=\"https:\/\/www.projecteuclid.org\/all\/euclid.dmj\" target=\"_blank\" rel=\"noopener noreferrer\">Duke Mathematical Journal<\/a> (1935-&#8230;.)<\/li>\n<li><a href=\"https:\/\/publications.edpsciences.org\/fr\/#!s=current\" target=\"_blank\" rel=\"noopener noreferrer\">EDP Sciences<\/a>\u00a0<\/li>\n<li><a href=\"https:\/\/www.sciencedirect.com\/\" target=\"_blank\" rel=\"noopener noreferrer\">Elsevier<\/a><\/li>\n<li><a href=\"http:\/\/iopscience.iop.org\/\" target=\"_blank\" rel=\"noopener noreferrer\">Institute of Physics Publishing<\/a><\/li>\n<li><a href=\"https:\/\/link.springer.com\/bookseries\/4850\" target=\"_blank\" rel=\"noopener noreferrer\">Operator Theory\u00a0: Advances and Applications<\/a> (1979-&#8230;.)<\/li>\n<li><a href=\"https:\/\/www.springer.com\/fr\" target=\"_blank\" rel=\"noopener noreferrer\">Springer<\/a>\u00a0: notamment les collections\u00a0:\n<ul>\n<li><a href=\"https:\/\/link.springer.com\/bookseries\/136\" target=\"_blank\" rel=\"noopener noreferrer\">Graduate Texts in Mathematics<\/a> (1950-&#8230;.)<\/li>\n<li><a href=\"https:\/\/link.springer.com\/bookseries\/3242\" target=\"_blank\" rel=\"noopener noreferrer\">Grundlehren der mathematischen Wiessebschaften<\/a> (1978-&#8230;.)<\/li>\n<li><a href=\"https:\/\/link.springer.com\/bookseries\/558\" target=\"_blank\" rel=\"noopener noreferrer\">Lectures Notes in Computer Science <\/a> (1973-&#8230;.)<\/li>\n<li><a href=\"https:\/\/link.springer.com\/bookseries\/304\" target=\"_blank\" rel=\"noopener noreferrer\">Lecture Notes in Mathematics<\/a> (1973-&#8230;.)<\/li>\n<li><a href=\"https:\/\/link.springer.com\/bookseries\/7901\" target=\"_blank\" rel=\"noopener noreferrer\">Lecture Notes in Physics<\/a> (1991-&#8230;.)<\/li>\n<li><a href=\"https:\/\/link.springer.com\/bookseries\/694\" target=\"_blank\" rel=\"noopener noreferrer\">Lecture Notes in Statistics<\/a> (1980-&#8230;.)<\/li>\n<li><a href=\"https:\/\/link.springer.com\/bookseries\/6249\" target=\"_blank\" rel=\"noopener noreferrer\">Mathematics and Its Applications <\/a> (1977-&#8230;.)<\/li>\n<li><a href=\"https:\/\/www.springer.com\/series\/4850\" target=\"_blank\" rel=\"noopener noreferrer\">Operator Theory\u00a0: Advances and Applications<\/a> (1979-&#8230;.)<\/li>\n<li><a href=\"https:\/\/link.springer.com\/bookseries\/4848\" target=\"_blank\" rel=\"noopener noreferrer\">Progress in Mathematics<\/a> (1979-&#8230;.)<\/li>\n<li><a href=\"https:\/\/link.springer.com\/bookseries\/3733\" target=\"_blank\" rel=\"noopener noreferrer\">Springer Monographs in Mathematics<\/a> (1980-&#8230;.)<\/li>\n<li><a href=\"https:\/\/link.springer.com\/bookseries\/692\" target=\"_blank\" rel=\"noopener noreferrer\">Springer Series in Statistics (1979-&#8230;.)<\/a><\/li>\n<li><a href=\"https:\/\/link.springer.com\/bookseries\/666\" target=\"_blank\" rel=\"noopener noreferrer\">Undergraduate Texts in Mathematics<\/a> (1958-&#8230;.)<\/li>\n<li><a href=\"https:\/\/link.springer.com\/bookseries\/223\" target=\"_blank\" rel=\"noopener noreferrer\">Universitext<\/a> (1930-&#8230;.)<\/li>\n<\/ul>\n<\/li>\n<\/ul>\n<h3 class=\"western\" style=\"margin-top: 0cm;margin-bottom: 0.28cm;line-height: 100%\">Soci\u00e9t\u00e9s Math\u00e9matiques<\/h3>\n<ul>\n<li><a href=\"http:\/\/smf.emath.fr\/\" target=\"_blank\" rel=\"noopener noreferrer\">Soci\u00e9t\u00e9 Math\u00e9matique de France<\/a><\/li>\n<li><a href=\"http:\/\/smai.emath.fr\/\" target=\"_blank\" rel=\"noopener noreferrer\">Soci\u00e9t\u00e9 de Math\u00e9matiques Appliqu\u00e9es &#038; Industrielles<\/a><\/li>\n<li><a href=\"https:\/\/euromathsoc.org\/\" target=\"_blank\" rel=\"noopener noreferrer\">Soci\u00e9t\u00e9 Math\u00e9matique Europ\u00e9enne<\/a><\/li>\n<li><a href=\"https:\/\/www.ams.org\/\" target=\"_blank\" rel=\"noopener noreferrer\">American Mathematical Society<\/a><\/li>\n<li><a href=\"https:\/\/www.lms.ac.uk\/\" target=\"_blank\" rel=\"noopener noreferrer\">London Mathematical Society<\/a><\/li>\n<\/ul>\n<h3 class=\"western\" style=\"margin-top: 0cm;margin-bottom: 0.28cm;line-height: 100%\">Divers<\/h3>\n<ul>\n<li><a href=\"https:\/\/bib.cnrs.fr\/\" target=\"_blank\" rel=\"noopener noreferrer\">Web of Science \/ SCI \/ ISI \/ JCR <\/a> (via BibCnrs)<\/li>\n<li><a href=\"https:\/\/mathscinet.ams.org\/msc\/msc2010.html\">Mathematical subject classification 2010<\/a>\u00a0 (conversion 2010 > 2020 \/ 2020 > 2010)<\/li>\n<li><a href=\"https:\/\/zbmath.org\/classification\/\">Mathematical subject classification 2020<\/a><\/li>\n<li><a href=\"https:\/\/fr.wikisource.org\/wiki\/Portail:Math%C3%A9matiques\" target=\"_blank\" rel=\"noopener noreferrer\">Wikisource<\/a> : Portail des math\u00e9matiques<\/li>\n<li><a href=\"https:\/\/mathshistory.st-andrews.ac.uk\/\" target=\"_blank\" rel=\"noopener noreferrer\">MacTuTor History of Mathematics Archive<\/a> : Biographies de plus de 3000 math\u00e9maticien.ne.s et plus de 2000 pages d&#8217;essais et <span class=\"HwtZe\" lang=\"fr\"><span class=\"jCAhz ChMk0b\"><span class=\"ryNqvb\">de supports.<\/span><\/span><\/span><\/li>\n<li><a href=\"https:\/\/images.math.cnrs.fr\/\">Images des maths<\/a><\/li>\n<li><a href=\"https:\/\/kits.math.cnrs.fr\/activites\">Kits math\u00e9matiques<\/a><\/li>\n<\/ul>\n\n\n<p><\/p>\n\n\n","protected":false},"excerpt":{"rendered":"<p>Biblioth\u00e8que de Math\u00e9matiques et Physique Th\u00e9orique de Tours Biblioth\u00e8que de Recherche \u2013 Institut Denis-Poisson, UMR CNRS 7013, site de Tours, &hellip; <a href=\"https:\/\/www.idpoisson.fr\/en\/bibliotheque-de-mathematiques-et-physique-theorique-de-tours\/\" class=\"more-link\">More <span class=\"screen-reader-text\">Biblioth\u00e8que de Math\u00e9matiques et Physique Th\u00e9orique de Tours<\/span> <span class=\"meta-nav\">&rarr;<\/span><\/a><\/p>\n","protected":false},"author":1,"featured_media":0,"parent":0,"menu_order":0,"comment_status":"closed","ping_status":"closed","template":"page-templates\/no-sidebar-full-width.php","meta":{"footnotes":""},"class_list":["post-1307","page","type-page","status-publish","hentry"],"_links":{"self":[{"href":"https:\/\/www.idpoisson.fr\/en\/wp-json\/wp\/v2\/pages\/1307","targetHints":{"allow":["GET"]}}],"collection":[{"href":"https:\/\/www.idpoisson.fr\/en\/wp-json\/wp\/v2\/pages"}],"about":[{"href":"https:\/\/www.idpoisson.fr\/en\/wp-json\/wp\/v2\/types\/page"}],"author":[{"embeddable":true,"href":"https:\/\/www.idpoisson.fr\/en\/wp-json\/wp\/v2\/users\/1"}],"replies":[{"embeddable":true,"href":"https:\/\/www.idpoisson.fr\/en\/wp-json\/wp\/v2\/comments?post=1307"}],"version-history":[{"count":64,"href":"https:\/\/www.idpoisson.fr\/en\/wp-json\/wp\/v2\/pages\/1307\/revisions"}],"predecessor-version":[{"id":9322,"href":"https:\/\/www.idpoisson.fr\/en\/wp-json\/wp\/v2\/pages\/1307\/revisions\/9322"}],"wp:attachment":[{"href":"https:\/\/www.idpoisson.fr\/en\/wp-json\/wp\/v2\/media?parent=1307"}],"curies":[{"name":"wp","href":"https:\/\/api.w.org\/{rel}","templated":true}]}}