{"id":1419,"date":"2018-10-02T15:04:54","date_gmt":"2018-10-02T13:04:54","guid":{"rendered":"https:\/\/www.idpoisson.fr\/?page_id=1419"},"modified":"2026-03-24T11:13:01","modified_gmt":"2026-03-24T10:13:01","slug":"recrutements","status":"publish","type":"page","link":"https:\/\/www.idpoisson.fr\/en\/recrutements\/","title":{"rendered":"Recrutements"},"content":{"rendered":"<h2 data-tadv-p=\"keep\">Postes ouverts pour un recrutement en sept. 2026<\/h2>\n<h3 data-tadv-p=\"keep\"><\/h3>\n<h3>Ma\u00eetre de conf\u00e9rences en section 25 \u00e0 Tours, G\u00e9om\u00e9trie, interactions.<\/h3>\n<p>L&#8217;universit\u00e9 de Tours a demand\u00e9 au comit\u00e9 de s\u00e9lection de ne pas consid\u00e9rer <span style=\"color: #ff0000\">les lettres de recommandation<\/span>. Nous vous demandons donc de ne pas nous en adresser pour ce poste.<\/p>\n<p>Pr\u00e9sident du comit\u00e9 de s\u00e9lection : <a href=\"mailto:luc.molinet@univ-tours.fr\">Luc Molinet<\/a><\/p>\n<p><strong>Profil Recherche : <\/strong>L\u2019Institut Denis Poisson souhaite recruter une ou un ma\u00eetre de conf\u00e9rence de tr\u00e8s haut niveau qui viendra renforcer l\u2019\u00e9quipe \u00ab Analyse et G\u00e9om\u00e9trie \u00bb. Le profil scientifique recherch\u00e9 s\u2019inscrit dans les th\u00e9matiques d\u00e9velopp\u00e9es au sein de l\u2019\u00e9quipe : g\u00e9om\u00e9trie riemannienne, analyse g\u00e9om\u00e9trique, surfaces minimales, espace de Teichm\u00fcller, relativit\u00e9 g\u00e9n\u00e9rale math\u00e9matique, topologie de basse dimension. En plus de la qualit\u00e9 du dossier, un \u00e9l\u00e9ment d\u2019appr\u00e9ciation sera la capacit\u00e9 de la candidature \u00e0 renforcer les interactions avec les autres \u00e9quipes du laboratoire dont les axes de recherche sont la th\u00e9orie des \u00e9quations aux d\u00e9riv\u00e9es partielles, la physique th\u00e9orique, l\u2019alg\u00e8bre et les probabilit\u00e9s.<br \/>\n<strong>Contact<\/strong> : <a href=\"mailto:cedric.lecouvey@univ-tours.fr\">C\u00e9dric Lecouvey<\/a><\/p>\n<p><strong>Profil enseignement<\/strong> : Fili\u00e8res de formation concern\u00e9es : La personne recrut\u00e9e sera amen\u00e9e \u00e0 enseigner dans toutes les fili\u00e8res o\u00f9 intervient le d\u00e9partement de math\u00e9matique aussi bien au niveau Licence qu\u2019au niveau Master ou \u00e0 la pr\u00e9paration aux concours du secondaire.<br \/>\nObjectifs p\u00e9dagogiques et besoin d&#8217;encadrement : Ce recrutement doit \u00eatre \u00e0 m\u00eame de pallier au besoin de comp\u00e9tences en g\u00e9om\u00e9trie et topologie dans le cadre du Master, de la pr\u00e9paration \u00e0 l\u2019agr\u00e9gation de math\u00e9matiques et de l\u2019encadrement de m\u00e9moires.<br \/>\n<strong>Contact<\/strong> : <a href=\"mailto:jean-baptiste.gouere@univ-tours.fr\">Jean-Baptiste Gou\u00e9r\u00e9<\/a><\/p>\n<h3>Professeur en section 26 \u00e0 Orl\u00e9ans, Statistiques, probabilit\u00e9s appliqu\u00e9es.<\/h3>\n<p><strong>Profil recherche<\/strong> : L&#8217;IDP souhaite recruter une personne menant une recherche de haut niveau pour renforcer son \u00e9quipe SPACE (Statistiques, Probabilit\u00e9s, Alg\u00e8bre, combinatoire et Th\u00e9orie Ergodique). La th\u00e9matique prioritaire est celle des statistiques, ou des probabilit\u00e9s appliqu\u00e9es. Les profils en science des donn\u00e9es (apprentissage statistique, analyse topologique des donn\u00e9es, statistiques spatiales, probl\u00e8mes inverses\u2026), en mod\u00e9lisation des syst\u00e8mes complexes seront favorablement appr\u00e9ci\u00e9s, de m\u00eame que les profils permettant des interactions avec la sant\u00e9, le traitement d\u2019images, l\u2019ing\u00e9nierie des r\u00e9seaux, ou encore les sciences du vivant. La possibilit\u00e9 d\u2019interagir avec les coll\u00e8gues du laboratoire des sites Orl\u00e9ans et Tours, de m\u00eame que la capacit\u00e9 \u00e0 poursuivre ou d\u00e9velopper des collaborations y compris en dehors du cadre purement acad\u00e9mique (par exemple avec les CHU d\u2019Orl\u00e9ans ou de Tours, ou avec le milieu industriel) seront aussi prises en compte. Les dossiers relevant uniquement des probabilit\u00e9s th\u00e9oriques seront consid\u00e9r\u00e9s hors profil.<\/p>\n<p><strong>Profil Enseignement<\/strong> : La personne recrut\u00e9e pourra intervenir dans tous types d\u2019enseignements de math\u00e9matiques. Les besoins sont particuli\u00e8rement importants pour l\u2019enseignement des statistiques \u00e0 tous niveaux, notamment au master Math\u00e9matiques Appliqu\u00e9es, Statistique (MAS). Un investissement dans l\u2019animation de ce master est attendu. En particulier, la personne recrut\u00e9e devra accompagner la mise en place et la mont\u00e9e en puissance d\u2019une fili\u00e8re en apprentissage, et encadrer des \u00e9tudiants en stage ou contrat d\u2019apprenti.<\/p>\n<p><strong>Contact\u00a0<\/strong>: <a href=\"mailto:luc.hillairet@univ-orleans.fr\">Luc Hillairet<\/a><\/p>\n<h3>Ma\u00eetre de conf\u00e9rences en section\u00a0 25-26 \u00e0 Orl\u00e9ans avec affectation g\u00e9ographique \u00e0 l&#8217;IUT de Chartres.<\/h3>\n<p>Concernant ce poste, il est tr\u00e8s fortement conseill\u00e9 de prendre contact en amont avec le laboratoire.<br \/>\n<strong>Contact\u00a0<\/strong>: <a href=\"mailto:julie.deserti@univ-orleans.fr\">Julie D\u00e9serti<\/a><\/p>\n<p><strong>Profil recherche<\/strong> : L\u2019IDP souhaite recruter une personne qui pourra mener une recherche de haut niveau dans la th\u00e9matique des \u00c9quations aux D\u00e9riv\u00e9es Partielles (EDP). Toutes les th\u00e9matiques reli\u00e9es aux EDP qui peuvent s\u2019ins\u00e9rer naturellement dans les \u00e9quipes <a href=\"https:\/\/www.idpoisson.fr\/equipe-danalyse-et-geometrie\/\">ANG (Analyse et G\u00e9om\u00e9trie)<\/a> ou <a href=\"https:\/\/www.idpoisson.fr\/equipe-edp-modelisation-simulation\/\">EMS (EDP, mod\u00e9lisation, simulation)<\/a> de l\u2019IDP seront consid\u00e9r\u00e9es. Les possibilit\u00e9s d\u2019interaction \u00e0 court terme avec les membres du laboratoire, sur le p\u00e9rim\u00e8tre Orl\u00e9ans-Tours, ainsi que l\u2019autonomie scientifique de la candidate ou du candidat seront favorablement appr\u00e9ci\u00e9es. La personne nouvellement recrut\u00e9e sera rattach\u00e9e \u00e0 une des deux \u00e9quipes mentionn\u00e9es (ANG ou EMS) et participera aux activit\u00e9s scientifiques organis\u00e9es par cette \u00e9quipe et plus g\u00e9n\u00e9ralement par le laboratoire.<\/p>\n<p><strong>Profil Enseignement<\/strong> : Le poste requiert des capacit\u00e9s d\u2019organisation et d\u2019adaptation, une grande r\u00e9activit\u00e9 ainsi qu\u2019un investissement marqu\u00e9 dans le fonctionnement p\u00e9dagogique et administratif (la direction des \u00e9tudes, la responsabilit\u00e9 des stages ou des projets) n\u00e9cessaire au bon fonctionnement d\u2019un d\u00e9partement au sein de l\u2019IUT. La personne recrut\u00e9e sera charg\u00e9e d\u2019assurer des enseignements de math\u00e9matiques dans les trois ann\u00e9es du B.U.T. MLT. Elle pourra, en outre, \u00eatre sollicit\u00e9e pour intervenir dans d\u2019autres formations de l\u2019IUT de Chartres. Les enseignements dispens\u00e9s prendront les formes classiques de cours, travaux dirig\u00e9s, travaux pratiques et Situations d\u2019Apprentissage et d\u2019\u00c9valuation (SA\u00c9), dans une approche par comp\u00e9tences, en coh\u00e9rence avec les r\u00e9f\u00e9rentiels nationaux.Dans le cadre du B.U.T. MLT, les principaux champs disciplinaires des enseignements envisag\u00e9s sont :<\/p>\n<ul>\n<li>Alg\u00e8bre et analyse ;<\/li>\n<li>Statistiques et probabilit\u00e9s ;<\/li>\n<li>Simulation des flux;<\/li>\n<li>Mod\u00e9lisation des d\u00e9cisions.<\/li>\n<li>IA dans la logistique.<\/li>\n<li>Projet Personnel et Professionnel (PPP).<\/li>\n<\/ul>\n<p>La personne recrut\u00e9e doit assurer le suivi et l\u2019encadrement des stagiaires en entreprise, des projets et des alternants. Cette liste n\u2019est pas exhaustive et pourra \u00eatre \u00e9largie en fonction des n\u00e9cessit\u00e9s p\u00e9dagogiques. La personne recrut\u00e9e devra \u00eatre en mesure de s\u2019int\u00e9grer pleinement au sein d\u2019une \u00e9quipe p\u00e9dagogique et de contribuer activement \u00e0 son fonctionnement collectif. La personne recrut\u00e9e doit participer:<\/p>\n<ul>\n<li>aux commissions p\u00e9dagogiques du d\u00e9partement (commisison de validation des semestre ou du B.U.T., commission de s\u00e9lection et de recrutement des candidats Parcoursup), aux jurys ainsi qu\u2019aux conseils de d\u00e9partement;<\/li>\n<li>aux actions de communication et d\u2019information (Journ\u00e9es Portes Ouvertes, salons et forums ou journ\u00e9es immersion des lyc\u00e9ens\u2026).<\/li>\n<\/ul>\n<p>\u00c0 plus long terme, un investissement dans les missions g\u00e9n\u00e9rales de l\u2019IUT sera utiles. Le nombre d\u2019heures \u00e0 effectuer \u00e9tant incompatible avec de longs trajets pour venir \u00e0 l\u2019IUT, une pr\u00e9sence effective sur site sera n\u00e9cessaire.<\/p>\n<hr \/>\n","protected":false},"excerpt":{"rendered":"<p>Postes ouverts pour un recrutement en sept. 2026 Ma\u00eetre de conf\u00e9rences en section 25 \u00e0 Tours, G\u00e9om\u00e9trie, interactions. L&#8217;universit\u00e9 de &hellip; <a href=\"https:\/\/www.idpoisson.fr\/en\/recrutements\/\" class=\"more-link\">More <span class=\"screen-reader-text\">Recrutements<\/span> <span class=\"meta-nav\">&rarr;<\/span><\/a><\/p>\n","protected":false},"author":1,"featured_media":0,"parent":0,"menu_order":0,"comment_status":"closed","ping_status":"closed","template":"","meta":{"footnotes":""},"class_list":["post-1419","page","type-page","status-publish","hentry"],"_links":{"self":[{"href":"https:\/\/www.idpoisson.fr\/en\/wp-json\/wp\/v2\/pages\/1419","targetHints":{"allow":["GET"]}}],"collection":[{"href":"https:\/\/www.idpoisson.fr\/en\/wp-json\/wp\/v2\/pages"}],"about":[{"href":"https:\/\/www.idpoisson.fr\/en\/wp-json\/wp\/v2\/types\/page"}],"author":[{"embeddable":true,"href":"https:\/\/www.idpoisson.fr\/en\/wp-json\/wp\/v2\/users\/1"}],"replies":[{"embeddable":true,"href":"https:\/\/www.idpoisson.fr\/en\/wp-json\/wp\/v2\/comments?post=1419"}],"version-history":[{"count":46,"href":"https:\/\/www.idpoisson.fr\/en\/wp-json\/wp\/v2\/pages\/1419\/revisions"}],"predecessor-version":[{"id":9492,"href":"https:\/\/www.idpoisson.fr\/en\/wp-json\/wp\/v2\/pages\/1419\/revisions\/9492"}],"wp:attachment":[{"href":"https:\/\/www.idpoisson.fr\/en\/wp-json\/wp\/v2\/media?parent=1419"}],"curies":[{"name":"wp","href":"https:\/\/api.w.org\/{rel}","templated":true}]}}