{"id":22,"date":"2017-06-12T19:15:40","date_gmt":"2017-06-12T17:15:40","guid":{"rendered":"http:\/\/www.idpoisson.fr\/?page_id=22"},"modified":"2024-11-27T15:39:43","modified_gmt":"2024-11-27T14:39:43","slug":"presentation","status":"publish","type":"page","link":"https:\/\/www.idpoisson.fr\/en\/presentation\/","title":{"rendered":"Lab"},"content":{"rendered":"<table class=\"yellow dir\" style=\"width: 100%;height: 280px\" border=\"1\">\n<tbody>\n<tr style=\"height: 40px\">\n<td style=\"height: 40px\" colspan=\"2\">Head of the institute: <a class=\"mailto\" href=\"mailto:luc.molinet@lmpt.univ-tours.fr\">Luc MOLINET<\/a><\/td>\n<\/tr>\n<tr class=\"break\" style=\"height: 40px\">\n<td style=\"height: 40px\" colspan=\"2\"><\/td>\n<\/tr>\n<tr style=\"height: 40px\">\n<td style=\"height: 40px\" colspan=\"2\"><i>Deputies<\/i><\/td>\n<\/tr>\n<tr style=\"height: 40px\">\n<td class=\"ot orleans\" style=\"height: 80px\" rowspan=\"2\">\n<div class=\"wrap-rot\"><span class=\"rotate\">Orl\u00e9ans<\/span><\/div>\n<\/td>\n<td style=\"height: 40px\"><a class=\"mail-link\" data-enc-email=\"zntnyv.evobg-oneer[at]havi-beyrnaf.se\" data-wpel-link=\"ignore\">Magali RIBOT<\/a><\/td>\n<\/tr>\n<tr style=\"height: 40px\">\n<td style=\"height: 40px\"><a class=\"mailto\" href=\"mailto:luc.hillairet@univ-orleans.fr\">Luc HILLAIRET <\/a>Head of Orl\u00e9ans<\/td>\n<\/tr>\n<tr style=\"height: 40px\">\n<td class=\"ot tours\" style=\"height: 80px\" rowspan=\"2\">\n<div class=\"wrap-rot\"><span class=\"rotate\">Tours<\/span><\/div>\n<\/td>\n<td style=\"height: 40px\"><a class=\"mailto\" href=\"mailto:cedric.lecouvey@lmpt.univ-tours.fr\">C\u00e9dric LECOUVEY<\/a><\/td>\n<\/tr>\n<tr style=\"height: 40px\">\n<td style=\"height: 40px\"><a class=\"mailto\" href=\"mailto:pascal.baseilhac@lmpt.univ-tours.fr\">Pascal BASEILHAC<\/a> \u2014 Physics<\/td>\n<\/tr>\n<\/tbody>\n<\/table>\n<table class=\"yellow dir secretariat\" style=\"width: 100%\" border=\"1\">\n<tbody>\n<tr>\n<td colspan=\"2\"><i>Administration<\/i><\/td>\n<\/tr>\n<tr>\n<td class=\"ot orleans\" rowspan=\"3\">\n<div class=\"wrap-rot\"><span class=\"rotate\">Orl\u00e9ans<\/span><\/div>\n<\/td>\n<td><a href=\"mailto:marie.gaucher@univ-orleans.fr\">Marie GAUCHER<\/a> &#8211; Mathematics<\/td>\n<\/tr>\n<tr>\n<td><a class=\"mailto\" href=\"mailto:Anne.Liger@univ-orleans.fr\">Anne LIGER<\/a> &#8211; Mathematics<\/td>\n<\/tr>\n<tr>\n<td><a href=\"mailto:camille.guilliou@univ-orleans.fr\">Camille Guilliou<\/a> &#8211; Mathematics<\/td>\n<\/tr>\n<tr>\n<td class=\"ot tours\" rowspan=\"3\">\n<div class=\"wrap-rot\"><span class=\"rotate\">Tours<\/span><\/div>\n<\/td>\n<td><a class=\"mailto\" href=\"mailto:Elodie.Demoussis@lmpt.univ-tours.fr\">\u00c9lodie DEMOUSSIS<\/a> &#8211; Mathematics<\/td>\n<\/tr>\n<tr>\n<td><a class=\"mailto\" href=\"mailto:anouchka.lepine@lmpt.univ-tours.fr\">Anouchka L\u00c9PINE<\/a> &#8211; Mathematics<\/td>\n<\/tr>\n<tr>\n<td><a class=\"mailto\" href=\"mailto:laetitia.portier@lmpt.univ-tours.fr\">La\u00ebtitia PORTIER<\/a> &#8211; Physics<\/td>\n<\/tr>\n<\/tbody>\n<\/table>\n<h2>Research teams<\/h2>\n<p>The research in the Institute Denis Poisson has four research teams:<\/p>\n<ul class=\"dashed\">\n<li><a href=\"http:\/\/www.idpoisson.fr\/equipe-de-physique-theorique\/\">Theoretical Physics<\/a><\/li>\n<li><a href=\"http:\/\/www.idpoisson.fr\/equipe-edp-modelisation-simulation\/\">PDE, modeling, simulation<\/a><\/li>\n<li><a href=\"http:\/\/www.idpoisson.fr\/equipe-probabilite-algebre-combinatoire-theorie-ergodique-statistique\/\">Probability, Algebra, Combinatorics, Ergodic Theory, Statistics<\/a><\/li>\n<li><a href=\"http:\/\/www.idpoisson.fr\/equipe-danalyse-et-geometrie\/\">Analysis and Geometry<\/a><\/li>\n<\/ul>\n<h2>Collaborations &#038; Contrats\u00a0 <a href=\"http:\/\/www.idpoisson.fr\/collaborations\/\">(here)<\/a><\/h2>\n<h2>Teaching Mathematics<\/h2>\n<ul>\n<li><span style=\"font-size: 14pt\"><a href=\"http:\/\/www.math.univ-tours.fr\/\"><span class=\"st\">In<\/span>\u00a0Tours<\/a><\/span><\/li>\n<li><span style=\"font-size: 14pt\"><a href=\"http:\/\/www.univ-orleans.fr\/fr\/sciences-techniques\/formation\/mathematiques\">In\u00a0Orl<span class=\"st\">\u00e9<\/span>ans<\/a><\/span><\/li>\n<\/ul>\n<h2>Teaching Physics<\/h2>\n<ul>\n<li><span style=\"font-size: 14pt\"><a href=\"https:\/\/dept.phys.univ-tours.fr\/\"><span class=\"st\">In<\/span>\u00a0Tours<\/a><\/span><\/li>\n<li><span style=\"font-size: 14pt\"><a href=\"http:\/\/www.univ-orleans.fr\/fr\/sciences-techniques\/formation\/physique\">In Orl<span class=\"st\">\u00e9<\/span>ans<\/a><\/span><\/li>\n<\/ul>\n","protected":false},"excerpt":{"rendered":"<p>Head of the institute: Luc MOLINET Deputies Orl\u00e9ans Magali RIBOT Luc HILLAIRET Head of Orl\u00e9ans Tours C\u00e9dric LECOUVEY Pascal BASEILHAC &hellip; <a href=\"https:\/\/www.idpoisson.fr\/en\/presentation\/\" class=\"more-link\">More <span class=\"screen-reader-text\">Lab<\/span> <span class=\"meta-nav\">&rarr;<\/span><\/a><\/p>\n","protected":false},"author":2,"featured_media":0,"parent":0,"menu_order":0,"comment_status":"closed","ping_status":"closed","template":"","meta":{"footnotes":""},"class_list":["post-22","page","type-page","status-publish","hentry"],"_links":{"self":[{"href":"https:\/\/www.idpoisson.fr\/en\/wp-json\/wp\/v2\/pages\/22","targetHints":{"allow":["GET"]}}],"collection":[{"href":"https:\/\/www.idpoisson.fr\/en\/wp-json\/wp\/v2\/pages"}],"about":[{"href":"https:\/\/www.idpoisson.fr\/en\/wp-json\/wp\/v2\/types\/page"}],"author":[{"embeddable":true,"href":"https:\/\/www.idpoisson.fr\/en\/wp-json\/wp\/v2\/users\/2"}],"replies":[{"embeddable":true,"href":"https:\/\/www.idpoisson.fr\/en\/wp-json\/wp\/v2\/comments?post=22"}],"version-history":[{"count":11,"href":"https:\/\/www.idpoisson.fr\/en\/wp-json\/wp\/v2\/pages\/22\/revisions"}],"predecessor-version":[{"id":6832,"href":"https:\/\/www.idpoisson.fr\/en\/wp-json\/wp\/v2\/pages\/22\/revisions\/6832"}],"wp:attachment":[{"href":"https:\/\/www.idpoisson.fr\/en\/wp-json\/wp\/v2\/media?parent=22"}],"curies":[{"name":"wp","href":"https:\/\/api.w.org\/{rel}","templated":true}]}}