{"id":2271,"date":"2020-05-08T15:28:11","date_gmt":"2020-05-08T13:28:11","guid":{"rendered":"https:\/\/www.idpoisson.fr\/?page_id=2271"},"modified":"2025-10-14T08:52:56","modified_gmt":"2025-10-14T06:52:56","slug":"prix-ibni","status":"publish","type":"page","link":"https:\/\/www.idpoisson.fr\/en\/prix-ibni\/","title":{"rendered":"Prix Ibni"},"content":{"rendered":"\n<h2 class=\"has-text-align-center has-large-font-size wp-block-heading\" id=\"prix-ibni\">Prix Ibni<\/h2>\n\n\n\n<div class=\"wp-block-image\"><figure class=\"aligncenter size-large\"><img loading=\"lazy\" decoding=\"async\" width=\"208\" height=\"300\" src=\"https:\/\/www.idpoisson.fr\/wp-content\/uploads\/2020\/05\/photoIbni.jpg\" alt=\"\" class=\"wp-image-2306\" \/><\/figure><\/div>\n\n\n\n<p>Le 3 fevrier 2008, Ibni Oumar Mahamat Saleh, math\u00e9maticien et homme poligique tchadien, a ete enleve a son domicile a N\u2019Djamena par des forces arm\u00e9es. Il est presque certainement mort dans les jours suivants. Le Prix <strong>\u00ab\u202fIbni Oumar Mahamat Saleh\u202f\u00bb<\/strong> a \u00e9t\u00e9 cr\u00e9\u00e9 pour que la m\u00e9moire de notre coll\u00e8gue reste vivante et pour poursuivre son engagement en faveur des math\u00e9matiques en Afrique. Annuel jusqu&#8217;\u00e0 2017, il est maintenant attribu\u00e9 tous les deux ans \u00e0 de jeunes math\u00e9maticiens ou math\u00e9maticiennes d&#8217;Afrique Centrale ou d&#8217;Afrique de l&#8217;Ouest. Il peut financer un s\u00e9jour scientifique de quelques mois.<\/p>\n\n\n\n<p>Une <a href=\"http:\/\/www.scienceafrique.fr\/\">souscription<\/a> a \u00e9t\u00e9 mise en place pour assurer le financement du prix. Elle est d\u00e9sormais recueillie par l&#8217;Association pour la Promotion de la Science en Afrique. (Pensez \u00e0 bien pr\u00e9ciser &#8220;Prix Ibni&#8221; si vous leur faites un don pour la souscription).<\/p>\n\n\n\n<p>Le prix a re\u00e7u notamment le soutien de l&#8217;IMU (International Mathematical Union), de l&#8217;UMA (Union Math\u00e9matique Africaine), de la LMS (London Mathematical Society), de la SFdS (Soci\u00e9t\u00e9 Fran\u00e7aise de Statistique), de la SMAI (Soci\u00e9t\u00e9 de Math\u00e9matiques Appliqu\u00e9es et Industrielles), de la SMF (Soci\u00e9t\u00e9 Math\u00e9matique de France) et du CIMPA (Centre International de Math\u00e9matiques Pures et Appliqu\u00e9es), ainsi que de nombreux souscripteurs.<\/p>\n\n\n\n<p>Plus de 3500 personnes ont sign\u00e9 la P\u00e9tition sur \u00ab\u202fIbni Oumar Mahamat Saleh\u202f\u00bb.<\/p>\n\n\n\n<p>Contact :<\/p>\n<ul>\n<li>Marc Peign\u00e9 (email : peigne[at]univ-tours.fr)<\/li>\n<\/ul>\n<p><span style=\"color: #ff0000\"><strong>FAIRE UN DON<\/strong><\/span> : pour faire un don pour le prix IBNI, c&#8217;est <a href=\"http:\/\/www.scienceafrique.fr\/adhesion.php\">ici<\/a>, sur le site de l&#8217;Association pour la Promotion\u00a0Scientifique de l&#8217;Afrique (APSA).\u00a0<strong><em><span style=\"color: #000000\">N&#8217;oubliez pas de bien pr\u00e9ciser \u00a0que votre don est destin\u00e9 au prix Ibni!<\/span><\/em><\/strong><\/p>\n\n\n\n<ul class=\"wp-block-list\"><li><a href=\"https:\/\/www.idpoisson.fr\/prix-ibni-description\/\">Description du Prix \u00ab\u202fIbni Oumar Mahamat Saleh\u202f\u00bb<\/a><\/li><li>Proclamation des r\u00e9sultats du prix Ibni :    <a href=\"https:\/\/www.idpoisson.fr\/wp-content\/uploads\/2020\/07\/prix-Ibnifrancais.pdf\">2020<\/a> \/ <a href=\"https:\/\/www.idpoisson.fr\/wp-content\/uploads\/2020\/05\/proclamation18.pdf\">2018<\/a> \/ <a href=\"https:\/\/www.idpoisson.fr\/wp-content\/uploads\/2020\/05\/proclamation15.pdf\">2015<\/a> \/ <a href=\"https:\/\/www.idpoisson.fr\/wp-content\/uploads\/2020\/05\/proclamation-2014.pdf\">2014<\/a> \/ <a href=\"https:\/\/www.idpoisson.fr\/wp-content\/uploads\/2020\/05\/proclamation-2013.pdf\">2013<\/a> \/ <a href=\"https:\/\/www.idpoisson.fr\/wp-content\/uploads\/2020\/05\/proclamation-2012.pdf\">2012<\/a> \/ <a href=\"https:\/\/www.idpoisson.fr\/wp-content\/uploads\/2020\/05\/proclamation-2011.pdf\">2011<\/a> \/ <a href=\"https:\/\/www.idpoisson.fr\/wp-content\/uploads\/2021\/05\/prix-proclamation2010.pdf\">2010<\/a> \/ <a href=\"https:\/\/www.idpoisson.fr\/wp-content\/uploads\/2020\/05\/proclamation-2009.pdf\">2009<\/a><\/li><li><a href=\"https:\/\/www.idpoisson.fr\/petition-ibni\/\">P\u00e9tition sur \u00ab&nbsp;Ibni Oumar Mahamat Saleh&nbsp;\u00bb<\/a><\/li><li><a href=\"https:\/\/www.idpoisson.fr\/lettres-ouvertes-et-tribunes-en-memoire-dibni-oumar-mahamat-saleh\/\">Billets publi\u00e9 sur Images des Maths en m\u00e9moire d\u2019Ibni Oumar Mahamat Saleh<\/a><\/li><li><a href=\"https:\/\/www.idpoisson.fr\/lettres-ouvertes-ibni\/\">Lettre ouverte en m\u00e9moire de Ibni Oumar Mahamat Saleh<\/a><\/li><li><a href=\"https:\/\/www.idpoisson.fr\/messages-ibni\/\" data-type=\"page\" data-id=\"2370\">Messages<\/a><\/li><li><a href=\"https:\/\/www.idpoisson.fr\/initiatives-a-la-memoire-dibni-oumar-mahamat-saleh\/\">Initiatives \u00e0 la m\u00e9moire d&#8217;Ibni Oumar Mahamat Saleh<\/a><\/li><\/ul>\n\n\n","protected":false},"excerpt":{"rendered":"<p>Prix Ibni Le 3 fevrier 2008, Ibni Oumar Mahamat Saleh, math\u00e9maticien et homme poligique tchadien, a ete enleve a son &hellip; <a href=\"https:\/\/www.idpoisson.fr\/en\/prix-ibni\/\" class=\"more-link\">More <span class=\"screen-reader-text\">Prix Ibni<\/span> <span class=\"meta-nav\">&rarr;<\/span><\/a><\/p>\n","protected":false},"author":1,"featured_media":0,"parent":0,"menu_order":0,"comment_status":"closed","ping_status":"closed","template":"","meta":{"footnotes":""},"class_list":["post-2271","page","type-page","status-publish","hentry"],"_links":{"self":[{"href":"https:\/\/www.idpoisson.fr\/en\/wp-json\/wp\/v2\/pages\/2271","targetHints":{"allow":["GET"]}}],"collection":[{"href":"https:\/\/www.idpoisson.fr\/en\/wp-json\/wp\/v2\/pages"}],"about":[{"href":"https:\/\/www.idpoisson.fr\/en\/wp-json\/wp\/v2\/types\/page"}],"author":[{"embeddable":true,"href":"https:\/\/www.idpoisson.fr\/en\/wp-json\/wp\/v2\/users\/1"}],"replies":[{"embeddable":true,"href":"https:\/\/www.idpoisson.fr\/en\/wp-json\/wp\/v2\/comments?post=2271"}],"version-history":[{"count":52,"href":"https:\/\/www.idpoisson.fr\/en\/wp-json\/wp\/v2\/pages\/2271\/revisions"}],"predecessor-version":[{"id":9117,"href":"https:\/\/www.idpoisson.fr\/en\/wp-json\/wp\/v2\/pages\/2271\/revisions\/9117"}],"wp:attachment":[{"href":"https:\/\/www.idpoisson.fr\/en\/wp-json\/wp\/v2\/media?parent=2271"}],"curies":[{"name":"wp","href":"https:\/\/api.w.org\/{rel}","templated":true}]}}