{"id":2288,"date":"2020-05-08T15:58:41","date_gmt":"2020-05-08T13:58:41","guid":{"rendered":"https:\/\/www.idpoisson.fr\/?page_id=2288"},"modified":"2020-07-17T14:24:17","modified_gmt":"2020-07-17T12:24:17","slug":"proclamation-des-resultats","status":"publish","type":"page","link":"https:\/\/www.idpoisson.fr\/en\/proclamation-des-resultats\/","title":{"rendered":"Proclamation des r\u00e9sultats"},"content":{"rendered":"\n<h2 class=\"wp-block-heading\">Proclamation des r\u00e9sultats<\/h2>\n\n\n\n<div class=\"wp-block-image\"><figure class=\"aligncenter size-large\"><img loading=\"lazy\" decoding=\"async\" width=\"208\" height=\"300\" src=\"https:\/\/www.idpoisson.fr\/wp-content\/uploads\/2020\/05\/photoIbni.jpg\" alt=\"\" class=\"wp-image-2306\"\/><\/figure><\/div>\n\n\n\n<p><strong>2020<\/strong><br \/><a href=\"https:\/\/www.idpoisson.fr\/wp-content\/uploads\/2020\/07\/prix-Ibnifrancais.pdf\">Proclamation des r\u00e9sultats<\/a><\/p>\n<p><strong>2018<\/strong><br \/><a href=\"https:\/\/www.idpoisson.fr\/wp-content\/uploads\/2020\/05\/proclamation18.pdf\">Proclamation des r\u00e9sultats<\/a><\/p>\n<p><strong>2015<\/strong><br \/><a href=\"https:\/\/www.idpoisson.fr\/wp-content\/uploads\/2020\/05\/proclamation15.pdf\">Proclamation des r\u00e9sultats<\/a><\/p>\n<p><strong>2014<\/strong><br \/><a href=\"https:\/\/www.idpoisson.fr\/wp-content\/uploads\/2020\/05\/proclamation-2014.pdf\">Proclamation des r\u00e9sultats<\/a><\/p>\n<p><strong>2013<\/strong><br \/><a href=\"https:\/\/www.idpoisson.fr\/wp-content\/uploads\/2020\/05\/proclamation-2013.pdf\">Proclamation des r\u00e9sultats<\/a><\/p>\n<p><strong>2012<\/strong><br \/><a href=\"https:\/\/www.idpoisson.fr\/wp-content\/uploads\/2020\/05\/proclamation-2012.pdf\">Proclamation des r\u00e9sultats<\/a><\/p>\n<p><strong>2011<\/strong><br \/><a href=\"https:\/\/www.idpoisson.fr\/wp-content\/uploads\/2020\/05\/proclamation-2011.pdf\">Proclamation des r\u00e9sultats<\/a><\/p>\n<p><strong>2010<\/strong><br \/>Le 17 janvier 2011,<br \/>Avner Bar-Hen, pr\u00e9sident de la Soci\u00e9t\u00e9 Fran\u00e7aise de Statistique,<br \/>Maria Esteban, pr\u00e9sidente de la Soci\u00e9t\u00e9 de Math\u00e9matiques Appliqu\u00e9es et Industrielles,<br \/>Bernard Helffer, pr\u00e9sident de la Soci\u00e9t\u00e9 Math\u00e9matique de France,<br \/>ont le plaisir d\u2019annoncer que le prix Ibni Oumar Mahamat Saleh 2010 est d\u00e9cern\u00e9 \u00e0<\/p>\n<p style=\"text-align: center;\"><br \/><strong>Amadou Tall<\/strong><\/p>\n<p><br \/>pour lui permettre d\u2019effectuer un s\u00e9jour scientifique \u00e0 l&#8217;universit\u00e9 de Strasbourg dans le cadre de son doctorat.<\/p>\n<p><strong>2009<\/strong><br \/>Le 4 janvier 2010,<br \/>Avner Bar-Hen, pr\u00e9sident de la Soci\u00e9t\u00e9 Fran\u00e7aise de Statistique,<br \/>Maria Esteban, pr\u00e9sidente de la Soci\u00e9t\u00e9 de Math\u00e9matiques Appliqu\u00e9es et Industrielles,<br \/>St\u00e9phane Jaffard, pr\u00e9sident de la Soci\u00e9t\u00e9 Math\u00e9matique de France,<\/p>\n<p>ont le plaisir d&#8217;annoncer que le prix Ibni Oumar Mahamat Saleh 2009 est d\u00e9cern\u00e9 \u00e0<\/p>\n<p style=\"text-align: center;\"><br \/><strong>Oumarou Abdou Arbi<\/strong><\/p>\n<p><br \/>pour lui permettre d&#8217;effectuer un s\u00e9jour scientifique \u00e0 l&#8217;INRIA \u00e0 Rennes dans le cadre de son doctorat.<\/p>\n","protected":false},"excerpt":{"rendered":"<p>Proclamation des r\u00e9sultats 2020Proclamation des r\u00e9sultats 2018Proclamation des r\u00e9sultats 2015Proclamation des r\u00e9sultats 2014Proclamation des r\u00e9sultats 2013Proclamation des r\u00e9sultats 2012Proclamation des &hellip; <a href=\"https:\/\/www.idpoisson.fr\/en\/proclamation-des-resultats\/\" class=\"more-link\">More <span class=\"screen-reader-text\">Proclamation des r\u00e9sultats<\/span> <span class=\"meta-nav\">&rarr;<\/span><\/a><\/p>\n","protected":false},"author":1,"featured_media":0,"parent":0,"menu_order":0,"comment_status":"closed","ping_status":"closed","template":"","meta":{"footnotes":""},"class_list":["post-2288","page","type-page","status-publish","hentry"],"_links":{"self":[{"href":"https:\/\/www.idpoisson.fr\/en\/wp-json\/wp\/v2\/pages\/2288","targetHints":{"allow":["GET"]}}],"collection":[{"href":"https:\/\/www.idpoisson.fr\/en\/wp-json\/wp\/v2\/pages"}],"about":[{"href":"https:\/\/www.idpoisson.fr\/en\/wp-json\/wp\/v2\/types\/page"}],"author":[{"embeddable":true,"href":"https:\/\/www.idpoisson.fr\/en\/wp-json\/wp\/v2\/users\/1"}],"replies":[{"embeddable":true,"href":"https:\/\/www.idpoisson.fr\/en\/wp-json\/wp\/v2\/comments?post=2288"}],"version-history":[{"count":5,"href":"https:\/\/www.idpoisson.fr\/en\/wp-json\/wp\/v2\/pages\/2288\/revisions"}],"predecessor-version":[{"id":2507,"href":"https:\/\/www.idpoisson.fr\/en\/wp-json\/wp\/v2\/pages\/2288\/revisions\/2507"}],"wp:attachment":[{"href":"https:\/\/www.idpoisson.fr\/en\/wp-json\/wp\/v2\/media?parent=2288"}],"curies":[{"name":"wp","href":"https:\/\/api.w.org\/{rel}","templated":true}]}}