{"id":2343,"date":"2020-06-05T16:35:59","date_gmt":"2020-06-05T14:35:59","guid":{"rendered":"https:\/\/www.idpoisson.fr\/?page_id=2343"},"modified":"2021-05-10T09:44:54","modified_gmt":"2021-05-10T07:44:54","slug":"lettres-ouvertes-ibni","status":"publish","type":"page","link":"https:\/\/www.idpoisson.fr\/en\/lettres-ouvertes-ibni\/","title":{"rendered":"Lettres ouvertes IBNI"},"content":{"rendered":"\n<h3 class=\"wp-block-heading\">Lettre ouverte \u00e0 Ibni Oumar Mahamat Saleh, 3 ans apr\u00e8s sa disparition forc\u00e9e, au Tchad.<\/h3>\n\n\n\n<div class=\"wp-block-file\"><a href=\"https:\/\/www.idpoisson.fr\/wp-content\/uploads\/2020\/06\/lettreouverteibni-03-02-11.pdf\">lettreouverteibni-03-02-11<\/a><a href=\"https:\/\/www.idpoisson.fr\/wp-content\/uploads\/2020\/06\/lettreouverteibni-03-02-11.pdf\" class=\"wp-block-file__button\" download>T\u00e9l\u00e9charger<\/a><\/div>\n\n\n\n<p><a href=\"https:\/\/www.idpoisson.fr\/prix-ibni\/\">Retour accueil<\/a><\/p>\n","protected":false},"excerpt":{"rendered":"<p>Lettre ouverte \u00e0 Ibni Oumar Mahamat Saleh, 3 ans apr\u00e8s sa disparition forc\u00e9e, au Tchad. Retour accueil<\/p>\n","protected":false},"author":1,"featured_media":0,"parent":0,"menu_order":0,"comment_status":"closed","ping_status":"closed","template":"","meta":{"footnotes":""},"class_list":["post-2343","page","type-page","status-publish","hentry"],"_links":{"self":[{"href":"https:\/\/www.idpoisson.fr\/en\/wp-json\/wp\/v2\/pages\/2343","targetHints":{"allow":["GET"]}}],"collection":[{"href":"https:\/\/www.idpoisson.fr\/en\/wp-json\/wp\/v2\/pages"}],"about":[{"href":"https:\/\/www.idpoisson.fr\/en\/wp-json\/wp\/v2\/types\/page"}],"author":[{"embeddable":true,"href":"https:\/\/www.idpoisson.fr\/en\/wp-json\/wp\/v2\/users\/1"}],"replies":[{"embeddable":true,"href":"https:\/\/www.idpoisson.fr\/en\/wp-json\/wp\/v2\/comments?post=2343"}],"version-history":[{"count":3,"href":"https:\/\/www.idpoisson.fr\/en\/wp-json\/wp\/v2\/pages\/2343\/revisions"}],"predecessor-version":[{"id":2833,"href":"https:\/\/www.idpoisson.fr\/en\/wp-json\/wp\/v2\/pages\/2343\/revisions\/2833"}],"wp:attachment":[{"href":"https:\/\/www.idpoisson.fr\/en\/wp-json\/wp\/v2\/media?parent=2343"}],"curies":[{"name":"wp","href":"https:\/\/api.w.org\/{rel}","templated":true}]}}