{"id":2379,"date":"2020-07-03T14:21:58","date_gmt":"2020-07-03T12:21:58","guid":{"rendered":"https:\/\/www.idpoisson.fr\/?page_id=2379"},"modified":"2020-07-03T14:30:43","modified_gmt":"2020-07-03T12:30:43","slug":"3-fevrier-2019-anniversaire-redefinition-du-prix-ibni-3-february-2019-anniversary-redefinition-ol-the-ibni-prize","status":"publish","type":"page","link":"https:\/\/www.idpoisson.fr\/en\/3-fevrier-2019-anniversaire-redefinition-du-prix-ibni-3-february-2019-anniversary-redefinition-ol-the-ibni-prize\/","title":{"rendered":"3 fevrier 2019, Anniversaire, Redefinition du Prix Ibni\/ 3 february 2019, Anniversary, Redefinition ol the Ibni Prize"},"content":{"rendered":"\n<h2 class=\"wp-block-heading\">3 fevrier 2019, Anniversaire, Redefinition du Prix Ibni\/ 3 february 2019, Anniversary, Redefinition ol the Ibni Prize<\/h2>\n\n\n\n<p>The english version follows.<br \/><br \/>Cher ami, chere amie,<br \/><br \/>1) Petition: Vous faites partie des 3535 signataires de la petition sur \u00ab Ibni Oumar Mahamat Saleh \u00bb<br \/>(<a href=\"https:\/\/www.univ-orleans.fr\/prixibni\">https:\/\/www.univ-orleans.fr\/prixibni<\/a>) Il y a 11 ans, le 3 fevrier, Ibni Oumar Mahamat Saleh a ete<br \/>enleve a son domicile a N&#8217;Djamena par des forces armees. Il est presque certainement mort dans les<br \/>jours suivants. Nous ne pouvons oublier, nous voulons connaitre les circonstances de sa mort, et que<br \/>justice soit faite.<br \/><br \/>2) Prix Ibni: Le Prix Ibni <a href=\"http:\/\/www.univ-orleans.fr\/prixIbni\">http:\/\/www.univ-orleans.fr\/prixIbni<\/a> a ete redefini et est devenu un prix<br \/>de these, decerne a deux laureat.e.s tous les deux ans<br \/><a href=\"http:\/\/www.univ-orleans.fr\/prixIbni\/description\">http:\/\/www.univ-orleans.fr\/prixIbni\/description<\/a>.\u00a0\u00a0 En 2018, les laureats sont\u00a0 Ibrahima\u00a0 Hamidine<br \/>(Niger) et El Hadji Abdoulaye Thiam (Senegal). Voir <br \/><a href=\"http:\/\/www.univ-orleans.fr\/sites\/default\/files\/utilisateurs\/449\/documents\/proclamation18.pdf\">http:\/\/www.univ-orleans.fr\/sites\/default\/files\/utilisateurs\/449\/documents\/proclamation18.pdf<\/a>.\u00a0 Le<br \/>Prix Ibni sera de nouveau d\u00e9cern\u00e9 en 2020.<br \/><br \/>3) Souscription: La souscription pour le Prix Ibni est d\u00e9sormais recueillie par l&#8217;Association pour<br \/>la Promotion de la Science en Afrique <a href=\"http:\/\/www.scienceafrique.fr\/\">http:\/\/www.scienceafrique.fr\/<\/a> Pour les modalit\u00e9s de dons a<br \/>l&#8217;APSA, les informations se trouvent ici, <a href=\"http:\/\/www.scienceafrique.fr\/2.html\">http:\/\/www.scienceafrique.fr\/2.html<\/a> Pensez-bien a preciser<br \/>&#8220;Prix Ibni&#8221; si vous leur faites un don pour la souscription. Vous pouvez egalement adh\u00e9rer \u00e0 l&#8217;APSA<br \/>tout en souscrivant au Prix Ibni. Dans ce cas, merci d&#8217; indiquer le montant consacre au Prix Ibni et<br \/>le montant consacre \u00e0 votre adh\u00e9sion. Si vous etes contribuable en France vous recevrez un re\u00e7u<br \/>fiscal.<br \/><br \/>4) Images des maths: Un billet de Charles Boubel sera publi\u00e9 le 3 fevrier 2019<br \/><a href=\"http:\/\/images.math.cnrs.fr\/Ibni-Oumar-Mahamat-Saleh-disparu-de-puis-onze-ans.html\">http:\/\/images.math.cnrs.fr\/Ibni-Oumar-Mahamat-Saleh-disparu-de-puis-onze-ans.html<\/a><br \/><br \/>Nous n&#8217;\u2019oublions pas Ibni Oumar Mahamat Saleh et nous continuons a demander la verite a son sujet au<br \/>president tchadien Idriss Deby et au\u00a0 president francais Emmanuel Macron.\u00a0 Nous partagerons en cet<br \/>anniversaire la douleur de la famille d&#8217;Ibni Oumar Mahamat Saleh et leur exigence de verite.<br \/><br \/>\u00a0Marie-Francoise Roy, Jean-Renault<br \/><br \/><br \/>Dear friends,<br \/><br \/>1) Petition. You are one of the 3535 signatories of the petition for &#8220;Ibni Oumar Mahamat Saleh<br \/>&#8220;(<a href=\"https:\/\/www.univ-orleans.fr\/en\/prixibni\">https:\/\/www.univ-orleans.fr\/en\/prixibni<\/a>) There will be eleven years on February 3 since Ibni Oumar<br \/>Mahamat Saleh was abducted from his home in N&#8217;Djamena by armed forces. He died almost certainly soon<br \/>after. We cannot forget this, we want to know the circumstances of his death, we want justice to be<br \/>done.<br \/><br \/>2) Ibni Prize. The Ibni Prize (<a href=\"https:\/\/www.univ-orleans.fr\/en\/prixibni\">https:\/\/www.univ-orleans.fr\/en\/prixibni<\/a>) has been redesigned. It<br \/>becomes a thesis\u2019 prize and is awarded to two persons every two years<br \/>(<a href=\"https:\/\/www.univ-orleans.fr\/en\/prixibni\/description\">https:\/\/www.univ-orleans.fr\/en\/prixibni\/description<\/a>). The awardees\u00a0 of the 2018 Ibni Prizes are<br \/>Ibrahima Hamidine (Niger) and El Hadji Abdoulaye Thiam (Senegal). See:<br \/><a href=\"https:\/\/www.univ-orleans.fr\/sites\/default\/files\/utilisateurs\/449\/documents\/proclamation18.en_.pdf\">https:\/\/www.univ-orleans.fr\/sites\/default\/files\/utilisateurs\/449\/documents\/proclamation18.en_.pdf<\/a>).<br \/>The next Ibni Prize will be awarded in 2020.<br \/><br \/>3) Subscription. The subscription for the Ibni Prize is now collected by APSA (Association pour la<br \/>Promotion de la Science en Afrique): <a href=\"http:\/\/www.scienceafrique.fr\/\">http:\/\/www.scienceafrique.fr\/<\/a>\u00a0 You will find here:<br \/><a href=\"http:\/\/www.scienceafrique.fr\/2.html\">http:\/\/www.scienceafrique.fr\/2.html<\/a> how to make a donation. If you make a donation for the Ibni<br \/>Prize subscription, make sure to specify &#8220;for the Ibni Prize&#8221;. You may also want to become a<br \/>member of APSA. In that case, indicate the amount for your membership and the amount for the Ibni<br \/>Prize. You will get a tax receipt for the French income tax deduction.<\/p>\n<p>4) Images des Maths. A paper by Charles Boubel will be published on Feburary 3<br \/><a href=\"http:\/\/images.math.cnrs.fr\/Ibni-Oumar-Mahamat-Saleh-disparu-de-puis-onze-ans.html\">http:\/\/images.math.cnrs.fr\/Ibni-Oumar-Mahamat-Saleh-disparu-de-puis-onze-ans.html<\/a><br \/><br \/>We do not forget Ibni Oumar Mahamat Saleh and we keep asking the truth about what happened to him to<br \/>Chadian President Idriss Deby and French President Emmanuel Macron. On this anniversary, we share<br \/>the grief of Ibni&#8217;s family and ask for justice.<br \/><br \/>Marie-Francoise Roy, Jean-Renault<\/p>\n","protected":false},"excerpt":{"rendered":"<p>3 fevrier 2019, Anniversaire, Redefinition du Prix Ibni\/ 3 february 2019, Anniversary, Redefinition ol the Ibni Prize The english version &hellip; <a href=\"https:\/\/www.idpoisson.fr\/en\/3-fevrier-2019-anniversaire-redefinition-du-prix-ibni-3-february-2019-anniversary-redefinition-ol-the-ibni-prize\/\" class=\"more-link\">More <span class=\"screen-reader-text\">3 fevrier 2019, Anniversaire, Redefinition du Prix Ibni\/ 3 february 2019, Anniversary, Redefinition ol the Ibni Prize<\/span> <span class=\"meta-nav\">&rarr;<\/span><\/a><\/p>\n","protected":false},"author":1,"featured_media":0,"parent":0,"menu_order":0,"comment_status":"closed","ping_status":"closed","template":"","meta":{"footnotes":""},"class_list":["post-2379","page","type-page","status-publish","hentry"],"_links":{"self":[{"href":"https:\/\/www.idpoisson.fr\/en\/wp-json\/wp\/v2\/pages\/2379","targetHints":{"allow":["GET"]}}],"collection":[{"href":"https:\/\/www.idpoisson.fr\/en\/wp-json\/wp\/v2\/pages"}],"about":[{"href":"https:\/\/www.idpoisson.fr\/en\/wp-json\/wp\/v2\/types\/page"}],"author":[{"embeddable":true,"href":"https:\/\/www.idpoisson.fr\/en\/wp-json\/wp\/v2\/users\/1"}],"replies":[{"embeddable":true,"href":"https:\/\/www.idpoisson.fr\/en\/wp-json\/wp\/v2\/comments?post=2379"}],"version-history":[{"count":3,"href":"https:\/\/www.idpoisson.fr\/en\/wp-json\/wp\/v2\/pages\/2379\/revisions"}],"predecessor-version":[{"id":2384,"href":"https:\/\/www.idpoisson.fr\/en\/wp-json\/wp\/v2\/pages\/2379\/revisions\/2384"}],"wp:attachment":[{"href":"https:\/\/www.idpoisson.fr\/en\/wp-json\/wp\/v2\/media?parent=2379"}],"curies":[{"name":"wp","href":"https:\/\/api.w.org\/{rel}","templated":true}]}}