{"id":2390,"date":"2020-07-03T14:37:59","date_gmt":"2020-07-03T12:37:59","guid":{"rendered":"https:\/\/www.idpoisson.fr\/?page_id=2390"},"modified":"2020-07-03T14:38:00","modified_gmt":"2020-07-03T12:38:00","slug":"3-fevrier-2016-anniversaire-nouvelles-du-prix-ibni-3-february-2016-anniversary-news-from-the-ibni-prize","status":"publish","type":"page","link":"https:\/\/www.idpoisson.fr\/en\/3-fevrier-2016-anniversaire-nouvelles-du-prix-ibni-3-february-2016-anniversary-news-from-the-ibni-prize\/","title":{"rendered":"3 fevrier 2016, Anniversaire, Nouvelles du Prix Ibni\/ 3 february 2016, Anniversary, News from the Ibni Prize"},"content":{"rendered":"\n<h2 class=\"wp-block-heading\">3 fevrier 2016, Anniversaire, Nouvelles du Prix Ibni\/ 3 february 2016, Anniversary, News from the Ibni Prize<\/h2>\n\n\n\n<p>The english version follows the french one.<br \/><br \/>Cher ami, chere amie, <br \/><br \/>1) Petition: Vous faites partie des 3525 signataires de la petition sur \u00ab Ibni Oumar Mahamat Saleh \u00bb<br \/>(<a href=\"http:\/\/smf.emath.fr\/PetitionSaleh\/\">http:\/\/smf.emath.fr\/PetitionSaleh\/<\/a>)\u00a0 Il y a 8 ans, le 3 fevrier, Ibni Oumar Mahamat Saleh a ete<br \/>enleve a son domicile a N&#8217;Djamena par des forces armees. Il est presque certainement mort dans les<br \/>jours suivants. Nous ne pouvons oublier, nous voulons connaitre les circonstances de sa mort, et que<br \/>justice soit faite. <br \/><br \/><br \/>2) Prix Ibni: Les trois societes de mathematiques francaises, SFdS, SMAI et SMF\u00a0 ont cree en 2009 un<br \/>prix Ibni Oumar Mahamat Saleh, a sa memoire. Il est attribue tous les ans a un jeune mathematicien<br \/>ou une jeune mathematicienne d&#8217;Afrique Centrale ou d&#8217;Afrique de l&#8217;Ouest et finance un sejour<br \/>scientifique de quelques mois.\u00a0 Les laureats 2009, 2010, 2011, 2012, 2013 et 2014 etaient Oumarou<br \/>Abdou Arbi, nigerien, Amadou Tall, senegalais, Solym Mawaki Sanou Abi, togolais, El Hadji Deme,<br \/>senegalais, Koffi Wilfrid Houedanou, togolais et David Jaures Fotsa Mbogne, camerounais. <br \/><br \/>Le laureat 2015 a ete proclame aujourd&#8217;hui\u00a0 <a href=\"http:\/\/www.univ-orleans.fr\/prixIbni\/resultats\">http:\/\/www.univ-orleans.fr\/prixIbni\/resultats<\/a> .\u00a0\u00a0 Le<br \/>nombre de candidatures soumises a \u00e9t\u00e9 de 12. Apr\u00e8s \u00e9valuation des dossiers, le Comit\u00e9 du Prix Ibni a<br \/>d\u00e9cid\u00e9 \u00e0 la majorit\u00e9\u00a0 de proposer que le Prix soit attribu\u00e9 a Monsieur Valaire Yatat Djeumen.<br \/>Valaire Yatat Djeumen est un doctorant camerounais, dont la th\u00e8se porte sur la mod\u00e9lisation de<br \/>syst\u00e8mes \u00e9cologiques. Ses travaux de recherche sont men\u00e9s sous l&#8217;encadrement conjoint de Jean Jules<br \/>Tewa, Professeur\u00a0 \u00e0 l&#8217;Ecole Nationale Sup\u00e9rieure Polytechnique de Yaound\u00e9 et d&#8217; Yves Dumont,<br \/>Directeur de Recherche dans l&#8217;UMR AMAP (Botanique et mod\u00e9lisation de l&#8217;architecture des plantes et<br \/>des v\u00e9g\u00e9tations) \u00e0 Montpellier. Il effectuera gr\u00e2ce au Prix Ibni un s\u00e9jour de recherche de trois<br \/>mois en 2016 qui lui permettra de terminer la redaction de sa these.<br \/><br \/>La souscription pour le financement du Prix Ibni se trouve a<br \/><a href=\"http:\/\/www.univ-orleans.fr\/prixIbni\/souscription\">http:\/\/www.univ-orleans.fr\/prixIbni\/souscription<\/a>. Toute contribution de votre part, meme minine est<br \/>tres precieuse. Le\u00a0 Prix Ibni est egalement soutenu par le CIMPA (Centre International de<br \/>Mathematiques Pures et Appliquees) et l&#8217;IMU CDC (Comite pour les pays en developpement de l&#8217;Union<br \/>Mathematique\u00a0 Internationale)<br \/><br \/>3) Le souvenir d&#8217;Ibni est aussi maintenu grace aux billets postes sur internet. Vous pouvez<br \/>consulter par exemple Images des Mathematiques\u00a0 Charles Boubel, \u00ab Ibni Oumar Mahamat Saleh, \u00ab<br \/>disparu \u00bb il y a sept ans \u00bb\u00a0 Images des Mathematiques, CNRS, 2014<br \/><a href=\"http:\/\/images.math.cnrs.fr\/Ibni-Oumar-Mahamat-Saleh-sept-ans.html\">http:\/\/images.math.cnrs.fr\/Ibni-Oumar-Mahamat-Saleh-sept-ans.html<\/a> qui est le dernier paru&#8230;..<br \/>N&#8217;hesitez pas a en poster d&#8217;autres. <br \/><br \/>Nous n&#8217;oublions pas Ibni Oumar Mahamat Saleh et nous continuons a demander la verite a son sujet au<br \/>president tchadien Idriss Deby et au\u00a0 president francais Francois Hollande.\u00a0 Nous partagerons en cet<br \/>anniversaire la douleur de la famille d&#8217;Ibni Oumar Mahamat Saleh et leur exigence de verite. <br \/><br \/>Marie-Francoise Roy, Jean-Renault <br \/><br \/><br \/>%%%<br \/><br \/>Dear friends, <br \/><br \/>1) Petition:\u00a0 You are one of the 3525 signatories of the petition for &#8220;Ibni Oumar Mahamat Saleh &#8220;<br \/>(<a href=\"http:\/\/smf.emath.fr\/PetitionSaleh\/\">http:\/\/smf.emath.fr\/PetitionSaleh\/<\/a>)\u00a0 Eight years ago, on February 3, Ibni Oumar Mahamat Saleh was<br \/>abducted from his home in N&#8217;Djamena by armed forces. He died almost certainly soon after. We cannot<br \/>forget this, we want to know the circumstances of his death, we want justice to be done.<\/p>\n<p>2) Ibni Prize: The three French Mathematical Societies, SFdS, SMAI and SMF have created in 2009 the<br \/>Prize Ibni Oumar Mahamat Saleh in his memory. It is awarded annually to a young mathematician of<br \/>Central or West Africa. It funds a scientific visit.\u00a0 The recipients in 2009, 2010,\u00a0 2011, 2012,<br \/>2013 and 2014\u00a0 were respectively Oumarou Abdou Arbi, from Niger, Amadou Tall, from Senegal, Solyme<br \/>Abi Mawaki Sanou, from Togo, El Hadji Deme, from Senegal, Khoffi Wilfrid Houedanou, from Togo and<br \/>David Jaures Fotsa Mbogne from Cameroon.<br \/><br \/>The recipient of the 2015 Prize is announced today\u00a0 <a href=\"http:\/\/www.univ-orleans.fr\/en\/prixibni\/results\">http:\/\/www.univ-orleans.fr\/en\/prixibni\/results<\/a> .<br \/>There were twelve candidates. After evaluation of their applications, the Ibni Prize Committee<br \/>decided unanimously to propose to give the Prize to Valaire Yatat Djeumen. Valaire Yatat Djeumen, a<br \/>native from Cameroon, is a PhD student at the University of Yaounde 1. His thesis, which develops<br \/>mathematical models of ecosystems, is jointly directed by Jean Jules Tewa, of\u00a0 Ecole Nationale<br \/>Sup\u00e9rieure Polytechnique of Yaound\u00e9 and by Yves Dumont, of CIRAD\u00a0 in Montpellier, France. It will<br \/>enable him to make a three-months visit to the research institute CIRAD in Montpellier, in the<br \/>framework of his PhD. <br \/><br \/>The subscription for the Prize &#8220;Ibni Oumar Mahamat Saleh&#8221; can be found at<br \/><a href=\"http:\/\/www.univ-orleans.fr\/en\/prixibni\/subscription\">http:\/\/www.univ-orleans.fr\/en\/prixibni\/subscription<\/a> . Your contribution, whatever it is, is very<br \/>precious. The Ibni Prize also receives the support of CIMPA (Centre International de Mathematiques<br \/>Pures et Appliquees) and CDC-IMU (Committee for Developing Countries of the International<br \/>Mathematical Union).<br \/><br \/>3) The remembrance of Ibni is maintained through posts on the internet. You can check for example<br \/>Images des Math\u00e9matiques Charles Boubel, \u00ab Ibni Oumar Mahamat Saleh, \u00ab disparu \u00bb il y a sept ans \u00bb<br \/>\u2014 Images des Math\u00e9matiques, CNRS, 2014<br \/><a href=\"http:\/\/images.math.cnrs.fr\/Ibni-Oumar-Mahamat-Saleh-sept-ans.html\">http:\/\/images.math.cnrs.fr\/Ibni-Oumar-Mahamat-Saleh-sept-ans.html<\/a>, which is the last one which<br \/>appeared. Do not hesitate to post more. <br \/><br \/>We do not forget Ibni Oumar Mahamat Saleh and we keep asking for the truth on his behalf to the<br \/>Chadian President Idriss Deby and the French President Francois Hollande. <br \/><br \/>On this anniversary, we share the grief of Ibni&#8217;s family and their need for truth and justice. <br \/><br \/>Marie-Francoise Roy, Jean Renault<\/p>\n","protected":false},"excerpt":{"rendered":"<p>3 fevrier 2016, Anniversaire, Nouvelles du Prix Ibni\/ 3 february 2016, Anniversary, News from the Ibni Prize The english version &hellip; <a href=\"https:\/\/www.idpoisson.fr\/en\/3-fevrier-2016-anniversaire-nouvelles-du-prix-ibni-3-february-2016-anniversary-news-from-the-ibni-prize\/\" class=\"more-link\">More <span class=\"screen-reader-text\">3 fevrier 2016, Anniversaire, Nouvelles du Prix Ibni\/ 3 february 2016, Anniversary, News from the Ibni Prize<\/span> <span class=\"meta-nav\">&rarr;<\/span><\/a><\/p>\n","protected":false},"author":1,"featured_media":0,"parent":0,"menu_order":0,"comment_status":"closed","ping_status":"closed","template":"","meta":{"footnotes":""},"class_list":["post-2390","page","type-page","status-publish","hentry"],"_links":{"self":[{"href":"https:\/\/www.idpoisson.fr\/en\/wp-json\/wp\/v2\/pages\/2390","targetHints":{"allow":["GET"]}}],"collection":[{"href":"https:\/\/www.idpoisson.fr\/en\/wp-json\/wp\/v2\/pages"}],"about":[{"href":"https:\/\/www.idpoisson.fr\/en\/wp-json\/wp\/v2\/types\/page"}],"author":[{"embeddable":true,"href":"https:\/\/www.idpoisson.fr\/en\/wp-json\/wp\/v2\/users\/1"}],"replies":[{"embeddable":true,"href":"https:\/\/www.idpoisson.fr\/en\/wp-json\/wp\/v2\/comments?post=2390"}],"version-history":[{"count":1,"href":"https:\/\/www.idpoisson.fr\/en\/wp-json\/wp\/v2\/pages\/2390\/revisions"}],"predecessor-version":[{"id":2391,"href":"https:\/\/www.idpoisson.fr\/en\/wp-json\/wp\/v2\/pages\/2390\/revisions\/2391"}],"wp:attachment":[{"href":"https:\/\/www.idpoisson.fr\/en\/wp-json\/wp\/v2\/media?parent=2390"}],"curies":[{"name":"wp","href":"https:\/\/api.w.org\/{rel}","templated":true}]}}