{"id":2394,"date":"2020-07-03T14:41:58","date_gmt":"2020-07-03T12:41:58","guid":{"rendered":"https:\/\/www.idpoisson.fr\/?page_id=2394"},"modified":"2020-07-03T14:41:58","modified_gmt":"2020-07-03T12:41:58","slug":"3-fevrier-2015-anniversaire-nouvelles-du-prix-ibni-3-february-2015-anniversary-news-from-the-ibni-prize","status":"publish","type":"page","link":"https:\/\/www.idpoisson.fr\/en\/3-fevrier-2015-anniversaire-nouvelles-du-prix-ibni-3-february-2015-anniversary-news-from-the-ibni-prize\/","title":{"rendered":"3 fevrier 2015, Anniversaire, Nouvelles du Prix Ibni\/ 3 february 2015, Anniversary, News from the Ibni Prize"},"content":{"rendered":"\n<h2 class=\"wp-block-heading\">3 fevrier 2015, Anniversaire, Nouvelles du Prix Ibni\/ 3 february 2015, Anniversary, News from the Ibni Prize<\/h2>\n\n\n\n<p>The english version follows the french one<br \/><br \/>Cher ami, chere amie,<br \/><br \/>1) Petition: Vous faites partie des 3527 signataires de la petition sur \u00ab Ibni Oumar Mahamat Saleh \u00bb<br \/>(<a href=\"http:\/\/smf.emath.fr\/PetitionSaleh\/\">http:\/\/smf.emath.fr\/PetitionSaleh\/<\/a>) Il y a 7 ans, le 3 fevrier, Ibni Oumar Mahamat Saleh a ete<br \/>enleve a son domicile a N&#8217;Djamena par des forces armees. Il est\u00a0 presque certainement mort dans les<br \/>jours suivants. Nous ne pouvons oublier, nous voulons connaitre les circonstances de sa mort, et que<br \/>justice soit faite.<br \/><br \/>2) Prix Ibni: Les trois societes de mathematiques francaises, SFdS, SMAI et SMF\u00a0 ont cree en 2009 un<br \/>prix Ibni Oumar Mahamat Saleh, a sa memoire. Il est attribue tous les ans a un jeune mathematicien<br \/>ou une jeune mathematicienne d\u2019Afrique Centrale ou d\u2019Afrique de l\u2019Ouest et finance un sejour<br \/>scientifique de quelques mois. Les laureats 2009, 2010, 2011, 2012 et 2013 etaient Oumarou Abdou<br \/>Arbi, nigerien, Amadou Tall, senegalais, Solym Mawaki Sanou Abi, togolais, El Hadji Deme, senegalais<br \/>et Koffi Wilfrid Houedanou, togolais.<br \/><br \/>Le laureat 2014 a ete proclame aujourd&#8217;hui <a href=\"http:\/\/smf4.emath.fr\/PrixIbni\/\">http:\/\/smf4.emath.fr\/PrixIbni\/<\/a>.\u00a0\u00a0 Le nombre de<br \/>candidatures soumises a \u00e9t\u00e9 de onze. Apr\u00e8s \u00e9valuation des dossiers, le Comit\u00e9 du Prix Ibni a d\u00e9cid\u00e9<br \/>\u00e0 l&#8217;unanimit\u00e9 de proposer que le Prix soit attribu\u00e9 a Monsieur David Jaures Fotsa Mbogne. David<br \/>Jaures Fotsa Mbogne est un doctorant camerounais, assistant a l\u2019Universite de Ngaoundere, qui<br \/>effectue sa these sur le contr\u00f4le optimal des modeles d\u2019\u00e9quations de d\u00e9rivees partielles en vue<br \/>d&#8217;applications en epidemiologie et ecologie, sous la direction de David Bekolle, codirigee par Elvis<br \/>Houpa et Michel Ndoumbe. Il a d\u00e9ja\u00a0 plusieurs publications dans cette thematique. Grace au prix IBNI<br \/>il effectuera un s\u00e9jour de recherche a l\u2019Institut de Mathematiques de Marseille, sous la direction<br \/>d&#8217;Etienne Pardoux, pour developper les aspects stochastiques de ses recherches. <br \/><br \/>La souscription pour le financement du Prix Ibni se trouve a <a href=\"http:\/\/smf4.emath.fr\/PrixIbni\/\">http:\/\/smf4.emath.fr\/PrixIbni\/<\/a>. Toute<br \/>contribution de votre part, meme minine est tres precieuse.<br \/><br \/>3) Le souvenir d&#8217;Ibni est aussi maintenu grace aux billets postes sur internet. Vous pouvez<br \/>consulter par exemple Images des Mathematiques\u00a0 Charles Boubel, \u00ab Ibni Oumar Mahamat Saleh, \u00ab<br \/>disparu \u00bb il y a sept ans \u00bb \u2014 Images des Mathematiques, CNRS, 2014<br \/><a href=\"http:\/\/images.math.cnrs.fr\/Ibni-Oumar-Mahamat-Saleh-sept-ans.html\">http:\/\/images.math.cnrs.fr\/Ibni-Oumar-Mahamat-Saleh-sept-ans.html<\/a> qui paraitra le 5 fevrier&#8230;..<br \/>N&#8217;hesitez pas a en poster d&#8217;autres.<br \/><br \/>Nous n\u2019oublions pas Ibni Oumar Mahamat Saleh et nous continuons a demander la verite a son sujet au<br \/>president tchadien Idriss Deby et au\u00a0 president francais Francois Hollande.\u00a0 Nous partagerons en cet<br \/>anniversaire la douleur de la famille d&#8217;Ibni Oumar Mahamat Saleh et leur exigence de verite.<br \/><br \/>\u00a0Marie-Francoise Roy, Jean-Renault<br \/><br \/>Dear friends,<br \/><br \/>1) Petition:\u00a0 You are one of the 3527 signatories of the\u00a0 petition for &#8220;Ibni Oumar Mahamat Saleh &#8220;<br \/>(<a href=\"http:\/\/smf.emath.fr\/PetitionSaleh\/\">http:\/\/smf.emath.fr\/PetitionSaleh\/<\/a>) Seven year ago, on February 3, Ibni Oumar Mahamat Saleh was<br \/>abducted from his home in N&#8217;Djamena by armed forces. He died almost certainly soon after. We cannot<br \/>forget this, we want to know the circumstances of his death, we want justice to be done.<br \/><br \/>2) Ibni Prize: The three French Mathematical Societies, SFdS, SMAI and SMF have created in 2009 the<br \/>Prize Ibni Oumar Mahamat Saleh in his memory. It is awarded annually to a young mathematician of<br \/>Central or West Africa. It funds a scientific visit. The recipients in 2009, 2010,\u00a0 2011, 2012 and<br \/>2013\u00a0 were respectively Oumarou Abdou Arbi, from Niger, Amadou Tall, from Senegal, Solyme Abi Mawaki<br \/>Sanou, from Togo, El Hadji Deme, from Senegal and Khoffi Wilfrid Houedanou, from Togo.<\/p>\n<p>The recipient of the 2014 Prize is announced today. There were eleven candidates. After evaluation<br \/>of their applications, the Ibni Prize Committee decided unanimously to propose to give the Prize to<br \/>David Jaur\u00e8s Fotsa Mbogne. David Jaur\u00e8s Fotsa Mbogne, a native from Cameroon, is a teaching<br \/>assistant at the University of Ngaoundere who is writing a PhD thesis on the optimal control of<br \/>models of partial differential equations applied to epidemiology and ecology, under the direction of<br \/>David Bekolle, codirected by Elvis Houpa and Michel Ndoumbe. He already has several publications in<br \/>this area. The prize will allow him to visit Etienne Pardoux at the Mathematical Institute of<br \/>Marseilles to develop the stochastic aspects of his models. <br \/><br \/>3) The remembrance of Ibni is maintained through posts on the internet. You can check for example<br \/>Images des Math\u00e9matiques\u00a0 Charles Boubel, \u00ab Ibni Oumar Mahamat Saleh, \u00ab disparu \u00bb il y a sept ans \u00bb<br \/>\u2014 Images des Math\u00e9matiques, CNRS, 2014<br \/><a href=\"http:\/\/images.math.cnrs.fr\/Ibni-Oumar-Mahamat-Saleh-sept-ans.html\">http:\/\/images.math.cnrs.fr\/Ibni-Oumar-Mahamat-Saleh-sept-ans.html<\/a>, to appear on 5 february. Do not<br \/>hesitate to post more. >> The subscription for the Prize &#8220;Ibni Oumar Mahamat Saleh&#8221; can be found at<br \/><a href=\"http:\/\/smf4.emath.fr\/en\/PrixIbni\/\">http:\/\/smf4.emath.fr\/en\/PrixIbni\/<\/a>. Your contribution, whatever it is, is very precious.<br \/><br \/><br \/>We do not forget Ibni Oumar Mahamat Saleh and we keep asking for the truth on his behalf to the<br \/>Chadian President Idriss Deby and the French President Francois Hollande.<br \/><br \/>On this anniversary, we share the grief of Ibni&#8217;s family and their need for truth and justice.<br \/><br \/>Marie-Francoise Roy, Jean Renault<\/p>\n","protected":false},"excerpt":{"rendered":"<p>3 fevrier 2015, Anniversaire, Nouvelles du Prix Ibni\/ 3 february 2015, Anniversary, News from the Ibni Prize The english version &hellip; <a href=\"https:\/\/www.idpoisson.fr\/en\/3-fevrier-2015-anniversaire-nouvelles-du-prix-ibni-3-february-2015-anniversary-news-from-the-ibni-prize\/\" class=\"more-link\">More <span class=\"screen-reader-text\">3 fevrier 2015, Anniversaire, Nouvelles du Prix Ibni\/ 3 february 2015, Anniversary, News from the Ibni Prize<\/span> <span class=\"meta-nav\">&rarr;<\/span><\/a><\/p>\n","protected":false},"author":1,"featured_media":0,"parent":0,"menu_order":0,"comment_status":"closed","ping_status":"closed","template":"","meta":{"footnotes":""},"class_list":["post-2394","page","type-page","status-publish","hentry"],"_links":{"self":[{"href":"https:\/\/www.idpoisson.fr\/en\/wp-json\/wp\/v2\/pages\/2394","targetHints":{"allow":["GET"]}}],"collection":[{"href":"https:\/\/www.idpoisson.fr\/en\/wp-json\/wp\/v2\/pages"}],"about":[{"href":"https:\/\/www.idpoisson.fr\/en\/wp-json\/wp\/v2\/types\/page"}],"author":[{"embeddable":true,"href":"https:\/\/www.idpoisson.fr\/en\/wp-json\/wp\/v2\/users\/1"}],"replies":[{"embeddable":true,"href":"https:\/\/www.idpoisson.fr\/en\/wp-json\/wp\/v2\/comments?post=2394"}],"version-history":[{"count":1,"href":"https:\/\/www.idpoisson.fr\/en\/wp-json\/wp\/v2\/pages\/2394\/revisions"}],"predecessor-version":[{"id":2395,"href":"https:\/\/www.idpoisson.fr\/en\/wp-json\/wp\/v2\/pages\/2394\/revisions\/2395"}],"wp:attachment":[{"href":"https:\/\/www.idpoisson.fr\/en\/wp-json\/wp\/v2\/media?parent=2394"}],"curies":[{"name":"wp","href":"https:\/\/api.w.org\/{rel}","templated":true}]}}