{"id":2400,"date":"2020-07-03T14:49:18","date_gmt":"2020-07-03T12:49:18","guid":{"rendered":"https:\/\/www.idpoisson.fr\/?page_id=2400"},"modified":"2020-07-03T14:49:18","modified_gmt":"2020-07-03T12:49:18","slug":"3-fevrier-2014-anniversaire-nouvelles-du-prix-ibni-3-february-2014-anniversary-news-from-the-ibni-prize","status":"publish","type":"page","link":"https:\/\/www.idpoisson.fr\/en\/3-fevrier-2014-anniversaire-nouvelles-du-prix-ibni-3-february-2014-anniversary-news-from-the-ibni-prize\/","title":{"rendered":"3 fevrier 2014, Anniversaire, Nouvelles du Prix Ibni\/ 3 february 2014, Anniversary, News from the Ibni Prize"},"content":{"rendered":"\n<h2 class=\"wp-block-heading\">3 fevrier 2014, Anniversaire, Nouvelles du Prix Ibni\/ 3 february 2014, Anniversary, News from the Ibni Prize<\/h2>\n\n\n\n<p>The english version follows the french one<br \/><br \/>Cher ami, chere amie,<br \/>\u00a0\u00a0\u00a0\u00a0\u00a0\u00a0\u00a0\u00a0\u00a0\u00a0\u00a0\u00a0\u00a0\u00a0\u00a0\u00a0\u00a0\u00a0\u00a0\u00a0 <br \/>1) Petition: Vous faites partie des 3505 signataires de la petition\u00a0 sur \u00ab Ibni Oumar Mahamat Saleh<br \/>\u00bb (<a href=\"http:\/\/smf.emath.fr\/PetitionSaleh\/\">http:\/\/smf.emath.fr\/PetitionSaleh\/<\/a>)\u00a0 Il y a 6 ans, le 3 fevrier, Ibni Oumar Mahamat Saleh a ete<br \/>enleve a son domicile a N&#8217;Djamena par des forces armees. Il est\u00a0 presque certainement mort dans les<br \/>jours suivants. Nous ne pouvons oublier, nous voulons connaitre les circonstances de sa mort, et que<br \/>justice soit faite.<br \/><br \/>2) Prix Ibni: Les trois societes de mathematiques francaises, SFdS, SMAI et SMF\u00a0 ont cree en 2009 un<br \/>prix Ibni Oumar Mahamat Saleh, a sa memoire. Il est attribue tous les ans a un jeune mathematicien<br \/>ou une jeune mathematicienne d\u2019Afrique Centrale ou d\u2019Afrique de l\u2019Ouest et finance un sejour <br \/>scientifique de quelques mois. Les laureats 2009, 2010, 2011 et 2012 etaient Oumarou Abdou Arbi,<br \/>nigerien, Amadou Tall, senegalais, Solym Mawaki Sanou Abi, togolais et El Hadji Deme, senegalais. Le<br \/>laureat 2013 a ete proclame aujourd&#8217;hui, il s&#8217;agit de Koffi Wilfrid Houedanou, doctorant a l&#8217;IMSP au<br \/>Benin, qui accomplira une visite de recherche aupres de son co-directeur de these Serge Nicaise,<br \/>professeur a l&#8217;Universite de Valenciennes dans le cadre de sa these\u00a0 qui porte sur les estimations <br \/>d&#8217;erreurs a posteriori pour les problemes de transmission avec discretisation isotrope ou<br \/>anisotrope. La souscription pour le financement du Prix Ibni se trouve a<br \/><a href=\"http:\/\/smf4.emath.fr\/PrixIbni\/\">http:\/\/smf4.emath.fr\/PrixIbni\/<\/a>. Toute contribution de votre part, meme minine est tres precieuse.<br \/>\u00a0\u00a0\u00a0\u00a0\u00a0\u00a0\u00a0\u00a0\u00a0\u00a0\u00a0\u00a0\u00a0\u00a0\u00a0\u00a0\u00a0\u00a0\u00a0\u00a0\u00a0\u00a0\u00a0\u00a0\u00a0\u00a0\u00a0\u00a0\u00a0\u00a0\u00a0\u00a0\u00a0 <br \/>3) Pour information : Journ\u00e9e de Memoire a Orleans le 1 fevrier 2014<br \/><br \/>Amnesty International, l\u2019ACAT et le Comite de Soutien a Ibni ont organise une Journee de Memoire le<br \/>samedi\u00a0 1 fevrier 2014 de 9h \u00e0 17h a la Maison des Associations d&#8217;Orleans-La Source.<br \/><br \/>En voici le prologue:\u00a0 &#8220;Apres avoir fait dispara\u00eetre Ibni, le regime tchadien s&#8217;est rendu compte<br \/>qu&#8217;en l\u2019eliminant, il l\u2019a rendu encore plus grand, plus mobilisateur, en le tuant il l\u2019a rendu plus<br \/>vivant ! Alors que le regime cherche a tuer le symbole qu&#8217;est Ibni en esperant qu\u2019avec le temps,<br \/>l\u2019oubli va s\u2019installer, la date anniversaire de la disparition d\u2019Ibni est en train de devenir au<br \/>contraire une date-clef pour rendre hommage, au-dela de sa personne, a toutes les victimes des<br \/>assassinats politiques au Tchad. Nous invitons les tchadiens et amis du Tchad a venir participer a<br \/>cette journee de memoire afin de visiter notre Exposition photo sur la repression au Tchad, de\u00a0 <br \/>regarder le film documentaire sur la violence politique au Tchad, de participer a la<br \/>conference-d\u00e9bat (et aux differents temoignages) et \u00e0 la presentation du r\u00e9cit poetique de Chantal<br \/>Portillo sur Ibni. On partagera un repas tchadien a l\u2019occasion de cette journee.&#8221;<br \/><br \/>Cette journee emouvante a rassemble un grand nombre de tchadiens et d&#8217;amis du Tchad et a apporte le<br \/>temoignage que le Pr. Ibni est plus vivant que jamais dans leur coeur. Au-dela d&#8217;une journ\u00e9e de<br \/>memoire, elle a ete aussi une journ\u00e9e d&#8217;espoir, l&#8217;espoir d&#8217;un Tchad libre et democratique.<br \/><br \/>Programme de la journee Mot d\u2019ouverture (Ibni-Oumar Hicham, Comit\u00e9 de Soutien) Presentation d&#8217;un<br \/>ouvrage sur Ibni, intitule \u00ab Que vaut la vie d\u2019un homme \u00bb par son auteur (Chantal Portillo,<br \/>Romanciere, Essayiste et Ecrivain). Projection du film-documentaire intitule \u00ab Tchad, mon pays<br \/>meurtri \u00bb, realise par le Think Tank \u00ab Les idees d\u2019Ibni \u00bb avec Izeringo Djibrine.\u00a0 Exposition-photos<br \/>: Des photographies bouleversantes mais aussi eveilleuses de conscience sur la repression au Tchad,<br \/>des representations et des portraits commentes par le soin de la Fondation \u00ab Ibni Oumar \u00bb.<br \/>Conference-Debat : Sur le theme \u00ab Comment lutter contre l\u2019oubli et perpetuer les idees d\u2019Ibni \u00bb\u00a0 1-<br \/>\u00ab Les actions menees, les demarches entreprises, la continuite \u00bb (Noelle Delecrin, Amnesty<br \/>International) 2- \u00ab Six annees de lutte pour Ibni \u00bb (Cl\u00e9ment Boursin, ACAT) 3- \u00ab Notre soutien<br \/>indefectible depuis 2008 \u00bb (Jean-Pierre Sueur, Senateur et ancien Ministre) 4- \u00ab Poursuivre ce<br \/>qu\u2019Ibni a initie et inlassablement defendu \u00bb (Jean Renault, comit\u00e9 d&#8217;organisation du Prix Ibni) 5- \u00ab<br \/>Ibni, Outel Bono, deux parcours similaires, des exemples pour la nouvelle generation \u00bb (Abakar<br \/>Abdelk\u00e9rim, Think Tank \u00ab Les id\u00e9es d\u2019Ibni \u00bb) 6- \u00ab Rassembler les Tchadiens autour de l&#8217;heritage<br \/>politique d&#8217;Ibni pour batir un Tchad meilleur \u00bb (Thomas Dietrich, Ecrivain). Mot de cloture,<br \/>remerciements, conclusion (Ibni-Oumar Mohamed Saleh, Comite de Soutien)<\/p>\n<p>Comite de Soutien au Pr. Ibni:\u00a0 Ibni Oumar Mohamed Saleh , Amnesty International, Noelle Delecrin,<br \/>ACAT Clement Boursin <br \/><br \/>4) &#8220;Un homme n&#8217;est pas une aiguille&#8221;, une chanson contre l&#8217;oubli, une chanson pour le Prof Ibni,<br \/>adressee au president tchadien, pour le sixieme anniversaire de sa disparition par le chanteur<br \/>franco-tchadien Kaar Kass Sonn: <br \/><a href=\"https:\/\/soundcloud.com\/kaar-kaas-sonn\/un-homme-nest-pas-une-aiguille\">https:\/\/soundcloud.com\/kaar-kaas-sonn\/un-homme-nest-pas-une-aiguille\u00a0<\/a>\u00a0\u00a0 et sous forme video<br \/><a href=\"http:\/\/youtu.be\/snJcLkXbtMk\">http:\/\/youtu.be\/snJcLkXbtMk<\/a><br \/><br \/>5) Le souvenir d&#8217;Ibni est aussi maintenu grace aux billets postes sur internet. Vous pouvez<br \/>consulter par exemple Images des Mathematiques\u00a0 Charles Boubel, \u00ab Ibni Oumar Mahamat Saleh, \u00ab<br \/>disparu \u00bb il y a six ans \u00bb \u2014 Images des Mathematiques, CNRS, 2014<br \/><a href=\"http:\/\/images.math.cnrs.fr\/Ibni-Oumar-Mahamat-Saleh-disparu-2601.html\">http:\/\/images.math.cnrs.fr\/Ibni-Oumar-Mahamat-Saleh-disparu-2601.html<\/a>&#8230;.. N&#8217;hesitez pas a en poster<br \/>d&#8217;autres.<br \/><br \/>Nous n\u2019oublions pas Ibni Oumar Mahamat Saleh et nous continuons a demander la verite a son sujet au<br \/>president tchadien Idriss Deby et au\u00a0 president francais Francois Hollande.\u00a0 Nous partagerons en cet<br \/>anniversaire la douleur de la famille d&#8217;Ibni Oumar Mahamat Saleh et leur exigence de verite.<br \/><br \/>Marie-Francoise Roy, Jean-Renault <br \/><br \/><br \/>Dear friends,<br \/><br \/>1) Petition:\u00a0 You are one of the 3505 signatories of the\u00a0 petition for &#8220;Ibni Oumar Mahamat Saleh &#8220;<br \/>(<a href=\"http:\/\/smf.emath.fr\/PetitionSaleh\/\">http:\/\/smf.emath.fr\/PetitionSaleh\/<\/a>) Six year ago, on February 3, Ibni Oumar Mahamat Saleh was<br \/>abducted from his home in N&#8217;Djamena by armed forces. He died almost certainly soon after. We cannot<br \/>forget this, we want to know the circumstances of his death, we want justice to be done.<br \/><br \/>2) Ibni Prize: The three French Mathematical Societies, SFdS, SMAI and SMF have created in 2009 the<br \/>Prize Ibni Oumar Mahamat Saleh in his memory. It is awarded annually to a young mathematician of<br \/>Central or West Africa. It funds a scientific visit.\u00a0 The recipient in 2013, announced today, is<br \/>Koffi Wilfrid Houedanou, who is a PhD student at IMPS in Benin. His thesis, entitled &#8220;A posteriori<br \/>error analysis for the transmission problems : Isotropic and Anisotropic Discretizations&#8221; is<br \/>supervised by Bernardin Ahounou in Benin and by Serge Nicaise, professor at the University of<br \/>Valenciennes. The prize will enable him to visit his second supervisor at the University of<br \/>Valenciennes for a few months.\u00a0 The recipients in 2009, 2010,\u00a0 2011 and 2012\u00a0 were respectively<br \/>Oumarou Abdou Arbi, from Niger, Amadou Tall, from Senegal, Solyme Abi Mawaki Sanou, from Togo and El<br \/>Hadji Deme, from Senegal. The subscription for the Prize &#8220;Ibni Oumar Mahamat Saleh&#8221; can be found at<br \/><a href=\"http:\/\/smf4.emath.fr\/en\/PrixIbni\/\">http:\/\/smf4.emath.fr\/en\/PrixIbni\/<\/a>. Your contribution, whatever it is, is very precious.<br \/><br \/><br \/>3) For information: a Remembrance Day in Orleans on February 1st of 2014<br \/><br \/>Amnesty International, ACAT (Action des Chr\u00e9tiens pour l&#8217;Abolition de la Torture) and the Support<br \/>Committee for Ibni organized a Remembrance Day at the Maison des Associations of Orl\u00e9ans-La Source<br \/>on Saturday, February 1st, 2014 from 9 a.m. to 5 p.m.<\/p>\n<p>As its prologue: &#8220;After making Ibni disappear, the Chadian regime realized that by eliminating him,<br \/>they made him still greater, more mobilizing and that by killing him, they made him more alive! Now,<br \/>the regime is trying to kill the symbol Ibni and is hoping that as time goes by, oblivion will come.<br \/>On the contrary, the anniversary of the disappearance of Ibni is becoming the reference to pay<br \/>tribute, beyond his person, to all the victims of political assassinations in Chad. We invite<br \/>Chadians and friends of Chad to come and participate to this day of remembrance, where you will be<br \/>able visit our Photo Exhibit on the repression in Chad, to watch a documentary film on the political<br \/>violence in Chad, to participate to a round table (and to various witnessing) and to the<br \/>presentation of a poetical story by Chantal Portillo about Ibni. We shall share a Chadian meal on<br \/>the occasion of that day.&#8221;<br \/><br \/>This moving day brought together many Chadians and friends of Chad and has shown that Pr. Ibni is<br \/>more alive than ever in their heart. Beyond a day of memory, it also was a day of hope, the hope of<br \/>a free and democratic Chad.<br \/><br \/>Program of the day Opening speech (Ibni-Oumar Hicham, Support Committee). Presentation of a book<br \/>about Ibni, entitled &#8220;Que vaut la vie d&#8217;un homme&#8221; by Chantal Portillo, writer. Projection of the<br \/>documentary film &#8220;Tchad, mon pays meurtri&#8221;, made by the Think Tank &#8221;les idees d&#8217;Ibni&#8221; with<br \/>Izeringo Djibrine. Photo Exhibit: strong but conscience awaking photographs on the repression in<br \/>Chad, representations and portraits commented by the &#8220;Ibni Oumar&#8221; Fundation. Round Table: &#8220;How to<br \/>fight against oblivion and continue the ideas of Ibni?&#8221;\u00a0 1. &#8220;Past and present actions and<br \/>initiatives, continuity&#8221; (Noelle Delecrin, Amnesty International)\u00a0 2. &#8220;Six years of fight for<br \/>Ibni&#8221; (Clement Boursin, ACAT)\u00a0 3. &#8220; Our indefectible support since 2008&#8221; (Jean-Pierre Sueur,<br \/>Senator and former Minister)\u00a0 4. &#8220;Continuing what Ibni has started and indefatigably defended&#8221;<br \/>(Jean Renault, the Ibni Prize organisation)\u00a0 5. &#8220;Ibni, Outel Bono, two similar paths, models for<br \/>the new generation&#8221; (Abakar Abdelkerim, Think Tank &#8220; les idees d&#8217;Ibni&#8221;)\u00a0 6. &#8220;Bringing together<br \/>the Chadians around the political heritage of Ibni to construct a better Chad&#8221; (Thomas Dietrich,<br \/>writer) Concluding speech and thanks (Ibni Oumar Mohamed Saleh, Support Committee)<br \/><br \/>Support Committee for Pr. Ibni: Ibni Oumar Mohamed Saleh, Amnesty International: Noelle Delecrin,<br \/>ACAT: Clement Boursin.<br \/><br \/><br \/>4) A song against oblivion addressed to the Chad president about Professor Ibni on the occasion of<br \/>the sixth anniversary of his disappearance by the French-Chad singer Kaar Kass Sonn: <br \/><a href=\"https:\/\/soundcloud.com\/kaar-kaas-sonn\/un-homme-nest-pas-une-aiguille\">https:\/\/soundcloud.com\/kaar-kaas-sonn\/un-homme-nest-pas-une-aiguille<\/a>\u00a0\u00a0\u00a0 and in video <br \/><a href=\"http:\/\/youtu.be\/snJcLkXbtMk\">http:\/\/youtu.be\/snJcLkXbtMk<\/a><br \/><br \/>5) The remembrance of Ibni is maintained through posts on the internet. You can check for example<br \/>Images des Math\u00e9matiques\u00a0 Charles Boubel, \u00ab Ibni Oumar Mahamat Saleh, \u00ab disparu \u00bb il y a six ans \u00bb \u2014<br \/>Images des Math\u00e9matiques, CNRS, 2014<br \/>http:\/\/images.math.cnrs.fr\/Ibni-Oumar-Mahamat-Saleh-disparu-2601.html. Do not hesitate to post more.<br \/><br \/>We do not forget Ibni Oumar Mahamat Saleh and we keep asking for the truth on his behalf to the<br \/>Chadian president Idriss Deby and the French president Francois Hollande. On this anniversary, we<br \/>share the grief of Ibni&#8217;s family and their need for truth and justice. <br \/><br \/>Marie-Francoise Roy, Jean Renault<\/p>\n","protected":false},"excerpt":{"rendered":"<p>3 fevrier 2014, Anniversaire, Nouvelles du Prix Ibni\/ 3 february 2014, Anniversary, News from the Ibni Prize The english version &hellip; <a href=\"https:\/\/www.idpoisson.fr\/en\/3-fevrier-2014-anniversaire-nouvelles-du-prix-ibni-3-february-2014-anniversary-news-from-the-ibni-prize\/\" class=\"more-link\">More <span class=\"screen-reader-text\">3 fevrier 2014, Anniversaire, Nouvelles du Prix Ibni\/ 3 february 2014, Anniversary, News from the Ibni Prize<\/span> <span class=\"meta-nav\">&rarr;<\/span><\/a><\/p>\n","protected":false},"author":1,"featured_media":0,"parent":0,"menu_order":0,"comment_status":"closed","ping_status":"closed","template":"","meta":{"footnotes":""},"class_list":["post-2400","page","type-page","status-publish","hentry"],"_links":{"self":[{"href":"https:\/\/www.idpoisson.fr\/en\/wp-json\/wp\/v2\/pages\/2400","targetHints":{"allow":["GET"]}}],"collection":[{"href":"https:\/\/www.idpoisson.fr\/en\/wp-json\/wp\/v2\/pages"}],"about":[{"href":"https:\/\/www.idpoisson.fr\/en\/wp-json\/wp\/v2\/types\/page"}],"author":[{"embeddable":true,"href":"https:\/\/www.idpoisson.fr\/en\/wp-json\/wp\/v2\/users\/1"}],"replies":[{"embeddable":true,"href":"https:\/\/www.idpoisson.fr\/en\/wp-json\/wp\/v2\/comments?post=2400"}],"version-history":[{"count":1,"href":"https:\/\/www.idpoisson.fr\/en\/wp-json\/wp\/v2\/pages\/2400\/revisions"}],"predecessor-version":[{"id":2401,"href":"https:\/\/www.idpoisson.fr\/en\/wp-json\/wp\/v2\/pages\/2400\/revisions\/2401"}],"wp:attachment":[{"href":"https:\/\/www.idpoisson.fr\/en\/wp-json\/wp\/v2\/media?parent=2400"}],"curies":[{"name":"wp","href":"https:\/\/api.w.org\/{rel}","templated":true}]}}