{"id":2406,"date":"2020-07-03T14:57:50","date_gmt":"2020-07-03T12:57:50","guid":{"rendered":"https:\/\/www.idpoisson.fr\/?page_id=2406"},"modified":"2020-07-03T14:57:51","modified_gmt":"2020-07-03T12:57:51","slug":"le-prix-ibni-2012-ibni-prize-in-2012","status":"publish","type":"page","link":"https:\/\/www.idpoisson.fr\/en\/le-prix-ibni-2012-ibni-prize-in-2012\/","title":{"rendered":"Le Prix Ibni 2012\/Ibni Prize in 2012"},"content":{"rendered":"\n<h2 class=\"wp-block-heading\">Le Prix Ibni 2012\/Ibni Prize in 2012<\/h2>\n\n\n\n<p>The English version follows the French one.<br \/><br \/>Cher ami, chere amie<br \/><br \/>\u00a0Le Prix \u00ab Ibni Oumar Mahamat Saleh \u00bb a ete cree pour garder vivante la memoire de notre collegue et<br \/>poursuivre son engagement en faveur des mathematiques en Afrique. Il est attribue tous les ans a un<br \/>jeune mathematicien ou une jeune mathematicienne d&#8217;Afrique subsaharienne par un comite scientifique<br \/>mis en place par le CIMPA. Le prix finance un sejour scientifique de quelques mois.<br \/><br \/>L&#8217;appel a candidatures 2012 est sur le site <a href=\"http:\/\/smf4.emath.fr\/PrixIbni\/candidatures.html\">http:\/\/smf4.emath.fr\/PrixIbni\/candidatures.html<\/a> Les<br \/>candidatures doivent etre envoyees avant le 30 novembre 2012. N&#8217;hesitez pas a diffuser<br \/>l&#8217;information.<br \/><br \/>Le prix a ete attribue en 2009 a Oumarou Abdou Arbi, du Niger, pour un sejour scientifique a l&#8217;INRIA<br \/>de Rennes,\u00a0 en 2010 a Amadou Tall du Senegal pour un sejour scientifique a l&#8217;universite de<br \/>Strasbourg, et en 2011 a Solym Mawaki Manou Abi du Togo pour un sejour scientifique a\u00a0 l&#8217;Universite<br \/>de Toulouse.<br \/><br \/>Nous remercions la SMF d&#8217;avoir g\u00e9r\u00e9 la souscription pendant la p\u00e9riode de lancement du prix. Nous<br \/>remercions les trois societes savantes de math\u00e9matiques (SFdS, SMAI, SMF) pour leur soutien.\u00a0 Le<br \/>prix ne pourrait \u00eatre attribu\u00e9 sans le travail du comite scientifique,\u00a0 qui se reunit sous la<br \/>presidence de Enrique Zuazua, president du conseil scientifique du CIMPA. Qu&#8217;ils soient tous<br \/>remercies ici, pour le travail passe et a venir.<br \/><br \/>Les dons genereux recus lors de la souscription a la fin 2011, et le soutien du CIMPA, permettent de<br \/>financier entierement le prix 2012.<br \/><br \/>La verite sur le sort d&#8217;Ibni n&#8217;est toujours pas connue! Continuons \u00e0 chercher \u00e0 savoir.<br \/><br \/><br \/>Amities<br \/><br \/>Jean-Renault Marie-Francoise Roy<br \/><br \/><br \/>Dear Friends,<br \/><br \/><br \/>\u00a0 The Prize &#8220;Ibni Oumar Mahamat Saleh&#8221; has been created in memory of our colleague. It continues his<br \/>commitment to Mathematics in Africa. The prize awards each year a young mathematician from Central<br \/>Africa or West Africa. Applications are evaluated by a scientific committee set up by ICPAM. The<br \/>prize funds a scientific visit. The 2012 call for applications is on the website<br \/><a href=\"http:\/\/smf4.emath.fr\/en\/PrixIbni\/candidatures.html\">http:\/\/smf4.emath.fr\/en\/PrixIbni\/candidatures.html<\/a> Applications must be sent before November 30,<br \/>2012. Please disseminate the information. The winners of the Ibni Prize 2009, 2010 and 2011 have<br \/>been Oumarou Abdou Arbi (from Niger, for a scientific visit at Rennes, France),\u00a0 Amadou Tall (from<br \/>Senegal, for a scientific visit at Strasbourg, France) and\u00a0 Solym Mawaki Manou Abi (from Togo, for a<br \/>scientific visit at Toulouse, France)T.<br \/><br \/>We thank the SMF (French Mathematical Society) to have handled the subscription for the prize during<br \/>the two first years.\u00a0 We thank the three mathematical societies in France (SFdS, SMAI, SMF) for<br \/>their support. The prize could not be awarded without the work of the scientific committee, which<br \/>deliberates under the chairmanship of Enrique Zuazua, president of the Scientific Council<br \/>CIMPA\/ICPAM. They are all gratefully acknowledged for their work.<br \/><br \/>The generoux gifts made during the subscription at the end of 2012, and CIMPA\/ICPAM support make it<br \/>possible to support entirely the prize in 2012<\/p>\n<p><br \/>The truth about the fate of Ibni is still unknown! We want to know.<br \/><br \/>Best wishes<br \/><br \/>Jean-Renault Marie-Francoise Roy<\/p>\n","protected":false},"excerpt":{"rendered":"<p>Le Prix Ibni 2012\/Ibni Prize in 2012 The English version follows the French one. Cher ami, chere amie \u00a0Le Prix &hellip; <a href=\"https:\/\/www.idpoisson.fr\/en\/le-prix-ibni-2012-ibni-prize-in-2012\/\" class=\"more-link\">More <span class=\"screen-reader-text\">Le Prix Ibni 2012\/Ibni Prize in 2012<\/span> <span class=\"meta-nav\">&rarr;<\/span><\/a><\/p>\n","protected":false},"author":1,"featured_media":0,"parent":0,"menu_order":0,"comment_status":"closed","ping_status":"closed","template":"","meta":{"footnotes":""},"class_list":["post-2406","page","type-page","status-publish","hentry"],"_links":{"self":[{"href":"https:\/\/www.idpoisson.fr\/en\/wp-json\/wp\/v2\/pages\/2406","targetHints":{"allow":["GET"]}}],"collection":[{"href":"https:\/\/www.idpoisson.fr\/en\/wp-json\/wp\/v2\/pages"}],"about":[{"href":"https:\/\/www.idpoisson.fr\/en\/wp-json\/wp\/v2\/types\/page"}],"author":[{"embeddable":true,"href":"https:\/\/www.idpoisson.fr\/en\/wp-json\/wp\/v2\/users\/1"}],"replies":[{"embeddable":true,"href":"https:\/\/www.idpoisson.fr\/en\/wp-json\/wp\/v2\/comments?post=2406"}],"version-history":[{"count":1,"href":"https:\/\/www.idpoisson.fr\/en\/wp-json\/wp\/v2\/pages\/2406\/revisions"}],"predecessor-version":[{"id":2407,"href":"https:\/\/www.idpoisson.fr\/en\/wp-json\/wp\/v2\/pages\/2406\/revisions\/2407"}],"wp:attachment":[{"href":"https:\/\/www.idpoisson.fr\/en\/wp-json\/wp\/v2\/media?parent=2406"}],"curies":[{"name":"wp","href":"https:\/\/api.w.org\/{rel}","templated":true}]}}