{"id":2412,"date":"2020-07-03T15:02:46","date_gmt":"2020-07-03T13:02:46","guid":{"rendered":"https:\/\/www.idpoisson.fr\/?page_id=2412"},"modified":"2020-07-03T15:02:46","modified_gmt":"2020-07-03T13:02:46","slug":"le-prix-ibni-2011-ibni-prize-in-2011","status":"publish","type":"page","link":"https:\/\/www.idpoisson.fr\/en\/le-prix-ibni-2011-ibni-prize-in-2011\/","title":{"rendered":"Le Prix Ibni 2011\/ Ibni Prize in 2011"},"content":{"rendered":"\n<h2 class=\"wp-block-heading\">Le Prix Ibni 2011\/ Ibni Prize in 2011<\/h2>\n\n\n\n<p>The English version follows the French one.<br \/><br \/>Cher ami, chere amie<br \/><br \/>\u00a0Le Prix \u00ab Ibni Oumar Mahamat Saleh \u00bb a ete cree pour garder vivante la memoire de notre collegue et<br \/>poursuivre son engagement en faveur des mathematiques en Afrique. Il est attribue tous les ans a un<br \/>jeune mathematicien ou une jeune mathematicienne d&#8217;Afrique subsaharienne par un comite scientifique<br \/>mis en place par le CIMPA. Le prix finance un sejour scientifique de quelques mois.<br \/><br \/>L&#8217;appel a candidatures 2011 est sur le site <a href=\"http:\/\/smf.emath.fr\/SouscriptionSaleh\/candidatures.html\">http:\/\/smf.emath.fr\/SouscriptionSaleh\/candidatures.html<\/a><br \/>Les candidatures doivent etre envoyees avant le 15 novembre 2011. N&#8217;hesitez pas a diffuser<br \/>l&#8217;information.<br \/><br \/>Le prix a ete attribue en 2009 a Oumarou Abdou Arbi pour un sejour scientifique \u00e0 l&#8217;INRIA &#8211; Rennes,<br \/>et en 2010 \u00e0 Amadou Tall pour un sejour scientifique \u00e0 l&#8217;universit\u00e9 de Strasbourg.<br \/><br \/>Nous remercions la SMF d&#8217;avoir g\u00e9r\u00e9 la souscription pendant la p\u00e9riode de lancement du prix. Nous<br \/>remercions les trois societes savantes de math\u00e9matiques (SFdS, SMAI, SMF) pour leur soutien.\u00a0 Le<br \/>prix ne pourrait \u00eatre attribu\u00e9 sans le travail du comite scientifique,\u00a0 qui se reunit sous la<br \/>presidence de Enrique Zuazua, president du conseil scientifique du CIMPA. Qu&#8217;ils soient tousremercies ici, pour le travail passe et a venir.\u00a0 Apr\u00e8s cette p\u00e9riode de lancement (incluant le prix<br \/>2011), il convient de trouver pour ce prix des structures plus perennes. La souscription sera \u00e0<br \/>nouveau lancee d\u00e8s que celles-ci auront ete definies.<br \/><br \/>La verite sur le sort d&#8217;Ibni n&#8217;est toujours pas connue! Continuons \u00e0 chercher \u00e0 savoir.<br \/><br \/>Amities<br \/><br \/>Aline Bonami, Alain Godinot, Marie-Francoise Roy<br \/><br \/><br \/>Dear Friends,<br \/><br \/><br \/>\u00a0 The Prize &#8220;Ibni Oumar Mahamat Saleh&#8221; has been created in memory of our colleague. It continues his<br \/>commitment to Mathematics in Africa. The prize awards each year a young mathematician from Central<br \/>Africa or West Africa. Applications are evaluated by a scientific committee set up by ICPAM. The<br \/>prize funds a scientific visit. The 2011 call for nominations is on the website<br \/><a href=\"http:\/\/smf.emath.fr\/en\/SouscriptionSaleh\/candidatures.html\">http:\/\/smf.emath.fr\/en\/SouscriptionSaleh\/candidatures.html<\/a> Applications must be sent before November<br \/>15, 2011. Please disseminate the information. The winners of the Ibni Prize 2009 and 2010 have been<br \/>Oumarou Abdou Arbi (for a scientific visit at Rennes, France) and Amadou Tall (for a scientific<br \/>visit at Strasbourg, France).<br \/><br \/>We thank the SMF (French Mathematical Society) to have handled the subscription for the prize during<br \/>the two first years.\u00a0 We thank the three mathematical societies in France (SFdS, SMAI, SMF) for<br \/>their support. The prize could not be awarded without the work of the scientific committee, which<br \/>deliberates under the chairmanship of Enrique Zuazua, president of the Scientific Council CIMPA.<br \/>They are all gratefully acknowledged for their work.<br \/><br \/>After this introductory period (including the price in 2011), more permanent structures must be<br \/>found for the prize. The subscription will again be launched as soon as they are established.<br \/><br \/>The truth about the fate of Ibni is still unknown! We want to know.<br \/><br \/>Best wishes Aline Bonami, Alain Godinot, Marie-Francoise Roy<\/p>\n","protected":false},"excerpt":{"rendered":"<p>Le Prix Ibni 2011\/ Ibni Prize in 2011 The English version follows the French one. Cher ami, chere amie \u00a0Le &hellip; <a href=\"https:\/\/www.idpoisson.fr\/en\/le-prix-ibni-2011-ibni-prize-in-2011\/\" class=\"more-link\">More <span class=\"screen-reader-text\">Le Prix Ibni 2011\/ Ibni Prize in 2011<\/span> <span class=\"meta-nav\">&rarr;<\/span><\/a><\/p>\n","protected":false},"author":1,"featured_media":0,"parent":0,"menu_order":0,"comment_status":"closed","ping_status":"closed","template":"","meta":{"footnotes":""},"class_list":["post-2412","page","type-page","status-publish","hentry"],"_links":{"self":[{"href":"https:\/\/www.idpoisson.fr\/en\/wp-json\/wp\/v2\/pages\/2412","targetHints":{"allow":["GET"]}}],"collection":[{"href":"https:\/\/www.idpoisson.fr\/en\/wp-json\/wp\/v2\/pages"}],"about":[{"href":"https:\/\/www.idpoisson.fr\/en\/wp-json\/wp\/v2\/types\/page"}],"author":[{"embeddable":true,"href":"https:\/\/www.idpoisson.fr\/en\/wp-json\/wp\/v2\/users\/1"}],"replies":[{"embeddable":true,"href":"https:\/\/www.idpoisson.fr\/en\/wp-json\/wp\/v2\/comments?post=2412"}],"version-history":[{"count":1,"href":"https:\/\/www.idpoisson.fr\/en\/wp-json\/wp\/v2\/pages\/2412\/revisions"}],"predecessor-version":[{"id":2413,"href":"https:\/\/www.idpoisson.fr\/en\/wp-json\/wp\/v2\/pages\/2412\/revisions\/2413"}],"wp:attachment":[{"href":"https:\/\/www.idpoisson.fr\/en\/wp-json\/wp\/v2\/media?parent=2412"}],"curies":[{"name":"wp","href":"https:\/\/api.w.org\/{rel}","templated":true}]}}