{"id":2414,"date":"2020-07-03T15:06:12","date_gmt":"2020-07-03T13:06:12","guid":{"rendered":"https:\/\/www.idpoisson.fr\/?page_id=2414"},"modified":"2020-07-03T15:06:13","modified_gmt":"2020-07-03T13:06:13","slug":"triste-anniversaire-de-lenlevement-dibni-continuation-des-actions-sad-anniversary-of-ibni-abduction-continuation-of-actions","status":"publish","type":"page","link":"https:\/\/www.idpoisson.fr\/en\/triste-anniversaire-de-lenlevement-dibni-continuation-des-actions-sad-anniversary-of-ibni-abduction-continuation-of-actions\/","title":{"rendered":"Triste anniversaire de l&#8217;enlevement d&#8217;Ibni. Continuation des actions. \/ Sad anniversary of Ibni abduction. Continuation of actions."},"content":{"rendered":"\n<h2 class=\"wp-block-heading\">Triste anniversaire de  l&#8217;enlevement d&#8217;Ibni. Continuation des actions. \/ Sad anniversary of Ibni  abduction. Continuation of actions.<\/h2>\n\n\n\n<p>he English version follows the French one.<br \/>\u00a0\u00a0\u00a0\u00a0\u00a0\u00a0\u00a0\u00a0\u00a0\u00a0\u00a0\u00a0\u00a0\u00a0\u00a0\u00a0\u00a0\u00a0\u00a0\u00a0\u00a0\u00a0\u00a0\u00a0\u00a0\u00a0\u00a0\u00a0\u00a0\u00a0\u00a0\u00a0\u00a0\u00a0\u00a0\u00a0\u00a0\u00a0\u00a0\u00a0\u00a0\u00a0\u00a0\u00a0\u00a0\u00a0\u00a0\u00a0\u00a0\u00a0\u00a0\u00a0\u00a0\u00a0\u00a0\u00a0\u00a0\u00a0\u00a0\u00a0\u00a0\u00a0\u00a0\u00a0\u00a0\u00a0\u00a0\u00a0\u00a0\u00a0\u00a0\u00a0\u00a0\u00a0\u00a0\u00a0\u00a0\u00a0\u00a0\u00a0 <br \/>Cher ami, chere amie<br \/>\u00a0\u00a0\u00a0\u00a0\u00a0\u00a0\u00a0\u00a0\u00a0\u00a0\u00a0\u00a0\u00a0\u00a0\u00a0\u00a0\u00a0\u00a0\u00a0\u00a0\u00a0\u00a0\u00a0\u00a0\u00a0\u00a0\u00a0\u00a0\u00a0\u00a0\u00a0\u00a0\u00a0\u00a0\u00a0\u00a0\u00a0\u00a0\u00a0\u00a0\u00a0\u00a0\u00a0\u00a0\u00a0\u00a0\u00a0\u00a0\u00a0\u00a0\u00a0\u00a0\u00a0\u00a0\u00a0\u00a0\u00a0\u00a0\u00a0\u00a0\u00a0\u00a0\u00a0\u00a0\u00a0\u00a0\u00a0\u00a0\u00a0\u00a0\u00a0\u00a0\u00a0\u00a0\u00a0\u00a0\u00a0\u00a0\u00a0\u00a0\u00a0\u00a0\u00a0\u00a0\u00a0\u00a0\u00a0\u00a0\u00a0\u00a0\u00a0\u00a0\u00a0 <br \/>1) Aidons Amnesty dans son action pour la verite, relayons son appel !<br \/><br \/>Les societes savantes fran\u00e7aises de mathematiques ont signe la lettre ouverte <a href=\"http:\/\/www.amnesty.fr\/index.php\/amnesty\/agir\/campagnes\/personnes_en_danger\/actualites\/lettre_ouverte_a_ibni_oumar_mahamat_saleh\">http:\/\/www.amnesty.fr\/index.php\/amnesty\/agir\/campagnes\/personnes_en_danger\/actualites\/lettre_ouverte_a_ibni_oumar_mahamat_saleh<\/a><br \/>adress\u00e9e au disparu Ibni Oumar Mahamat Saleh par ses fils, les presidents de differentes sections<br \/>d\u2019Amnesty International, des parlementaires, et des math\u00e9maticiens et statisticiens, dont nous<br \/>memes.<br \/><br \/>Vous pouvez\u00a0 signer la p\u00e9tition en ligne<a href=\"http:\/\/www.amnesty.fr\/aif_petitions\/?petition=228\"> http:\/\/www.amnesty.fr\/aif_petitions\/?petition=228<\/a>\u00a0 adressee<br \/>a l\u2019ambassadeur du Tchad en France. N\u2019hesitez pas \u00e0 relayer cette petition aupres de vos collegues<br \/>de tous pays : seule la constance de la mobilisation, malgre le temps qui passe, peut payer.<br \/><br \/>Amnesty attire aussi plus largement l\u2019attention sur les \u00ab disparitions \u00bb<br \/><a href=\"http:\/\/www.amnesty.fr\/index.php\/amnesty\/agir\/campagnes\/justice_impunite\/convention_disparitions_forcees__1\/tchad\">http:\/\/www.amnesty.fr\/index.php\/amnesty\/agir\/campagnes\/justice_impunite\/convention_disparitions_forcees__1\/tchad<\/a><br \/>qui constituent une pratique recurrente au Tchad.<br \/><br \/>2) Prix Ibni Les trois societes de mathematiques fran\u00e7aises, SFdS, SMAI et SMF\u00a0 ont cree en 2009 un<br \/>prix Ibni Oumar Mahamat Saleh, a sa memoire. Il est attribue tous les ans a un jeune mathematicien <br \/>ou une jeune mathematicienne d\u2019Afrique Centrale ou d\u2019Afrique de l\u2019Ouest et finance un sejour\u00a0\u00a0\u00a0 <br \/>scientifique de quelques mois.\u00a0 Le laureat 2010, annonce le 17 janvier dernier, est le Senegalais <br \/>Amadou Tall, doctorant en cryptographie ; il effectuera un sejour \u00e0 Strasbourg. Le laureat 2009<br \/>\u00e9tait le Nigerien Oumarou Abdou Arbi, actuellement doctorant en bioinformatique a Rennes.<br \/><br \/>Le prix est finance par des dons, son financement n&#8217;est pas \u00e0 l&#8217;heure actuelle assure en 2011.\u00a0 Vous<br \/>pouvez y\u00a0 contribuer, meme modestement. <a href=\"http:\/\/smf.emath.fr\/SouscriptionSaleh\/\">http:\/\/smf.emath.fr\/SouscriptionSaleh\/<\/a> Vous permettrez au<br \/>prix de vivre.\u00a0\u00a0\u00a0\u00a0\u00a0\u00a0\u00a0\u00a0\u00a0\u00a0\u00a0\u00a0\u00a0\u00a0\u00a0\u00a0\u00a0\u00a0\u00a0\u00a0\u00a0\u00a0\u00a0\u00a0\u00a0\u00a0\u00a0\u00a0\u00a0\u00a0\u00a0\u00a0\u00a0\u00a0\u00a0\u00a0\u00a0\u00a0\u00a0\u00a0\u00a0\u00a0\u00a0\u00a0\u00a0\u00a0\u00a0\u00a0\u00a0\u00a0\u00a0\u00a0\u00a0\u00a0\u00a0\u00a0\u00a0\u00a0\u00a0\u00a0\u00a0\u00a0\u00a0\u00a0\u00a0\u00a0\u00a0\u00a0\u00a0\u00a0\u00a0\u00a0 <br \/><br \/>3) Le mercredi 2 f\u00e9vrier, le d\u00e9put\u00e9 Ga\u00ebtan Gorce, les deux fils d&#8217;Ibni et d&#8217;autres signataires de la<br \/>lettre ouverte ont donn\u00e9 une conf\u00e9rence de presse \u00e0 l&#8217;Assembl\u00e9e Nationale<br \/><a href=\"http:\/\/www.afristat.org\/rss\/2371-6b226041475c971efc7adde24b9ff7a4\">http:\/\/www.afristat.org\/rss\/2371-6b226041475c971efc7adde24b9ff7a4<\/a><br \/>\u00a0\u00a0\u00a0\u00a0\u00a0\u00a0\u00a0\u00a0\u00a0\u00a0\u00a0\u00a0\u00a0\u00a0\u00a0\u00a0\u00a0\u00a0\u00a0\u00a0\u00a0\u00a0\u00a0\u00a0\u00a0\u00a0\u00a0\u00a0\u00a0\u00a0\u00a0\u00a0\u00a0\u00a0\u00a0\u00a0\u00a0\u00a0\u00a0\u00a0\u00a0\u00a0\u00a0\u00a0\u00a0\u00a0\u00a0\u00a0\u00a0\u00a0\u00a0\u00a0\u00a0\u00a0\u00a0\u00a0\u00a0\u00a0\u00a0\u00a0\u00a0\u00a0\u00a0\u00a0\u00a0\u00a0\u00a0\u00a0\u00a0 <br \/>4) Le site Images des Maths publie le 3 f\u00e9vrier 2011 un billet de Charles Boubel intitule \u00ab Ibni <br \/>Oumar Mahamat Saleh, \u00ab disparu \u00bb il y a trois ans \u00bb.<br \/><a href=\"http:\/\/images.math.cnrs.fr\/Ibni-Oumar-Mahamat-Saleh-disparu.html\">http:\/\/images.math.cnrs.fr\/Ibni-Oumar-Mahamat-Saleh-disparu.html<\/a> Images des Maths s&#8217;\u00e9tait d\u00e9j\u00e0 fait<br \/>l&#8217;\u00e9cho de la disparition d&#8217;Ibni, voir notamment\u00a0\u00a0\u00a0\u00a0\u00a0\u00a0\u00a0\u00a0\u00a0\u00a0\u00a0\u00a0\u00a0\u00a0\u00a0\u00a0\u00a0\u00a0\u00a0\u00a0\u00a0 <br \/><a href=\"http:\/\/images.math.cnrs.fr\/Le-3-fevrier-2008-enlevement-d.html\">http:\/\/images.math.cnrs.fr\/Le-3-fevrier-2008-enlevement-d.html<\/a><br \/><a href=\"http:\/\/images.math.cnrs.fr\/Il-y-a-deux-ans-la-disparition-d.html\">http:\/\/images.math.cnrs.fr\/Il-y-a-deux-ans-la-disparition-d.html<\/a> et<br \/><a href=\"http:\/\/images.math.cnrs.fr\/Revue-de-presse-fevrier-2010.html\">http:\/\/images.math.cnrs.fr\/Revue-de-presse-fevrier-2010.html\u00a0<\/a> <br \/><br \/>5) Vous faites partie des 3419 signataires de la petition\u00a0 sur \u00ab Ibni Oumar Mahamat Saleh \u00bb<br \/><a href=\"http:\/\/smf.emath.fr\/PetitionSaleh\/\">http:\/\/smf.emath.fr\/PetitionSaleh\/<\/a> C&#8217;est aujourd&#8217;hui un triste anniversaire, puisque son enlevement<br \/>a eu lieu de 3 fevrier 2008, par des soldats de l\u2019arm\u00e9e tchadienne. Il etait professeur de<br \/>mathematiques \u00e0 l\u2019universite de N\u2019Djamena, et une personnalite de l\u2019opposition politique dans son<br \/>pays. Il avait aussi cree plusieurs liens avec des universites ou ecoles fran\u00e7aises, au service de<br \/>l\u2019enseignement des mathematiques dans son pays.<br \/><br \/>Il est tres probablement mort en detention peu de temps apres l\u2019enlevement, ainsi que le reconnait<br \/>la Commission d\u2019Enquete (internationale) sur les evenements survenus au Tchad du 28 janvier au 8<br \/>fevrier 2008. (voir notre message du 3 septembre 2008,<br \/>\u00a0<a href=\"http:\/\/smf.emath.fr\/PetitionSaleh\/messages.cgi?mode=message&#038;id=5804\">http:\/\/smf.emath.fr\/PetitionSaleh\/messages.cgi?mode=message&#038;id=5804<\/a>)<\/p>\n<p>Nous n\u2019oublions pas Ibni Oumar Mahamat Saleh et nous continuons a demander la verite a son sujet au<br \/>president tchadien Idriss Deby et au president francais Nicolas Sarkozy.\u00a0 Nous partagerons en ce<br \/>jour anniversaire la douleur de la famille d&#8217;Ibni Oumar Mahamat Saleh et leur exigence de verite.<br \/><br \/>Aline Bonami, Alain Godinot, Marie-Fran\u00e7oise Roy<br \/><br \/>&#8212;&#8212;&#8212;&#8212;&#8212;&#8212;&#8212;&#8212;&#8212;&#8212;&#8212;&#8212;&#8212;&#8212;&#8212;&#8212;&#8212;&#8212;&#8212;&#8212;&#8212;&#8212; Dear friends, <br \/><br \/>1) let us help Amnesty International in its quest for the truth, let us disseminate its call! <br \/><br \/>The French mathematical societies have signed an open letter<br \/><a href=\"http:\/\/www.amnesty.fr\/index.php\/amnesty\/agir\/campagnes\/personnes_en_danger\/actualites\/lettre_ouverte_a_ibni_oumar_mahamat_saleh\">http:\/\/www.amnesty.fr\/index.php\/amnesty\/agir\/campagnes\/personnes_en_danger\/actualites\/lettre_ouverte_a_ibni_oumar_mahamat_saleh<\/a><br \/>that Amnesty International France has addressed to Ibni Oumar Mahamat Saleh. Other signatories are<br \/>his sons, various sections of Amnesty International, members of the French Parliament,<br \/>mathematicians and statisticians, including ourselves. <br \/><br \/>You can sign the online petition\u00a0 <a href=\"http:\/\/www.amnesty.fr\/aif_petitions\/?petition=228\">http:\/\/www.amnesty.fr\/aif_petitions\/?petition=228<\/a>\u00a0\u00a0 addressed to<br \/>the ambassador of Chad to France. Feel free to relay this petition to your colleagues from all<br \/>countries. Only a constant mobilization can lead to truth.<br \/><br \/>Amnesty draws attention to enforced disappearance<br \/><a href=\"http:\/\/www.amnesty.fr\/index.php\/amnesty\/agir\/campagnes\/justice_impunite\/convention_disparitions_forcees__1\/tchad\">http:\/\/www.amnesty.fr\/index.php\/amnesty\/agir\/campagnes\/justice_impunite\/convention_disparitions_forcees__1\/tchad<\/a><br \/>which are a recurrent practice in Chad. <br \/><br \/>2) Prize Ibni\u00a0 The three French mathematical societies, SFdS, SMAI and SMF have created in 2009 the<br \/>Ibni Oumar Mahamat Saleh Prize in his memory. It is awarded annually to a young mathematician of<br \/>Central or West Africa and funds a scientific visit of several months.\u00a0\u00a0 The 2010 winner, announced<br \/>on January 17, is the Senegalese Amadou Tall. He is a PhD student in cryptography and will go to<br \/>Strasbourg, France.\u00a0 The 2009 winner was Oumarou Abdou Arbi from Niger. He is now a PhD student in<br \/>bioinformatics at Rennes. <br \/><br \/>The prize is funded by donations. The funding is not currently sufficient for the 2011 Prize. You<br \/>can contribute, even if modestly, <a href=\"http:\/\/smf.emath.fr\/en\/SouscriptionSaleh\/\">http:\/\/smf.emath.fr\/en\/SouscriptionSaleh\/<\/a><br \/><br \/>3) On Wednesday, February 2, Members of the French Parliament gave a press conference. <br \/><a href=\"http:\/\/www.afristat.org\/rss\/2371-6b226041475c971efc7adde24b9ff7a4\">http:\/\/www.afristat.org\/rss\/2371-6b226041475c971efc7adde24b9ff7a4<\/a><br \/><br \/><br \/>4) The website\u201dImages des maths\u201d has published on February 3, 2011 a post from Charles Boubel<br \/>entitled &#8220;Ibni Oumar Mahamat Saleh, who disappeared three years ago.&#8221; <br \/>http:\/\/images.math.cnrs.fr\/Ibni-Oumar-Mahamat-Saleh-disparu.html\u00a0 \u201cImages des\u00a0 maths\u201d had already<br \/>echoed the disappearance of Ibni, see in particular <br \/><a href=\"http:\/\/images.math.cnrs.fr\/Le-3-fevrier-2008-enlevement-d.html\">http:\/\/images.math.cnrs.fr\/Le-3-fevrier-2008-enlevement-d.html<\/a> <br \/><a href=\"http:\/\/images.math.cnrs.fr\/Il-ya-deux-ans-la-disparition-d.html\">http:\/\/images.math.cnrs.fr\/Il-ya-deux-ans-la-disparition-d.html<\/a>\u00a0 and <br \/><a href=\"http:\/\/images.math.cnrs.fr\/Revue-de-presse-fevrier-2010.html\">http:\/\/images.math.cnrs.fr\/Revue-de-presse-fevrier-2010.html<\/a> <br \/><br \/>5) You are one of the 3419 signatories of the petition on &#8220;Ibni Oumar Mahamat Saleh&#8221; <br \/><a href=\"http:\/\/smf.emath.fr\/en\/PetitionSaleh\/\">http:\/\/smf.emath.fr\/en\/PetitionSaleh\/<\/a> Today is a sad anniversary. His enforced disappearance took<br \/>place from February 3, 2008. It has been done by soldiers from the Chadian army. He was professor of<br \/>mathematics at the University of N&#8217;Djamena, and a well-known democratic opponent in his country. He<br \/>also fostered scientific cooperation with French universities and schools in order to improve the<br \/>level of teaching in his country. <br \/><br \/>He very probably died in detention shortly after his abduction. This has been recognized the Board<br \/>of Inquiry on in Chad January 28 to February 8, 2008.\u00a0 (See our post of September 3, 2008,<br \/><a href=\"http:\/\/smf.emath.fr\/PetitionSaleh\/messages.cgi?mode=message&#038;id=5804\">http:\/\/smf.emath.fr\/PetitionSaleh\/messages.cgi?mode=message&#038;id=5804<\/a>)<\/p>\n<p><br \/>We will not forget Ibni Oumar Mahamat Saleh. We demand the truth to the Chadian President Idriss<br \/>Deby and the French president Nicolas Sarkozy.\u00a0\u00a0 On this anniversary we share the pain of the family<br \/>of Ibni Oumar Mahamat Saleh.<br \/><br \/>Aline Bonami, Alain Godinot, Marie-Francoise Roy<\/p>\n","protected":false},"excerpt":{"rendered":"<p>Triste anniversaire de l&#8217;enlevement d&#8217;Ibni. Continuation des actions. \/ Sad anniversary of Ibni abduction. Continuation of actions. he English version &hellip; <a href=\"https:\/\/www.idpoisson.fr\/en\/triste-anniversaire-de-lenlevement-dibni-continuation-des-actions-sad-anniversary-of-ibni-abduction-continuation-of-actions\/\" class=\"more-link\">More <span class=\"screen-reader-text\">Triste anniversaire de l&#8217;enlevement d&#8217;Ibni. Continuation des actions. \/ Sad anniversary of Ibni abduction. Continuation of actions.<\/span> <span class=\"meta-nav\">&rarr;<\/span><\/a><\/p>\n","protected":false},"author":1,"featured_media":0,"parent":0,"menu_order":0,"comment_status":"closed","ping_status":"closed","template":"","meta":{"footnotes":""},"class_list":["post-2414","page","type-page","status-publish","hentry"],"_links":{"self":[{"href":"https:\/\/www.idpoisson.fr\/en\/wp-json\/wp\/v2\/pages\/2414","targetHints":{"allow":["GET"]}}],"collection":[{"href":"https:\/\/www.idpoisson.fr\/en\/wp-json\/wp\/v2\/pages"}],"about":[{"href":"https:\/\/www.idpoisson.fr\/en\/wp-json\/wp\/v2\/types\/page"}],"author":[{"embeddable":true,"href":"https:\/\/www.idpoisson.fr\/en\/wp-json\/wp\/v2\/users\/1"}],"replies":[{"embeddable":true,"href":"https:\/\/www.idpoisson.fr\/en\/wp-json\/wp\/v2\/comments?post=2414"}],"version-history":[{"count":1,"href":"https:\/\/www.idpoisson.fr\/en\/wp-json\/wp\/v2\/pages\/2414\/revisions"}],"predecessor-version":[{"id":2415,"href":"https:\/\/www.idpoisson.fr\/en\/wp-json\/wp\/v2\/pages\/2414\/revisions\/2415"}],"wp:attachment":[{"href":"https:\/\/www.idpoisson.fr\/en\/wp-json\/wp\/v2\/media?parent=2414"}],"curies":[{"name":"wp","href":"https:\/\/api.w.org\/{rel}","templated":true}]}}