{"id":2418,"date":"2020-07-03T15:10:11","date_gmt":"2020-07-03T13:10:11","guid":{"rendered":"https:\/\/www.idpoisson.fr\/?page_id=2418"},"modified":"2020-07-03T15:10:12","modified_gmt":"2020-07-03T13:10:12","slug":"jour-anniversaire-nouvelles-du-prix-anniversary-news-from-the-prize","status":"publish","type":"page","link":"https:\/\/www.idpoisson.fr\/en\/jour-anniversaire-nouvelles-du-prix-anniversary-news-from-the-prize\/","title":{"rendered":"Jour anniversaire, nouvelles du prix \/ Anniversary, news from the prize"},"content":{"rendered":"\n<h2 class=\"wp-block-heading\">Jour anniversaire, nouvelles du prix \/ Anniversary, news from the prize<\/h2>\n\n\n\n<p>The English version follows the French one.<br \/><br \/>1. Il y aura deux ans le 3 f\u00e9vrier que Ibni Oumar Mahamat Saleh a \u00e9t\u00e9 enlev\u00e9 \u00e0 son domicile \u00e0<br \/>N&#8217;Djamena par des forces arm\u00e9es. Il est\u00a0 presque certainement mort dans les jours suivants. Nous ne<br \/>pouvons oublier, nous voulons conna\u00eetre les circonstances de sa mort, et que justice soit faite.<br \/><br \/>2. Le prix 2009 \u00e0 sa m\u00e9moire a \u00e9t\u00e9 d\u00e9cern\u00e9 \u00e0 Oumarou Abdou Arbi. On peut trouver sur le site<br \/><a href=\"http:\/\/smf.emath.fr\/SouscriptionSaleh\">http:\/\/smf.emath.fr\/SouscriptionSaleh<\/a> toute information concernant le concours et le jury. Nous<br \/>remercions vivement toutes les personnes qui ont r\u00e9pondu \u00e0 la souscription. Celle-ci a permis de<br \/>financer le prix 2009. Il est toujours possible de faire des dons pour les prix 2010 et 2011.<br \/><br \/>3. L&#8217;Union Math\u00e9matique Africaine nous a assur\u00e9 de son soutien au prix Ibni. De nombreuses soci\u00e9t\u00e9s<br \/>math\u00e9matiques ont relay\u00e9 la souscription et l&#8217;appel \u00e0 candidatures du prix. Nous les remercions<br \/>vivement. Nous remercions particuli\u00e8rement l&#8217;IMU pour le don qu&#8217;a fait le &#8220;Developing Countries<br \/>Strategy Group&#8221; pour le prix Ibni.<br \/><br \/>4. Le 3 f\u00e9vrier, jour anniversaire, une plaque sera appos\u00e9e \u00e0 la m\u00e9moire d&#8217;Ibni dans le b\u00e2timent de<br \/>math\u00e9matiques d&#8217;Orl\u00e9ans dans lequel il \u00e9tait \u00e9tudiant dans les ann\u00e9es soixante-dix, en pr\u00e9sence de<br \/>sa famille, des pr\u00e9sidents des soci\u00e9t\u00e9s math\u00e9matiques fran\u00e7aises, de la vice-pr\u00e9sidente de<br \/>l&#8217;universit\u00e9. Celles et ceux qui souhaitent se joindre \u00e0 cette c\u00e9r\u00e9monie peuvent contacter Yves<br \/>Denizeau .<br \/><br \/>5. Nous partagerons en ce jour anniversaire la douleur de la famille d&#8217;Ibni Oumar Mahamat Saleh et<br \/>leur exigence de v\u00e9rit\u00e9.<br \/><br \/>Aline Bonami, Alain Godinot, Marie-Fran\u00e7oise Roy<br \/>__________________________________________________________________________________<br \/><br \/>1. It will be two years on February 3 since Ibni Oumar Mahamat Saleh has been kidnapped from his<br \/>home in N&#8217;Djamena by armed forces. He died almost certainly soon after. We cannot forget this, we<br \/>want to know the circumstances of his death, we want that justice be dispensed.<br \/><br \/><br \/>2. The 2009 Ibni prize , dedicated to his memory, has been awarded to Oumarou Abdou Arbi. Please<br \/>find on the web site <a href=\"http:\/\/smf.emath.fr\/en\/SouscriptionSaleh\">http:\/\/smf.emath.fr\/en\/SouscriptionSaleh<\/a> all information concerning the prize.<br \/>We deeply thank those who answered the subscription. It allowed to fund the 2009 prize. It is still<br \/>possible to\u00a0 donate for the 2010 and 2011 prizes.<br \/><br \/>3. The African Union of Mathematicians supports the Ibni prize. Numerous mathematical societies have<br \/>disseminated information on the subscription and the call for applications. We thank them very much.<br \/>We particularly thank IMU for the donation of the &#8220;Developing Countries Strategy Group&#8221;.<br \/><br \/>4. On February 3, anniversary of the day he was kidnapped, a plaque will be affixed in the Math<br \/>building of the University of Orl\u00e9ans in memory of Ibni who has been a student there. His family<br \/>will be present, as well as the presidents of the French Mathematical Societies and the<br \/>vice-chancellor of the university.<br \/><br \/>5. On this anniversary, we share the grief of Ibni&#8217;s family and ask for justice.<br \/><br \/>Aline Bonami, Alain Godinot, Marie-Fran\u00e7oise Roy<\/p>\n","protected":false},"excerpt":{"rendered":"<p>Jour anniversaire, nouvelles du prix \/ Anniversary, news from the prize The English version follows the French one. 1. Il &hellip; <a href=\"https:\/\/www.idpoisson.fr\/en\/jour-anniversaire-nouvelles-du-prix-anniversary-news-from-the-prize\/\" class=\"more-link\">More <span class=\"screen-reader-text\">Jour anniversaire, nouvelles du prix \/ Anniversary, news from the prize<\/span> <span class=\"meta-nav\">&rarr;<\/span><\/a><\/p>\n","protected":false},"author":1,"featured_media":0,"parent":0,"menu_order":0,"comment_status":"closed","ping_status":"closed","template":"","meta":{"footnotes":""},"class_list":["post-2418","page","type-page","status-publish","hentry"],"_links":{"self":[{"href":"https:\/\/www.idpoisson.fr\/en\/wp-json\/wp\/v2\/pages\/2418","targetHints":{"allow":["GET"]}}],"collection":[{"href":"https:\/\/www.idpoisson.fr\/en\/wp-json\/wp\/v2\/pages"}],"about":[{"href":"https:\/\/www.idpoisson.fr\/en\/wp-json\/wp\/v2\/types\/page"}],"author":[{"embeddable":true,"href":"https:\/\/www.idpoisson.fr\/en\/wp-json\/wp\/v2\/users\/1"}],"replies":[{"embeddable":true,"href":"https:\/\/www.idpoisson.fr\/en\/wp-json\/wp\/v2\/comments?post=2418"}],"version-history":[{"count":1,"href":"https:\/\/www.idpoisson.fr\/en\/wp-json\/wp\/v2\/pages\/2418\/revisions"}],"predecessor-version":[{"id":2419,"href":"https:\/\/www.idpoisson.fr\/en\/wp-json\/wp\/v2\/pages\/2418\/revisions\/2419"}],"wp:attachment":[{"href":"https:\/\/www.idpoisson.fr\/en\/wp-json\/wp\/v2\/media?parent=2418"}],"curies":[{"name":"wp","href":"https:\/\/api.w.org\/{rel}","templated":true}]}}