{"id":2420,"date":"2020-07-03T15:11:21","date_gmt":"2020-07-03T13:11:21","guid":{"rendered":"https:\/\/www.idpoisson.fr\/?page_id=2420"},"modified":"2020-07-03T15:11:22","modified_gmt":"2020-07-03T13:11:22","slug":"souscription-pour-le-prix-ibni-oumar-mahamat-saleh-subscription-for-the-prize-ibni-oumar-mahamat-saleh","status":"publish","type":"page","link":"https:\/\/www.idpoisson.fr\/en\/souscription-pour-le-prix-ibni-oumar-mahamat-saleh-subscription-for-the-prize-ibni-oumar-mahamat-saleh\/","title":{"rendered":"Souscription pour le Prix Ibni Oumar Mahamat Saleh\/Subscription for the Prize Ibni Oumar Mahamat Saleh"},"content":{"rendered":"\n<h2 class=\"wp-block-heading\">Souscription pour le Prix Ibni Oumar Mahamat Saleh\/Subscription for the Prize Ibni Oumar Mahamat Saleh<\/h2>\n\n\n\n<p>The English version follows the French one<br \/><br \/>Cher ami, chere amie<br \/><br \/>Le Prix \u00ab Ibni Oumar Mahamat Saleh \u00bb est cr\u00e9\u00e9 pour que la m\u00e9moire de notre coll\u00e8gue reste vivante et<br \/>pour poursuivre son engagement en faveur des math\u00e9matiques en Afrique. Il sera attribu\u00e9 tous les ans<br \/>\u00e0 un jeune math\u00e9maticien ou une jeune math\u00e9maticienne d&#8217;Afrique subsaharienne par un comit\u00e9<br \/>scientifique mis en place par le CIMPA. Il financera un s\u00e9jour scientifique de quelques mois.<br \/><br \/>Nous sommes plus de 3000 \u00e0 avoir sign\u00e9 la P\u00e9tition sur \u00ab Ibni Oumar Mahamat Saleh \u00bb. Nous esp\u00e9rons<br \/>que nous serons nombreux \u00e0 participer \u00e0 la souscription internationale permettant de mettre en place<br \/>le Prix \u00ab Ibni Oumar Mahamat Saleh \u00bb.<br \/><br \/>Vous pouvez contribuer \u00e0 la souscription sur le site <a href=\"http:\/\/smf.emath.fr\/SouscriptionSaleh\/\">http:\/\/smf.emath.fr\/SouscriptionSaleh\/<\/a><br \/><br \/>Vous pouvez aussi diffuser l&#8217;information sur le prix, l&#8217;appel \u00e0 candidatures est ouvert jusqu&#8217;au 15<br \/>novembre. <a href=\"http:\/\/smf.emath.fr\/SouscriptionSaleh\/candidatures.html\">http:\/\/smf.emath.fr\/SouscriptionSaleh\/candidatures.html<\/a><br \/><br \/>Amities<br \/><br \/>Aline Bonami, Alain Godinot, Marie-Francoise Roy<br \/><br \/>********* Dear friend,<br \/><br \/>The Prize &#8220;Ibni Oumar Mahamat Saleh&#8221; is created in memory of our colleague and to continue its<br \/>commitment to Mathematics in Africa. The prize will be awarded annually to a young mathematician<br \/>from subsaharian Africa by a scientific committee set up by ICPAM. It will fund a scientific visit.<br \/><br \/>There are more than 3000 of us who have signed the Petition on &#8220;Ibni Oumar Mahamat Saleh&#8221;. We hope<br \/>that there will be many of us contributing to the international subscription for the Prize &#8220;Ibni<br \/>Oumar Mahamat Saleh&#8221;.<br \/><br \/>You can contribute to the subscription at the web site <a href=\"http:\/\/smf.emath.fr\/en\/SouscriptionSaleh\/\">http:\/\/smf.emath.fr\/en\/SouscriptionSaleh\/<\/a><br \/><br \/>You can also disseminate the information about the prize, the call for candidates is opened until 15<br \/>november. <a href=\"http:\/\/smf.emath.fr\/en\/SouscriptionSaleh\/candidatures.html\">http:\/\/smf.emath.fr\/en\/SouscriptionSaleh\/candidatures.html<\/a><br \/><br \/>Best wishes<br \/><br \/>Aline Bonami, Alain Godinot, Marie-Francoise Roy<\/p>\n","protected":false},"excerpt":{"rendered":"<p>Souscription pour le Prix Ibni Oumar Mahamat Saleh\/Subscription for the Prize Ibni Oumar Mahamat Saleh The English version follows the &hellip; <a href=\"https:\/\/www.idpoisson.fr\/en\/souscription-pour-le-prix-ibni-oumar-mahamat-saleh-subscription-for-the-prize-ibni-oumar-mahamat-saleh\/\" class=\"more-link\">More <span class=\"screen-reader-text\">Souscription pour le Prix Ibni Oumar Mahamat Saleh\/Subscription for the Prize Ibni Oumar Mahamat Saleh<\/span> <span class=\"meta-nav\">&rarr;<\/span><\/a><\/p>\n","protected":false},"author":1,"featured_media":0,"parent":0,"menu_order":0,"comment_status":"closed","ping_status":"closed","template":"","meta":{"footnotes":""},"class_list":["post-2420","page","type-page","status-publish","hentry"],"_links":{"self":[{"href":"https:\/\/www.idpoisson.fr\/en\/wp-json\/wp\/v2\/pages\/2420","targetHints":{"allow":["GET"]}}],"collection":[{"href":"https:\/\/www.idpoisson.fr\/en\/wp-json\/wp\/v2\/pages"}],"about":[{"href":"https:\/\/www.idpoisson.fr\/en\/wp-json\/wp\/v2\/types\/page"}],"author":[{"embeddable":true,"href":"https:\/\/www.idpoisson.fr\/en\/wp-json\/wp\/v2\/users\/1"}],"replies":[{"embeddable":true,"href":"https:\/\/www.idpoisson.fr\/en\/wp-json\/wp\/v2\/comments?post=2420"}],"version-history":[{"count":1,"href":"https:\/\/www.idpoisson.fr\/en\/wp-json\/wp\/v2\/pages\/2420\/revisions"}],"predecessor-version":[{"id":2421,"href":"https:\/\/www.idpoisson.fr\/en\/wp-json\/wp\/v2\/pages\/2420\/revisions\/2421"}],"wp:attachment":[{"href":"https:\/\/www.idpoisson.fr\/en\/wp-json\/wp\/v2\/media?parent=2420"}],"curies":[{"name":"wp","href":"https:\/\/api.w.org\/{rel}","templated":true}]}}