{"id":2422,"date":"2020-07-03T15:13:05","date_gmt":"2020-07-03T13:13:05","guid":{"rendered":"https:\/\/www.idpoisson.fr\/?page_id=2422"},"modified":"2020-07-03T15:13:05","modified_gmt":"2020-07-03T13:13:05","slug":"dernieres-nouvelles-last-news","status":"publish","type":"page","link":"https:\/\/www.idpoisson.fr\/en\/dernieres-nouvelles-last-news\/","title":{"rendered":"Dernieres nouvelles\/Last news"},"content":{"rendered":"\n<h2 class=\"wp-block-heading\">Dernieres nouvelles\/Last news<\/h2>\n\n\n\n<p>The English version follows the French one<br \/><br \/>Cher ami, chere amie,<br \/><br \/>Notre ami Ibni Oumar Mahamat Saleh a ete enleve depuis plus d&#8217;un an et demi. Il y a un an, la<br \/>commission d&#8217;enquete tchadienne concluait a\u00a0 son deces, peu de temps apres son enlevement probable <br \/>par les forces armees tchadiennes. Aujourd&#8217;hui, la verite que nous exigeons collectivement n&#8217;est<br \/>toujours par connue.<br \/><br \/>1) Le depute Gaetan Gorse et le senateur Jean-Pierre Sueur continuent\u00a0 a agir aupres des autorites<br \/>francaises pour exiger la verite.\u00a0 Ils ont recu recemment une lettre du President de la Republique <br \/>Francaise qui n&#8217;apporte aucun element d&#8217;information decisif.\u00a0 Voir<br \/><a href=\"http:\/\/smf.emath.fr\/PetitionSaleh\/Documents\/ibni-lettre_sarkozy_sueur_9_aout_2009.pdf\">http:\/\/smf.emath.fr\/PetitionSaleh\/Documents\/ibni-lettre_sarkozy_sueur_9_aout_2009.pdf<\/a><br \/><br \/><br \/>2) Comme nous vous l&#8217;annoncions le 3 f\u00e9vrier, un prix Ibni Oumar Mahamat Saleh sera cree pour quela<br \/>m\u00e9moire de notre coll\u00e8gue reste vivante et pour poursuivre son engagement en faveur des<br \/>mathematiques en Afrique.\u00a0 Cette action a ete approuvee par les trois societes, SFdS, SMAI et SMF.<br \/>Le prix sera attribue tous les ans a un jeune mathematicien africain par un comite scientifique mis<br \/>en place par le CIMPA. Il financera un sejour scientifique. Une souscription internationale, a<br \/>laquelle les signataires de la petition seront appeles a contribuer, sera mise en place. Le<br \/>calendrier est le suivant: -lancement de la souscription le 1er octobre -lancement du premier appel<br \/>a candidatures le 1er octobre, avec une date limite de candidature au 15 novembre, -choix du premier<br \/>beneficiaire avant le 31 d\u00e9cembre 2009.<br \/><br \/>\u00a03) Toka Diagana nous a communique que le projet d&#8217;un Num\u00e9ro sp\u00e9cial de la \u00ab African Diaspora<br \/>Journal of Mathematics \u00bb\u00a0 (<a href=\"http:\/\/commun-math-anal.org\/adjm81.htm\">http:\/\/commun-math-anal.org\/adjm81.htm<\/a>) consacr\u00e9 \u00e0 la m\u00e9moire de notre<br \/>coll\u00e8gue tchadien, Pr Ibni Oumar Mahamat Saleh progresse. La date limite pour les contributions a<br \/>\u00e9t\u00e9 report\u00e9e jusqu&#8217;au 30 septembre 2009. Ainsi tous celles et ceux qui souhaitent encore contribuer<br \/>\u00e0 ce Num\u00e9ro sp\u00e9cial sont pri\u00e9s de soumettre leurs contributions\u00a0 au courriel suivant:<br \/>adjmathematics@gmail.com. Ce faisant, pri\u00e8re de n\u2019oublier de pr\u00e9ciser que votre contribution est<br \/>destin\u00e9e au Num\u00e9ro sp\u00e9cial. <br \/><br \/>\u00a0Amicalement<br \/><br \/>Aline Bonami, Alain Godinot, Marie-Fran\u00e7oise Roy<br \/><br \/>\u00a0**************************************************************** Our friend Ibni Oumar Mahamat<br \/>Saleh was kidnapped for over a year and a half. One year ago, the Chadian commission of inquiry has<br \/>concluded that he was dead. His death has probably occured very rapidly after his removal by the<br \/>Chadian armed forces. The complete truth, that we\u00a0 collectively demand, is still not known.<br \/><br \/>\u00a01) The French deputy Gaetan Gorse and Senator Jean-Pierre Sueur\u00a0 continue to make pressure on <br \/>French authorities to demand the truth.\u00a0 They recently received a letter from the President of the<br \/>French\u00a0 Republic, which offers no decisive\u00a0 information.\u00a0 See<br \/><a href=\"http:\/\/smf.emath.fr\/PetitionSaleh\/Documents\/ibni-lettre_sarkozy_sueur_9_aout_2009.pdf\">http:\/\/smf.emath.fr\/PetitionSaleh\/Documents\/ibni-lettre_sarkozy_sueur_9_aout_2009.pdf<\/a><br \/><br \/>\u00a02) As we announced on 3 February, a prize Ibni Oumar Mahamat Saleh\u00a0 will be created in memory of<br \/>our colleague and to continue its\u00a0 commitment to Mathematics in Africa. This action was approved by<br \/>the\u00a0 three French mathematical societies, SFdS, SMAI and SMF. The prize\u00a0 will be awarded annually to<br \/>a young mathematician from Africa by a\u00a0 scientific committee set up by CIMPA. It will fund a<br \/>scientific visit.\u00a0 An international subscription, to which the signatories of the\u00a0 petition will be<br \/>asked to contribute, will be established.\u00a0 The schedule for the prize is as follows:\u00a0 -Launch of the<br \/>subscription on October 1\u00a0 -Launch of first call for applications on October 1, with an\u00a0 application<br \/>deadline to November 15,\u00a0 -choice of the first recipient before 31 December 2009.<\/p>\n<p>3) Toka Diagana has announced that the project of a Special Issue of The African Diaspora Journal of<br \/>Mathematics\u00a0 (<a href=\"http:\/\/commun-math-anal.org\/adjm81.htm\">http:\/\/commun-math-anal.org\/adjm81.htm<\/a>) in memory of Prof. Ibni Oumar Mahamat Saleh <br \/>progresses. The deadline for contributions\u00a0 has been extended to September 30, 2009. So if you still<br \/>want to contribute to it, then please send your contribution to: adjmathematics@gmail.com. <br \/>Submitting your paper, please do not forget to specify that your contribution goes to the<br \/>above-mentioned Special Issue. <br \/><br \/>\u00a0Best wishes,<br \/><br \/>\u00a0Aline Bonami, Alain Godinot, Marie-Francoise Roy<\/p>\n","protected":false},"excerpt":{"rendered":"<p>Dernieres nouvelles\/Last news The English version follows the French one Cher ami, chere amie, Notre ami Ibni Oumar Mahamat Saleh &hellip; <a href=\"https:\/\/www.idpoisson.fr\/en\/dernieres-nouvelles-last-news\/\" class=\"more-link\">More <span class=\"screen-reader-text\">Dernieres nouvelles\/Last news<\/span> <span class=\"meta-nav\">&rarr;<\/span><\/a><\/p>\n","protected":false},"author":1,"featured_media":0,"parent":0,"menu_order":0,"comment_status":"closed","ping_status":"closed","template":"","meta":{"footnotes":""},"class_list":["post-2422","page","type-page","status-publish","hentry"],"_links":{"self":[{"href":"https:\/\/www.idpoisson.fr\/en\/wp-json\/wp\/v2\/pages\/2422","targetHints":{"allow":["GET"]}}],"collection":[{"href":"https:\/\/www.idpoisson.fr\/en\/wp-json\/wp\/v2\/pages"}],"about":[{"href":"https:\/\/www.idpoisson.fr\/en\/wp-json\/wp\/v2\/types\/page"}],"author":[{"embeddable":true,"href":"https:\/\/www.idpoisson.fr\/en\/wp-json\/wp\/v2\/users\/1"}],"replies":[{"embeddable":true,"href":"https:\/\/www.idpoisson.fr\/en\/wp-json\/wp\/v2\/comments?post=2422"}],"version-history":[{"count":1,"href":"https:\/\/www.idpoisson.fr\/en\/wp-json\/wp\/v2\/pages\/2422\/revisions"}],"predecessor-version":[{"id":2423,"href":"https:\/\/www.idpoisson.fr\/en\/wp-json\/wp\/v2\/pages\/2422\/revisions\/2423"}],"wp:attachment":[{"href":"https:\/\/www.idpoisson.fr\/en\/wp-json\/wp\/v2\/media?parent=2422"}],"curies":[{"name":"wp","href":"https:\/\/api.w.org\/{rel}","templated":true}]}}