{"id":2428,"date":"2020-07-03T15:18:23","date_gmt":"2020-07-03T13:18:23","guid":{"rendered":"https:\/\/www.idpoisson.fr\/?page_id=2428"},"modified":"2020-07-03T15:18:23","modified_gmt":"2020-07-03T13:18:23","slug":"texte-de-la-petition-legerement-modifie-text-of-petition-slightly-modified","status":"publish","type":"page","link":"https:\/\/www.idpoisson.fr\/en\/texte-de-la-petition-legerement-modifie-text-of-petition-slightly-modified\/","title":{"rendered":"Texte de la petition legerement modifie\/Text of petition slightly modified"},"content":{"rendered":"\n<h2 class=\"wp-block-heading\">Texte de la petition legerement modifie\/Text of petition slightly modified<\/h2>\n\n\n\n<p>The english translation follows the french text<br \/><br \/>Bonjour<br \/><br \/>1) Nous avons actualise le texte de la petition pour tenir compte des nouvelles informations dont<br \/>nous disposons, et continuer a accueillir de nouveaux signataires.<br \/><br \/>Nous avons remplace les quatre dernieres lignes<br \/><br \/>&#8220;Depuis le 3 f\u00e9vrier, des informations contradictoires circulent sur le sort d&#8217;Ibni Oumar Mahamat<br \/>Saleh. Les deux autres opposants enlev\u00e9s le m\u00eame jour que lui ont depuis \u00e9t\u00e9 lib\u00e9r\u00e9s. L&#8217;un d&#8217;entre<br \/>eux pense que malheureusement notre coll\u00e8gue est mort, alors que sa famille pense qu&#8217;il est toujours<br \/>en vie.<br \/><br \/>Nous voulons conna\u00eetre la v\u00e9rit\u00e9.&#8221;<br \/><br \/>par<br \/><br \/>&#8220;Depuis le 3 f\u00e9vrier, des informations contradictoires ont circul\u00e9 sur le sort d&#8217;Ibni Oumar Mahamat<br \/>Saleh. Depuis 3 septembre, avec les conclusions du rapport de la commission d\u2019enqu\u00eate sur les<br \/>\u00e9v\u00e8nements survenus en R\u00e9publique du Tchad du 28 janvier au 8 f\u00e9vrier 2008 et leurs cons\u00e9quences, on<br \/>peut affirmer qu\u2019il a \u00e9t\u00e9 enlev\u00e9 par des forces de l\u2019arm\u00e9e nationale tchadienne alors que celles-ci<br \/>aient repris le contr\u00f4le de N\u2019Djamena apr\u00e8s le d\u00e9part des forces rebelles1, et dire de fa\u00e7on<br \/>quasi-certaine qu\u2019il est mort en d\u00e9tention dans les jours qui ont suivi, qu\u2019il ait \u00e9t\u00e9 froidement<br \/>assassin\u00e9 ou qu\u2019il ait succomb\u00e9 aux mauvais traitements.<br \/><br \/>Nous voulons conna\u00eetre la v\u00e9rit\u00e9 tout enti\u00e8re, et que justice soit faite.&#8221;<br \/><br \/>N&#8217;hesitez pas a nous prevenir si vous desirez etre retire de la liste des signataires.<br \/><br \/>2) Nous exprimons notre solidarite a tous ceux qui ne peuvent pas, notamment au Tchad, afficher le<br \/>texte <a href=\"http:\/\/smf.emath.fr\/PetitionSaleh\/afficheIbni.pdf\">http:\/\/smf.emath.fr\/PetitionSaleh\/afficheIbni.pdf<\/a> , car cet acte pourrait les mettre en<br \/>danger.<br \/><br \/><br \/>3) De nouvaux articles parus dans la presse ont \u00e9t\u00e9 ajoutes au dossier\u00a0 (voir<br \/><a href=\"http:\/\/smf.emath.fr\/PetitionSaleh\/Documents\/ibni_depeches_3-15_sept_2008.pdf\">http:\/\/smf.emath.fr\/PetitionSaleh\/Documents\/ibni_depeches_3-15_sept_2008.pdf<\/a>)<br \/><br \/>Nous y signalons tout particulierement l&#8217;article paru dans Liberation le vendredi 12 septembre.<br \/>A bientot<br \/><br \/>Aline Bonami et Marie-Francoise Roy<br \/><br \/>&#8212;&#8212; Hello,<br \/><br \/>1) The text of the petition has been updated to reflect new information we have, and continue towelcome new signatories.<br \/><br \/>We have replaced the last lines<br \/><br \/>&#8220;Since February 3, contradictory information circulates on Ibni Oumar Mahamat Saleh. The two other<br \/>opponents, who were arrested the same day, have been released. One of them thinks that our colleague<br \/>died, while his family thinks that he is always alive.<br \/><br \/>We want to know the truth.&#8221;<\/p>\n<p>by<br \/><br \/>&#8220;Since September 3, with the conclusions of the commission of inquiry on the events in the Republic<br \/>of Chad from January 28 to February 8, 2008 and their consequences, we are now certain that he was<br \/>abducted by forces Chadian National Army while they had regained control of N&#8217;Djamena after the<br \/>departure of rebel forces. We are almost certain that he died in custody during the days that<br \/>followed, he has been coldly murdered or has he succumbed to ill treatment.<br \/><br \/>We want to know the whole truth and see justice done.&#8221;<br \/><br \/>Feel free to let us know if you wish to be removed from the list of signatories.<br \/><br \/>2) We express our solidarity to all those, including Chadians, who cannot display the text<br \/><a href=\"http:\/\/smf.emath.fr\/PetitionSaleh\/afficheIbni.pdf\">http:\/\/smf.emath.fr\/PetitionSaleh\/afficheIbni.pdf<\/a> because of the danger it would represent for them.<br \/><br \/><br \/>3) New reports from the press have been added to the file (see<br \/><a href=\"http:\/\/smf.emath.fr\/PetitionSaleh\/Documents\/ibni_depeches_3-15_sept_2008.pdf\">http:\/\/smf.emath.fr\/PetitionSaleh\/Documents\/ibni_depeches_3-15_sept_2008.pdf<\/a>). We note especially<br \/>the article in the French journal Liberation, published on Friday, September 12.<br \/><br \/>Have a good day<br \/><br \/>Aline Bonami et Marie-Francoise Roy<\/p>\n","protected":false},"excerpt":{"rendered":"<p>Texte de la petition legerement modifie\/Text of petition slightly modified The english translation follows the french text Bonjour 1) Nous &hellip; <a href=\"https:\/\/www.idpoisson.fr\/en\/texte-de-la-petition-legerement-modifie-text-of-petition-slightly-modified\/\" class=\"more-link\">More <span class=\"screen-reader-text\">Texte de la petition legerement modifie\/Text of petition slightly modified<\/span> <span class=\"meta-nav\">&rarr;<\/span><\/a><\/p>\n","protected":false},"author":1,"featured_media":0,"parent":0,"menu_order":0,"comment_status":"closed","ping_status":"closed","template":"","meta":{"footnotes":""},"class_list":["post-2428","page","type-page","status-publish","hentry"],"_links":{"self":[{"href":"https:\/\/www.idpoisson.fr\/en\/wp-json\/wp\/v2\/pages\/2428","targetHints":{"allow":["GET"]}}],"collection":[{"href":"https:\/\/www.idpoisson.fr\/en\/wp-json\/wp\/v2\/pages"}],"about":[{"href":"https:\/\/www.idpoisson.fr\/en\/wp-json\/wp\/v2\/types\/page"}],"author":[{"embeddable":true,"href":"https:\/\/www.idpoisson.fr\/en\/wp-json\/wp\/v2\/users\/1"}],"replies":[{"embeddable":true,"href":"https:\/\/www.idpoisson.fr\/en\/wp-json\/wp\/v2\/comments?post=2428"}],"version-history":[{"count":1,"href":"https:\/\/www.idpoisson.fr\/en\/wp-json\/wp\/v2\/pages\/2428\/revisions"}],"predecessor-version":[{"id":2429,"href":"https:\/\/www.idpoisson.fr\/en\/wp-json\/wp\/v2\/pages\/2428\/revisions\/2429"}],"wp:attachment":[{"href":"https:\/\/www.idpoisson.fr\/en\/wp-json\/wp\/v2\/media?parent=2428"}],"curies":[{"name":"wp","href":"https:\/\/api.w.org\/{rel}","templated":true}]}}