{"id":2431,"date":"2020-07-03T15:20:56","date_gmt":"2020-07-03T13:20:56","guid":{"rendered":"https:\/\/www.idpoisson.fr\/?page_id=2431"},"modified":"2020-07-03T15:20:57","modified_gmt":"2020-07-03T13:20:57","slug":"affiche-rapport-initiatives-poster-report-initiatives","status":"publish","type":"page","link":"https:\/\/www.idpoisson.fr\/en\/affiche-rapport-initiatives-poster-report-initiatives\/","title":{"rendered":"Affiche, rapport, initiatives\/Poster, report, initiatives"},"content":{"rendered":"\n<h2 class=\"wp-block-heading\">Affiche, rapport, initiatives\/Poster, report, initiatives<\/h2>\n\n\n\n<p>Cher ami, chere amie<br \/><br \/>1) Nous demandons a tous de diffuser notre quasi certitude qu&#8217;Ibni est mort.\u00a0 Une affiche est mise \u00e0<br \/>votre disposition a l&#8217;adresse suivante:\u00a0 <a href=\"http:\/\/smf.emath.fr\/PetitionSaleh\/afficheIbni.pdf\">http:\/\/smf.emath.fr\/PetitionSaleh\/afficheIbni.pdf<\/a> . Elle<br \/>est destin\u00e9e a etre affichee dans les locaux universitaires, recherche et enseignement.<br \/><br \/>2) On peut trouver sur internet la version integrale du Rapport de la Commission d&#8217;Enquete sur les<br \/>evenements survenus en R\u00e9publique du Tchad du 28 janvier au 8 fevrier 2008 et leurs cons\u00e9quences <br \/><a href=\"http:\/\/www.fidh.org\/spip.php?article5846\">http:\/\/www.fidh.org\/spip.php?article5846<\/a> On trouvera sur le meme site une synthese du rapport faite<br \/>par la commission elle-meme. Le rapport fait etat des diff\u00e9rentes etapes de l&#8217;enquete qui a \u00e9t\u00e9 <br \/>menee sur l&#8217;enlevement des trois opposants et la disparition d&#8217;Ibni, qui etait\u00a0 l&#8217;un d&#8217;entre eux,<br \/>ainsi que sur beaucoup d&#8217;autres evenements survenus dans cette periode au Tchad (notamment des morts<br \/>civils, des viols et atteintes aux biens et aux personnes, dues aux forces rebelles ou aux forces<br \/>loyalistes, ou s&#8217;etant produites lors des affrontements entre celles-ci, l&#8217;existence au Tchad de<br \/>lieux\u00a0 de detentions illegaux, etc &#8230;), et de ses conclusions.<br \/><br \/>Des extraits du rapport concernant plus particulierement le cas d&#8217;Ibni sont egalement disponibles<br \/>sur le site de la petition <a href=\"http:\/\/smf.emath.fr\/PetitionSaleh\/Documents\/Rap-enquete_extraits.pdf\">http:\/\/smf.emath.fr\/PetitionSaleh\/Documents\/Rap-enquete_extraits.pdf<\/a><br \/><br \/><br \/>3) Nous encourageons tous les signataires \u00e0 continuer \u00e0 demander la verite. Ce\u00a0 peut \u00eatre fait dans<br \/>les tribunes, les courriers des lecteurs ou les forums sur internet. Nous signalons la tribune de<br \/>Maurice Nivat dans Rue89<br \/><a href=\"http:\/\/www.rue89.com\/2008\/09\/04\/dans-lindifference-la-disparition-dun-opposant-tchadien\">http:\/\/www.rue89.com\/2008\/09\/04\/dans-lindifference-la-disparition-dun-opposant-tchadien<\/a> Nous<br \/>signalons aussi les lettres au President tchadien et a l&#8217;ambassadeur\u00a0 du Tchad en France envoyees<br \/>par Charles Boubel et mises \u00e0 disposition \u00e0 <a href=\"http:\/\/www-irma.u-strasbg.fr\/~boubel\/Saleh\/index.html\">http:\/\/www-irma.u-strasbg.fr\/~boubel\/Saleh\/index.html<\/a><br \/><br \/>N&#8217;hesitez pas \u00e0 nous informer de vos initiatives.<br \/><br \/><br \/>4) Pour information: une manifestation pour la verite sur le sort d&#8217;Ibni Oumar\u00a0 est organisee par le<br \/>Comite de Soutien aux Opposants Tchadiens, elle aura lieu le samedi 20 septembre a l&#8217;Esplanade des<br \/>Invalides a Paris (terre-plain num\u00e9ro 2, heure non precisee pour l&#8217;instant).<br \/><br \/>Merci a tous et a toutes<br \/><br \/>Aline Bonami et Marie-Francoise Roy<br \/><br \/>Dear friend<br \/><br \/>1) Please disseminate the new that we are alsmost sure that Ibni died.\u00a0 A poster (in French) is<br \/>placed at your disposal at the following address: <a href=\"http:\/\/smf.emath.fr\/PetitionSaleh\/afficheIbni.pdf\">http:\/\/smf.emath.fr\/PetitionSaleh\/afficheIbni.pdf<\/a><br \/>. It is intended to be displayed in math departments.<br \/><br \/>2) The full report of the Commission of Inquiry on the events from January 28\u00a0 to February 8, 2008<br \/>in the Republic of Chad and their consequences is available\u00a0 at<br \/><a href=\"http:\/\/www.fidh.org\/spip.php?article5846\">http:\/\/www.fidh.org\/spip.php?article5846<\/a> You can find on the same site a summing up written by the<br \/>commission itself. The\u00a0 report describes the investigation that was carried out on the abduction of<br \/>three\u00a0 opponents and the disappearance of Ibni, who was one of them, as well as many\u00a0 other events<br \/>in this period in Chad (including dead civilians, rape and damage\u00a0 to property and persons, due to<br \/>rebel forces or regular forces, or due to\u00a0 clashes between them, the existence of illegal prisons in<br \/>Chad, etc. &#8230;), and\u00a0 its conclusions.<br \/><br \/>Excerpts of the report about Ibni are also available on the site of the petition<br \/><a href=\"http:\/\/smf.emath.fr\/PetitionSaleh\/Documents\/Rap-enquete_extraits.pdf\">http:\/\/smf.emath.fr\/PetitionSaleh\/Documents\/Rap-enquete_extraits.pdf<\/a><br \/><br \/>Unfortunately all these documents are only available in French.<\/p>\n<p>3) We encourage all signatories to continue to ask for the truth. This can be\u00a0 done through forums<br \/>and other possibilities given by Internet. You can see the contribution of Maurice Nivat <br \/><a href=\"http:\/\/www.rue89.com\/2008\/09\/04\/dans-lindifference-la-disparition-dun-opposant-tchadien\">http:\/\/www.rue89.com\/2008\/09\/04\/dans-lindifference-la-disparition-dun-opposant-tchadien<\/a> Letters to<br \/>the President of Chad and Chad&#8217;s ambassador to France\u00a0 have been\u00a0 sent by Charles Boubel and are<br \/>available on his web page, <a href=\"http:\/\/www-irma.u-strasbg.fr\/~boubel\/Saleh\/index.html\">http:\/\/www-irma.u-strasbg.fr\/~boubel\/Saleh\/index.html<\/a> <br \/><br \/>Do not hesitate to inform us of your initiatives.<br \/><br \/>4) For information: a demonstration for the truth on the fate of Ibni Oumar is organized by the<br \/>&#8220;Comite de Soutien aux opposants thadiens&#8221;. It will take place\u00a0\u00a0 on Saturday, September 20 at the<br \/>Esplanade des Invalides in Paris (terre-plain number 2 hour not specified for the moment).<br \/><br \/>Thank you<br \/><br \/>Aline Bonami, Marie-Francoise Roy<\/p>\n","protected":false},"excerpt":{"rendered":"<p>Affiche, rapport, initiatives\/Poster, report, initiatives Cher ami, chere amie 1) Nous demandons a tous de diffuser notre quasi certitude qu&#8217;Ibni &hellip; <a href=\"https:\/\/www.idpoisson.fr\/en\/affiche-rapport-initiatives-poster-report-initiatives\/\" class=\"more-link\">More <span class=\"screen-reader-text\">Affiche, rapport, initiatives\/Poster, report, initiatives<\/span> <span class=\"meta-nav\">&rarr;<\/span><\/a><\/p>\n","protected":false},"author":1,"featured_media":0,"parent":0,"menu_order":0,"comment_status":"closed","ping_status":"closed","template":"","meta":{"footnotes":""},"class_list":["post-2431","page","type-page","status-publish","hentry"],"_links":{"self":[{"href":"https:\/\/www.idpoisson.fr\/en\/wp-json\/wp\/v2\/pages\/2431","targetHints":{"allow":["GET"]}}],"collection":[{"href":"https:\/\/www.idpoisson.fr\/en\/wp-json\/wp\/v2\/pages"}],"about":[{"href":"https:\/\/www.idpoisson.fr\/en\/wp-json\/wp\/v2\/types\/page"}],"author":[{"embeddable":true,"href":"https:\/\/www.idpoisson.fr\/en\/wp-json\/wp\/v2\/users\/1"}],"replies":[{"embeddable":true,"href":"https:\/\/www.idpoisson.fr\/en\/wp-json\/wp\/v2\/comments?post=2431"}],"version-history":[{"count":1,"href":"https:\/\/www.idpoisson.fr\/en\/wp-json\/wp\/v2\/pages\/2431\/revisions"}],"predecessor-version":[{"id":2432,"href":"https:\/\/www.idpoisson.fr\/en\/wp-json\/wp\/v2\/pages\/2431\/revisions\/2432"}],"wp:attachment":[{"href":"https:\/\/www.idpoisson.fr\/en\/wp-json\/wp\/v2\/media?parent=2431"}],"curies":[{"name":"wp","href":"https:\/\/api.w.org\/{rel}","templated":true}]}}