{"id":2435,"date":"2020-07-03T15:23:37","date_gmt":"2020-07-03T13:23:37","guid":{"rendered":"https:\/\/www.idpoisson.fr\/?page_id=2435"},"modified":"2020-07-03T15:23:37","modified_gmt":"2020-07-03T13:23:37","slug":"tristes-nouvelles-sad-news","status":"publish","type":"page","link":"https:\/\/www.idpoisson.fr\/en\/tristes-nouvelles-sad-news\/","title":{"rendered":"Tristes nouvelles \/Sad news"},"content":{"rendered":"\n<h2 class=\"wp-block-heading\">Tristes nouvelles \/Sad news<\/h2>\n\n\n\n<p>You will find here a dispatch from AFP in french followed by a dispatch from Reuters Vous trouverez<br \/>ici une depeche de l&#8217;AFP suivi d&#8217;une depeche de Reuters en anglais<br \/><br \/><br \/>Tchad: l&#8217;opposant Ibni serait d\u00e9c\u00e9d\u00e9, rapporte la commission d&#8217;enqu\u00eate<br \/><br \/><br \/>N&#8217;DJAMENA (AFP) le 3 septembre<br \/><br \/>\u2014 L&#8217;opposant Ibni Oumar Saleh, disparu depuis le 3 f\u00e9vrier dans le sillage de l&#8217;attaque rebelle sur<br \/>N&#8217;Djamena, a \u00e9t\u00e9 arr\u00eat\u00e9 ce jour-l\u00e0 \u00e0 son domicile par des militaires tchadiens, et serait &#8220;d\u00e9sormais<br \/>d\u00e9c\u00e9d\u00e9&#8221;, selon le rapport de la commission d&#8217;enqu\u00eate rendu public mercredi 3 septembre.<br \/><br \/>&#8220;Aucune information ou \u00e9l\u00e9ment de preuve n&#8217;ont pu \u00eatre \u00e9galement obtenus sur le sort d&#8217;Ibni Oumar<br \/>Mahamat Saleh, le seul des opposants politiques enlev\u00e9s le 3 f\u00e9vrier \u00e0 ne pas avoir r\u00e9apparu. Les<br \/>gens pensent qu&#8217;il serait d\u00e9sormais d\u00e9c\u00e9d\u00e9&#8221;, conclut le rapport remis le 5 ao\u00fbt au pr\u00e9sident Idriss<br \/>Deby Itno.<br \/><br \/>C&#8217;est la premi\u00e8re fois que l&#8217;hypoth\u00e8se de sa mort est \u00e9voqu\u00e9 officiellement alors que jusqu&#8217;\u00e0<br \/>pr\u00e9sent, cette th\u00e8se \u00e9tait seulement avanc\u00e9e en priv\u00e9 par de nombreux opposants et observateurs par<br \/>respect pour la famille.<br \/><br \/>De plus, la synth\u00e8se du rapport attribue l&#8217;arrestation du porte-parole de la Coordination des partis<br \/>pour la d\u00e9fense de la Constitution (CPDC): il a \u00e9t\u00e9 &#8220;arr\u00eat\u00e9 \u00e0 son domicile \u00e0 N&#8217;Djamena (&#8230;) par des<br \/>forces de d\u00e9fense de s\u00e9curit\u00e9 portant des uniformes avec taches de camouflage&#8221;.<br \/><br \/>&#8220;Aucune information ou \u00e9l\u00e9ment de preuve n&#8217;ont pu \u00eatre obtenus sur le lieu ou les lieux de sa<br \/>d\u00e9tention et les conditions dans lesquelles elle s&#8217;est d\u00e9roul\u00e9e&#8221;, conclut le rapport.<br \/><br \/><a href=\"http:\/\/afp.google.com\/article\/ALeqM5i9WEYSD8SJm1nMaKwCgOT0CXjCrg\">http:\/\/afp.google.com\/article\/ALeqM5i9WEYSD8SJm1nMaKwCgOT0CXjCrg<\/a> <br \/><br \/><br \/>DISPATCH OF REUTERS<br \/><br \/><a href=\"http:\/\/www.alertnet.org\/thenews\/newsdesk\/L3228216.htm\">http:\/\/www.alertnet.org\/thenews\/newsdesk\/L3228216.htm<\/a><br \/><br \/>Chad opposition criticises report on missing leader 03 Sep 2008 16:30:27 GMT Source: Reuters By<br \/>Moumine Ngarmbassa<br \/><br \/>N&#8217;DJAMENA, Sept 3 (Reuters) &#8211; Chad&#8217;s opposition criticised as inadequate on Wednesday an<br \/>internationally-backed inquiry which said an opponent of President Idriss Deby was probably dead<br \/>after he disappeared during a rebel offensive.<br \/><br \/>Ibni Oumar Mahamat Saleh was one of several opposition figures who were dragged from their homes by<br \/>armed men in the hours following an attack by anti-Deby rebels on the Chadian capital N&#8217;Djamena in<br \/>the first few days of February.<br \/><br \/>Deby has said some 700 people were killed during the rebel assault, which government forces held off<br \/>with logistical and intelligence support from French aircraft and troops stationed in the landlocked<br \/>African oil producer.<br \/><br \/>Amid outcry from the opposition, who accused Deby&#8217;s soldiers of detaining the men, and following<br \/>pressure from French President Nicolas Sarkozy, Chad&#8217;s government agreed to set up a special<br \/>international commission to probe the disappearances.<br \/><br \/>Other opponents of Deby in the former French colony have since turned up alive, but Saleh, a<br \/>prominent figure of Chad&#8217;s CPDC opposition coalition, has not so far been found.<\/p>\n<p>The commission set up to investigate the February events said in its report made public on Wednesday<br \/>there were reasons for thinking Saleh could be dead, either as a result of mistreatment by his<br \/>unknown captors, or assassinated.<br \/><br \/>But while it cited one witness saying Saleh had been killed on Feb. 5 because he opposed Deby, the<br \/>report reached no definitive conclusion about the missing man&#8217;s fate.<br \/><br \/>&#8220;Perfect proof of Ibni Oumar&#8217;s fate is clearly impossible to find without will being shown by the<br \/>highest authorities of the state,&#8221; the report by the commission, which had included Chadian civil<br \/>society figures and four international experts, said.<br \/><br \/>Chad&#8217;s opposition CPDC (Coordination of Political Parties for the Defence of the Constitution) said<br \/>it was unhappy with the inquiry report. It said it had not fulfilled the objectives initially<br \/>demanded by President Sarkozy.<br \/><br \/>&#8220;Our initial reaction is that we&#8217;re not satisfied with this report,&#8221; CPDC spokesman Salibou Garba<br \/>said, adding the opposition coalition would give a more detailed reaction later.<br \/><br \/>SERIOUS VIOLATIONS<br \/><br \/>The commission report said both rebel and government forces committed serious human rights<br \/>violations during the heavy fighting around and in N&#8217;Djamena in late January and early February.<br \/>This included numerous rapes.<br \/><br \/>The report recommended the Chadian authorities continue the investigations and prosecute those found<br \/>guilty of abuses.<br \/><br \/>France&#8217;s Foreign Ministry issued a statement saying the international observers who had taken part<br \/>in the investigation believed it had been an impartial inquiry.<br \/><br \/>&#8220;But despite the rigorous and detailed work, the truth could not be established in certain matters,<br \/>especially in the emblematic case of the disappearance of the opposition politician Ibni Oumar<br \/>Mahamat Saleh,&#8221; the statement said.<br \/><br \/>Opponents of Deby, a former French-trained pilot who seized power in 1990 revolt, accuse him of<br \/>being corrupt and ruling like a dictator. They say he unfairly favours members of his family and<br \/>Zaghawa ethnic clan in the multi-racial country.<br \/><br \/>Last month, a Chadian court sentenced to death in absentia the main leaders of the eastern rebels<br \/>who attacked the capital in early February. Chad says the insurgents are backed by its eastern<br \/>neighbour Sudan, a charge denied by Khartoum. (For full Reuters Africa coverage and to have your say<br \/>on the top issues, visit: <a href=\"http:\/\/africa.reuters.com\/\">http:\/\/africa.reuters.com\/<\/a>) (Writing by Pascal Fletcher, editing by<br \/>Alistair Thomson)<\/p>\n","protected":false},"excerpt":{"rendered":"<p>Tristes nouvelles \/Sad news You will find here a dispatch from AFP in french followed by a dispatch from Reuters &hellip; <a href=\"https:\/\/www.idpoisson.fr\/en\/tristes-nouvelles-sad-news\/\" class=\"more-link\">More <span class=\"screen-reader-text\">Tristes nouvelles \/Sad news<\/span> <span class=\"meta-nav\">&rarr;<\/span><\/a><\/p>\n","protected":false},"author":1,"featured_media":0,"parent":0,"menu_order":0,"comment_status":"closed","ping_status":"closed","template":"","meta":{"footnotes":""},"class_list":["post-2435","page","type-page","status-publish","hentry"],"_links":{"self":[{"href":"https:\/\/www.idpoisson.fr\/en\/wp-json\/wp\/v2\/pages\/2435","targetHints":{"allow":["GET"]}}],"collection":[{"href":"https:\/\/www.idpoisson.fr\/en\/wp-json\/wp\/v2\/pages"}],"about":[{"href":"https:\/\/www.idpoisson.fr\/en\/wp-json\/wp\/v2\/types\/page"}],"author":[{"embeddable":true,"href":"https:\/\/www.idpoisson.fr\/en\/wp-json\/wp\/v2\/users\/1"}],"replies":[{"embeddable":true,"href":"https:\/\/www.idpoisson.fr\/en\/wp-json\/wp\/v2\/comments?post=2435"}],"version-history":[{"count":1,"href":"https:\/\/www.idpoisson.fr\/en\/wp-json\/wp\/v2\/pages\/2435\/revisions"}],"predecessor-version":[{"id":2436,"href":"https:\/\/www.idpoisson.fr\/en\/wp-json\/wp\/v2\/pages\/2435\/revisions\/2436"}],"wp:attachment":[{"href":"https:\/\/www.idpoisson.fr\/en\/wp-json\/wp\/v2\/media?parent=2435"}],"curies":[{"name":"wp","href":"https:\/\/api.w.org\/{rel}","templated":true}]}}