{"id":2437,"date":"2020-07-03T15:25:36","date_gmt":"2020-07-03T13:25:36","guid":{"rendered":"https:\/\/www.idpoisson.fr\/?page_id=2437"},"modified":"2020-07-03T15:25:36","modified_gmt":"2020-07-03T13:25:36","slug":"nous-exigeons-la-verite-we-demand-the-truth","status":"publish","type":"page","link":"https:\/\/www.idpoisson.fr\/en\/nous-exigeons-la-verite-we-demand-the-truth\/","title":{"rendered":"Nous exigeons la verite!\/We demand the truth"},"content":{"rendered":"\n<h2 class=\"wp-block-heading\">Nous exigeons la verite!\/We demand the truth<\/h2>\n\n\n\n<p>The translation in English follows immediately the French text.<br \/><br \/>\u00a0Bonsoir<br \/><br \/>\u00a0Depuis le 3 aout six mois se sont \u00e9coul\u00e9s depuis la disparition de notre coll\u00e8ge et ami Ibni Oumar<br \/>Mahamat Saleh.<br \/><br \/>\u00a01) Son d\u00e9c\u00e8s semble tr\u00e8s probable. La presse africaine ind\u00e9pendante donne m\u00eame des pr\u00e9cisions<br \/>sinistres, qu&#8217;il nous est bien sur impossible de v\u00e9rifier, voir<br \/><a href=\"http:\/\/ndjamena-matin.over-blog.com\/article-21335862.html.\">http:\/\/ndjamena-matin.over-blog.com\/article-21335862.html.<\/a><br \/><br \/>\u00a02) Pendant ce temps, aucun \u00e9l\u00e9ment nouveau n&#8217;a ete communique officiellement, malgre la remise, le<br \/>mardi 5 aout, au pr\u00e9sident Deby du rapport de la commission d&#8217;enquete sur les \u00e9v\u00e9nements survenus au<br \/>cours de l&#8217;attaque des rebelles tchadiens contre N&#8217;Djamena.\u00a0 La commission, qui avait \u00e9galement \u00e9t\u00e9<br \/>charg\u00e9e de faire la lumi\u00e8re sur le cas d&#8217;Ibni Oumar Saleh, porte-parole de la principale coalition<br \/>de l&#8217;opposition, disparu le 3 f\u00e9vrier, n&#8217;apporte en effet aucune pr\u00e9cision sur son sort !<br \/><br \/>3) Nous avons ecrit a plusieurs journaux francais pour les alerter. N&#8217;hesitez pas \u00e0 le faire aussi<br \/>si vous connaissez des journalistes!<br \/><br \/>4) Le mathematicien Michel Broue a dans ces conditions publi\u00e9\u00a0 &#8220;Math\u00e9maticiens morts sous la torture<br \/>et mensonges d&#8217;\u00c9tat&#8221;\u00a0 sur le site de Mediapart, <<a href=\"http:\/\/www.mediapart.fr\/forward\/emailref\/20171\">http:\/\/www.mediapart.fr\/forward\/emailref\/20171<\/a> Il<br \/>fait le parallele entre le cas de Maurice Audin et celui d&#8217;Ibni.\u00a0 Cet article etait a la une de<br \/>Mediapart le dimanche 10 aout.<br \/><br \/>5) Merci aux editeurs de la Newsletter de l&#8217;European Ma thematical Societty\u00a0 de juillet pour avoir<br \/>publie un article sur Ibni.\u00a0 Merci aussi a l&#8217;association\u00a0 Maurice Audin qui a mis l&#8217;appel a signer<br \/>la petition pour Ibni sur sa page d&#8217;accueil <a href=\"http:\/\/audin.lautre.net\/\">http:\/\/audin.lautre.net\/<\/a><br \/><br \/>6) Notre petition avait recueilli ce matin 2998 signatures.\u00a0 Pour les nouveaux signataires: un<br \/>resume des actions et reactions\u00a0 precedentes peut etre consulte sur<br \/><a href=\"http:\/\/smf.emath.fr\/PetitionSaleh\/messages.cgi\">http:\/\/smf.emath.fr\/PetitionSaleh\/messages.cgi<\/a> ainsi qu&#8217;un dossier complet sur Ibni Oumar Mahamat<br \/>Saleh.<br \/><br \/>7) Une des sources d&#8217;information pour suivre l&#8217;actualite concernant le sort d&#8217;Ibni Oumar Mahamat<br \/>Saleh est\u00a0\u00a0\u00a0 <a href=\"http:\/\/prisonniers-politiques.over-blog.com\/\">http:\/\/prisonniers-politiques.over-blog.com\/<\/a><br \/><br \/>Rassemblons nos efforts pour exiger la v\u00e9rit\u00e9, et l&#8217;obtenir. <br \/><br \/>\u00a0Aline Bonami et Marie-Francoise Roy<br \/><br \/>*********************************************************************************************<br \/><br \/><br \/>\u00a0\u00a0\u00a0 Good evening<br \/><br \/>\u00a0\u00a0 On August 3 six months have passed since the disappearance of our college and friend Ibni Oumar<br \/>Mahamat Saleh.<br \/><br \/><br \/>\u00a0\u00a0\u00a0 1) He is almost certainly dead. The independent African press gives details that we are unable<br \/>to verify, see <a href=\"http:\/\/ndjamena-matin.over-blog.com\/article-21335862.html.\">http:\/\/ndjamena-matin.over-blog.com\/article-21335862.html.<\/a><\/p>\n<p>2) Meanwhile, nothing new has been communicated officially, despite the fact that, on\u00a0 August 5,<br \/>the report of the commission of inquiry was given to President Deby. Recall that this commission has<br \/>been asked to shed light on the events that occurred during the attack of Chadian rebels in<br \/>N&#8217;Djamena in February,\u00a0 and in particular on the case of Saleh Ibni Oumar, spokesman of the main<br \/>coalition of opposition, who disappeared on February 3. Nevertheless, the report does not contain<br \/>any information on his fate!<br \/><br \/><br \/>3) We wrote to several French newspapers to alert them on the fate of Ibni. Do not hesitate to do so<br \/>if you know any journalists!<br \/><br \/>4) Under these conditions, the mathematician Michel Broue has published a paper called<br \/>&#8220;Mathematicians died under torture and lies of state&#8221; on the site Mediapart,<br \/><<a href=\"http:\/\/www.mediapart.fr\/forward\/emailref\/20171\">http:\/\/www.mediapart.fr\/forward\/emailref\/20171<\/a>\u00a0\u00a0\u00a0 He makes a parallel between the case of Ibni and<br \/>the one of Maurice Audin, tortured to death by soldiers of the French Army in Algeria during the<br \/>Algerian war, for whom the truth about what happened is not officially known, even now. The paper of<br \/>Michel Broue was on the first page of\u00a0 Mediapart on Sunday, August 10.<br \/><br \/>\u00a05) Thanks to the editors of the Newsletter of the European Mathematical Society of July for having<br \/>published an article on Ibni. Thanks also to the association Maurice Audin which put the call\u00a0 to<br \/>sign the petition for Ibni on its homepage <a href=\"http:\/\/audin.lautre.net\/\">http:\/\/audin.lautre.net\/<\/a><br \/><br \/><br \/>6) We had 2998 signatures this morning. For new signatories: messages on former initiatives are<br \/>available at\u00a0 <a href=\"http:\/\/smf.emath.fr\/en\/PetitionSaleh\/messages.cgi\">http:\/\/smf.emath.fr\/en\/PetitionSaleh\/messages.cgi<\/a><br \/><br \/><br \/>7) A source of information for news on Ibni Oumar Mahamat Saleh is<br \/><a href=\"http:\/\/prisonniers-politiques.over-blog.com\/\">http:\/\/prisonniers-politiques.over-blog.com\/<\/a> Actions calling for his release are announced there.<br \/><br \/>Let us gather our efforts to demand the truth and get it.<br \/><br \/>\u00a0\u00a0\u00a0 Aline Bonami and Marie-Francoise Roy<\/p>\n","protected":false},"excerpt":{"rendered":"<p>Nous exigeons la verite!\/We demand the truth The translation in English follows immediately the French text. \u00a0Bonsoir \u00a0Depuis le 3 &hellip; <a href=\"https:\/\/www.idpoisson.fr\/en\/nous-exigeons-la-verite-we-demand-the-truth\/\" class=\"more-link\">More <span class=\"screen-reader-text\">Nous exigeons la verite!\/We demand the truth<\/span> <span class=\"meta-nav\">&rarr;<\/span><\/a><\/p>\n","protected":false},"author":1,"featured_media":0,"parent":0,"menu_order":0,"comment_status":"closed","ping_status":"closed","template":"","meta":{"footnotes":""},"class_list":["post-2437","page","type-page","status-publish","hentry"],"_links":{"self":[{"href":"https:\/\/www.idpoisson.fr\/en\/wp-json\/wp\/v2\/pages\/2437","targetHints":{"allow":["GET"]}}],"collection":[{"href":"https:\/\/www.idpoisson.fr\/en\/wp-json\/wp\/v2\/pages"}],"about":[{"href":"https:\/\/www.idpoisson.fr\/en\/wp-json\/wp\/v2\/types\/page"}],"author":[{"embeddable":true,"href":"https:\/\/www.idpoisson.fr\/en\/wp-json\/wp\/v2\/users\/1"}],"replies":[{"embeddable":true,"href":"https:\/\/www.idpoisson.fr\/en\/wp-json\/wp\/v2\/comments?post=2437"}],"version-history":[{"count":1,"href":"https:\/\/www.idpoisson.fr\/en\/wp-json\/wp\/v2\/pages\/2437\/revisions"}],"predecessor-version":[{"id":2438,"href":"https:\/\/www.idpoisson.fr\/en\/wp-json\/wp\/v2\/pages\/2437\/revisions\/2438"}],"wp:attachment":[{"href":"https:\/\/www.idpoisson.fr\/en\/wp-json\/wp\/v2\/media?parent=2437"}],"curies":[{"name":"wp","href":"https:\/\/api.w.org\/{rel}","templated":true}]}}