{"id":2439,"date":"2020-07-03T15:27:32","date_gmt":"2020-07-03T13:27:32","guid":{"rendered":"https:\/\/www.idpoisson.fr\/?page_id=2439"},"modified":"2020-07-03T15:27:33","modified_gmt":"2020-07-03T13:27:33","slug":"saura-t-on-la-verite-will-truth-be-known","status":"publish","type":"page","link":"https:\/\/www.idpoisson.fr\/en\/saura-t-on-la-verite-will-truth-be-known\/","title":{"rendered":"Saura-t-on la v\u00e9rit\u00e9?\/Will truth be known?"},"content":{"rendered":"\n<h2 class=\"wp-block-heading\">Saura-t-on la v\u00e9rit\u00e9?\/Will truth be known?<\/h2>\n\n\n\n<p>The translation in English follows immediately the French text.<br \/><br \/>Bonjour,<br \/><br \/>\u00a01) Le 3 juillet, cinq mois se seront ecoules depuis la disparition de Ibni Oumar Mahamat Saleh. Le<br \/>ministre canadien des affaires etrangeres a repondu \u00e0 nos collegues canadiens. Il dit que selon les<br \/>renseignements qu&#8217;il a obtenus Ibni est mort en prison. Les autorites fran\u00e7aises ne nous ont pas<br \/>repondu directement, mais le ministere des affaires etrangeres a dit quelques mots sur la<br \/>disparition d&#8217;Ibni Oumar dans son point presse. Il parle toujours d&#8217;eclaircissements necessaires, et<br \/>annonce un rapport de la commission d&#8217;enquete pour le mois de juillet. Les lettres et autres<br \/>documents disponibles se trouvent sur le site de la petition, voir ibni_petition. Plus que jamais<br \/>nous voulons la verite.<br \/><br \/>\u00a02) A chaque envoi d&#8217;un message de notre part nous recevons des reponses bouleversantes. Certaines<br \/>sont liees \u00e0 des drames du pass\u00e9, d&#8217;autres \u00e0 la r\u00e9alit\u00e9 tchadienne d&#8217;aujourd&#8217;hui. Nous avons re\u00e7u<br \/>apr\u00e8s le dernier un dossier de l&#8217;Action des chretiens pour l&#8217;abolition de la torture (ACAT-France).<br \/>L&#8217;information qu&#8217;ils ont diffusee est ajoutee dans le dossier ibni_situation.<br \/><br \/>3) Une nouvelle reunion a eu lieu a Orleans, dans les locaux de la presidence de l&#8217;universite, en<br \/>presence de journalistes locaux. Les deux fils d&#8217;Ibni Oumar \u00e9tudiants en France, Hicham et Mohamed<br \/>Saleh, etaient presents. Un dossier, contenant les textes des interventions, est disponible sur le<br \/>site de la petition. Nous esperons toujours que la presse va reagir.<br \/><br \/>4) Notre petition avait recueilli ce matin 2899 signatures. Pour les nouveaux signataires: un resume<br \/>des actions et reactions precedentes peut etre consulte sur<br \/><a href=\"http:\/\/smf.emath.fr\/PetitionSaleh\/messages.cgi\">http:\/\/smf.emath.fr\/PetitionSaleh\/messages.cgi<\/a><br \/><br \/>5) Deux lettres signees des trois pr\u00e9sidents des societes savantes francaises ont ete adressees aux<br \/>pr\u00e9sidents Deby et Sarkozy courant mai, avec la liste des signataires. Il n&#8217;y a toujours pas de<br \/>reponse \u00e0 ce jour. D&#8217;autres lettres ont \u00e9t\u00e9 adressees aux autorites tchadiennes par les soci\u00e9tes<br \/>savantes nord-americaines.<br \/><br \/>6) Notre petition est maintenant relayee aupr\u00e8s des parlementaires fran\u00e7ais par Jean-Pierre Sueur,<br \/>senateur du Loiret, et Ga\u00ebtan Gorce, depute de la Nievre, voir <a href=\"http:\/\/www.jpsueur.com\/\">http:\/\/www.jpsueur.com\/<\/a><br \/><br \/>7) Un dossier concernant Ibni Oumar Mahamat Saleh et son enlevement se trouve en<br \/><a href=\"http:\/\/smf.emath.fr\/PetitionSaleh\/documents\">http:\/\/smf.emath.fr\/PetitionSaleh\/documents<\/a>. N&#8217;hesitez pas a diffuser cette information pour<br \/>augmenter le nombre des signataires.<br \/><br \/>8) Une des sources d&#8217;information pour suivre l&#8217;actualite concernant le\u00a0 sort d&#8217;Ibni Oumar Mahamat<br \/>Saleh est\u00a0\u00a0 <a href=\"http:\/\/prisonniers-politiques.over-blog.com\/\">http:\/\/prisonniers-politiques.over-blog.com\/<\/a> Les rassemblements demandant sa liberation<br \/>y sont annonces.<br \/><br \/>\u00a0Nous ne pouvons que vous faire part de notre decouragement \u00e0 la veille des vacances. Restons<br \/>presents.<br \/><br \/>\u00a0Aline Bonami et Marie-Francoise Roy<br \/><br \/>&#8212;&#8212;&#8212;&#8212;&#8212;&#8212;&#8212;&#8212;&#8212;&#8212;&#8212;&#8212;&#8212;&#8212;&#8212;&#8212;&#8212;&#8212;&#8212;&#8212;&#8212;&#8212;&#8212;&#8212;&#8212;&#8212;&#8211;<br \/><br \/>1) On July 3, five months will have passed since the disappearance of Ibni\u00a0 Oumar Mahamat Saleh. The<br \/>Canadian Minister of Foreign Affairs has answered our Canadian colleagues. He said that, according<br \/>to information he obtained, Ibni died in prison. The French authorities did not answer directly, but<br \/>the ministry of foreign affairs said a few words about the disappearance of Ibni Oumar in his press<br \/>briefing. They still speak of necessary clarifications, and announce a report of the inquiry<br \/>commission for the month of July. The letters and other documents are available on the website of<br \/>the petition, see ibni_petition. More than ever we want the truth.<\/p>\n<p>2) After each mailing, we receive very touching messages. Some are linked to\u00a0 tragedies of the past,<br \/>others to the reality of Chad today. We received after the last one\u00a0 a folder of the Action by<br \/>Christians for Abolition of Torture (ACAT-France). Part of the information they have aired is added<br \/>in the folder ibni_situation.<br \/><br \/>3) A new meeting took place in Orleans, on the premises of the presidency of the university, in<br \/>presence of local journalists. the two sons of Ibni Oumar who study in France, Hicham and Mohamed<br \/>Saleh, were present. A file containing the texts of speeches is available on the website of the<br \/>petition. We always hope that the press will react.<br \/><br \/>4) We had 2899 signatures this morning. For new signatories: messages on former initiatives are<br \/>available at\u00a0 <a href=\"http:\/\/smf.emath.fr\/en\/PetitionSaleh\/messages.cgi\">http:\/\/smf.emath.fr\/en\/PetitionSaleh\/messages.cgi<\/a><br \/><br \/>5) Two letters, signed by the three Presidents of the three French mathematical societies, have been<br \/>sent in May to the Presidents Deby and Sarkozy. The list of signatories has been joined to the<br \/>letters. They have received no answer. Other letters have been sent to Chadian authorities by the<br \/>mathematical societies of North America.<br \/><br \/>6) A file about Ibni Oumar Mahamat Saleh and his disappearance can be found at<br \/><a href=\"http:\/\/smf.emath.fr\/PetitionSaleh\/documents\">http:\/\/smf.emath.fr\/PetitionSaleh\/documents<\/a>.\u00a0 Feel free to distribute this information, in order to<br \/>increase the number of signatories.<br \/><br \/>7) Our petition has been relayed by French parliamentarians: Jean-Pierre Sueur, Senator of Loiret,<br \/>and Gaetan Gorce, Deputy\u00a0 of Nievre, see <a href=\"http:\/\/www.jpsueur.com\/\">http:\/\/www.jpsueur.com\/<\/a><br \/><br \/>8) A source of information for news on Ibni Oumar Mahamat Saleh is<br \/><a href=\"http:\/\/prisonniers-politiques.over-blog.com\/\">http:\/\/prisonniers-politiques.over-blog.com\/<\/a> Actions calling for his release are announced there.<br \/><br \/>We can only make you share our frustration on the eve of the holiday. Let us stay present.<br \/><br \/>Have a good day.<br \/><br \/>\u00a0Aline Bonami and Marie-Francoise Roy<\/p>\n","protected":false},"excerpt":{"rendered":"<p>Saura-t-on la v\u00e9rit\u00e9?\/Will truth be known? The translation in English follows immediately the French text. Bonjour, \u00a01) Le 3 juillet, &hellip; <a href=\"https:\/\/www.idpoisson.fr\/en\/saura-t-on-la-verite-will-truth-be-known\/\" class=\"more-link\">More <span class=\"screen-reader-text\">Saura-t-on la v\u00e9rit\u00e9?\/Will truth be known?<\/span> <span class=\"meta-nav\">&rarr;<\/span><\/a><\/p>\n","protected":false},"author":1,"featured_media":0,"parent":0,"menu_order":0,"comment_status":"closed","ping_status":"closed","template":"","meta":{"footnotes":""},"class_list":["post-2439","page","type-page","status-publish","hentry"],"_links":{"self":[{"href":"https:\/\/www.idpoisson.fr\/en\/wp-json\/wp\/v2\/pages\/2439","targetHints":{"allow":["GET"]}}],"collection":[{"href":"https:\/\/www.idpoisson.fr\/en\/wp-json\/wp\/v2\/pages"}],"about":[{"href":"https:\/\/www.idpoisson.fr\/en\/wp-json\/wp\/v2\/types\/page"}],"author":[{"embeddable":true,"href":"https:\/\/www.idpoisson.fr\/en\/wp-json\/wp\/v2\/users\/1"}],"replies":[{"embeddable":true,"href":"https:\/\/www.idpoisson.fr\/en\/wp-json\/wp\/v2\/comments?post=2439"}],"version-history":[{"count":1,"href":"https:\/\/www.idpoisson.fr\/en\/wp-json\/wp\/v2\/pages\/2439\/revisions"}],"predecessor-version":[{"id":2440,"href":"https:\/\/www.idpoisson.fr\/en\/wp-json\/wp\/v2\/pages\/2439\/revisions\/2440"}],"wp:attachment":[{"href":"https:\/\/www.idpoisson.fr\/en\/wp-json\/wp\/v2\/media?parent=2439"}],"curies":[{"name":"wp","href":"https:\/\/api.w.org\/{rel}","templated":true}]}}