{"id":2441,"date":"2020-07-03T15:29:58","date_gmt":"2020-07-03T13:29:58","guid":{"rendered":"https:\/\/www.idpoisson.fr\/?page_id=2441"},"modified":"2020-07-03T15:29:59","modified_gmt":"2020-07-03T13:29:59","slug":"quatre-mois-apres-la-disparition-four-months-after-the-disappearance","status":"publish","type":"page","link":"https:\/\/www.idpoisson.fr\/en\/quatre-mois-apres-la-disparition-four-months-after-the-disappearance\/","title":{"rendered":"Quatre mois apres la disparition\/Four months after the disappearance"},"content":{"rendered":"\n<h2 class=\"wp-block-heading\">Quatre mois apres la disparition\/Four months after the disappearance<h2 role=\"textbox\" aria-multiline=\"true\" aria-label=\"R\u00e9digez un titre\u2026\" style=\"white-space: pre-wrap;\" class=\"rich-text block-editor-rich-text__editable\" contenteditable=\"true\"><\/h2>\n\n\n\n<p>The translation in English follows immediately the French text.<br \/><br \/>\u00a0 Bonjour,<br \/><br \/>1) Le 3 juin, quatre mois se sont ecoules depuis la disparition de Ibni Oumar Mahamat Saleh.<br \/>L&#8217;espoir est faible de le revoir vivant. Mais nous voulons savoir la verite, quelle qu&#8217;elle soit.<br \/>\u00a0\u00a0\u00a0\u00a0\u00a0\u00a0\u00a0\u00a0\u00a0\u00a0\u00a0\u00a0\u00a0\u00a0\u00a0\u00a0\u00a0\u00a0\u00a0\u00a0\u00a0\u00a0\u00a0\u00a0\u00a0\u00a0\u00a0\u00a0\u00a0\u00a0\u00a0\u00a0\u00a0\u00a0\u00a0\u00a0\u00a0\u00a0\u00a0\u00a0\u00a0\u00a0\u00a0\u00a0\u00a0\u00a0\u00a0\u00a0\u00a0\u00a0\u00a0\u00a0\u00a0\u00a0\u00a0\u00a0\u00a0\u00a0\u00a0\u00a0\u00a0\u00a0\u00a0\u00a0\u00a0 <br \/>\u00a0 2) Notre petition avait recueilli ce matin 2815 signatures. Pour les nouveaux signataires: un<br \/>resume des actions et reactions precedentes peut etre consulte sur<br \/><a href=\"http:\/\/smf.emath.fr\/PetitionSaleh\/messages.cgi\">http:\/\/smf.emath.fr\/PetitionSaleh\/messages.cgi<\/a><br \/><br \/>3) Deux lettres signees des trois pr\u00e9sidents des societes savantes francaises ont ete adressees aux<br \/>pr\u00e9sidents Deby et Sarkozy, avec la liste des signataires. Il n&#8217;y a toujours pas de reponse \u00e0 ce<br \/>jour. D&#8217;autres lettres ont \u00e9t\u00e9 adressees aux autorites tchadiennes par les soci\u00e9tes savantes<br \/>nord-americaines.<br \/><br \/>4) Notre petition est maintenant relayee aupr\u00e8s des parlementaires fran\u00e7ais par Jean-Pierre Sueur,<br \/>senateur du Loiret, et Ga\u00ebtan Gorce, depute de la Nievre, voir <a href=\"http:\/\/www.jpsueur.com\/\">http:\/\/www.jpsueur.com\/<\/a><br \/><br \/>5) La communaut\u00e9 math\u00e9matique internationale continue \u00e0 se mobiliser. Il y a chaque jour de<br \/>nouvelles signatures et de nouvelles initiatives prises par les collegues.<br \/><br \/>\u00a0 6) Un dossier concernant Ibni Oumar Mahamat Saleh et son enlevement se trouve en<br \/><a href=\"http:\/\/smf.emath.fr\/PetitionSaleh\/documents\">http:\/\/smf.emath.fr\/PetitionSaleh\/documents<\/a>. N&#8217;hesitez pas a diffuser cette information pour<br \/>augmenter le nombre des signataires.<br \/><br \/>7) Une des sources d&#8217;information pour suivre l&#8217;actualite concernant le\u00a0\u00a0 sort d&#8217;Ibni Oumar Mahamat\u00a0 <br \/>Saleh est\u00a0\u00a0 <a href=\"http:\/\/prisonniers-politiques.over-blog.com\">http:\/\/prisonniers-politiques.over-blog.com<\/a>\/ Les rassemblements demandant sa liberation<br \/>y sont annonces.<br \/><br \/>\u00a0 Nous ne pouvons que vous faire part de notre decouragement. Bonne journee<br \/><br \/>\u00a0 Aline Bonami et Marie-Francoise Roy<br \/>___________________________________________________________________________<br \/><br \/>1) On June 3\u00a0 four months will have passed since the disparition of Ibni Oumar Mahamat Saleh. There<br \/>is very little hope to see him alive. But, whatever it is, we want to know the truth.<br \/><br \/>\u00a0 2) We had 2815 signatures this morning. For new signatories: messages on former initiatives are<br \/>available at\u00a0 <a href=\"http:\/\/smf.emath.fr\/en\/PetitionSaleh\/messages.cgi\">http:\/\/smf.emath.fr\/en\/PetitionSaleh\/messages.cgi<\/a><br \/><br \/>3)Two letters, signed by the three Presidents of the three French mathematical societies, have been<br \/>sent to the Presidents Deby and Sarkozy. The list of signatories has been joined to the letters.<br \/>They have received no answer. Other letters have been sent to Chadian authorities by the<br \/>mathematical societies of North America.<br \/><br \/>4) Our petition has been relayed by French parliamentarians: Jean-Pierre Sueur, Senator of Loiret,<br \/>and Gaetan Gorce, Deputy\u00a0 of Nievre, see <a href=\"http:\/\/www.jpsueur.com\/\">http:\/\/www.jpsueur.com\/<\/a><br \/><br \/>5) The international mathematical community continues to mobilize. There are daily new signatures<br \/>and new initiatives taken by colleagues.<br \/><br \/>6) A file about Ibni Oumar Mahamat Saleh and his disappearance can be found at\u00a0 <br \/><a href=\"http:\/\/smf.emath.fr\/PetitionSaleh\/documents\">http:\/\/smf.emath.fr\/PetitionSaleh\/documents<\/a>.\u00a0 Feel free to distribute this information, in order to<br \/>increase the number of signatories.<\/p>\n<p>7) A source of information for news on Ibni Oumar Mahamat Saleh is<br \/><a href=\"http:\/\/prisonniers-politiques.over-blog.com\/\">http:\/\/prisonniers-politiques.over-blog.com\/<\/a> Actions calling for his release are announced there.<br \/><br \/>We can only make you share our frustration.<br \/><br \/>Have a good day<br \/><br \/>Aline Bonami et Marie-Francoise Roy<\/p>\n","protected":false},"excerpt":{"rendered":"<p>Quatre mois apres la disparition\/Four months after the disappearance The translation in English follows immediately the French text. \u00a0 Bonjour, &hellip; <a href=\"https:\/\/www.idpoisson.fr\/en\/quatre-mois-apres-la-disparition-four-months-after-the-disappearance\/\" class=\"more-link\">More <span class=\"screen-reader-text\">Quatre mois apres la disparition\/Four months after the disappearance<\/span> <span class=\"meta-nav\">&rarr;<\/span><\/a><\/p>\n","protected":false},"author":1,"featured_media":0,"parent":0,"menu_order":0,"comment_status":"closed","ping_status":"closed","template":"","meta":{"footnotes":""},"class_list":["post-2441","page","type-page","status-publish","hentry"],"_links":{"self":[{"href":"https:\/\/www.idpoisson.fr\/en\/wp-json\/wp\/v2\/pages\/2441","targetHints":{"allow":["GET"]}}],"collection":[{"href":"https:\/\/www.idpoisson.fr\/en\/wp-json\/wp\/v2\/pages"}],"about":[{"href":"https:\/\/www.idpoisson.fr\/en\/wp-json\/wp\/v2\/types\/page"}],"author":[{"embeddable":true,"href":"https:\/\/www.idpoisson.fr\/en\/wp-json\/wp\/v2\/users\/1"}],"replies":[{"embeddable":true,"href":"https:\/\/www.idpoisson.fr\/en\/wp-json\/wp\/v2\/comments?post=2441"}],"version-history":[{"count":1,"href":"https:\/\/www.idpoisson.fr\/en\/wp-json\/wp\/v2\/pages\/2441\/revisions"}],"predecessor-version":[{"id":2442,"href":"https:\/\/www.idpoisson.fr\/en\/wp-json\/wp\/v2\/pages\/2441\/revisions\/2442"}],"wp:attachment":[{"href":"https:\/\/www.idpoisson.fr\/en\/wp-json\/wp\/v2\/media?parent=2441"}],"curies":[{"name":"wp","href":"https:\/\/api.w.org\/{rel}","templated":true}]}}