{"id":2447,"date":"2020-07-03T15:35:08","date_gmt":"2020-07-03T13:35:08","guid":{"rendered":"https:\/\/www.idpoisson.fr\/?page_id=2447"},"modified":"2020-07-03T15:35:08","modified_gmt":"2020-07-03T13:35:08","slug":"plus-de-2000-signatures-dans-le-monde-entier-more-than-2000-signatures-from-the-whole-world","status":"publish","type":"page","link":"https:\/\/www.idpoisson.fr\/en\/plus-de-2000-signatures-dans-le-monde-entier-more-than-2000-signatures-from-the-whole-world\/","title":{"rendered":"Plus de 2000 signatures dans le monde entier\/ More than 2000 signatures from the whole world"},"content":{"rendered":"\n<h2 class=\"wp-block-heading\">Plus de 2000 signatures dans le monde entier\/ More than 2000 signatures from the whole world<\/h2>\n\n\n\n<p>The translation in English follows immediately the French text.<br \/><br \/>Bonjour<br \/><br \/>1) Notre petition avait recueilli ce matin 2062 signatures. Pour les nouveaux signataires: un resume<br \/>des actions et reactions precedentes peut etre consulte sur<br \/><a href=\"http:\/\/smf.emath.fr\/PetitionSaleh\/messages.cgi\">http:\/\/smf.emath.fr\/PetitionSaleh\/messages.cgi<\/a><br \/><br \/>2) Nous n&#8217;avons eu aucune reaction et encore moins de reponse venues des autorites francaises ou<br \/>tchadiennes auxquelles nous avons remis la petition le 14 mars et que nous avons recontactees par<br \/>courriel le 21 mars.<br \/><br \/>3) Le Tchad a ete de nouveau au centre de l&#8217;actualite avec la liberation des membres de l&#8217;arche de<br \/>Zoe a la suite d&#8217;une grace du President tchadien. A notre connaissance, a part Liberation<br \/><a href=\"http:\/\/www.liberation.fr\/actualite\/societe\/318676.FR.php\">http:\/\/www.liberation.fr\/actualite\/societe\/318676.FR.php<\/a> aucun n&#8217;a reparl\u00e9 du sort d&#8217;Ibni Oumar<br \/>Mahamat Saleh \u00e0 cette occasion. Nous tentons d&#8217;attirer l&#8217;attention des medias chaque fois que c&#8217;est<br \/>possible, voir par exemple <a href=\"http:\/\/www.larep.com\/editorial-1630.html\">http:\/\/www.larep.com\/editorial-1630.html<\/a> Malheureusement, le depot d&#8217;un<br \/>texte (en annexe) sur le site de l&#8217;AFP n&#8217;a pas \u00e9t\u00e9 relaye.<br \/><br \/>\u00a04) La communaute mathematique internationale continue a se mobiliser. La Societe Francaise de<br \/>Statistiques a appele tous ses adherents a signer la petition. L&#8217;EMS a prevu d&#8217;envoyer un courriel a<br \/>toutes les societes savantes europeennes adherentes. Le bulletin de l&#8217;IMU a diffus\u00e9 l&#8217;information.<br \/><br \/>5) Un dossier concernant Ibni Oumar Mahamat Saleh et son enlevement se trouve en<br \/><a href=\"http:\/\/smf.emath.fr\/PetitionSaleh\/documents\">http:\/\/smf.emath.fr\/PetitionSaleh\/documents<\/a>. Une nouvelle version va etre disponible tres bient\u00f4t,<br \/>avec des references d&#8217;articles recents.\u00a0 N&#8217;hesitez pas a diffuser cette information pour augmenter<br \/>le nombre des signataires. Que ceux d&#8217;entre vous qui peuvent apporter de nouveaux temoignages de<br \/>mathematiciens sur Ibni envoient leurs contributions \u00e0 Aline Bonami, aline.bonami@gmail.com <br \/><br \/>\u00a06) Une des sources d&#8217;information pour suivre l&#8217;actualite concernant le sort d&#8217;Ibni Oumar Mahamat\u00a0\u00a0 <br \/>Saleh est\u00a0 <a href=\"http:\/\/prisonniers-politiques.over-blog.com\/\">http:\/\/prisonniers-politiques.over-blog.com\/<\/a> Sa famille continue a affirmer regulierement<br \/>qu&#8217;il est en vie.<br \/><br \/>Bon courage<br \/><br \/>Aline Bonami et Marie-Francoise Roy<br \/><br \/><br \/>1)We had this morning 2062 signatures. For new signatories: messages on former initiatives are<br \/>available at\u00a0 <a href=\"http:\/\/smf.emath.fr\/en\/PetitionSaleh\/messages.cgi\">http:\/\/smf.emath.fr\/en\/PetitionSaleh\/messages.cgi<\/a><br \/><br \/>2) No reaction and no answer from the French or Chadian authorities even if the petition has been<br \/>handed over on March 15 and an e-mail has been sent on March 21.<br \/><br \/>3) This week, Chad was again at the centre of the news with the liberation in France of members of<br \/>Zoe&#8217;s Ark, following a grace of the President of Chad.\u00a0 To our knowledge, apart from Liberation, <br \/><a href=\"http:\/\/www.liberation.fr\/actualite\/societe\/318676.FR.php\">http:\/\/www.liberation.fr\/actualite\/societe\/318676.FR.php<\/a> French media did not use this opportunity<br \/>to speak again of the fate of Ibni Oumar Mahamat Saleh. We try to attract the attention of the media<br \/>when possible (see for example <a href=\"http:\/\/www.larep.com\/editorial-1630.html\">http:\/\/www.larep.com\/editorial-1630.html<\/a>) but unfortunately a new<br \/>deposit on the website of AFP has not been relayed.<br \/><br \/>4) The international mathematical community continues to mobilize. SFdS, Societe Francaise de<br \/>Statistique, has called all its adherents to sign the petition. The EMS was expected to send an<br \/>e-mail to all the European societies which are members. The Bulletin of the IMU has disseminated<br \/>information.<\/p>\n<p>5) A file about Ibni Oumar Mahamat Saleh and his disparition can be found at<br \/><a href=\"http:\/\/smf.emath.fr\/PetitionSaleh\/documents\">http:\/\/smf.emath.fr\/PetitionSaleh\/documents<\/a>. A new version will be available very soon, with<br \/>references to recent articles. Feel free to distribute this information, in order to increase the<br \/>number of signatories. Those of you who can make new testimonies on Ibni as a mathematician and<br \/>academiccan send their contributions to Aline Bonami, aline.bonami @ gmail.com<br \/><br \/>6) A source of information for news on Ibni Oumar Mahamat Saleh is<br \/><a href=\"http:\/\/prisonniers-politiques.over-blog.com\/\">http:\/\/prisonniers-politiques.over-blog.com\/<\/a> His family continues to regularly assert that he is<br \/>alive.<br \/><br \/>Have a good day<br \/><br \/>Aline Bonami et Marie-Francoise Roy<br \/><br \/>****************************************************************************************************<br \/>ANNEXE Texte d\u00e9pos\u00e9 sur le site de l&#8217;AFP le 2 avril<br \/><br \/>La lib\u00e9ration des membres de l&#8217;Arche de Zo\u00e9 ne doit pas nous faire oublier les opposants tchadiens<br \/>disparus. Ibni Oumar Mahamat Saleh a \u00e9t\u00e9 enlev\u00e9 \u00e0 son domicile le 3 f\u00e9vrier 2008. Depuis, ses<br \/>proches n&#8217;en ont aucune nouvelle.Ibni Oumar Mahamat Saleh est l&#8217;un des chefs de fil de l&#8217;opposition<br \/>d\u00e9mocratique \u00e0 l&#8217;actuel pr\u00e9sident.<br \/><br \/>Ibni Oumar Mahamat Saleh est un ancien \u00e9tudiant de l&#8217;universit\u00e9 d&#8217;Orl\u00e9ans. Il y a soutenu une th\u00e8se<br \/>en math\u00e9matiques en 1978. Apr\u00e8s avoir enseign\u00e9 \u00e0 Montargis, puis en Alg\u00e9rie et au Niger, il a \u00e9t\u00e9<br \/>nomm\u00e9 professeur \u00e0 l&#8217;universit\u00e9 de N D&#8217;jamena. Il est \u00e0 l&#8217;origine d&#8217;accords de coop\u00e9ration entre<br \/>cette universit\u00e9 et l&#8217;universit\u00e9 d&#8217;Orl\u00e9ans, accords toujours en vigueur. Pour les math\u00e9maticiens,<br \/>c&#8217;est un coll\u00e8gue, et la recherche de la v\u00e9rit\u00e9 sur son sort justifie une mobilisation<br \/>internationale. Les soci\u00e9t\u00e9s fran\u00e7aises de math\u00e9matiques, la SMAI, la SMF et la SFdS, sont \u00e0<br \/>l&#8217;initiative du lancement d&#8217;une p\u00e9tition qui a recueilli pr\u00e8s de 2000 signatures, dont plus du tiers<br \/>vient de l&#8217;\u00e9tranger, de tous les pays du monde. L&#8217;appel \u00e0 signer a \u00e9t\u00e9 relay\u00e9 par plusieurs soci\u00e9t\u00e9s<br \/>de math\u00e9matiques \u00e9trang\u00e8res. Le nombre de signatures de coll\u00e8gues africains est tout \u00e0 fait<br \/>impressionnant.<br \/><br \/>Malheureusement, autant les math\u00e9maticiens sont pr\u00eats \u00e0 se faire entendre, autant le silence auquel<br \/>ils se heurtent est assourdissant.<br \/><br \/>Est-il possible qu&#8217;\u00e0 c\u00f4t\u00e9 du soulagement de la gr\u00e2ce pour les membres de l&#8217;Arche de Zo\u00e9, on partage<br \/>avec sa famille, ses amis, les milieux d\u00e9mocratiques au Tchad, et les math\u00e9maticiens de France et<br \/>d&#8217;ailleurs, l&#8217;inqui\u00e9tude grandissante pour Ibni Oumar Mahamat Saleh ?<br \/><br \/>La p\u00e9tition se trouve sur internet, \u00e0 <a href=\"http:\/\/smf.emath.fr\/PetitionSaleh\/\">http:\/\/smf.emath.fr\/PetitionSaleh\/<\/a><\/p>\n","protected":false},"excerpt":{"rendered":"<p>Plus de 2000 signatures dans le monde entier\/ More than 2000 signatures from the whole world The translation in English &hellip; <a href=\"https:\/\/www.idpoisson.fr\/en\/plus-de-2000-signatures-dans-le-monde-entier-more-than-2000-signatures-from-the-whole-world\/\" class=\"more-link\">More <span class=\"screen-reader-text\">Plus de 2000 signatures dans le monde entier\/ More than 2000 signatures from the whole world<\/span> <span class=\"meta-nav\">&rarr;<\/span><\/a><\/p>\n","protected":false},"author":1,"featured_media":0,"parent":0,"menu_order":0,"comment_status":"closed","ping_status":"closed","template":"","meta":{"footnotes":""},"class_list":["post-2447","page","type-page","status-publish","hentry"],"_links":{"self":[{"href":"https:\/\/www.idpoisson.fr\/en\/wp-json\/wp\/v2\/pages\/2447","targetHints":{"allow":["GET"]}}],"collection":[{"href":"https:\/\/www.idpoisson.fr\/en\/wp-json\/wp\/v2\/pages"}],"about":[{"href":"https:\/\/www.idpoisson.fr\/en\/wp-json\/wp\/v2\/types\/page"}],"author":[{"embeddable":true,"href":"https:\/\/www.idpoisson.fr\/en\/wp-json\/wp\/v2\/users\/1"}],"replies":[{"embeddable":true,"href":"https:\/\/www.idpoisson.fr\/en\/wp-json\/wp\/v2\/comments?post=2447"}],"version-history":[{"count":1,"href":"https:\/\/www.idpoisson.fr\/en\/wp-json\/wp\/v2\/pages\/2447\/revisions"}],"predecessor-version":[{"id":2448,"href":"https:\/\/www.idpoisson.fr\/en\/wp-json\/wp\/v2\/pages\/2447\/revisions\/2448"}],"wp:attachment":[{"href":"https:\/\/www.idpoisson.fr\/en\/wp-json\/wp\/v2\/media?parent=2447"}],"curies":[{"name":"wp","href":"https:\/\/api.w.org\/{rel}","templated":true}]}}