{"id":2455,"date":"2020-07-03T15:40:37","date_gmt":"2020-07-03T13:40:37","guid":{"rendered":"https:\/\/www.idpoisson.fr\/?page_id=2455"},"modified":"2020-07-03T15:40:37","modified_gmt":"2020-07-03T13:40:37","slug":"depot-de-la-petition-a-la-presidence-francaise-et-tchadienne-communique-de-presse","status":"publish","type":"page","link":"https:\/\/www.idpoisson.fr\/en\/depot-de-la-petition-a-la-presidence-francaise-et-tchadienne-communique-de-presse\/","title":{"rendered":"Depot de la petition a la presidence francaise et tchadienne, communique de presse"},"content":{"rendered":"\n<h2 class=\"wp-block-heading\">Depot de la petition a la presidence francaise et tchadienne, communique de presse<\/h2>\n\n\n\n<p>The french text is immediately followed by an english translation<br \/><br \/>Bonjour<br \/><br \/>Il y avait a l&#8217;instant meme 927 signataires.<br \/><br \/>Nous avons depose de matin la liste des premieres signataires a l&#8217;Elysee et cherchons a faire de<br \/>meme a la Presidence tchadienne (sans succes pour l&#8217;instant car les fax ne passent pas).<br \/><br \/>Nous avons aussi redige un communique de presse que nous avons poste sur le site de\u00a0 l&#8217;AFP et dont<br \/>le texte suit<br \/><br \/>%%%% D\u00e9p\u00eache :\u00a0 La communaut\u00e9 math\u00e9matique internationale se mobilise pour demander la v\u00e9rit\u00e9 sur le<br \/>sort du math\u00e9maticien et homme politique Ibni Oumar Mahamet Saleh Cet ancien ministre et important<br \/>responsable politique tchadien, enlev\u00e9 \u00e0 son domicile le 3 f\u00e9vrier 2008, dont on est toujours sans<br \/>nouvelles, est aussi un math\u00e9maticien appr\u00e9ci\u00e9 de ses coll\u00e8gues.\u00a0 Ibni Oumar Mohamat Saleh est<br \/>docteur en math\u00e9matiques de l&#8217;Universit\u00e9 d&#8217;Orl\u00e9ans, o\u00f9 il a fait toutes ses \u00e9tudes sup\u00e9rieures. Il<br \/>est professeur \u00e0 l&#8217;universit\u00e9 de N&#8217;Djamena depuis 1985. Il y a exerc\u00e9 de nombreuses responsabilit\u00e9s<br \/>universitaires avant d&#8217;accepter des responsabilit\u00e9s minist\u00e9rielles. Il est toujours rest\u00e9 en contact<br \/>avec certaines universit\u00e9s fran\u00e7aises. Il est en particulier \u00e0 l&#8217;origine d&#8217;une coop\u00e9ration<br \/>inter-universitaire permettant de compl\u00e9ter la formation des enseignants de l&#8217;universit\u00e9 de<br \/>N&#8217;Djamena. M\u00eame appel\u00e9 \u00e0 d&#8217;autres responsabilit\u00e9s, Ibni Oumar Mahamat Saleh a continu\u00e9 \u00e0 suivre de<br \/>pr\u00e8s de d\u00e9roulement de cette coop\u00e9ration. Il s&#8217;est rendu plusieurs fois dans ce cadre au d\u00e9partement<br \/>de math\u00e9matiques d&#8217;Orl\u00e9ans. Il y est invit\u00e9 d\u00e9s que possible. La communaut\u00e9 math\u00e9matique<br \/>internationale s&#8217;inqui\u00e8te vivement et souhaite conna\u00eetre la v\u00e9rit\u00e9 sur le sort d&#8217; Ibni Oumar Mahamet<br \/>Saleh. Les informations qui circulent \u00e0 son sujet sont contradictoires, certaines faisant craindre<br \/>pour sa vie. Il est temps que tout soit mis en oeuvre pour qu&#8217;on sache o\u00f9 est Ibni Oumar Mahamet<br \/>Saleh, et dans quel \u00e9tat.\u00a0 Une p\u00e9tition a \u00e9t\u00e9 lanc\u00e9e par les deux soci\u00e9t\u00e9s savantes fran\u00e7aises de<br \/>math\u00e9matiques, la SMF et la SMAI. Elle a attir\u00e9 plus de 920 signatures dans la communaut\u00e9<br \/>math\u00e9matique, venant de nombreux pays diff\u00e9rents. Les signataires ne demandent qu&#8217;une chose aux<br \/>pr\u00e9sidents fran\u00e7ais et tchadien : la v\u00e9rit\u00e9. <a href=\"http:\/\/smf.emath.fr\/PetitionSaleh\/\">http:\/\/smf.emath.fr\/PetitionSaleh\/<\/a> %%%<br \/><br \/>N&#8217;hesitez pas a le signaler a vos contacts dans les medias, au cas ou !<br \/><br \/>La liste des signataires actuels sera communiquee a la famille d&#8217;Ibini Oumar Mahamat Saleh samedilors de la manifestation annoncee hier.<br \/><br \/>Bon courage<br \/><br \/>Marie-Francoise Roy<br \/><br \/>Hi<br \/><br \/>There were a few instants ago 927 signatories.<br \/><br \/>The first list of signatories was communicated this morning to the President de la Republique<br \/>Francaise, and we are trying to do the same for the President de la Republique du Tchad (without<br \/>success so far since there are fax problems).<br \/><br \/>We have also written a short text that we sent to the Agence France Press, which follows<\/p>\n<p>%%% Dispatch: The international mathematical community wants the truth on the fate of the<br \/>mathematician and politician Mahamet Saleh Ibni Oumar. This former minister and important political<br \/>leader of Chad, abducted from his home on February 3, 2008, whose fate is still unknown, is also a<br \/>mathematician liked by his colleagues. Ibni Oumar Mohamat Saleh has a doctorate in mathematics from<br \/>the University of Orleans, France, where he completed his mathematical education. He is a professor<br \/>at the University of N&#8217;Djamena since 1985. He had many academic responsibilities before accepting<br \/>ministerial responsibilities. It has always been in contact with some French universities. In<br \/>particular, it is at the root of an inter-university cooperation aiming to complement the training<br \/>of teachers at the University of N&#8217;Djamena. Even called to other responsibilities, Ibni Oumar<br \/>Mahamat Saleh has continued to follow closely the progress of this cooperation. He visited several<br \/>times in this connection at the Department of Mathematics of Orleans. He is invited there as soon as<br \/>possible. The international mathematical community is deeply concerned about his fate and wants to<br \/>know the truth. The information circulating about him is contradictory, some raising fears for his<br \/>life. It is time that every effort be made to ensure that one knows where is Ibni Oumar Mahamet<br \/>Saleh, and in what condition. A petition was launched by the two French mathematical learned<br \/>societies,\u00a0 SMF and SMAI. It attracted over 920 signatures in the mathematical community, from many<br \/>different countries.\u00a0 The signatories are asking only one thing to the presidents of Chad and<br \/>France: the truth. <a href=\"http:\/\/smf.emath.fr\/en\/PetitionSaleh\/\">http:\/\/smf.emath.fr\/en\/PetitionSaleh\/<\/a><br \/><br \/>%%%<br \/><br \/>Do not hesitate to inform your contacts in the media, if any !<br \/><br \/>The list of signatories will be communicated to Ibni Oumar Mahamet Saleh&#8217;s family tomorrow during<br \/>the demonstration announced yesterday.<br \/><br \/>Have a good day<br \/><br \/>Marie-Francoise Roy<\/p>\n","protected":false},"excerpt":{"rendered":"<p>Depot de la petition a la presidence francaise et tchadienne, communique de presse The french text is immediately followed by &hellip; <a href=\"https:\/\/www.idpoisson.fr\/en\/depot-de-la-petition-a-la-presidence-francaise-et-tchadienne-communique-de-presse\/\" class=\"more-link\">More <span class=\"screen-reader-text\">Depot de la petition a la presidence francaise et tchadienne, communique de presse<\/span> <span class=\"meta-nav\">&rarr;<\/span><\/a><\/p>\n","protected":false},"author":1,"featured_media":0,"parent":0,"menu_order":0,"comment_status":"closed","ping_status":"closed","template":"","meta":{"footnotes":""},"class_list":["post-2455","page","type-page","status-publish","hentry"],"_links":{"self":[{"href":"https:\/\/www.idpoisson.fr\/en\/wp-json\/wp\/v2\/pages\/2455","targetHints":{"allow":["GET"]}}],"collection":[{"href":"https:\/\/www.idpoisson.fr\/en\/wp-json\/wp\/v2\/pages"}],"about":[{"href":"https:\/\/www.idpoisson.fr\/en\/wp-json\/wp\/v2\/types\/page"}],"author":[{"embeddable":true,"href":"https:\/\/www.idpoisson.fr\/en\/wp-json\/wp\/v2\/users\/1"}],"replies":[{"embeddable":true,"href":"https:\/\/www.idpoisson.fr\/en\/wp-json\/wp\/v2\/comments?post=2455"}],"version-history":[{"count":1,"href":"https:\/\/www.idpoisson.fr\/en\/wp-json\/wp\/v2\/pages\/2455\/revisions"}],"predecessor-version":[{"id":2456,"href":"https:\/\/www.idpoisson.fr\/en\/wp-json\/wp\/v2\/pages\/2455\/revisions\/2456"}],"wp:attachment":[{"href":"https:\/\/www.idpoisson.fr\/en\/wp-json\/wp\/v2\/media?parent=2455"}],"curies":[{"name":"wp","href":"https:\/\/api.w.org\/{rel}","templated":true}]}}