{"id":2458,"date":"2020-07-03T15:41:54","date_gmt":"2020-07-03T13:41:54","guid":{"rendered":"https:\/\/www.idpoisson.fr\/?page_id=2458"},"modified":"2020-07-03T15:41:55","modified_gmt":"2020-07-03T13:41:55","slug":"actualite-de-la-petition-sur-ibni-oumar-mahamat-saleh","status":"publish","type":"page","link":"https:\/\/www.idpoisson.fr\/en\/actualite-de-la-petition-sur-ibni-oumar-mahamat-saleh\/","title":{"rendered":"Actualit\u00e9 de la p\u00e9tition sur &#8220;Ibni Oumar Mahamat Saleh&#8221;"},"content":{"rendered":"\n<h2 class=\"wp-block-heading\">Actualit\u00e9 de la p\u00e9tition sur &#8220;Ibni Oumar Mahamat Saleh&#8221;<\/h2>\n\n\n\n<p>English message follows the French message.<br \/><br \/>&#8212;&#8212;&#8212;&#8212;&#8212;&#8212;&#8212;&#8212;&#8212;&#8212;&#8212;&#8212;&#8212;&#8212;&#8212;&#8212;&#8212;&#8212;&#8212;&#8212;&#8212;&#8212;&#8212;-<br \/><br \/>Tous nos remerciements pour avoir sign\u00e9 la p\u00e9tition demandant la v\u00e9rit\u00e9 sur le sort de notre<br \/>coll\u00e8gue le math\u00e9maticien et homme politique tchadien Ibni Oumar Mahamet Saleh.<br \/><br \/>Nous avons r\u00e9uni a l&#8217;heure actuelle plus de 630 signatures et le nombre de signataires continue \u00e0<br \/>augmenter.<br \/><br \/>Cette p\u00e9tition est une initiative de la communaut\u00e9 math\u00e9matique mais elle peut \u00eatre sign\u00e9e par tout<br \/>coll\u00e8gue\u00a0 qui le souhaite. Nous vous encourageons donc a faire conna\u00eetre la p\u00e9tition autour de vous.<br \/><br \/>Nous vous signalons \u00e9galement la manifestation du samedi 15 mars de 14 H 30 \u00e0 17 H 30 aux Invalides<br \/>a Paris : <a href=\"http:\/\/prisonniers-politiques.over-blog.com\/article-17532192.html\">http:\/\/prisonniers-politiques.over-blog.com\/article-17532192.html<\/a><br \/><br \/>Une d\u00e9l\u00e9gation de la communaut\u00e9 math\u00e9matique y sera pr\u00e9sente et nous transmettrons a la famille<br \/>d&#8217;Ibni Oumar Mahamet Saleh la liste des premiers signataires de notre p\u00e9tition.<br \/><br \/>Marie-Francoise Roy <br \/><br \/>&#8212;&#8212;&#8212;&#8212;&#8212;&#8212;&#8212;&#8212;&#8212;&#8212;&#8212;&#8212;&#8212;&#8212;&#8212;&#8212;&#8212;&#8212;&#8212;&#8212;&#8212;&#8212;&#8212;-<br \/><br \/>Thanks for having signed the petition calling for the truth\u00a0 on the fate of our colleague, the<br \/>Chadian mathematician and politician Ibni Oumar Mahamet Saleh.<br \/><br \/>We have now more than 630 signatures and the number of signatories continues to grow.<br \/><br \/>This petition is an initiative of the mathematical community but it can be signed by any colleague<br \/>who wishes to do so. Please forward the information around you.<br \/><br \/>Please note also the demonstration on Saturday, March 15 from 14 .30 to 17.30 at Invalides in Paris<br \/>: <a href=\"http:\/\/prisonniers-politiques.over-blog.com\/article-17532192.html\">http:\/\/prisonniers-politiques.over-blog.com\/article-17532192.html<\/a><br \/><br \/>A delegation of the mathematical community will be present and give to the family of Ibni Oumar<br \/>Mahamet Saleh the list of signatories of our petition.<br \/><br \/>&#8212;&#8212;&#8212;&#8212;&#8212;&#8212;&#8212;&#8212;&#8212;&#8212;&#8212;&#8212;&#8212;&#8212;&#8212;&#8212;&#8212;&#8212;&#8212;&#8212;&#8212;&#8212;&#8212;-<\/p>\n","protected":false},"excerpt":{"rendered":"<p>Actualit\u00e9 de la p\u00e9tition sur &#8220;Ibni Oumar Mahamat Saleh&#8221; English message follows the French message. &#8212;&#8212;&#8212;&#8212;&#8212;&#8212;&#8212;&#8212;&#8212;&#8212;&#8212;&#8212;&#8212;&#8212;&#8212;&#8212;&#8212;&#8212;&#8212;&#8212;&#8212;&#8212;&#8212;- Tous nos remerciements pour &hellip; <a href=\"https:\/\/www.idpoisson.fr\/en\/actualite-de-la-petition-sur-ibni-oumar-mahamat-saleh\/\" class=\"more-link\">More <span class=\"screen-reader-text\">Actualit\u00e9 de la p\u00e9tition sur &#8220;Ibni Oumar Mahamat Saleh&#8221;<\/span> <span class=\"meta-nav\">&rarr;<\/span><\/a><\/p>\n","protected":false},"author":1,"featured_media":0,"parent":0,"menu_order":0,"comment_status":"closed","ping_status":"closed","template":"","meta":{"footnotes":""},"class_list":["post-2458","page","type-page","status-publish","hentry"],"_links":{"self":[{"href":"https:\/\/www.idpoisson.fr\/en\/wp-json\/wp\/v2\/pages\/2458","targetHints":{"allow":["GET"]}}],"collection":[{"href":"https:\/\/www.idpoisson.fr\/en\/wp-json\/wp\/v2\/pages"}],"about":[{"href":"https:\/\/www.idpoisson.fr\/en\/wp-json\/wp\/v2\/types\/page"}],"author":[{"embeddable":true,"href":"https:\/\/www.idpoisson.fr\/en\/wp-json\/wp\/v2\/users\/1"}],"replies":[{"embeddable":true,"href":"https:\/\/www.idpoisson.fr\/en\/wp-json\/wp\/v2\/comments?post=2458"}],"version-history":[{"count":1,"href":"https:\/\/www.idpoisson.fr\/en\/wp-json\/wp\/v2\/pages\/2458\/revisions"}],"predecessor-version":[{"id":2459,"href":"https:\/\/www.idpoisson.fr\/en\/wp-json\/wp\/v2\/pages\/2458\/revisions\/2459"}],"wp:attachment":[{"href":"https:\/\/www.idpoisson.fr\/en\/wp-json\/wp\/v2\/media?parent=2458"}],"curies":[{"name":"wp","href":"https:\/\/api.w.org\/{rel}","templated":true}]}}