{"id":2530,"date":"2020-09-13T10:52:11","date_gmt":"2020-09-13T08:52:11","guid":{"rendered":"https:\/\/www.idpoisson.fr\/en\/?page_id=2530"},"modified":"2021-09-18T00:44:50","modified_gmt":"2021-09-17T22:44:50","slug":"entropy-solutions-50","status":"publish","type":"page","link":"https:\/\/www.idpoisson.fr\/en\/entropy-solutions-50\/","title":{"rendered":"Entropy-solutions-50"},"content":{"rendered":"\n<h1><a href=\"#Trimester-KES50\">Thematic online trimester<\/a> and <a href=\"#Conference-KES50\">international conference<\/a>&nbsp;&#8220;Fifty Years of Kruzhkov Entropy Solutions, and Beyond&#8221;<\/h1>\n\n\n\n<p><span style=\"color: #000000\">In 1970, appeared the classical paper <em>First-order Quasilinear Equations in Several Independent Variables<\/em>&nbsp; by Stanislav N. Kruzhkov, establishing the notion of entropy solutions to scalar conservation laws. Fifty years later, a double scientific event is organized in order to discuss the historical development, the state-of-the-art and the modern trends in study of scalar conservation laws, as well as the posterity of the ideas and techniques of Kruzhkov entropy solutions.<\/span><\/p>\n\n\n\n<figure class=\"wp-block-gallery columns-3 is-cropped wp-block-gallery-1 is-layout-flex wp-block-gallery-is-layout-flex\"><ul class=\"blocks-gallery-grid\"><li class=\"blocks-gallery-item\"><figure><img loading=\"lazy\" decoding=\"async\" width=\"623\" height=\"800\" src=\"https:\/\/www.idpoisson.fr\/wp-content\/uploads\/2020\/08\/CapturePapierKruzhkov.png\" alt=\"\" data-id=\"2532\" data-link=\"https:\/\/www.idpoisson.fr\/?attachment_id=2532\" class=\"wp-image-2532\" srcset=\"https:\/\/www.idpoisson.fr\/wp-content\/uploads\/2020\/08\/CapturePapierKruzhkov.png 623w, https:\/\/www.idpoisson.fr\/wp-content\/uploads\/2020\/08\/CapturePapierKruzhkov-234x300.png 234w\" sizes=\"auto, (max-width: 623px) 100vw, 623px\" \/><\/figure><\/li><li class=\"blocks-gallery-item\"><figure><img loading=\"lazy\" decoding=\"async\" width=\"692\" height=\"1024\" src=\"https:\/\/www.idpoisson.fr\/wp-content\/uploads\/2020\/08\/PhotoKruzhkov-692x1024.jpeg\" alt=\"\" data-id=\"2531\" class=\"wp-image-2531\" srcset=\"https:\/\/www.idpoisson.fr\/wp-content\/uploads\/2020\/08\/PhotoKruzhkov-692x1024.jpeg 692w, https:\/\/www.idpoisson.fr\/wp-content\/uploads\/2020\/08\/PhotoKruzhkov-203x300.jpeg 203w, https:\/\/www.idpoisson.fr\/wp-content\/uploads\/2020\/08\/PhotoKruzhkov-768x1136.jpeg 768w, https:\/\/www.idpoisson.fr\/wp-content\/uploads\/2020\/08\/PhotoKruzhkov.jpeg 800w\" sizes=\"auto, (max-width: 692px) 100vw, 692px\" \/><\/figure><\/li><li class=\"blocks-gallery-item\"><figure><img loading=\"lazy\" decoding=\"async\" width=\"781\" height=\"868\" src=\"https:\/\/www.idpoisson.fr\/wp-content\/uploads\/2020\/08\/CapturePapierKruzhkovEngl.png\" alt=\"\" data-id=\"2534\" data-full-url=\"https:\/\/www.idpoisson.fr\/wp-content\/uploads\/2020\/08\/CapturePapierKruzhkovEngl.png\" data-link=\"https:\/\/www.idpoisson.fr\/?attachment_id=2534\" class=\"wp-image-2534\" srcset=\"https:\/\/www.idpoisson.fr\/wp-content\/uploads\/2020\/08\/CapturePapierKruzhkovEngl.png 781w, https:\/\/www.idpoisson.fr\/wp-content\/uploads\/2020\/08\/CapturePapierKruzhkovEngl-270x300.png 270w, https:\/\/www.idpoisson.fr\/wp-content\/uploads\/2020\/08\/CapturePapierKruzhkovEngl-768x854.png 768w\" sizes=\"auto, (max-width: 781px) 100vw, 781px\" \/><\/figure><\/li><\/ul><figcaption class=\"blocks-gallery-caption\"><strong>Stanislav Nikolaevich Kruzhkov and his founding paper of 1970 on entropy solutions of scalar conservation laws <\/strong><\/figcaption><\/figure>\n\n\n\n<ul class=\"wp-block-list\" id=\"Conference-KES50\"><li><strong>An international conference was initially planned for December 2020 in Tours (France). Due to the world pandemic situation, it is postponed to the period August-December 2021 .<\/strong><br><br>The <span style=\"color:#0693e3\" class=\"tadv-color\">Scientific Committee  consisting of Alberto Bressan (Penn State University, USA), Constantine Dafermos (Brown University, USA), Edwige Godlewski (Sorbonne University, France), Helge Holden (NTNU Trondheim, Norway), Evgueni Panov (Novgorod State University, Russia), Denis Serre (ENS Lyon, France), Eitan Tadmor (University of Maryland, USA)<\/span> <br>and <br>the <span style=\"color:#0693e3\" class=\"tadv-color\">Organizing Committee consisting of Boris Andreianov, Guy Barles, Fran\u00e7ois James, Vincent Perrollaz, Abraham Sylla (Institut Denis Poisson, Orl\u00e9ans-Tours, France), Carlotta Donadello (Bourgogne-Franche-Comt\u00e9 University, Besan\u00e7on, France), Paola Goatin (INRIA Sophia-Antipolis, Nice, France), Siddhartha Mishra (ETH Z\u00fcrich, Swiss), Nicolas Seguin (Rennes University, France)<\/span> <br>will announce the new dates of the conference in early 2021.<br><br>The financial support to the conference is provided by Institute Denis Poisson (CNRS UMR7013, Orl\u00e9ans-Tours), Seminar for Applied Mathematics ETH Z\u00fcrich, ANR Nabuco, ANR MFG, University of Tours, Region Centre-Val-de-Loire, Tours Metropole.<\/li><\/ul>\n\n\n\n<ul class=\"wp-block-list\" id=\"Trimester-KES50\"><li><strong>A thematic trimester consisting of a series of online talks will open the celebration in October-December, 2020.<\/strong><\/li><\/ul>\n\n\n\n<p>The talks will take place via the platform BigBlueButton, two times per month, on Tuesdays. Most of the talks will be recorded. The recordings will be made available to the participants of the trimester.<\/p>\n\n\n\n<ul>\n<li>\n<p><span style=\"color: #ff6600\">Please <a href=\"https:\/\/utbox.univ-tours.fr\/s\/NLgceaBeoy6DHcn\">click here<\/a> for access the link to the seminar room, the connection procedure and for a quick &#8220;how to use BigBlueButton&#8221; guided tour<\/span><\/p>\n<\/li>\n<li>\n<p>If you answered the invitation to <a href=\"mailto:boris.andreianov@univ-tours.fr\">register<\/a>, a message was sent to you on October, 4. Please check your spam folder if you have not got the message.<\/p>\n<\/li>\n<\/ul>\n\n\n\n<figure class=\"wp-block-table alignfull is-style-stripes\" id=\"Schedule-TT-KES50\"><table class=\"has-subtle-pale-green-background-color has-background\"><thead><tr><th>Date, Time<\/th><th>Speaker<\/th><th>Title<\/th><th>Abstract, recording(s),&#8230;<\/th><\/tr><\/thead><tbody><tr><td>(past) October 6, 2020, 2PM GMT<\/td><td><a rel=\"noreferrer noopener\" href=\"http:\/\/perso.ens-lyon.fr\/serre\/\" target=\"_blank\">Denis Serre<\/a>, ENS Lyon (France)<\/td><td>Multi-D Burgers equation: from Kruzhkov&#8217;s $L^\\infty$-theory to singular measure data<\/td><td><a rel=\"noreferrer noopener\" href=\"https:\/\/utbox.univ-tours.fr\/s\/nwyaifnj7JSLkyo\" target=\"_blank\">Abstract<\/a>, <a rel=\"noreferrer noopener\" href=\"https:\/\/scalelite.lal.cloud.math.cnrs.fr\/playback\/presentation\/2.0\/playback.html?meetingId=ef60fb8c6a6c12fad83b090671dbf97eda6f1391-1601990796649\" data-type=\"URL\" data-id=\"https:\/\/scalelite.lal.cloud.math.cnrs.fr\/playback\/presentation\/2.0\/playback.html?meetingId=ef60fb8c6a6c12fad83b090671dbf97eda6f1391-1601990796649\" target=\"_blank\">Recording at the conference room (talk)<\/a>, <a href=\"https:\/\/utbox.univ-tours.fr\/s\/yQGpWjDQYnsWpoX\" target=\"_blank\" rel=\"noreferrer noopener\">Recording in cloud (foreword+talk)<\/a><\/td><\/tr><tr><td>(past) October 20, 2020, 2PM GMT<\/td><td><a rel=\"noreferrer noopener\" href=\"http:\/\/personal.psu.edu\/axb62\/\" target=\"_blank\">Alberto Bressan<\/a>, Penn State Univ. (USA)<\/td><td>A posteriori error estimates for numerical solutions to hyperbolic conservation laws<\/td><td> <a rel=\"noreferrer noopener\" href=\"https:\/\/utbox.univ-tours.fr\/s\/KPy3EbekMGHK3Yi\" target=\"_blank\">Abstract<\/a>, <a href=\"https:\/\/scalelite.lal.cloud.math.cnrs.fr\/playback\/presentation\/2.0\/playback.html?meetingId=ef60fb8c6a6c12fad83b090671dbf97eda6f1391-1603201255921\" target=\"_blank\" rel=\"noreferrer noopener\">Recording in the conference room<\/a>, <a href=\"https:\/\/utbox.univ-tours.fr\/s\/TNyzS3qjrcHGzgq\" target=\"_blank\" rel=\"noreferrer noopener\">Recording in cloud<\/a><\/td><\/tr><tr><td>(past) November 3, 2020, 3PM GMT<\/td><td><a rel=\"noreferrer noopener\" href=\"http:\/\/www-sop.inria.fr\/members\/Paola.Goatin\/\" target=\"_blank\">Paola Goatin<\/a>, INRIA Nice (France)<\/td><td>Entropy conditions in traffic flow applications<\/td><td><a rel=\"noreferrer noopener\" href=\"https:\/\/utbox.univ-tours.fr\/s\/E98CprEA4Rr6FZG\" target=\"_blank\">Abstract<\/a>, <a href=\"https:\/\/scalelite.lal.cloud.math.cnrs.fr\/playback\/presentation\/2.0\/playback.html?meetingId=ef60fb8c6a6c12fad83b090671dbf97eda6f1391-1604414609160\" target=\"_blank\" rel=\"noreferrer noopener\">Recording at the conference room<\/a>, <a href=\"https:\/\/utbox.univ-tours.fr\/s\/aSyHYTLdPodpYzJ\" target=\"_blank\" rel=\"noreferrer noopener\">Recording in cloud<\/a><\/td><\/tr><tr><td>(past) November 17, 2020, 3PM GMT<br><\/td><td><a rel=\"noreferrer noopener\" href=\"http:\/\/personal.psu.edu\/wxs27\/\" target=\"_blank\">Wen Shen<\/a>, Penn State Univ. (USA)<\/td><td>Nonlocal Models for Traffic Flow and Their Entropic Limits<\/td><td><a rel=\"noreferrer noopener\" href=\"https:\/\/utbox.univ-tours.fr\/s\/STQLg63FXQb3MJd\" target=\"_blank\">Abstract<\/a>, <a rel=\"noreferrer noopener\" href=\"https:\/\/scalelite.lal.cloud.math.cnrs.fr\/playback\/presentation\/2.0\/playback.html?meetingId=ef60fb8c6a6c12fad83b090671dbf97eda6f1391-1605623790514\" target=\"_blank\">Recording in the conference room<\/a>, <a href=\"https:\/\/www.youtube.com\/watch?v=Zl3_iczveNY\" target=\"_blank\" rel=\"noreferrer noopener\">the talk on YouTube<\/a> <\/td><\/tr><tr><td>(past) December 1st, 2020, 3PM GMT<\/td><td><a rel=\"noreferrer noopener\" href=\"https:\/\/www.math.ias.edu\/delellis\/\" target=\"_blank\">Camillo De Lellis<\/a>, IAS, Princeton Univ. (USA)<\/td><td>Locally dissipative solutions of the Euler equations<\/td><td><a rel=\"noreferrer noopener\" href=\"https:\/\/utbox.univ-tours.fr\/s\/s9Db3KxJ6qBM2wY\" target=\"_blank\">Abstract<\/a>, <a rel=\"noreferrer noopener\" href=\"https:\/\/scalelite.lal.cloud.math.cnrs.fr\/playback\/presentation\/2.0\/playback.html?meetingId=ef60fb8c6a6c12fad83b090671dbf97eda6f1391-1606833700320\" target=\"_blank\">Recording in the conference room<\/a>, <a href=\"https:\/\/utbox.univ-tours.fr\/s\/jCJwp6FBfw7fRpT\" target=\"_blank\" rel=\"noreferrer noopener\">Recording in cloud<\/a><\/td><\/tr><tr><td>(past) December  15, 2020, 3PM GMT<\/td><td><a rel=\"noreferrer noopener\" href=\"https:\/\/www.mn.uio.no\/math\/english\/people\/aca\/kennethk\/index.html\" target=\"_blank\">Kenneth H. Karlsen<\/a>, Oslo Univ. (Norway)<\/td><td>Kru\u017ekov&#8217;s Ideas and Stochastic Conservation Laws<\/td><td><a rel=\"noreferrer noopener\" href=\"https:\/\/utbox.univ-tours.fr\/s\/iLCNiaBgLTyeaW9\" target=\"_blank\">Abstract<\/a>, <a rel=\"noreferrer noopener\" href=\"https:\/\/scalelite.lal.cloud.math.cnrs.fr\/playback\/presentation\/2.0\/playback.html?meetingId=ef60fb8c6a6c12fad83b090671dbf97eda6f1391-1608043395327\" target=\"_blank\">Recording in the conference room<\/a>, <a href=\"https:\/\/utbox.univ-tours.fr\/s\/GqT3aqmXZpoic66\" target=\"_blank\" rel=\"noreferrer noopener\">Recording in cloud<\/a>*, <a rel=\"noreferrer noopener\" href=\"https:\/\/utbox.univ-tours.fr\/s\/ozDdT5X52bY8oAw\" target=\"_blank\">Slides in .pdf<\/a>, <a href=\"https:\/\/www.icloud.com\/sharedalbum\/#B0fGegcvgGnwDRH\">Slides animated in a video<\/a><br>*please jump from 29:00 to 36:00 in this recording.<br>We apologize for the major troubles with sound during the presentation.<\/td><\/tr><tr><td><strong>(next talk)<\/strong> January 12, 2020, 3PM GMT<\/td><td><a href=\"https:\/\/www.researchgate.net\/profile\/Evgeniy_Panov\" target=\"_blank\" rel=\"noreferrer noopener\">Evgueni Yu. Panov<\/a>, Novgorod Univ. (Russia)<\/td><td>On decay of Kruzhkov entropy solutions of<br>multidimensional scalar conservation laws<\/td><td> <a rel=\"noreferrer noopener\" href=\"https:\/\/utbox.univ-tours.fr\/s\/925XpYmiKScPG3B\" target=\"_blank\">Abstract<\/a> <\/td><\/tr><tr><td>January 26, 2021, 3PM GMT<\/td><td><a href=\"https:\/\/home.cscamm.umd.edu\/people\/faculty\/tadmor\/\" target=\"_blank\" rel=\"noreferrer noopener\">Eitan Tadmor<\/a>, Univ. of Maryland (USA)<\/td><td>TBA<\/td><td><\/td><\/tr><tr><td>February 9, 2021, 3PM GMT<\/td><td><a rel=\"noreferrer noopener\" href=\"http:\/\/didattica.unibocconi.eu\/docenti\/cv.php?rif=246649savare\/\" target=\"_blank\">Guiseppe Savar\u00e9<\/a>, Universit\u00e0 Bocconi&nbsp;, Milan (Italy)<\/td><td>TBA<\/td><td><\/td><\/tr><tr><td>February 23, 2021, 3PM GMT<\/td><td><a href=\"https:\/\/www.ljll.math.upmc.fr\/perthame\/\" target=\"_blank\" rel=\"noreferrer noopener\">Benoit Perthame<\/a>, Sorbonne Univ. Paris (France)<\/td><td>Structured equations in biology<\/td><td><\/td><\/tr><tr><td>March 9, 2021, 3PM GMT<\/td><td><a href=\"https:\/\/www.math.unipd.it\/~ancona\/\" target=\"_blank\" rel=\"noreferrer noopener\">Fabio Ancona<\/a>, Univ. of Padua (Italy)<\/td><td>TBA<\/td><td><\/td><\/tr><tr><td>March 23, 2021, 3PM GMT<\/td><td>Alexis F. Vasseur, Univ. of Texas Austin (USA)<\/td><td>TBA<\/td><td><\/td><\/tr><tr><td>April 6, 2021, 2PM GMT<\/td><td>Sylvie Benzoni, Univ. de Lyon 1 and IHP Paris (France)<\/td><td>TBA<\/td><td><\/td><\/tr><tr><td>April 20, 2021, 2PM GMT<\/td><td>Helge Holden, NTNU Trondheim (Norway)<\/td><td>TBA<\/td><td><\/td><\/tr><\/tbody><\/table><figcaption><strong>The time slot corresponds to 4PM(16:00) in Rome, Paris<\/strong>, <strong>Berlin, Oslo, Madrid, Warsaw, Prague,&#8230;, to 3PM in London and Casablanca; 2PM in Ouagadougou;<\/strong><br><strong> to 10AM in New-York and Montreal, to 9AM in Texas and Toronto, to 7AM in Los Angeles and Vancouver, noon in Rio-de-Janeiro; <\/strong><br><strong>to 6PM in Moscow and St-Petersburg, 8:30PM in Bangalore, 10PM in Novosibirsk, 11PM in Beijing, midnight in Tokyo,&#8230;<\/strong><br><\/figcaption><\/figure>\n\n\n\n<p>The talks will be recorded and made available to the participants of the trimester.<br \/><span style=\"color: #ff0000\"><strong>To participate to the thematic trimester, please send an e-mail to <a href=\"mailto:boris.andreianov@univ-tours.fr\"><em><span style=\"color: #3366ff\">boris.andreianov -at- univ-tours.fr<\/span><\/em><\/a> ; before each talk, you will receive a link to the BigBlueButton server which will allow you to connect.<\/strong><\/span><\/p>\n","protected":false},"excerpt":{"rendered":"<p>Thematic online trimester and international conference&nbsp;&#8220;Fifty Years of Kruzhkov Entropy Solutions, and Beyond&#8221; In 1970, appeared the classical paper First-order &hellip; <a href=\"https:\/\/www.idpoisson.fr\/en\/entropy-solutions-50\/\" class=\"more-link\">More <span class=\"screen-reader-text\">Entropy-solutions-50<\/span> <span class=\"meta-nav\">&rarr;<\/span><\/a><\/p>\n","protected":false},"author":98,"featured_media":0,"parent":0,"menu_order":0,"comment_status":"closed","ping_status":"closed","template":"","meta":{"footnotes":""},"class_list":["post-2530","page","type-page","status-publish","hentry"],"_links":{"self":[{"href":"https:\/\/www.idpoisson.fr\/en\/wp-json\/wp\/v2\/pages\/2530","targetHints":{"allow":["GET"]}}],"collection":[{"href":"https:\/\/www.idpoisson.fr\/en\/wp-json\/wp\/v2\/pages"}],"about":[{"href":"https:\/\/www.idpoisson.fr\/en\/wp-json\/wp\/v2\/types\/page"}],"author":[{"embeddable":true,"href":"https:\/\/www.idpoisson.fr\/en\/wp-json\/wp\/v2\/users\/98"}],"replies":[{"embeddable":true,"href":"https:\/\/www.idpoisson.fr\/en\/wp-json\/wp\/v2\/comments?post=2530"}],"version-history":[{"count":6,"href":"https:\/\/www.idpoisson.fr\/en\/wp-json\/wp\/v2\/pages\/2530\/revisions"}],"predecessor-version":[{"id":4896,"href":"https:\/\/www.idpoisson.fr\/en\/wp-json\/wp\/v2\/pages\/2530\/revisions\/4896"}],"wp:attachment":[{"href":"https:\/\/www.idpoisson.fr\/en\/wp-json\/wp\/v2\/media?parent=2530"}],"curies":[{"name":"wp","href":"https:\/\/api.w.org\/{rel}","templated":true}]}}