{"id":26,"date":"2017-06-12T19:18:40","date_gmt":"2017-06-12T17:18:40","guid":{"rendered":"http:\/\/www.idpoisson.fr\/?page_id=26"},"modified":"2025-04-04T09:22:24","modified_gmt":"2025-04-04T07:22:24","slug":"contacts","status":"publish","type":"page","link":"https:\/\/www.idpoisson.fr\/en\/contacts\/","title":{"rendered":"Contacts &#038; Access"},"content":{"rendered":"<h2><strong>Management<\/strong><\/h2>\n<table class=\"yellow dir\" style=\"width: 100%;\" border=\"1\">\n<tbody>\n<tr>\n<td colspan=\"2\">Head of the institute: <a class=\"mailto\" href=\"mailto:cedric.lecouvey@univ-tours.fr\">C\u00e9dric LECOUVEY<\/a><\/td>\n<\/tr>\n<tr class=\"break\">\n<td colspan=\"2\"><\/td>\n<\/tr>\n<tr>\n<td colspan=\"2\"><i>Deputies<\/i><\/td>\n<\/tr>\n<tr>\n<td class=\"ot orleans\" rowspan=\"2\">\n<div class=\"wrap-rot\"><span class=\"rotate\">Orl\u00e9ans<\/span><\/div>\n<\/td>\n<td><a href=\"mailto:magali.ribot-barre@univ-orleans.fr\">Magali RIBOT<\/a><\/td>\n<\/tr>\n<tr>\n<td><a class=\"mailto\" href=\"mailto:luc.hillairet@univ-orleans.fr\">Luc HILLAIRET<\/a>(Orl\u00e9ans site manager)<\/td>\n<\/tr>\n<tr>\n<td class=\"ot tours\" rowspan=\"2\">\n<div class=\"wrap-rot\"><span class=\"rotate\">Tours<\/span><\/div>\n<\/td>\n<td><a href=\"mailto:laurent.mazet@univ-tours.fr\">Laurent MAZET<\/a> \u2014 Mathematics<\/td>\n<\/tr>\n<tr>\n<td><a class=\"mailto\" href=\"mailto:pascal.baseilhac@lmpt.univ-tours.fr\">Pascal BASEILHAC<\/a> \u2014 Physics<\/td>\n<\/tr>\n<\/tbody>\n<\/table>\n<h2><strong>Administration<\/strong><\/h2>\n<p>Our institute has one administrative office in Orl\u00e9ans and two in Tours: one in the Physics department, the other in the Mathematics department.<\/p>\n<table class=\"yellow dir secretariat\" style=\"width: 100%;\" border=\"1\">\n<tbody>\n<tr class=\"head\">\n<td colspan=\"2\">Name<\/td>\n<td class=\"dpt\">Departement<\/td>\n<\/tr>\n<tr>\n<td class=\"ot orleans\" rowspan=\"2\">\n<div class=\"wrap-rot\"><span class=\"rotate\">Orl\u00e9ans<\/span><\/div>\n<\/td>\n<td><a class=\"mailto\" href=\"mailto:marie.gaucher@univ-orleans.fr\">Marie Gaucher<\/a><\/td>\n<td class=\"dpt\">Mathematics<\/td>\n<td>S3<\/td>\n<td>(33)2-38-41-72-04<\/td>\n<\/tr>\n<tr>\n<td><a class=\"mailto\" href=\"mailto:Anne.Liger@univ-orleans.fr\">Anne LIGER<\/a><\/td>\n<td class=\"dpt\">Mathematics<\/td>\n<td>S2<\/td>\n<td>(33)2-38-41-72-32<\/td>\n<\/tr>\n<tr>\n<td class=\"ot tours\" rowspan=\"3\">\n<div class=\"wrap-rot\"><span class=\"rotate\">Tours<\/span><\/div>\n<\/td>\n<td><a class=\"mailto\" href=\"mailto:Elodie.Demoussis@lmpt.univ-tours.fr\">\u00c9lodie DEMOUSSIS<\/a><\/td>\n<td class=\"dpt\">Mathematics<\/td>\n<td>E2270<\/td>\n<td>(33)2-47-36-69-26<\/td>\n<\/tr>\n<tr>\n<td><a class=\"mailto\" href=\"mailto:anouchka.lepine@lmpt.univ-tours.fr\">Anouchka L\u00c9PINE<\/a><\/td>\n<td class=\"dpt\">Mathematics<\/td>\n<td>E2270<\/td>\n<td>(33)2-47-36-69-25<\/td>\n<\/tr>\n<tr>\n<td><a class=\"mailto\" href=\"mailto:laetitia.portier@lmpt.univ-tours.fr\">La\u00ebtitia PORTIER<\/a><\/td>\n<td class=\"dpt\">Physics<\/td>\n<td>E1130<\/td>\n<td>(33)2-47-36-69-46<\/td>\n<\/tr>\n<\/tbody>\n<\/table>\n<h2>Mail Addresses<\/h2>\n<table class=\"yellow dir\" style=\"width: 100%;\" border=\"1\">\n<tbody>\n<tr>\n<td>\n<h3>Institut Denis Poisson<\/h3>\n<p>Universit\u00e9 de Tours<br \/>\nFacult\u00e9s des Sciences et Techniques<br \/>\nParc de Grandmont<br \/>\n37200 Tours FRANCE<\/td>\n<td>\n<h3>Institut Denis Poisson<\/h3>\n<p>Universit\u00e9 d&#8217;Orl\u00e9ans<br \/>\nCollegium Sciences et Techniques<br \/>\nB\u00e2timent de math\u00e9matiques<br \/>\nRue de Chartres B.P. 6759<br \/>\n45067 Orl\u00e9ans cedex 2 FRANCE<\/td>\n<\/tr>\n<\/tbody>\n<\/table>\n<h2><strong>How to get to us?<\/strong><\/h2>\n<p><div id=\"SH6-link-26\" class=\"sh-link SH6-link sh-hide\"><a href=\"#\" onclick=\"showhide_toggle('SH6', 26, 'In Orl\u00e9ans', 'Replier...'); return false;\" aria-expanded=\"false\"><span id=\"SH6-toggle-26\">In Orl\u00e9ans<\/span><\/a><\/div><div id=\"SH6-content-26\" class=\"sh-content SH6-content sh-hide\" style=\"display: none;\"><br \/>\n<a class=\"link\" href=\"https:\/\/www.univ-orleans.fr\/mapmo\/PlanO.gif\">Map of Orl\u00e9ans<\/a> &#8211; <a class=\"link\" href=\"http:\/\/www.univ-orleans.fr\/sites\/default\/files\/Universit%C3%A9\/documents\/plan_campus_formata5_janvier2016.pdf\"> Map of the campus<\/a>.<\/p>\n<h1><span style=\"font-size: 14pt;\">From the <a class=\"link\" href=\"http:\/\/www.ville-orleans.fr\/\">city of Orl\u00e9ans<\/a> to IDP-Orl\u00e9ans<\/span><\/h1>\n<p><span class=\"Style\">Take <a class=\"link\" href=\"https:\/\/www.univ-orleans.fr\/mapmo\/images\/tram.gif\">tram A<\/a> towards <i>H\u00f4pital La Source<\/i> and get out at <i>Parc Floral<\/i>. This tram line stops at <i>Les Aubrais<\/i> train station and at <i>Gare d&#8217;Orl\u00e9ans<\/i>, the city center train station. The journey lasts about 40 minutes from <i>Les Aubrais<\/i> and 35 minutes from <i>Gare d&#8217;Orl\u00e9ans<\/i>. More information on trams and buses in Orl\u00e9ans <a class=\"link\" href=\"http:\/\/reseau-tao.fr\/\">here<\/a>. <\/span><\/p>\n<h1><span style=\"font-size: 14pt;\">Arriving by train<\/span><\/h1>\n<p><span class=\"Style\">For schedules and tickets, go to the <a class=\"link\" href=\"https:\/\/www.oui.sncf\/\">SNCF<\/a> website. Orl\u00e9ans is located 120km South of Paris. Trains from Paris <i>Gare d&#8217;Austerlitz<\/i> are frequent, the journey lasts about one hour. Orl\u00e9ans has two train stations, <i>Les Aubrais<\/i> and <i>Gare d&#8217;Orl\u00e9ans<\/i>; the A tram to IDP stops at both stations, but it is easier to get out at <i> Les Aubrais<\/i>. For the tram, look at the website <a class=\"link\" href=\"http:\/\/reseau-tao.fr\/\">here<\/a>. <\/span><\/p>\n<h1><span style=\"font-size: 14pt;\">Arriving by car<\/span><\/h1>\n<p><span class=\"Style\">The main roads are highway 2020, or motorways A71 and A10. Follow roadsigns <i>Olivet<\/i>, <i>Orl\u00e9ans La Source<\/i> and <i>Parc Floral<\/i> to the university campus, and from there follow the road signs <i>Sciences<\/i>, IDP is next to the green <i>Sciences<\/i> building, <i>Route de Chartres<\/i>. For more precise information, see <a class=\"link\" href=\"http:\/\/www.mappy.com\/direct\/mappy\/accueil\">Mappy<\/a> or <a class=\"link\" href=\"http:\/\/www.viamichelin.fr\/\">Michelin<\/a> or follow <a class=\"link\" href=\"https:\/\/www.univ-orleans.fr\/mapmo\/PlanO.gif\">the map<\/a>.<\/span><\/p>\n<h1><span style=\"font-size: 14pt;\">Arriving by plane<\/span><\/h1>\n<p><span class=\"Style\">The nearest airports are Paris-Charles de Gaulles (also called Roissy), the largest, 165 km from Orl\u00e9ans, and Paris-Orly 120km form Orl\u00e9ans. More information <a class=\"link\" href=\"http:\/\/www.adp.fr\/\">here<\/a>. To travel from these airports to Orl\u00e9ans, there are shuttles (see below, book in advance), or the train from Paris <i>Gare d&#8217;Austerlitz<\/i>; Paris-Gare d&#8217;Austerlitz can be reached by public transport. A taxi ride to Paris <i>Gare d&#8217;Austerlitz<\/i> costs at least 50 Euros. <\/span><\/p>\n<h4>Shuttles<\/h4>\n<ul>\n<li style=\"list-style-type: none;\">\n<ul>\n<li>Ligne Directe, 27 rue Clos Roze, 45000 Orl\u00e9ans, FRANCE, T\u00e9l: +33 2.38.70.01.00, Fax: +33 2.38.51.10.09, e-mail: lignedirecte@dunois.fr<\/li>\n<li><a class=\"link\" href=\"http:\/\/www.routair.fr\/orleans\">Routair<\/a>, 3 rue Minimes, 45000 Orl\u00e9ans, FRANCE, T\u00e9l: +33 2.38.54.27.54, Fax: +33 2.38.62.82.05, e-mail: orleans@routair.fr.<\/li>\n<\/ul>\n<\/li>\n<\/ul>\n<h4>Public transports<\/h4>\n<ul>\n<li style=\"list-style-type: none;\">\n<ul>\n<li>From <i><span style=\"color: blue;\">Charles-De Gaulle (Roissy)<\/span><\/i>: Take the bus to <i>Gare RER<\/i>, then <b>RER B<\/b> (towards <i>Paris<\/i>), change at <i>Saint-Michel Notre Dame<\/i> (all trains stop there), take <b>RER C<\/b> (towards Orly), and stop at <i><span style=\"color: red;\">Gare d&#8217;Austerlitz<\/span><\/i>. There is also the <b> bus Air France 4<\/b> which stops at <i>Gare de Lyon<\/i>, a 5 minutes walk from <i><span style=\"color: red;\">Gare d&#8217;Austerlitz<\/span><\/i> (be careful, this bus continues to <i>Gare Montparnasse<\/i>). From <i><span style=\"color: red;\">Gare d&#8217;Austerlitz<\/span><\/i>, see above &#8220;Arriving by train&#8221;.<\/li>\n<li>From <i><span style=\"color: blue;\">Orly<\/span><\/i>: Take the shuttle to <i>Pont de Rungis &#8211; A\u00e9roport d&#8217;Orly<\/i>, and there take <b>RER C<\/b>, trains towards Paris stop at <i><span style=\"color: red;\">Gare d&#8217;Austerlitz<\/span><\/i>.<br \/>\nFrom <i><span style=\"color: red;\">Gare d&#8217;Austerlitz<\/span><\/i>, see above &#8220;Arriving by train&#8221;.<\/li>\n<li>More information on Paris public transports <a class=\"link\" href=\"http:\/\/www.ratp.fr\/\">here<\/a>.<\/li>\n<li><span style=\"color: blue;\">Note<\/span>: If you stop in Paris before going to Orl\u00e9ans, from Orly, the <b>bus Air France 1<\/b> stops at Denfert Rochereau, Gare Montparnasse and les Invalides, and <b>Orlybus<\/b> stops at Paris-Denfert Rochereau. From Roissy, <b>Roissybus<\/b> stops at Paris-Opera.<\/li>\n<\/ul>\n<\/li>\n<\/ul>\n<h1><span style=\"font-size: 14pt;\">Booking a hotel<\/span><\/h1>\n<p>To book a hotel, contact the <a href=\"mailto:secretariat.math@listes.univ-orleans.fr\">administration office<\/a>. Do not book your hotel by yourself if you want to be fully reimbursed by the institute.<br \/>\n<\/div><br \/>\n<div id=\"SH5-link-26\" class=\"sh-link SH5-link sh-hide\"><a href=\"#\" onclick=\"showhide_toggle('SH5', 26, 'In Tours', 'Replier...'); return false;\" aria-expanded=\"false\"><span id=\"SH5-toggle-26\">In Tours<\/span><\/a><\/div><div id=\"SH5-content-26\" class=\"sh-content SH5-content sh-hide\" style=\"display: none;\"><\/p>\n<h3>Arriving by train<\/h3>\n<p>From Tours train station, take rue de Bordeaux (pedestrian street) to reach place Jean Jaur\u00e8s. From there, take bus number <strong>2<\/strong> towards <strong>&#8220;CHU Trousseau&#8221;<\/strong>. Other bus lines go to the Science campus (3A, 3B, 14) but are less efficient.<\/p>\n<p>From Saint-Pierre-des-Corps train station, take bus number <b>16<\/b> towards &#8220;<b>Jou\u00e9 les Tours, Blotterie&#8221;<\/b>.<\/p>\n<p>In both cases, get out at <strong>&#8220;Facult\u00e9 de Grandmont&#8221;<\/strong>, located on avenue Monge. For bus schedules and more information, go to <a class=\"ext\" href=\"https:\/\/www.filbleu.fr\/\">Fil Bleu<\/a> website.<\/p>\n<h3>Arriving by car<\/h3>\n<p>IDP Tours offices are located in the Parc de Grandmont, South of Tours. If you arrive by car, you are advised to take the exit <b>Tours Sud<\/b>.<\/p>\n<h3>Once on Grandmont campus<\/h3>\n<p>Our institute is in building E2 (see the <a href=\"http:\/\/sciences.univ-tours.fr\/medias\/fichier\/plan-site-grandmont-a4-20140218_1393241543669-pdf\">map<\/a>): physicists are in the second floor and mathematicians in 3rd and 4th floors.<br \/>\n<\/div><\/p>\n","protected":false},"excerpt":{"rendered":"<p>Management Head of the institute: C\u00e9dric LECOUVEY Deputies Orl\u00e9ans Magali RIBOT Luc HILLAIRET(Orl\u00e9ans site manager) Tours Laurent MAZET \u2014 Mathematics &hellip; <a href=\"https:\/\/www.idpoisson.fr\/en\/contacts\/\" class=\"more-link\">More <span class=\"screen-reader-text\">Contacts &#038; Access<\/span> <span class=\"meta-nav\">&rarr;<\/span><\/a><\/p>\n","protected":false},"author":2,"featured_media":0,"parent":0,"menu_order":0,"comment_status":"closed","ping_status":"closed","template":"","meta":{"footnotes":""},"class_list":["post-26","page","type-page","status-publish","hentry"],"_links":{"self":[{"href":"https:\/\/www.idpoisson.fr\/en\/wp-json\/wp\/v2\/pages\/26","targetHints":{"allow":["GET"]}}],"collection":[{"href":"https:\/\/www.idpoisson.fr\/en\/wp-json\/wp\/v2\/pages"}],"about":[{"href":"https:\/\/www.idpoisson.fr\/en\/wp-json\/wp\/v2\/types\/page"}],"author":[{"embeddable":true,"href":"https:\/\/www.idpoisson.fr\/en\/wp-json\/wp\/v2\/users\/2"}],"replies":[{"embeddable":true,"href":"https:\/\/www.idpoisson.fr\/en\/wp-json\/wp\/v2\/comments?post=26"}],"version-history":[{"count":12,"href":"https:\/\/www.idpoisson.fr\/en\/wp-json\/wp\/v2\/pages\/26\/revisions"}],"predecessor-version":[{"id":7156,"href":"https:\/\/www.idpoisson.fr\/en\/wp-json\/wp\/v2\/pages\/26\/revisions\/7156"}],"wp:attachment":[{"href":"https:\/\/www.idpoisson.fr\/en\/wp-json\/wp\/v2\/media?parent=26"}],"curies":[{"name":"wp","href":"https:\/\/api.w.org\/{rel}","templated":true}]}}