{"id":2712,"date":"2021-01-14T11:50:26","date_gmt":"2021-01-14T10:50:26","guid":{"rendered":"https:\/\/www.idpoisson.fr\/?page_id=2712"},"modified":"2021-03-15T16:48:17","modified_gmt":"2021-03-15T15:48:17","slug":"postes-2021","status":"publish","type":"page","link":"https:\/\/www.idpoisson.fr\/en\/postes-2021\/","title":{"rendered":"Postes 2021"},"content":{"rendered":"\n<p>Voici la liste des postes ouverts \u00e0 Tours en septembre 2021<\/p>\n<ul>\n<li><a href=\"https:\/\/www.idpoisson.fr\/wp-content\/uploads\/2021\/01\/Profil_PR_666.pdf\">Professeurs des universit\u00e9s (math\u00e9matiques appliqu\u00e9es aux sciences du vivant, analyse des donn\u00e9es, traitement d&#8217;image)<\/a><\/li>\n<\/ul>\n\n\n\n<p>Voici la liste des postes ouverts \u00e0 Orl\u00e9ans en septembre 2021<\/p>\n<ul>\n<li><a href=\"https:\/\/www.idpoisson.fr\/wp-content\/uploads\/2021\/03\/FOPC_0450855K_4467.pdf\">Ma\u00eetre de conf\u00e9rences, sect. 25-26<\/a>\n<p>Les lettres de recommandation peuvent \u00eatre envoy\u00e9es \u00e0<\/p>\n<ul>\n<li><a href=\"https:\/\/www.idpoisson.fr\/mgrillot\/\">Mich\u00e8le Grillot,<\/a> pr\u00e9sidente du comit\u00e9 de s\u00e9lection,<\/li>\n<li><a href=\"https:\/\/www.idpoisson.fr\/grellier\/\">Sandrine Grellier,<\/a> vice-pr\u00e9sidente du comit\u00e9 de s\u00e9lection.<\/li>\n<\/ul>\n<\/li>\n<\/ul>\n<p>\u00a0<\/p>\n<ul>\n<li><a href=\"https:\/\/www.idpoisson.fr\/wp-content\/uploads\/2021\/03\/PR_0588.pdf\">Professeur des universit\u00e9s, sect. 25-26 <\/a>\n<p>Les lettres de recommandation peuvent \u00eatre envoy\u00e9es \u00e0<\/p>\n<ul>\n<li><a href=\"https:\/\/www.idpoisson.fr\/abraham\/\">Romain Abraham,<\/a> pr\u00e9sident du comit\u00e9 de s\u00e9lection,<\/li>\n<li><a href=\"https:\/\/www.idpoisson.fr\/hillairet\/\">Luc Hillairet,<\/a> vice-pr\u00e9sident du comit\u00e9 de s\u00e9lection.<\/li>\n<\/ul>\n<\/li>\n<\/ul>\n","protected":false},"excerpt":{"rendered":"<p>Voici la liste des postes ouverts \u00e0 Tours en septembre 2021 Professeurs des universit\u00e9s (math\u00e9matiques appliqu\u00e9es aux sciences du vivant, &hellip; <a href=\"https:\/\/www.idpoisson.fr\/en\/postes-2021\/\" class=\"more-link\">More <span class=\"screen-reader-text\">Postes 2021<\/span> <span class=\"meta-nav\">&rarr;<\/span><\/a><\/p>\n","protected":false},"author":1,"featured_media":0,"parent":0,"menu_order":0,"comment_status":"closed","ping_status":"closed","template":"","meta":{"footnotes":""},"class_list":["post-2712","page","type-page","status-publish","hentry"],"_links":{"self":[{"href":"https:\/\/www.idpoisson.fr\/en\/wp-json\/wp\/v2\/pages\/2712","targetHints":{"allow":["GET"]}}],"collection":[{"href":"https:\/\/www.idpoisson.fr\/en\/wp-json\/wp\/v2\/pages"}],"about":[{"href":"https:\/\/www.idpoisson.fr\/en\/wp-json\/wp\/v2\/types\/page"}],"author":[{"embeddable":true,"href":"https:\/\/www.idpoisson.fr\/en\/wp-json\/wp\/v2\/users\/1"}],"replies":[{"embeddable":true,"href":"https:\/\/www.idpoisson.fr\/en\/wp-json\/wp\/v2\/comments?post=2712"}],"version-history":[{"count":2,"href":"https:\/\/www.idpoisson.fr\/en\/wp-json\/wp\/v2\/pages\/2712\/revisions"}],"predecessor-version":[{"id":2788,"href":"https:\/\/www.idpoisson.fr\/en\/wp-json\/wp\/v2\/pages\/2712\/revisions\/2788"}],"wp:attachment":[{"href":"https:\/\/www.idpoisson.fr\/en\/wp-json\/wp\/v2\/media?parent=2712"}],"curies":[{"name":"wp","href":"https:\/\/api.w.org\/{rel}","templated":true}]}}