{"id":2748,"date":"2021-02-10T10:13:02","date_gmt":"2021-02-10T09:13:02","guid":{"rendered":"https:\/\/www.idpoisson.fr\/?page_id=2748"},"modified":"2021-04-26T09:12:18","modified_gmt":"2021-04-26T07:12:18","slug":"3-fevrier-2021-anniversaire-nouvelles-du-prix-ibni","status":"publish","type":"page","link":"https:\/\/www.idpoisson.fr\/en\/3-fevrier-2021-anniversaire-nouvelles-du-prix-ibni\/","title":{"rendered":"3 fevrier 2021, Anniversaire, Nouvelles du Prix Ibni\/ 3 february 2021, Anniversary, News from the Ibni Prize"},"content":{"rendered":"\n<p>The english version follows.<\/p>\n<p>Cher ami, chere amie,<\/p>\n<p>1) Petition: Vous faites partie des 3535 signataires de la petition sur \u00ab Ibni Oumar Mahamat Saleh \u00bb (<a href=\"https:\/\/www.idpoisson.fr\/petition-ibni\/\">https:\/\/www.idpoisson.fr\/petition-ibni\/<\/a>) Il y a 13 ans, le 3 fevrier, Ibni Oumar Mahamat Saleh a ete enleve a son domicile a N\u2019Djamena par des forces armees. Il est presque certainement mort dans les jours suivants. Nous ne pouvons oublier, nous voulons connaitre les circonstances de sa mort, et que justice soit faite.<\/p>\n<p>2) Prix Ibni: Le Prix Ibni <a href=\"https:\/\/www.idpoisson.fr\/prix-ibni\/\">https:\/\/www.idpoisson.fr\/prix-ibni\/<\/a> est devenu un prix de these, decerne a deux laureat.e.s tous les deux ans <a href=\"https:\/\/www.idpoisson.fr\/prix-ibni-description\/\">https:\/\/www.idpoisson.fr\/prix-ibni-description\/<\/a>. Le Prix Ibni a \u00e9t\u00e9 d\u00e9cern\u00e9 en 2020 \u00e0 Zobo Vincent de Paul Abl\u00e9 et Audace Dossou-Olory, <a href=\"https:\/\/www.idpoisson.fr\/wp-content\/uploads\/2020\/07\/prix-Ibnifrancais.pdf\">https:\/\/www.idpoisson.fr\/wp-content\/uploads\/2020\/07\/prix-Ibnifrancais.pdf<\/a><br \/>Le site web du prix est d\u00e9sormais h\u00e9berg\u00e9 par l&#8217;Institut Denis Poisson que nous remercions sinc\u00e8rement <a href=\"https:\/\/www.idpoisson.fr\/\">https:\/\/www.idpoisson.fr\/<\/a><\/p>\n<p>3) Souscription: La souscription pour le Prix Ibni est d\u00e9sormais recueillie par l\u2019Association pour la Promotion de la Science en Afrique <a href=\"http:\/\/www.scienceafrique.fr\/\">http:\/\/www.scienceafrique.fr\/<\/a> Pour les modalit\u00e9s de dons a l\u2019APSA, les informations se trouvent ici, <a href=\"http:\/\/www.scienceafrique.fr\/2.html\">http:\/\/www.scienceafrique.fr\/2.html<\/a> Pensez-bien a preciser \u00ab Prix Ibni \u00bb si vous leur faites un don pour la souscription. Vous pouvez egalement adh\u00e9rer \u00e0 l\u2019APSA tout en souscrivant au Prix Ibni. Dans ce cas, merci d\u2019 indiquer le montant consacre au Prix Ibni et le montant consacre \u00e0 votre adh\u00e9sion. Si vous etes contribuable en France vous recevrez un re\u00e7u fiscal.<\/p>\n<p>4) Images des maths: Un billet de Charles Boubel, faisant le point sur des informations divulgu\u00e9es r\u00e9cemment,<br \/>a ete publie le 3 fevrier 2021<br \/><a href=\"https:\/\/images.math.cnrs.fr\/Ibni-Oumar-Mahamat-Saleh-Treize-ans-De-nouveaux-temoignages.html\">https:\/\/images.math.cnrs.fr\/Ibni-Oumar-Mahamat-Saleh-Treize-ans-De-nouveaux-temoignages.html<\/a><\/p>\n<p>Nous n\u2019oublions pas Ibni Oumar Mahamat Saleh et nous continuons a demander la verite a son sujet au president tchadien Idriss Deby et au president francais Emmanuel Macron. Nous partagerons en cet anniversaire la douleur de la famille d\u2019Ibni Oumar Mahamat Saleh et leur exigence de verite.<\/p>\n<p>Aurelien Alvarez, Marc Peigne, Marie-Francoise Roy<\/p>\n<p>Dear friends,<\/p>\n<p>1) Petition. You are one of the 3535 signatories of the petition for \u00ab Ibni Oumar Mahamat Saleh (https:\/\/www.idpoisson.fr\/en\/petition-ibni\/) There will be thirteen years on February 3 since Ibni Oumar Mahamat Saleh was abducted from his home in N\u2019Djamena by armed forces. He died almost certainly soon after. We cannot forget this, we want to know the circumstances of his death, we want justice to be done.<\/p>\n<p>2) Ibni Prize. The Ibni Prize (<a href=\"https:\/\/www.idpoisson.fr\/en\/prix-ibni\/\">https:\/\/www.idpoisson.fr\/en\/prix-ibni\/<\/a> ) became a thesis\u2019 prize and is awarded to two persons every two years (<a href=\"https:\/\/www.idpoisson.fr\/en\/prix-ibni-description\/\">https:\/\/www.idpoisson.fr\/en\/prix-ibni-description\/<\/a>). The Ibni Prize 2020 has been awarded to Zobo Vincent de Paul Abl\u00e9 and Audace Dossou-Olory, <a href=\"https:\/\/www.idpoisson.fr\/wp-content\/uploads\/2020\/07\/prix-Ibnienglish.pdf\">https:\/\/www.idpoisson.fr\/wp-content\/uploads\/2020\/07\/prix-Ibnienglish.pdf<\/a><br \/>We are very grateful to Institut Denis Poisson <a href=\"https:\/\/www.idpoisson.fr\/\">https:\/\/www.idpoisson.fr\/<\/a> for hosting the website of the prize.<\/p>\n<p>3) Subscription. The subscription for the Ibni Prize is now collected by APSA (Association pour la Promotion de la Science en Afrique): <a href=\"http:\/\/www.scienceafrique.fr\/\">http:\/\/www.scienceafrique.fr\/<\/a> You will find here: <a href=\"http:\/\/www.scienceafrique.fr\/2.html\">http:\/\/www.scienceafrique.fr\/2.html<\/a> how to make a donation. If you make a donation for the Ibni Prize subscription, make sure to specify \u00ab for the Ibni Prize \u00bb. You may also want to become a member of APSA. In that case, indicate the amount for your membership and the amount for the Ibni Prize. You will get a tax receipt for the French income tax deduction.<\/p>\n<p>4) Images des Maths. A paper by Charles Boubel, taking into account recently disclosed information, has been published on Feburary 3 2021<br \/><a href=\"https:\/\/images.math.cnrs.fr\/Ibni-Oumar-Mahamat-Saleh-Treize-ans-De-nouveaux-temoignages.html\">https:\/\/images.math.cnrs.fr\/Ibni-Oumar-Mahamat-Saleh-Treize-ans-De-nouveaux-temoignages.html<\/a><\/p>\n<p>We do not forget Ibni Oumar Mahamat Saleh and we keep asking the truth about what happened to him to Chadian President Idriss Deby and French President Emmanuel Macron. On this anniversary, we share the grief of Ibni\u2019s family and ask for justice.<\/p>\n<p>Aurelien Alvarez, Marc Peigne, Marie-Francoise Roy<\/p>\n","protected":false},"excerpt":{"rendered":"<p>The english version follows. Cher ami, chere amie, 1) Petition: Vous faites partie des 3535 signataires de la petition sur &hellip; <a href=\"https:\/\/www.idpoisson.fr\/en\/3-fevrier-2021-anniversaire-nouvelles-du-prix-ibni\/\" class=\"more-link\">More <span class=\"screen-reader-text\">3 fevrier 2021, Anniversaire, Nouvelles du Prix Ibni\/ 3 february 2021, Anniversary, News from the Ibni Prize<\/span> <span class=\"meta-nav\">&rarr;<\/span><\/a><\/p>\n","protected":false},"author":1,"featured_media":0,"parent":0,"menu_order":0,"comment_status":"closed","ping_status":"closed","template":"","meta":{"footnotes":""},"class_list":["post-2748","page","type-page","status-publish","hentry"],"_links":{"self":[{"href":"https:\/\/www.idpoisson.fr\/en\/wp-json\/wp\/v2\/pages\/2748","targetHints":{"allow":["GET"]}}],"collection":[{"href":"https:\/\/www.idpoisson.fr\/en\/wp-json\/wp\/v2\/pages"}],"about":[{"href":"https:\/\/www.idpoisson.fr\/en\/wp-json\/wp\/v2\/types\/page"}],"author":[{"embeddable":true,"href":"https:\/\/www.idpoisson.fr\/en\/wp-json\/wp\/v2\/users\/1"}],"replies":[{"embeddable":true,"href":"https:\/\/www.idpoisson.fr\/en\/wp-json\/wp\/v2\/comments?post=2748"}],"version-history":[{"count":5,"href":"https:\/\/www.idpoisson.fr\/en\/wp-json\/wp\/v2\/pages\/2748\/revisions"}],"predecessor-version":[{"id":2817,"href":"https:\/\/www.idpoisson.fr\/en\/wp-json\/wp\/v2\/pages\/2748\/revisions\/2817"}],"wp:attachment":[{"href":"https:\/\/www.idpoisson.fr\/en\/wp-json\/wp\/v2\/media?parent=2748"}],"curies":[{"name":"wp","href":"https:\/\/api.w.org\/{rel}","templated":true}]}}